{"id":11066,"date":"2016-10-27T13:35:32","date_gmt":"2016-10-27T11:35:32","guid":{"rendered":"http:\/\/peter-hess-institute.com\/?page_id=11066"},"modified":"2025-07-17T13:18:37","modified_gmt":"2025-07-17T11:18:37","slug":"fuer-psychologen-psychotherapeuten-und-heilpraktiker-fuer-psychotherapie-schwerpunkt-erwachsene","status":"publish","type":"page","link":"http:\/\/peter-hess-institute.com\/es\/klangtherapeutischer-begleiterin\/fuer-psychologen-psychotherapeuten-und-heilpraktiker-fuer-psychotherapie-schwerpunkt-erwachsene\/","title":{"rendered":"Acompa\u00f1ante terap\u00e9utico de sonido para psiquiatras y psic\u00f3logos"},"content":{"rendered":"","protected":false},"excerpt":{"rendered":"","protected":false},"author":1,"featured_media":0,"parent":11033,"menu_order":0,"comment_status":"closed","ping_status":"closed","template":"","meta":{"footnotes":""},"acf":[],"_links":{"self":[{"href":"http:\/\/peter-hess-institute.com\/es\/wp-json\/wp\/v2\/pages\/11066"}],"collection":[{"href":"http:\/\/peter-hess-institute.com\/es\/wp-json\/wp\/v2\/pages"}],"about":[{"href":"http:\/\/peter-hess-institute.com\/es\/wp-json\/wp\/v2\/types\/page"}],"author":[{"embeddable":true,"href":"http:\/\/peter-hess-institute.com\/es\/wp-json\/wp\/v2\/users\/1"}],"replies":[{"embeddable":true,"href":"http:\/\/peter-hess-institute.com\/es\/wp-json\/wp\/v2\/comments?post=11066"}],"version-history":[{"count":0,"href":"http:\/\/peter-hess-institute.com\/es\/wp-json\/wp\/v2\/pages\/11066\/revisions"}],"up":[{"embeddable":true,"href":"http:\/\/peter-hess-institute.com\/es\/wp-json\/wp\/v2\/pages\/11033"}],"wp:attachment":[{"href":"http:\/\/peter-hess-institute.com\/es\/wp-json\/wp\/v2\/media?parent=11066"}],"curies":[{"name":"wp","href":"https:\/\/api.w.org\/{rel}","templated":true}]}}