{"id":32933,"date":"2019-02-26T09:06:09","date_gmt":"2019-02-26T08:06:09","guid":{"rendered":"http:\/\/peter-hess-institute.com\/?page_id=32933"},"modified":"2023-08-01T11:33:21","modified_gmt":"2023-08-01T09:33:21","slug":"klangmassage-methoden-2","status":"publish","type":"page","link":"http:\/\/peter-hess-institute.com\/es\/nord\/klangmassage-methoden-2\/","title":{"rendered":"Seminarhaus Landsteiner M\u00fchle \u2013 Tienda Peter Hess"},"content":{"rendered":"<div class=\"vc_row wpb_row vc_row-fluid\"><div class=\"wpb_column vc_column_container vc_col-sm-12\"><div class=\"vc_column-inner\"><div class=\"wpb_wrapper\"><div class=\"vc_empty_space\"   style=\"height: 120px\"><span class=\"vc_empty_space_inner\"><\/span><\/div><\/div><\/div><\/div><\/div><div class=\"vc_row wpb_row vc_row-fluid\"><div class=\"wpb_column vc_column_container vc_col-sm-3\"><div class=\"vc_column-inner vc_custom_1456258786515\"><div class=\"wpb_wrapper\"><div class=\"vc_btn3-container  regiobutton  wpb_animate_when_almost_visible wpb_left-to-right left-to-right vc_btn3-left vc_custom_1561538018436\" ><a style=\"background-color:#efebe3; color:#ae9d75;\" class=\"vc_general vc_btn3 vc_btn3-size-md vc_btn3-shape-square vc_btn3-style-custom vc_btn3-block\" href=\"http:\/\/peter-hess-institute.com\/peter-hess-institut-seminarhaus-landsteiner-muehletaunus\/\" title=\"\">Start<\/a><\/div><div class=\"vc_btn3-container  regiobutton  wpb_animate_when_almost_visible wpb_left-to-right left-to-right vc_btn3-left vc_custom_1561538053131\" ><a style=\"background-color:#efebe3; color:#ae9d75;\" class=\"vc_general vc_btn3 vc_btn3-size-md vc_btn3-shape-square vc_btn3-style-custom vc_btn3-block\" href=\"http:\/\/peter-hess-institute.com\/peter-hess-institut-seminarhaus-landsteiner-muehletaunus-2\/\" title=\"\">Das Seminarhaus<\/a><\/div><div class=\"vc_btn3-container  regiobutton  wpb_animate_when_almost_visible wpb_left-to-right left-to-right vc_btn3-left vc_custom_1561537984853\" ><a style=\"background-color:#a1c0ca; color:#ffffff;\" class=\"vc_general vc_btn3 vc_btn3-size-md vc_btn3-shape-square vc_btn3-style-custom vc_btn3-block\" href=\"#\" title=\"\">Peter Hess Shop<\/a><\/div><div class=\"vc_btn3-container  regiobutton  wpb_animate_when_almost_visible wpb_left-to-right left-to-right vc_btn3-left vc_custom_1551168209823\" ><a style=\"background-color:#efebe3; color:#ae9d75;\" class=\"vc_general vc_btn3 vc_btn3-size-md vc_btn3-shape-square vc_btn3-style-custom vc_btn3-block\" href=\"http:\/\/peter-hess-institute.com\/?page_id=15318&#038;preview=true\" title=\"\">Veranstaltungskalender<\/a><\/div><div class=\"vc_btn3-container  regiobutton  wpb_animate_when_almost_visible wpb_left-to-right left-to-right vc_btn3-left vc_custom_1561705516510\" ><a style=\"background-color:#efebe3; color:#ae9d75;\" class=\"vc_general vc_btn3 vc_btn3-size-md vc_btn3-shape-square vc_btn3-style-custom vc_btn3-block\" href=\"http:\/\/peter-hess-institute.com\/nord\/klang-und-seminarangebote-in-der-landsteiner-muehle-2\/\" title=\"\">Seminare von A bis Z<\/a><\/div><div class=\"vc_btn3-container  regiobutton  wpb_animate_when_almost_visible wpb_left-to-right left-to-right vc_btn3-left vc_custom_1561705561993\" ><a style=\"background-color:#efebe3; color:#ae9d75;\" class=\"vc_general vc_btn3 vc_btn3-size-md vc_btn3-shape-square vc_btn3-style-custom vc_btn3-block\" href=\"http:\/\/peter-hess-institute.com\/nord\/klang-und-seminarangebote-in-der-landsteiner-muehle\/\" title=\"\">Infos f\u00fcr Teilnehmer<\/a><\/div><div class=\"vc_btn3-container  regiobutton  wpb_animate_when_almost_visible wpb_left-to-right left-to-right vc_btn3-left vc_custom_1562849479963\" ><a style=\"background-color:#efebe3; color:#ae9d75;\" class=\"vc_general vc_btn3 vc_btn3-size-md vc_btn3-shape-square vc_btn3-style-custom vc_btn3-block\" href=\"http:\/\/peter-hess-institute.com\/seminarhaus-landsteiner-muehle-zimmerbuchung-im-haus-externe-uebernachtungs-moeglichkeiten\/\" title=\"\">Zimmerbuchung<\/a><\/div><div class=\"vc_btn3-container  regiobutton  wpb_animate_when_almost_visible wpb_left-to-right left-to-right vc_btn3-left vc_custom_1563188447865\" ><a style=\"background-color:#efebe3; color:#ae9d75;\" class=\"vc_general vc_btn3 vc_btn3-size-md vc_btn3-shape-square vc_btn3-style-custom vc_btn3-block\" href=\"http:\/\/peter-hess-institute.com\/seminarhaus-landsteiner-muehle-seminarverpflegung\/\" title=\"\">Seminarverpflegung<\/a><\/div><div class=\"vc_btn3-container  regiobutton  wpb_animate_when_almost_visible wpb_left-to-right left-to-right vc_btn3-left vc_custom_1561705663908\" ><a style=\"background-color:#efebe3; color:#ae9d75;\" class=\"vc_general vc_btn3 vc_btn3-size-md vc_btn3-shape-square vc_btn3-style-custom vc_btn3-block\" href=\"http:\/\/peter-hess-institute.com\/nord\/lage-und-anfahrt\/\" title=\"\">Lage und Anfahrt<\/a><\/div><div class=\"vc_btn3-container  regiobutton  wpb_animate_when_almost_visible wpb_left-to-right left-to-right vc_btn3-left vc_custom_1562843976451\" ><a style=\"background-color:#efebe3; color:#ae9d75;\" class=\"vc_general vc_btn3 vc_btn3-size-md vc_btn3-shape-square vc_btn3-style-custom vc_btn3-block\" href=\"http:\/\/peter-hess-institute.com\/seminarhaus-landsteiner-muehle-flyer\/\" title=\"\">Flyer<\/a><\/div><div class=\"vc_btn3-container  regiobutton  wpb_animate_when_almost_visible wpb_left-to-right left-to-right vc_btn3-left vc_custom_1555928635382\" ><a style=\"background-color:#efebe3; color:#ae9d75;\" class=\"vc_general vc_btn3 vc_btn3-size-md vc_btn3-shape-square vc_btn3-style-custom vc_btn3-block\" href=\"http:\/\/peter-hess-institute.com\/kontakt-peter-hess-institut-landsteiner-muehletaunus\/\" title=\"\">Kontakt<\/a><\/div><div class=\"vc_empty_space\"   style=\"height: 32px\"><span class=\"vc_empty_space_inner\"><\/span><\/div><\/div><\/div><\/div><div class=\"wpb_column vc_column_container vc_col-sm-1\"><div class=\"vc_column-inner\"><div class=\"wpb_wrapper\"><\/div><\/div><\/div><div class=\"wpb_column vc_column_container vc_col-sm-8\"><div class=\"vc_column-inner\"><div class=\"wpb_wrapper\">\n\t<div class=\"wpb_text_column wpb_content_element  vc_custom_1561544296020\" >\n\t\t<div class=\"wpb_wrapper\">\n\t\t\t<h2>Der Peter Hess\u00ae Shop KlangDesign<\/h2>\n\n\t\t<\/div>\n\t<\/div>\n\n\t<div class=\"wpb_text_column wpb_content_element \" >\n\t\t<div class=\"wpb_wrapper\">\n\t\t\t<p>Eine Klangschale zu kaufen ist f\u00fcr viele Menschen ein besonderer Prozess. Auch wenn alle Kl\u00e4nge sehr ausgewogen und von einer hohen Qualit\u00e4t sind, gibt es da oft doch diese eine Schale, die genau den Klang hat, mit dem wir ganz besonders in Resonanz gehen. \u00a0So wie jeder Mensch einzigartig ist, hat auch jede Klangschale ihren ganz individuellen Klang.<\/p>\n<p>Im klangvollen Ambiente, unseres Peter Hess\u00ae Shops KlangDesign, k\u00f6nnen Sie aus vielen verschiedenen Klangschalen Ihren besonderen Klang ausw\u00e4hlen. Aber es gibt noch viel mehr zu entdecken. Wir bieten eine Auswahl an verschiedenen Gongs, Klanginstrumenten, Schl\u00e4geln, Zubeh\u00f6r uvm. an.<\/p>\n\n\t\t<\/div>\n\t<\/div>\n<div class=\"wpb_gallery wpb_content_element vc_clearfix\" ><div class=\"wpb_wrapper\"><div class=\"wpb_gallery_slides wpb_flexslider flexslider_fade flexslider\" data-interval=\"3\" data-flex_fx=\"fade\"><ul class=\"slides\"><li><a class=\"prettyphoto\" href=\"https:\/\/peter-hess-institute.com\/wp-content\/uploads\/2019\/02\/DSC_9877-1024x683.jpg\" data-rel=\"prettyPhoto[rel-32933-688059716]\"><img width=\"300\" height=\"200\" src=\"https:\/\/peter-hess-institute.com\/wp-content\/uploads\/2019\/02\/DSC_9877-300x200.jpg\" class=\"attachment-medium\" alt=\"\" decoding=\"async\" loading=\"lazy\" srcset=\"https:\/\/peter-hess-institute.com\/wp-content\/uploads\/2019\/02\/DSC_9877-300x200.jpg 300w, https:\/\/peter-hess-institute.com\/wp-content\/uploads\/2019\/02\/DSC_9877-800x533.jpg 800w, https:\/\/peter-hess-institute.com\/wp-content\/uploads\/2019\/02\/DSC_9877-768x512.jpg 768w, https:\/\/peter-hess-institute.com\/wp-content\/uploads\/2019\/02\/DSC_9877-1024x683.jpg 1024w, https:\/\/peter-hess-institute.com\/wp-content\/uploads\/2019\/02\/DSC_9877-219x146.jpg 219w, https:\/\/peter-hess-institute.com\/wp-content\/uploads\/2019\/02\/DSC_9877-50x33.jpg 50w, https:\/\/peter-hess-institute.com\/wp-content\/uploads\/2019\/02\/DSC_9877-113x75.jpg 113w\" sizes=\"(max-width: 300px) 100vw, 300px\" \/><\/a><\/li><li><a class=\"prettyphoto\" href=\"https:\/\/peter-hess-institute.com\/wp-content\/uploads\/2019\/02\/DSC_9875-1024x683.jpg\" data-rel=\"prettyPhoto[rel-32933-688059716]\"><img width=\"300\" height=\"200\" src=\"https:\/\/peter-hess-institute.com\/wp-content\/uploads\/2019\/02\/DSC_9875-300x200.jpg\" class=\"attachment-medium\" alt=\"\" decoding=\"async\" loading=\"lazy\" srcset=\"https:\/\/peter-hess-institute.com\/wp-content\/uploads\/2019\/02\/DSC_9875-300x200.jpg 300w, https:\/\/peter-hess-institute.com\/wp-content\/uploads\/2019\/02\/DSC_9875-800x533.jpg 800w, https:\/\/peter-hess-institute.com\/wp-content\/uploads\/2019\/02\/DSC_9875-768x512.jpg 768w, https:\/\/peter-hess-institute.com\/wp-content\/uploads\/2019\/02\/DSC_9875-1024x683.jpg 1024w, https:\/\/peter-hess-institute.com\/wp-content\/uploads\/2019\/02\/DSC_9875-219x146.jpg 219w, https:\/\/peter-hess-institute.com\/wp-content\/uploads\/2019\/02\/DSC_9875-50x33.jpg 50w, https:\/\/peter-hess-institute.com\/wp-content\/uploads\/2019\/02\/DSC_9875-113x75.jpg 113w\" sizes=\"(max-width: 300px) 100vw, 300px\" \/><\/a><\/li><li><a class=\"prettyphoto\" href=\"https:\/\/peter-hess-institute.com\/wp-content\/uploads\/2019\/02\/Photo-21.02.19-19-56-02-1024x683.jpg\" data-rel=\"prettyPhoto[rel-32933-688059716]\"><img width=\"300\" height=\"200\" src=\"https:\/\/peter-hess-institute.com\/wp-content\/uploads\/2019\/02\/Photo-21.02.19-19-56-02-300x200.jpg\" class=\"attachment-medium\" alt=\"\" decoding=\"async\" loading=\"lazy\" srcset=\"https:\/\/peter-hess-institute.com\/wp-content\/uploads\/2019\/02\/Photo-21.02.19-19-56-02-300x200.jpg 300w, https:\/\/peter-hess-institute.com\/wp-content\/uploads\/2019\/02\/Photo-21.02.19-19-56-02-800x533.jpg 800w, https:\/\/peter-hess-institute.com\/wp-content\/uploads\/2019\/02\/Photo-21.02.19-19-56-02-768x512.jpg 768w, https:\/\/peter-hess-institute.com\/wp-content\/uploads\/2019\/02\/Photo-21.02.19-19-56-02-1024x683.jpg 1024w, https:\/\/peter-hess-institute.com\/wp-content\/uploads\/2019\/02\/Photo-21.02.19-19-56-02-219x146.jpg 219w, https:\/\/peter-hess-institute.com\/wp-content\/uploads\/2019\/02\/Photo-21.02.19-19-56-02-50x33.jpg 50w, https:\/\/peter-hess-institute.com\/wp-content\/uploads\/2019\/02\/Photo-21.02.19-19-56-02-113x75.jpg 113w, https:\/\/peter-hess-institute.com\/wp-content\/uploads\/2019\/02\/Photo-21.02.19-19-56-02.jpg 1920w\" sizes=\"(max-width: 300px) 100vw, 300px\" \/><\/a><\/li><li><a class=\"prettyphoto\" href=\"https:\/\/peter-hess-institute.com\/wp-content\/uploads\/2019\/02\/Photo-21.02.19-19-56-45-1024x683.jpg\" data-rel=\"prettyPhoto[rel-32933-688059716]\"><img width=\"300\" height=\"200\" src=\"https:\/\/peter-hess-institute.com\/wp-content\/uploads\/2019\/02\/Photo-21.02.19-19-56-45-300x200.jpg\" class=\"attachment-medium\" alt=\"\" decoding=\"async\" loading=\"lazy\" srcset=\"https:\/\/peter-hess-institute.com\/wp-content\/uploads\/2019\/02\/Photo-21.02.19-19-56-45-300x200.jpg 300w, https:\/\/peter-hess-institute.com\/wp-content\/uploads\/2019\/02\/Photo-21.02.19-19-56-45-800x533.jpg 800w, https:\/\/peter-hess-institute.com\/wp-content\/uploads\/2019\/02\/Photo-21.02.19-19-56-45-768x512.jpg 768w, https:\/\/peter-hess-institute.com\/wp-content\/uploads\/2019\/02\/Photo-21.02.19-19-56-45-1024x683.jpg 1024w, https:\/\/peter-hess-institute.com\/wp-content\/uploads\/2019\/02\/Photo-21.02.19-19-56-45-219x146.jpg 219w, https:\/\/peter-hess-institute.com\/wp-content\/uploads\/2019\/02\/Photo-21.02.19-19-56-45-50x33.jpg 50w, https:\/\/peter-hess-institute.com\/wp-content\/uploads\/2019\/02\/Photo-21.02.19-19-56-45-113x75.jpg 113w, https:\/\/peter-hess-institute.com\/wp-content\/uploads\/2019\/02\/Photo-21.02.19-19-56-45.jpg 1920w\" sizes=\"(max-width: 300px) 100vw, 300px\" \/><\/a><\/li><li><a class=\"prettyphoto\" href=\"https:\/\/peter-hess-institute.com\/wp-content\/uploads\/2019\/03\/PHI_Taunus_4-1024x682.jpg\" data-rel=\"prettyPhoto[rel-32933-688059716]\"><img width=\"300\" height=\"200\" src=\"https:\/\/peter-hess-institute.com\/wp-content\/uploads\/2019\/03\/PHI_Taunus_4-300x200.jpg\" class=\"attachment-medium\" alt=\"\" decoding=\"async\" loading=\"lazy\" srcset=\"https:\/\/peter-hess-institute.com\/wp-content\/uploads\/2019\/03\/PHI_Taunus_4-300x200.jpg 300w, https:\/\/peter-hess-institute.com\/wp-content\/uploads\/2019\/03\/PHI_Taunus_4-800x533.jpg 800w, https:\/\/peter-hess-institute.com\/wp-content\/uploads\/2019\/03\/PHI_Taunus_4-768x512.jpg 768w, https:\/\/peter-hess-institute.com\/wp-content\/uploads\/2019\/03\/PHI_Taunus_4-1024x682.jpg 1024w, https:\/\/peter-hess-institute.com\/wp-content\/uploads\/2019\/03\/PHI_Taunus_4-219x146.jpg 219w, https:\/\/peter-hess-institute.com\/wp-content\/uploads\/2019\/03\/PHI_Taunus_4-50x33.jpg 50w, https:\/\/peter-hess-institute.com\/wp-content\/uploads\/2019\/03\/PHI_Taunus_4-113x75.jpg 113w, https:\/\/peter-hess-institute.com\/wp-content\/uploads\/2019\/03\/PHI_Taunus_4.jpg 1280w\" sizes=\"(max-width: 300px) 100vw, 300px\" \/><\/a><\/li><\/ul><\/div><\/div><\/div><div class=\"vc_empty_space\"   style=\"height: 20px\"><span class=\"vc_empty_space_inner\"><\/span><\/div><\/div><\/div><\/div><\/div>","protected":false},"excerpt":{"rendered":"StartDas SeminarhausPeter Hess ShopVeranstaltungskalenderSeminare von A bis ZInfos f\u00fcr TeilnehmerZimmerbuchungSeminarverpflegungLage und AnfahrtFlyerKontakt Der Peter Hess\u00ae Shop KlangDesign Eine Klangschale zu kaufen ist f\u00fcr viele Menschen ein besonderer Prozess. Auch wenn alle Kl\u00e4nge sehr ausgewogen und von einer hohen Qualit\u00e4t sind,<span class=\"excerpt-hellip\"> [\u2026]<\/span>","protected":false},"author":1013,"featured_media":0,"parent":3188,"menu_order":0,"comment_status":"closed","ping_status":"closed","template":"","meta":{"footnotes":""},"acf":[],"_links":{"self":[{"href":"http:\/\/peter-hess-institute.com\/es\/wp-json\/wp\/v2\/pages\/32933"}],"collection":[{"href":"http:\/\/peter-hess-institute.com\/es\/wp-json\/wp\/v2\/pages"}],"about":[{"href":"http:\/\/peter-hess-institute.com\/es\/wp-json\/wp\/v2\/types\/page"}],"author":[{"embeddable":true,"href":"http:\/\/peter-hess-institute.com\/es\/wp-json\/wp\/v2\/users\/1013"}],"replies":[{"embeddable":true,"href":"http:\/\/peter-hess-institute.com\/es\/wp-json\/wp\/v2\/comments?post=32933"}],"version-history":[{"count":0,"href":"http:\/\/peter-hess-institute.com\/es\/wp-json\/wp\/v2\/pages\/32933\/revisions"}],"up":[{"embeddable":true,"href":"http:\/\/peter-hess-institute.com\/es\/wp-json\/wp\/v2\/pages\/3188"}],"wp:attachment":[{"href":"http:\/\/peter-hess-institute.com\/es\/wp-json\/wp\/v2\/media?parent=32933"}],"curies":[{"name":"wp","href":"https:\/\/api.w.org\/{rel}","templated":true}]}}