{"id":46855,"date":"2021-01-12T11:14:12","date_gmt":"2021-01-12T10:14:12","guid":{"rendered":"http:\/\/peter-hess-institute.com\/?page_id=46855"},"modified":"2025-03-03T09:32:50","modified_gmt":"2025-03-03T08:32:50","slug":"individuelle-klangmassage-leicht-gekonnt-und-sicher-gestalten-online","status":"publish","type":"page","link":"http:\/\/peter-hess-institute.com\/es\/individuelle-klangmassage-leicht-gekonnt-und-sicher-gestalten-online\/","title":{"rendered":"Crea masajes de sonido individuales de forma f\u00e1cil, h\u00e1bil y segura (Seminario en l\u00ednea)"},"content":{"rendered":"","protected":false},"excerpt":{"rendered":"","protected":false},"author":1,"featured_media":0,"parent":0,"menu_order":0,"comment_status":"closed","ping_status":"closed","template":"","meta":{"footnotes":""},"acf":[],"_links":{"self":[{"href":"http:\/\/peter-hess-institute.com\/es\/wp-json\/wp\/v2\/pages\/46855"}],"collection":[{"href":"http:\/\/peter-hess-institute.com\/es\/wp-json\/wp\/v2\/pages"}],"about":[{"href":"http:\/\/peter-hess-institute.com\/es\/wp-json\/wp\/v2\/types\/page"}],"author":[{"embeddable":true,"href":"http:\/\/peter-hess-institute.com\/es\/wp-json\/wp\/v2\/users\/1"}],"replies":[{"embeddable":true,"href":"http:\/\/peter-hess-institute.com\/es\/wp-json\/wp\/v2\/comments?post=46855"}],"version-history":[{"count":0,"href":"http:\/\/peter-hess-institute.com\/es\/wp-json\/wp\/v2\/pages\/46855\/revisions"}],"wp:attachment":[{"href":"http:\/\/peter-hess-institute.com\/es\/wp-json\/wp\/v2\/media?parent=46855"}],"curies":[{"name":"wp","href":"https:\/\/api.w.org\/{rel}","templated":true}]}}