{"id":15424,"date":"2017-03-16T09:38:38","date_gmt":"2017-03-16T08:38:38","guid":{"rendered":"http:\/\/peter-hess-institute.com\/?page_id=15424"},"modified":"2024-12-29T04:29:28","modified_gmt":"2024-12-29T03:29:28","slug":"warum-sollten-sie-sich-als-kunde-fuer-die-peter-hess-klangmassage-entscheiden-2","status":"publish","type":"page","link":"https:\/\/peter-hess-institute.com\/es\/warum-sollten-sie-sich-als-kunde-fuer-die-peter-hess-klangmassage-entscheiden-2\/","title":{"rendered":"\u00bfPor qu\u00e9 deber\u00eda un cliente elegir el masaje sonoro Peter Hess\u00ae?"},"content":{"rendered":"<p style=\"text-align: justify;\">Con el masaje corporal de Peter Hess\u00ae se sentir\u00e1 atra\u00eddo por el original, un m\u00e9todo de relajaci\u00f3n altamente eficaz desarrollado por el ingeniero en f\u00edsica Peter Hess desde hace m\u00e1s de 40 a\u00f1os. Los resultados positivos obtenidos con este m\u00e9todo han dado lugar a un r\u00e1pido desarrollo. Hoy en d\u00eda se utiliza en los \u00e1mbitos del bienestar y el acompa\u00f1amiento, la terapia de grupo y la pedagog\u00eda del lenguaje.<\/p>\n<p style=\"text-align: justify;\"><strong>Resumen del masaje corporal Peter Hess<\/strong><br \/>\nDurante un masaje corporal se crea una atm\u00f3sfera de bienestar y seguridad, en la que es posible relajarse - relajarse del estr\u00e9s, los dolores, las preocupaciones y otros sentimientos que afectan negativamente a nuestra salud. En esta atm\u00f3sfera de bienestar pueden surgir pensamientos a menudo negativos. Son condiciones necesarias para la salud en todos los sentidos y la base para la creaci\u00f3n de una vida libre, aut\u00f3noma y creativa. El (nuevo) despertar del propio coraz\u00f3n, la (nueva) conciencia de s\u00ed mismo, \u00a1es un gesto contra uno mismo! Hacer que el cuerpo se convierta de nuevo en un flujo que transporta su energ\u00eda vital es una gran experiencia que puede hacer que su vida sea m\u00e1s saludable.<\/p>\n<p style=\"text-align: justify;\"><strong>Peter Hess\u00ae-KlangmassagepraktikerInnen se distingue por su calidad y profesionalidad.<\/strong><br \/>\nDesde hace m\u00e1s de 40 a\u00f1os, el nombre Peter Hess es sin\u00f3nimo de calidad y profesionalidad. El Peter Hess\u00ae-Klangmassage se basa en un plan de estudios en el Instituto Peter Hess\u00ae en Alemania y m\u00e1s de 28 Peter Hess\u00ae Akademien en todo el mundo. Como Peter Hess\u00ae-KlangmassagepraktikerIn, el alumno ha adquirido una s\u00f3lida formaci\u00f3n, basada en experiencias personales, conocimientos pr\u00e1cticos y una pr\u00e1ctica reflejada. De este modo, el cliente puede estar seguro de que con el masaje corporal Peter Hess\u00ae ha obtenido un producto serio y satisfactorio que se adapta perfectamente a sus necesidades. \u00a1Achtsamkeit, Wertsch\u00e4tzung, Ganzheitlichkeit und das Prinzip \u201eWeniger-ist-mehr\u201c z\u00e4hlen zu den wichtigsten S\u00e4ulen dieses Angebotes und machen die Peter Hess\u00ae-Klangmassage zu einem echten Entspannungshighlight!<\/p>\n<p style=\"text-align: justify;\">El masaje corporal Peter Hess\u00ae y todos los m\u00e9todos de masaje corporal Peter Hess\u00ae que ha desarrollado se caracterizan por sus elevados est\u00e1ndares de calidad y est\u00e1n certificados por la Asociaci\u00f3n Internacional de Terapia de Masaje Corporal y la Asociaci\u00f3n Libre de Salud. A ello han contribuido las conclusiones y los resultados de investigaciones y estudios complementarios. No hay otro fabricante de masajes circulatorios que pueda hacerlo.<\/p>\n<p style=\"text-align: justify;\">El masaje corporal Peter Hess\u00ae siempre est\u00e1 relacionado con los programas terap\u00e9uticos Peter Hess\u00ae desarrollados por Peter Hess\u00ae. Un tratamiento profesional con estos equipos de alta calidad garantiza un tratamiento \u00f3ptimo y adaptado a las necesidades individuales del cliente.<\/p>","protected":false},"excerpt":{"rendered":"<p>Mit der Peter Hess\u00ae-Klangmassage entscheiden Sie sich f\u00fcr das Original, eine hochwirksame Entspannungsmethode, die der Dipl.-Ing. f\u00fcr Physikalische Technik, Peter Hess, vor mehr als 40 Jahren entwickelt hat. Die positiven Ergebnisse f\u00fchrten zu einer raschen Weiterentwicklung seiner Methode. Heute findet<span class=\"excerpt-hellip\"> [\u2026]<\/span><\/p>\n","protected":false},"author":1,"featured_media":0,"parent":0,"menu_order":0,"comment_status":"closed","ping_status":"closed","template":"","meta":{"footnotes":""},"acf":[],"_links":{"self":[{"href":"https:\/\/peter-hess-institute.com\/es\/wp-json\/wp\/v2\/pages\/15424"}],"collection":[{"href":"https:\/\/peter-hess-institute.com\/es\/wp-json\/wp\/v2\/pages"}],"about":[{"href":"https:\/\/peter-hess-institute.com\/es\/wp-json\/wp\/v2\/types\/page"}],"author":[{"embeddable":true,"href":"https:\/\/peter-hess-institute.com\/es\/wp-json\/wp\/v2\/users\/1"}],"replies":[{"embeddable":true,"href":"https:\/\/peter-hess-institute.com\/es\/wp-json\/wp\/v2\/comments?post=15424"}],"version-history":[{"count":0,"href":"https:\/\/peter-hess-institute.com\/es\/wp-json\/wp\/v2\/pages\/15424\/revisions"}],"wp:attachment":[{"href":"https:\/\/peter-hess-institute.com\/es\/wp-json\/wp\/v2\/media?parent=15424"}],"curies":[{"name":"wp","href":"https:\/\/api.w.org\/{rel}","templated":true}]}}