{"id":25924,"date":"2020-09-03T10:59:06","date_gmt":"2020-09-03T08:59:06","guid":{"rendered":"http:\/\/peter-hess-institute.com\/?page_id=25924"},"modified":"2022-04-06T10:47:52","modified_gmt":"2022-04-06T08:47:52","slug":"leitungsteam","status":"publish","type":"page","link":"https:\/\/peter-hess-institute.com\/es\/leitungsteam\/","title":{"rendered":"Equipo directivo"},"content":{"rendered":"<div class=\"vc_row wpb_row vc_row-fluid\"><div class=\"wpb_column vc_column_container vc_col-sm-12\"><div class=\"vc_column-inner\"><div class=\"wpb_wrapper\"><div class=\"vc_empty_space\"   style=\"height: 120px\"><span class=\"vc_empty_space_inner\"><\/span><\/div><\/div><\/div><\/div><\/div><div class=\"vc_row wpb_row vc_row-fluid\"><\/div><div class=\"wpb_column vc_column_container vc_col-sm-3\"><div class=\"vc_column-inner vc_custom_1456258786515\"><div class=\"wpb_wrapper\"><div class=\"vc_btn3-container  plzbutton  wpb_animate_when_almost_visible wpb_left-to-right left-to-right vc_btn3-left vc_custom_1470913511654\" ><a style=\"background-color:#efebe3; color:#ae9d75;\" class=\"vc_general vc_btn3 vc_btn3-size-md vc_btn3-shape-square vc_btn3-style-custom vc_btn3-block\" href=\"http:\/\/peter-hess-institute.com\/es\/seminarleiter\/\" title=\"\">\u00dcbersicht<\/a><\/div><div class=\"vc_btn3-container  plzbutton  wpb_animate_when_almost_visible wpb_left-to-right left-to-right vc_btn3-left vc_custom_1470913519413\" ><a style=\"background-color:#9b1c22; color:#ffffff;\" class=\"vc_general vc_btn3 vc_btn3-size-md vc_btn3-shape-square vc_btn3-style-custom vc_btn3-block\" href=\"http:\/\/peter-hess-institute.com\/es\/leitungsteam\/\" title=\"\">Equipo directivo<\/a><\/div><div class=\"vc_btn3-container  plzbutton  wpb_animate_when_almost_visible wpb_left-to-right left-to-right vc_btn3-left vc_custom_1470913526933\" ><a style=\"background-color:#efebe3; color:#ae9d75;\" class=\"vc_general vc_btn3 vc_btn3-size-md vc_btn3-shape-square vc_btn3-style-custom vc_btn3-block\" href=\"http:\/\/peter-hess-institute.com\/es\/ausbildungsteam\/\" title=\"\">Ausbildungsteam<\/a><\/div><div class=\"vc_btn3-container  plzbutton  wpb_animate_when_almost_visible wpb_left-to-right left-to-right vc_btn3-left vc_custom_1470913537213\" ><a style=\"background-color:#efebe3; color:#ae9d75;\" class=\"vc_general vc_btn3 vc_btn3-size-md vc_btn3-shape-square vc_btn3-style-custom vc_btn3-block\" href=\"http:\/\/peter-hess-institute.com\/es\/gastdozenten\/\" title=\"\">Gastdozenten<\/a><\/div><\/div><\/div><\/div><div class=\"wpb_column vc_column_container vc_col-sm-1\"><div class=\"vc_column-inner\"><div class=\"wpb_wrapper\"><\/div><\/div><\/div><div class=\"wpb_column vc_column_container vc_col-sm-8\"><div class=\"vc_column-inner\"><div class=\"wpb_wrapper\"><\/div><\/div><\/div>\n\t<div class=\"wpb_text_column wpb_content_element  vc_custom_1457974428100\" >\n\t\t<div class=\"wpb_wrapper\">\n\t\t\t<h2>Instituto Peter Hess<\/h2>\n\n\t\t<\/div>\n\t<\/div>\n<div class=\"vc_empty_space\"   style=\"height: 32px\"><span class=\"vc_empty_space_inner\"><\/span><\/div><div class=\"vc_row wpb_row vc_inner vc_row-fluid vc_custom_1456260504118\"><div class=\"wpb_column vc_column_container vc_col-sm-4\"><div class=\"vc_column-inner vc_custom_1456260586027\"><div class=\"wpb_wrapper\">\n\t<div  class=\"wpb_single_image wpb_content_element vc_align_left  wpb_animate_when_almost_visible wpb_appear appear vc_custom_1457974499880\">\n\t\t\n\t\t<figure class=\"wpb_wrapper vc_figure\">\n\t\t\t<div class=\"vc_single_image-wrapper   vc_box_border_grey\"><img width=\"315\" height=\"212\" src=\"https:\/\/peter-hess-institute.com\/wp-content\/uploads\/2016\/03\/PeterundPetraEmily.jpg\" class=\"vc_single_image-img attachment-full\" alt=\"\" decoding=\"async\" loading=\"lazy\" srcset=\"https:\/\/peter-hess-institute.com\/wp-content\/uploads\/2016\/03\/PeterundPetraEmily.jpg 315w, https:\/\/peter-hess-institute.com\/wp-content\/uploads\/2016\/03\/PeterundPetraEmily-300x202.jpg 300w, https:\/\/peter-hess-institute.com\/wp-content\/uploads\/2016\/03\/PeterundPetraEmily-217x146.jpg 217w, https:\/\/peter-hess-institute.com\/wp-content\/uploads\/2016\/03\/PeterundPetraEmily-50x34.jpg 50w, https:\/\/peter-hess-institute.com\/wp-content\/uploads\/2016\/03\/PeterundPetraEmily-111x75.jpg 111w\" sizes=\"(max-width: 315px) 100vw, 315px\" \/><\/div>\n\t\t<\/figure>\n\t<\/div>\n<\/div><\/div><\/div><div class=\"wpb_column vc_column_container vc_col-sm-8\"><div class=\"vc_column-inner vc_custom_1456260465408\"><div class=\"wpb_wrapper\"><div class=\"vc_empty_space\"   style=\"height: 5px\"><span class=\"vc_empty_space_inner\"><\/span><\/div>\n\t<div class=\"wpb_text_column wpb_content_element\" >\n\t\t<div class=\"wpb_wrapper\">\n\t\t\t<p><strong><span style=\"color: #ae9d75;\">Ihre Ansprechpartner:<\/span><\/strong><br \/>\nPeter y Emily Hess<\/p>\n\n\t\t<\/div>\n\t<\/div>\n<\/div><\/div><\/div><\/div>\n\t<div class=\"wpb_text_column wpb_content_element\" >\n\t\t<div class=\"wpb_wrapper\">\n\t\t\t<p><strong>Peter Hess<\/strong><br \/>\nP\u00e4dagoge y Dipl.-Ing. f\u00fcr Physikalische Technik. En 1984, desarroll\u00f3 el masaje corporal Peter Hess\u00ae, un m\u00e9todo de relajaci\u00f3n integral, en el marco de una investigaci\u00f3n y una pr\u00e1ctica de muchos a\u00f1os. Dirige el Instituto Peter Hess\u00ae.  1. Vorsitzender der Gesch\u00e4ftsstelle Internationaler Fachverband Klang-Massage-Therapie e.V.<\/p>\n<p><strong>Emily Hess<\/strong><br \/>\nBas\u00e1ndose en una larga experiencia pr\u00e1ctica, desarroll\u00f3 junto con Peter Hess 2001 la \u201ePeter Hess\u00ae-Klangp\u00e4dagogik\u201c y el sistema de formaci\u00f3n continua \u201eKliK - Klingende Kommunikation\u201c. Junto con Peter Hess, dirige el Instituto Peter Hess\u00ae.<br \/>\n<a href=\"https:\/\/www.emilyhess.eu\/\">https:\/\/www.emilyhess.eu\/<\/a><\/p>\n\n\t\t<\/div>\n\t<\/div>\n<div class=\"vc_empty_space\"   style=\"height: 32px\"><span class=\"vc_empty_space_inner\"><\/span><\/div>\n\t<div class=\"wpb_text_column wpb_content_element  vc_custom_1457974615270\" >\n\t\t<div class=\"wpb_wrapper\">\n\t\t\t<h2>\u00c1reas de conocimiento y funciones<\/h2>\n\n\t\t<\/div>\n\t<\/div>\n<div class=\"vc_empty_space\"   style=\"height: 32px\"><span class=\"vc_empty_space_inner\"><\/span><\/div><div class=\"vc_row wpb_row vc_inner vc_row-fluid vc_custom_1456260504118\"><div class=\"wpb_column vc_column_container vc_col-sm-4\"><div class=\"vc_column-inner vc_custom_1456260586027\"><div class=\"wpb_wrapper\">\n\t<div  class=\"wpb_single_image wpb_content_element vc_align_left  wpb_animate_when_almost_visible wpb_appear appear vc_custom_1462811207854\">\n\t\t\n\t\t<figure class=\"wpb_wrapper vc_figure\">\n\t\t\t<div class=\"vc_single_image-wrapper   vc_box_border_grey\"><img width=\"600\" height=\"400\" src=\"https:\/\/peter-hess-institute.com\/wp-content\/uploads\/2016\/03\/AnnaAvramidou.jpg\" class=\"vc_single_image-img attachment-full\" alt=\"\" decoding=\"async\" loading=\"lazy\" srcset=\"https:\/\/peter-hess-institute.com\/wp-content\/uploads\/2016\/03\/AnnaAvramidou.jpg 600w, https:\/\/peter-hess-institute.com\/wp-content\/uploads\/2016\/03\/AnnaAvramidou-300x200.jpg 300w, https:\/\/peter-hess-institute.com\/wp-content\/uploads\/2016\/03\/AnnaAvramidou-219x146.jpg 219w, https:\/\/peter-hess-institute.com\/wp-content\/uploads\/2016\/03\/AnnaAvramidou-50x33.jpg 50w, https:\/\/peter-hess-institute.com\/wp-content\/uploads\/2016\/03\/AnnaAvramidou-113x75.jpg 113w\" sizes=\"(max-width: 600px) 100vw, 600px\" \/><\/div>\n\t\t<\/figure>\n\t<\/div>\n<\/div><\/div><\/div><div class=\"wpb_column vc_column_container vc_col-sm-8\"><div class=\"vc_column-inner vc_custom_1456260465408\"><div class=\"wpb_wrapper\">\n\t<div class=\"wpb_text_column wpb_content_element\" >\n\t\t<div class=\"wpb_wrapper\">\n\t\t\t<p>Weiterbildungssystem Peter Hess\u00ae-Klangp\u00e4dagogik<\/p>\n<p><strong><span style=\"color: #ae9d75;\">Su socio de confianza:<\/span><\/strong><br \/>\nAnna Avramidou<br \/>\nTel\u00e9fono: 05923-7819095<br \/>\nE-Mail: <a href=\"mailto:&#x61;&#x6e;&#x6e;&#x61;&#x2e;&#x61;&#x76;&#x72;&#x61;&#x6d;&#x69;&#x64;&#x69;&#x73;&#x40;&#x70;&#x65;&#x74;&#x65;&#x72;&#x2d;&#x68;&#x65;&#x73;&#x73;&#x2d;&#x69;&#x6e;&#x73;&#x74;&#x69;&#x74;&#x75;&#x74;&#x2e;&#x64;&#x65;\"> anna.avramidis@<span class=\"oe_displaynone\">null<\/span>peter-hess-institut.de<\/a><\/p>\n\n\t\t<\/div>\n\t<\/div>\n<\/div><\/div><\/div><\/div><div class=\"vc_empty_space\"   style=\"height: 25px\"><span class=\"vc_empty_space_inner\"><\/span><\/div><div class=\"vc_row wpb_row vc_inner vc_row-fluid vc_custom_1456260504118\"><div class=\"wpb_column vc_column_container vc_col-sm-4\"><div class=\"vc_column-inner vc_custom_1456260586027\"><div class=\"wpb_wrapper\">\n\t<div  class=\"wpb_single_image wpb_content_element vc_align_left  wpb_animate_when_almost_visible wpb_appear appear vc_custom_1457975156017\">\n\t\t\n\t\t<figure class=\"wpb_wrapper vc_figure\">\n\t\t\t<div class=\"vc_single_image-wrapper   vc_box_border_grey\"><img width=\"600\" height=\"400\" src=\"https:\/\/peter-hess-institute.com\/wp-content\/uploads\/2016\/03\/B_Borgmann_Laue.jpg\" class=\"vc_single_image-img attachment-full\" alt=\"\" decoding=\"async\" loading=\"lazy\" srcset=\"https:\/\/peter-hess-institute.com\/wp-content\/uploads\/2016\/03\/B_Borgmann_Laue.jpg 600w, https:\/\/peter-hess-institute.com\/wp-content\/uploads\/2016\/03\/B_Borgmann_Laue-300x200.jpg 300w, https:\/\/peter-hess-institute.com\/wp-content\/uploads\/2016\/03\/B_Borgmann_Laue-219x146.jpg 219w, https:\/\/peter-hess-institute.com\/wp-content\/uploads\/2016\/03\/B_Borgmann_Laue-50x33.jpg 50w, https:\/\/peter-hess-institute.com\/wp-content\/uploads\/2016\/03\/B_Borgmann_Laue-113x75.jpg 113w\" sizes=\"(max-width: 600px) 100vw, 600px\" \/><\/div>\n\t\t<\/figure>\n\t<\/div>\n<\/div><\/div><\/div><div class=\"wpb_column vc_column_container vc_col-sm-8\"><div class=\"vc_column-inner vc_custom_1456260465408\"><div class=\"wpb_wrapper\">\n\t<div class=\"wpb_text_column wpb_content_element\" >\n\t\t<div class=\"wpb_wrapper\">\n\t\t\t<p>Colaboradora regional y coordinadora de seminarios<\/p>\n<p><strong><span style=\"color: #ae9d75;\">Su socio de confianza:<\/span><\/strong><br \/>\nBettina Laue<br \/>\nTel\u00e9fono: 04252-9389119<br \/>\nE-Mail: <a href=\"mailto:&#x62;&#x65;&#x74;&#x74;&#x69;&#x6e;&#x61;&#x2e;&#x6c;&#x61;&#x75;&#x65;&#x40;&#x70;&#x65;&#x74;&#x65;&#x72;&#x2d;&#x68;&#x65;&#x73;&#x73;&#x2d;&#x69;&#x6e;&#x73;&#x74;&#x69;&#x74;&#x75;&#x74;&#x2e;&#x64;&#x65;\">bettina.laue@<span class=\"oe_displaynone\">null<\/span>peter-hess-institut.de<\/a><\/p>\n\n\t\t<\/div>\n\t<\/div>\n<\/div><\/div><\/div><\/div><div class=\"vc_empty_space\"   style=\"height: 25px\"><span class=\"vc_empty_space_inner\"><\/span><\/div><div class=\"vc_row wpb_row vc_inner vc_row-fluid vc_custom_1456260504118\"><div class=\"wpb_column vc_column_container vc_col-sm-4\"><div class=\"vc_column-inner vc_custom_1456260586027\"><div class=\"wpb_wrapper\">\n\t<div  class=\"wpb_single_image wpb_content_element vc_align_left  wpb_animate_when_almost_visible wpb_appear appear vc_custom_1462811247069\">\n\t\t\n\t\t<figure class=\"wpb_wrapper vc_figure\">\n\t\t\t<div class=\"vc_single_image-wrapper   vc_box_border_grey\"><\/div>\n\t\t<\/figure>\n\t<\/div>\n<\/div><\/div><\/div><div class=\"wpb_column vc_column_container vc_col-sm-8\"><div class=\"vc_column-inner vc_custom_1456260465408\"><div class=\"wpb_wrapper\">\n\t<div class=\"wpb_text_column wpb_content_element\" >\n\t\t<div class=\"wpb_wrapper\">\n\t\t\t<p>Asesora de formaci\u00f3n en masaje de grupo Peter Hess<\/p>\n<p><strong><span style=\"color: #ae9d75;\">Su socio de confianza:<\/span><\/strong><br \/>\nConnie Henning<\/p>\n<p>Tel\u00e9fono: 06257-999164<\/p>\n\n\t\t<\/div>\n\t<\/div>\n<\/div><\/div><\/div><\/div><div class=\"vc_empty_space\"   style=\"height: 25px\"><span class=\"vc_empty_space_inner\"><\/span><\/div><div class=\"vc_row wpb_row vc_inner vc_row-fluid vc_custom_1456260504118\"><div class=\"wpb_column vc_column_container vc_col-sm-4\"><div class=\"vc_column-inner vc_custom_1456260586027\"><div class=\"wpb_wrapper\">\n\t<div  class=\"wpb_single_image wpb_content_element vc_align_left  wpb_animate_when_almost_visible wpb_appear appear vc_custom_1462811284859\">\n\t\t\n\t\t<figure class=\"wpb_wrapper vc_figure\">\n\t\t\t<div class=\"vc_single_image-wrapper   vc_box_border_grey\"><img width=\"600\" height=\"400\" src=\"https:\/\/peter-hess-institute.com\/wp-content\/uploads\/2016\/03\/P_Norbert_Kasprowski.jpg\" class=\"vc_single_image-img attachment-full\" alt=\"\" decoding=\"async\" loading=\"lazy\" srcset=\"https:\/\/peter-hess-institute.com\/wp-content\/uploads\/2016\/03\/P_Norbert_Kasprowski.jpg 600w, https:\/\/peter-hess-institute.com\/wp-content\/uploads\/2016\/03\/P_Norbert_Kasprowski-300x200.jpg 300w, https:\/\/peter-hess-institute.com\/wp-content\/uploads\/2016\/03\/P_Norbert_Kasprowski-219x146.jpg 219w, https:\/\/peter-hess-institute.com\/wp-content\/uploads\/2016\/03\/P_Norbert_Kasprowski-50x33.jpg 50w, https:\/\/peter-hess-institute.com\/wp-content\/uploads\/2016\/03\/P_Norbert_Kasprowski-113x75.jpg 113w\" sizes=\"(max-width: 600px) 100vw, 600px\" \/><\/div>\n\t\t<\/figure>\n\t<\/div>\n<\/div><\/div><\/div><div class=\"wpb_column vc_column_container vc_col-sm-8\"><div class=\"vc_column-inner vc_custom_1456260465408\"><div class=\"wpb_wrapper\">\n\t<div class=\"wpb_text_column wpb_content_element\" >\n\t\t<div class=\"wpb_wrapper\">\n\t\t\t<p>Organizaci\u00f3n de congresos y apoyo a las academias Peter Hess\u00ae en el extranjero<\/p>\n<p><strong><span style=\"color: #ae9d75;\">Ihr Ansprechpartner:<\/span><\/strong><br \/>\nNorbert Kasprowski<br \/>\nM\u00f3vil: 0172-2462007<br \/>\nE-Mail: <a href=\"mailto:&#x6e;&#x6f;&#x72;&#x62;&#x65;&#x72;&#x74;&#x2e;&#x6b;&#x61;&#x73;&#x70;&#x72;&#x6f;&#x77;&#x73;&#x6b;&#x69;&#x40;&#x70;&#x65;&#x74;&#x65;&#x72;&#x2d;&#x68;&#x65;&#x73;&#x73;&#x2d;&#x69;&#x6e;&#x73;&#x74;&#x69;&#x74;&#x75;&#x74;&#x2e;&#x64;&#x65;\">norbert.kasprowski@<span class=\"oe_displaynone\">null<\/span>peter-hess-institut.de<\/a><\/p>\n\n\t\t<\/div>\n\t<\/div>\n<\/div><\/div><\/div><\/div><div class=\"vc_empty_space\"   style=\"height: 25px\"><span class=\"vc_empty_space_inner\"><\/span><\/div><div class=\"vc_row wpb_row vc_inner vc_row-fluid vc_custom_1456260504118\"><div class=\"wpb_column vc_column_container vc_col-sm-4\"><div class=\"vc_column-inner vc_custom_1456260586027\"><div class=\"wpb_wrapper\">\n\t<div  class=\"wpb_single_image wpb_content_element vc_align_left  wpb_animate_when_almost_visible wpb_appear appear vc_custom_1457975510399\">\n\t\t\n\t\t<figure class=\"wpb_wrapper vc_figure\">\n\t\t\t<div class=\"vc_single_image-wrapper   vc_box_border_grey\"><img width=\"95\" height=\"119\" src=\"https:\/\/peter-hess-institute.com\/wp-content\/uploads\/2016\/03\/C_Koller.jpg\" class=\"vc_single_image-img attachment-full\" alt=\"\" decoding=\"async\" loading=\"lazy\" srcset=\"https:\/\/peter-hess-institute.com\/wp-content\/uploads\/2016\/03\/C_Koller.jpg 95w, https:\/\/peter-hess-institute.com\/wp-content\/uploads\/2016\/03\/C_Koller-40x50.jpg 40w, https:\/\/peter-hess-institute.com\/wp-content\/uploads\/2016\/03\/C_Koller-60x75.jpg 60w\" sizes=\"(max-width: 95px) 100vw, 95px\" \/><\/div>\n\t\t<\/figure>\n\t<\/div>\n<\/div><\/div><\/div><div class=\"wpb_column vc_column_container vc_col-sm-8\"><div class=\"vc_column-inner vc_custom_1456260465408\"><div class=\"wpb_wrapper\">\n\t<div class=\"wpb_text_column wpb_content_element\" >\n\t\t<div class=\"wpb_wrapper\">\n\t\t\t<p>Investigadora, Publicaciones, Proyectos de investigaci\u00f3n<br \/>\n<span style=\"color: #000000; font-family: Verdana, Arial, Helvetica, sans-serif; line-height: normal;\"><br \/>\n<\/span>Stellvertretende Vorsitzende (Schriftf\u00fchrerin) der Gesch\u00e4ftsstelle<br \/>\nInternationaler Fachverband, Klang-Massage-Therapie e.V.<\/p>\n<p><strong><span style=\"color: #ae9d75;\">Su socio de confianza:<\/span><\/strong><br \/>\nDra. fil. Christina M. Koller<\/p>\n\n\t\t<\/div>\n\t<\/div>\n<\/div><\/div><\/div><\/div><div class=\"vc_empty_space\"   style=\"height: 25px\"><span class=\"vc_empty_space_inner\"><\/span><\/div><div class=\"vc_row wpb_row vc_inner vc_row-fluid vc_custom_1456260504118\"><div class=\"wpb_column vc_column_container vc_col-sm-4\"><div class=\"vc_column-inner vc_custom_1456260586027\"><div class=\"wpb_wrapper\">\n\t<div  class=\"wpb_single_image wpb_content_element vc_align_left  wpb_animate_when_almost_visible wpb_appear appear vc_custom_1457975621784\">\n\t\t\n\t\t<figure class=\"wpb_wrapper vc_figure\">\n\t\t\t<div class=\"vc_single_image-wrapper   vc_box_border_grey\"><img width=\"600\" height=\"400\" src=\"https:\/\/peter-hess-institute.com\/wp-content\/uploads\/2016\/03\/U_Krause.jpg\" class=\"vc_single_image-img attachment-full\" alt=\"\" decoding=\"async\" loading=\"lazy\" srcset=\"https:\/\/peter-hess-institute.com\/wp-content\/uploads\/2016\/03\/U_Krause.jpg 600w, https:\/\/peter-hess-institute.com\/wp-content\/uploads\/2016\/03\/U_Krause-300x200.jpg 300w, https:\/\/peter-hess-institute.com\/wp-content\/uploads\/2016\/03\/U_Krause-219x146.jpg 219w, https:\/\/peter-hess-institute.com\/wp-content\/uploads\/2016\/03\/U_Krause-50x33.jpg 50w, https:\/\/peter-hess-institute.com\/wp-content\/uploads\/2016\/03\/U_Krause-113x75.jpg 113w\" sizes=\"(max-width: 600px) 100vw, 600px\" \/><\/div>\n\t\t<\/figure>\n\t<\/div>\n<\/div><\/div><\/div><div class=\"wpb_column vc_column_container vc_col-sm-8\"><div class=\"vc_column-inner vc_custom_1456260465408\"><div class=\"wpb_wrapper\">\n\t<div class=\"wpb_text_column wpb_content_element\" >\n\t\t<div class=\"wpb_wrapper\">\n\t\t\t<p>Wissenschaftlicher Mitarbeiter, Presse und \u00d6ffentlichkeitsarbeit, Fachpublikationen,<br \/>\nProyectos de investigaci\u00f3n, profesor de ense\u00f1anza superior y de la Academia de Metodolog\u00eda del Lenguaje Resonante<\/p>\n<p>Stellvertretender Vorsitzender (Kassenwart) der Gesch\u00e4ftsstelle<br \/>\nInternationaler Fachverband Klang-Massage-Therapie e.V.<\/p>\n<p><strong><span style=\"color: #ae9d75;\">Ihr Ansprechpartner:<\/span><\/strong><br \/>\nUlrich Krause<br \/>\nTel\u00e9fono: 05021-8601861<br \/>\nE-Mail: <a href=\"mailto:&#x75;&#x6c;&#x72;&#x69;&#x63;&#x68;&#x2e;&#x6b;&#x72;&#x61;&#x75;&#x73;&#x65;&#x40;&#x70;&#x65;&#x74;&#x65;&#x72;&#x2d;&#x68;&#x65;&#x73;&#x73;&#x2d;&#x69;&#x6e;&#x73;&#x74;&#x69;&#x74;&#x75;&#x74;&#x2e;&#x64;&#x65;\">ulrich.krause@<span class=\"oe_displaynone\">null<\/span>peter-hess-institut.de<\/a><\/p>\n\n\t\t<\/div>\n\t<\/div>\n<\/div><\/div><\/div><\/div><div class=\"vc_empty_space\"   style=\"height: 25px\"><span class=\"vc_empty_space_inner\"><\/span><\/div><div class=\"vc_row wpb_row vc_inner vc_row-fluid vc_custom_1456260504118\"><\/div><div class=\"wpb_column vc_column_container vc_col-sm-4\"><div class=\"vc_column-inner vc_custom_1456260586027\"><div class=\"wpb_wrapper\"><\/div><\/div><\/div>\n\t<div class=\"wpb_text_column wpb_content_element\" >\n\t\t<div class=\"wpb_wrapper\">\n\t\t\t\n\t\t<\/div>\n\t<\/div>\n<p>E-Mail:\u00a0<a href=\"mailto:&#x69;&#x6e;&#x66;&#x6f;&#x40;&#x70;&#x65;&#x74;&#x65;&#x72;&#x2d;&#x68;&#x65;&#x73;&#x73;&#x2d;&#x69;&#x6e;&#x73;&#x74;&#x69;&#x74;&#x75;&#x74;&#x2e;&#x64;&#x65;\" target=\"_blank\" rel=\"noopener\">info@<span class=\"oe_displaynone\">null<\/span>peter-hess-institut.de<\/a> - Tel\u00e9fono +49 (0) 4252-9389114<\/p>","protected":false},"excerpt":{"rendered":"<p>E-Mail:\u00a0&#x69;&#x6e;&#x66;&#x6f;&#x40;null&#x70;&#x65;&#x74;&#x65;&#x72;&#x2d;&#x68;&#x65;&#x73;&#x73;&#x2d;&#x69;&#x6e;&#x73;&#x74;&#x69;&#x74;&#x75;&#x74;&#x2e;&#x64;&#x65; \u00b7 Telefon: +49 (0) 4252-9389114<\/p>","protected":false},"author":75,"featured_media":0,"parent":0,"menu_order":0,"comment_status":"closed","ping_status":"closed","template":"","meta":{"footnotes":""},"acf":[],"_links":{"self":[{"href":"https:\/\/peter-hess-institute.com\/es\/wp-json\/wp\/v2\/pages\/25924"}],"collection":[{"href":"https:\/\/peter-hess-institute.com\/es\/wp-json\/wp\/v2\/pages"}],"about":[{"href":"https:\/\/peter-hess-institute.com\/es\/wp-json\/wp\/v2\/types\/page"}],"author":[{"embeddable":true,"href":"https:\/\/peter-hess-institute.com\/es\/wp-json\/wp\/v2\/users\/75"}],"replies":[{"embeddable":true,"href":"https:\/\/peter-hess-institute.com\/es\/wp-json\/wp\/v2\/comments?post=25924"}],"version-history":[{"count":0,"href":"https:\/\/peter-hess-institute.com\/es\/wp-json\/wp\/v2\/pages\/25924\/revisions"}],"wp:attachment":[{"href":"https:\/\/peter-hess-institute.com\/es\/wp-json\/wp\/v2\/media?parent=25924"}],"curies":[{"name":"wp","href":"https:\/\/api.w.org\/{rel}","templated":true}]}}