{"id":35305,"date":"2019-06-27T10:30:28","date_gmt":"2019-06-27T08:30:28","guid":{"rendered":"http:\/\/peter-hess-institute.com\/?page_id=35305"},"modified":"2019-07-17T10:31:30","modified_gmt":"2019-07-17T08:31:30","slug":"lage-und-anfahrt","status":"publish","type":"page","link":"https:\/\/peter-hess-institute.com\/es\/nord\/lage-und-anfahrt\/","title":{"rendered":"Seminarhaus Landsteiner M\u00fchle - Lage und Anfahrt"},"content":{"rendered":"<div class=\"vc_row wpb_row vc_row-fluid\"><div class=\"wpb_column vc_column_container vc_col-sm-12\"><div class=\"vc_column-inner\"><div class=\"wpb_wrapper\"><div class=\"vc_empty_space\"   style=\"height: 120px\"><span class=\"vc_empty_space_inner\"><\/span><\/div><\/div><\/div><\/div><\/div><div class=\"vc_row wpb_row vc_row-fluid\"><div class=\"wpb_column vc_column_container vc_col-sm-3\"><div class=\"vc_column-inner vc_custom_1456258786515\"><div class=\"wpb_wrapper\"><div class=\"vc_btn3-container  regiobutton  wpb_animate_when_almost_visible wpb_left-to-right left-to-right vc_btn3-left vc_custom_1561538018436\" ><a style=\"background-color:#efebe3; color:#ae9d75;\" class=\"vc_general vc_btn3 vc_btn3-size-md vc_btn3-shape-square vc_btn3-style-custom vc_btn3-block\" href=\"http:\/\/peter-hess-institute.com\/es\/peter-hess-institut-seminarhaus-landsteiner-muehletaunus\/\" title=\"\">Inicio<\/a><\/div><div class=\"vc_btn3-container  regiobutton  wpb_animate_when_almost_visible wpb_left-to-right left-to-right vc_btn3-left vc_custom_1561538053131\" ><a style=\"background-color:#efebe3; color:#ae9d75;\" class=\"vc_general vc_btn3 vc_btn3-size-md vc_btn3-shape-square vc_btn3-style-custom vc_btn3-block\" href=\"http:\/\/peter-hess-institute.com\/es\/peter-hess-institut-seminarhaus-landsteiner-muehletaunus-2\/\" title=\"\">La Casa del Seminario<\/a><\/div><div class=\"vc_btn3-container  regiobutton  wpb_animate_when_almost_visible wpb_left-to-right left-to-right vc_btn3-left vc_custom_1561622016045\" ><a style=\"background-color:#efebe3; color:#ae9d75;\" class=\"vc_general vc_btn3 vc_btn3-size-md vc_btn3-shape-square vc_btn3-style-custom vc_btn3-block\" href=\"http:\/\/peter-hess-institute.com\/es\/nord\/klangmassage-methoden-2\/\" title=\"\">Tienda Peter Hess<\/a><\/div><div class=\"vc_btn3-container  regiobutton  wpb_animate_when_almost_visible wpb_left-to-right left-to-right vc_btn3-left vc_custom_1551168209823\" ><a style=\"background-color:#efebe3; color:#ae9d75;\" class=\"vc_general vc_btn3 vc_btn3-size-md vc_btn3-shape-square vc_btn3-style-custom vc_btn3-block\" href=\"http:\/\/peter-hess-institute.com\/es\/?page_id=15318&#038;preview=true\" title=\"\">Veranstaltungskalender <\/a><\/div><div class=\"vc_btn3-container  regiobutton  wpb_animate_when_almost_visible wpb_left-to-right left-to-right vc_btn3-left vc_custom_1561623618549\" ><a style=\"background-color:#efebe3; color:#ae9d75;\" class=\"vc_general vc_btn3 vc_btn3-size-md vc_btn3-shape-square vc_btn3-style-custom vc_btn3-block\" href=\"http:\/\/peter-hess-institute.com\/es\/nord\/klang-und-seminarangebote-in-der-landsteiner-muehle-2\/\" title=\"\">Seminarios de la A a la Z<\/a><\/div><div class=\"vc_btn3-container  regiobutton  wpb_animate_when_almost_visible wpb_left-to-right left-to-right vc_btn3-left vc_custom_1561707354254\" ><a style=\"background-color:#efebe3; color:#ae9d75;\" class=\"vc_general vc_btn3 vc_btn3-size-md vc_btn3-shape-square vc_btn3-style-custom vc_btn3-block\" href=\"http:\/\/peter-hess-institute.com\/es\/nord\/klang-und-seminarangebote-in-der-landsteiner-muehle\/\" title=\"\">Informaci\u00f3n para los socios<\/a><\/div><div class=\"vc_btn3-container  regiobutton  wpb_animate_when_almost_visible wpb_left-to-right left-to-right vc_btn3-left vc_custom_1562849701002\" ><a style=\"background-color:#efebe3; color:#ae9d75;\" class=\"vc_general vc_btn3 vc_btn3-size-md vc_btn3-shape-square vc_btn3-style-custom vc_btn3-block\" href=\"http:\/\/peter-hess-institute.com\/es\/seminarhaus-landsteiner-muehle-zimmerbuchung-im-haus-externe-uebernachtungs-moeglichkeiten\/\" title=\"\">Zimmerbuchung<\/a><\/div><div class=\"vc_btn3-container  regiobutton  wpb_animate_when_almost_visible wpb_left-to-right left-to-right vc_btn3-left vc_custom_1563189760610\" ><a style=\"background-color:#efebe3; color:#ae9d75;\" class=\"vc_general vc_btn3 vc_btn3-size-md vc_btn3-shape-square vc_btn3-style-custom vc_btn3-block\" href=\"http:\/\/peter-hess-institute.com\/es\/seminarhaus-landsteiner-muehle-seminarverpflegung\/\" title=\"\">Seminarverpflegung<\/a><\/div><div class=\"vc_btn3-container  regiobutton  wpb_animate_when_almost_visible wpb_left-to-right left-to-right vc_btn3-left vc_custom_1561624137129\" ><a style=\"background-color:#a1c0ca; color:#ffffff;\" class=\"vc_general vc_btn3 vc_btn3-size-md vc_btn3-shape-square vc_btn3-style-custom vc_btn3-block\" href=\"http:\/\/peter-hess-institute.com\/es\/nord\/klang-und-seminarangebote-in-der-landsteiner-muehle\/\" title=\"\">Ubicaci\u00f3n y destino<\/a><\/div><div class=\"vc_btn3-container  regiobutton  wpb_animate_when_almost_visible wpb_left-to-right left-to-right vc_btn3-left vc_custom_1562844348555\" ><a style=\"background-color:#efebe3; color:#ae9d75;\" class=\"vc_general vc_btn3 vc_btn3-size-md vc_btn3-shape-square vc_btn3-style-custom vc_btn3-block\" href=\"http:\/\/peter-hess-institute.com\/es\/seminarhaus-landsteiner-muehle-flyer\/\" title=\"\">Folleto<\/a><\/div><div class=\"vc_btn3-container  regiobutton  wpb_animate_when_almost_visible wpb_left-to-right left-to-right vc_btn3-left vc_custom_1555928635382\" ><a style=\"background-color:#efebe3; color:#ae9d75;\" class=\"vc_general vc_btn3 vc_btn3-size-md vc_btn3-shape-square vc_btn3-style-custom vc_btn3-block\" href=\"http:\/\/peter-hess-institute.com\/es\/kontakt-peter-hess-institut-landsteiner-muehletaunus\/\" title=\"\">Kontakt<\/a><\/div><div class=\"vc_empty_space\"   style=\"height: 32px\"><span class=\"vc_empty_space_inner\"><\/span><\/div><\/div><\/div><\/div><div class=\"wpb_column vc_column_container vc_col-sm-1\"><div class=\"vc_column-inner\"><div class=\"wpb_wrapper\"><\/div><\/div><\/div><div class=\"wpb_column vc_column_container vc_col-sm-8\"><div class=\"vc_column-inner\"><div class=\"wpb_wrapper\">\n\t<div class=\"wpb_text_column wpb_content_element\" >\n\t\t<div class=\"wpb_wrapper\">\n\t\t\t<h2 style=\"text-align: left;\">Lage &amp; Anfahrt<\/h2>\n\n\t\t<\/div>\n\t<\/div>\n\n\t<div class=\"wpb_text_column wpb_content_element\" >\n\t\t<div class=\"wpb_wrapper\">\n\t\t\t<p>La casa de seminarios se encuentra en el Taunus, un macizo monta\u00f1oso de la cuenca del Rin-Meno. El Taunus es un entorno natural de gran valor paisaj\u00edstico situado cerca de Fr\u00e1ncfort, al que se puede llegar en menos de media hora.<\/p>\n\n\t\t<\/div>\n\t<\/div>\n<div class=\"wpb_gmaps_widget wpb_content_element\"><div class=\"wpb_wrapper\"><div class=\"wpb_map_wraper\"><iframe src=\"https:\/\/www.google.com\/maps\/embed?pb=!1m18!1m12!1m3!1d2548.906488272939!2d8.412591315836892!3d50.29367340652985!2m3!1f0!2f0!3f0!3m2!1i1024!2i768!4f13.1!3m3!1m2!1s0x47bdadfda42fc665%3A0x72f1e6492b47e33a!2sLandsteiner+Str.+1%2C+61276+Weilrod!5e0!3m2!1sde!2sde!4v1562577381572!5m2!1sde!2sde\" width=\"600\" height=\"450\" frameborder=\"0\" style=\"border:0\" allowfullscreen><\/iframe><\/div><\/div><\/div>\n\t<div class=\"wpb_text_column wpb_content_element\" >\n\t\t<div class=\"wpb_wrapper\">\n\t\t\t<div>\n<div>\n<p>Mit dem Auto ist die Landsteiner M\u00fchle gut zu erreichen.<br \/>\nNavi Adresse:<br \/>\nLandstein 1<br \/>\n61276 Weilrod<\/p>\n<\/div>\n<\/div>\n<div>\n<div>\n<p>Desde la A3 se llega a la carretera B275 entre Riedelbach y Altweilnau.<br \/>\nVon der A5 kommend an der B275 hinter Usingen - Merzhausen.<br \/>\nVon S\u00fcden kommend die A 661 bis zum Ende Oberursel dann rechts abfahren auf die L3004 Richtung Schmitten, durch Brombach Richtung Altweilnau. Die M\u00fchle liegt vor Altweilnau links.<\/p>\n<p>Hemos preparado un PDF para su consulta sobre los transportes p\u00fablicos.<\/p>\n<\/div>\n<\/div>\n<div>\n<div>\n<p>Si viaja en tren, la conexi\u00f3n m\u00e1s r\u00e1pida es la que une la estaci\u00f3n superior de Frankfurt con la estaci\u00f3n central.<br \/>\nS - Bahn (S5) nach Oberursel\/Bahnhof (ca.17 min.).<br \/>\nDesde aqu\u00ed podemos, previa solicitud por correo electr\u00f3nico (<span style=\"color: #993300;\"><a style=\"color: #993300;\" href=\"mailto:&#x6c;&#x61;&#x6e;&#x64;&#x73;&#x74;&#x65;&#x69;&#x6e;&#x65;&#x72;&#x6d;&#x75;&#x65;&#x68;&#x6c;&#x65;&#x40;&#x70;&#x65;&#x74;&#x65;&#x72;&#x2d;&#x68;&#x65;&#x73;&#x73;&#x2d;&#x49;&#x6e;&#x73;&#x74;&#x69;&#x74;&#x75;&#x74;&#x2e;&#x64;&#x65;\">landsteinermuehle@<span class=\"oe_displaynone\">null<\/span>peter-hess-Institut.de<\/a><\/span>), ein Abholservice organisieren (Kosten 25,- \u20ac pro Fahrzeug max. 4 Fahrg\u00e4ste).<br \/>\nUna hora y media despu\u00e9s del comienzo del seminario, se enviar\u00e1 a las personas inscritas a la estaci\u00f3n de Oberursel.<br \/>\nPara el viaje de regreso, el seminario ofrece en la mayor\u00eda de los casos una gu\u00eda de viaje. Sin embargo, es necesario que esta informaci\u00f3n se actualice peri\u00f3dicamente (aunque no siempre que sea necesario).<\/p>\n<\/div>\n<\/div>\n\n\t\t<\/div>\n\t<\/div>\n<\/div><\/div><\/div><\/div>","protected":false},"excerpt":{"rendered":"StartDas SeminarhausPeter Hess ShopVeranstaltungskalender Seminare von A bis ZInfos f\u00fcr TeilnehmerZimmerbuchungSeminarverpflegungLage und AnfahrtFlyerKontakt Lage &amp; Anfahrt Das Seminarhaus liegt im Taunus, ein Mittelgebirge im Rhein Main Gebiet. Der Taunus ist ein Waldreiches Naherholungsgebiet von Frankfurt und von dort innerhalb einer<span class=\"excerpt-hellip\"> [\u2026]<\/span>","protected":false},"author":1013,"featured_media":0,"parent":3188,"menu_order":0,"comment_status":"closed","ping_status":"closed","template":"","meta":{"footnotes":""},"acf":[],"_links":{"self":[{"href":"https:\/\/peter-hess-institute.com\/es\/wp-json\/wp\/v2\/pages\/35305"}],"collection":[{"href":"https:\/\/peter-hess-institute.com\/es\/wp-json\/wp\/v2\/pages"}],"about":[{"href":"https:\/\/peter-hess-institute.com\/es\/wp-json\/wp\/v2\/types\/page"}],"author":[{"embeddable":true,"href":"https:\/\/peter-hess-institute.com\/es\/wp-json\/wp\/v2\/users\/1013"}],"replies":[{"embeddable":true,"href":"https:\/\/peter-hess-institute.com\/es\/wp-json\/wp\/v2\/comments?post=35305"}],"version-history":[{"count":0,"href":"https:\/\/peter-hess-institute.com\/es\/wp-json\/wp\/v2\/pages\/35305\/revisions"}],"up":[{"embeddable":true,"href":"https:\/\/peter-hess-institute.com\/es\/wp-json\/wp\/v2\/pages\/3188"}],"wp:attachment":[{"href":"https:\/\/peter-hess-institute.com\/es\/wp-json\/wp\/v2\/media?parent=35305"}],"curies":[{"name":"wp","href":"https:\/\/api.w.org\/{rel}","templated":true}]}}