{"id":35837,"date":"2019-07-18T11:33:08","date_gmt":"2019-07-18T09:33:08","guid":{"rendered":"http:\/\/peter-hess-institute.com\/?page_id=35837"},"modified":"2025-02-11T11:09:42","modified_gmt":"2025-02-11T10:09:42","slug":"seminarhaus-landsteiner-muehle-das-seminarhaus","status":"publish","type":"page","link":"https:\/\/peter-hess-institute.com\/es\/seminarhouse-landsteiner-muehle-taunus\/seminarhaus-landsteiner-muehle-das-seminarhaus\/","title":{"rendered":"Seminarhaus Landsteiner M\u00fchle \u2013 La Casa de Seminarios"},"content":{"rendered":"<div class=\"vc_row wpb_row vc_row-fluid\"><div class=\"wpb_column vc_column_container vc_col-sm-12\"><div class=\"vc_column-inner\"><div class=\"wpb_wrapper\"><div class=\"vc_empty_space\"   style=\"height: 120px\"><span class=\"vc_empty_space_inner\"><\/span><\/div><\/div><\/div><\/div><\/div><div class=\"vc_row wpb_row vc_row-fluid\"><div class=\"wpb_column vc_column_container vc_col-sm-3\"><div class=\"vc_column-inner vc_custom_1456258786515\"><div class=\"wpb_wrapper\"><div  class=\"vc_wp_custommenu wpb_content_element content-menu-blau\"><\/div><\/div><\/div><\/div><div class=\"wpb_column vc_column_container vc_col-sm-8\"><div class=\"vc_column-inner\"><div class=\"wpb_wrapper\">\n\t<div class=\"wpb_text_column wpb_content_element \" >\n\t\t<div class=\"wpb_wrapper\">\n\t\t\t<h2>Das neue Seminarhaus des Peter Hess\u00ae Instituts im Taunus<\/h2>\n\n\t\t<\/div>\n\t<\/div>\n<div class=\"vc_empty_space\"   style=\"height: 32px\"><span class=\"vc_empty_space_inner\"><\/span><\/div>\n\t<div class=\"wpb_text_column wpb_content_element \" >\n\t\t<div class=\"wpb_wrapper\">\n\t\t\t<p>Im schmucken Fachwerkgeb\u00e4ude, das jahrhundertlang eine Mahlm\u00fchle barg, l\u00e4sst sich im Inneren noch gut das uralte m\u00e4chtige Geb\u00e4lk erkennen. Die Landsteiner M\u00fchle blickt auf eine \u00fcber 500 Jahre alte ereignisreiche Geschichte zur\u00fcck. Erstmalig belegt durch eine Urkunde von Gottfried IX. von Eppstein vom 21. Juni 1500.<br \/>\nNicole &amp; Matthias Herkert haben die M\u00fchle Anfang 2019 gekauft und umfangreich renoviert. Es sind Seminarr\u00e4ume entstanden, die mit Fu\u00dfbodenheizung ausgestattet \u00a0und im Stil der M\u00fchle hergerichtet\u00a0wurden. Der Gro\u00dfe Seminarraum,<br \/>\neine offene Wohnk\u00fcche, ein Klangmassage-Behandlungsraum, Toiletten, eine Ecke zum Ruhen oder f\u00fcr Gespr\u00e4che und ein offener Essensraum sind im Erdgeschoss entstanden. Im Obergeschoss befindet sich der zweite Seminarraum, die Verkaufsr\u00e4ume inkl. Gong-Raum, Toilette, 11 Einzel- und 2 Doppelzimmer (alle mit einem eigenen Bad) sind Mitte 2019 fertig gestellt worden.<br \/>\nAuch vor der M\u00fchle, im herrlichen Au\u00dfenbereich, gibt es die M\u00f6glichkeit die Mahlzeiten einzunehmen.<br \/>\nEine gro\u00dfe Wiese mit Loungem\u00f6beln l\u00e4dt bei sch\u00f6nem Wetter zum entspannen ein.<br \/>\nOder man lauscht dem Pl\u00e4tschern des nahegelegenen\u00a0Baches.<\/p>\n<p>Schauen Sie doch auch mal auf unserer Internetseite vorbei <a href=\"https:\/\/peter-hess-muehle.de\" target=\"_blank\" rel=\"noopener\">www.peter-hess-muehle.de<\/a><\/p>\n\n\t\t<\/div>\n\t<\/div>\n<div class=\"vc_empty_space\"   style=\"height: 32px\"><span class=\"vc_empty_space_inner\"><\/span><\/div><div class=\"wpb_gallery wpb_content_element vc_clearfix\" ><div class=\"wpb_wrapper\"><div class=\"wpb_gallery_slides wpb_flexslider flexslider_fade flexslider\" data-interval=\"3\" data-flex_fx=\"fade\"><ul class=\"slides\"><li><a class=\"prettyphoto\" href=\"https:\/\/peter-hess-institute.com\/wp-content\/uploads\/2019\/02\/Seminarhaus_Landsteiner_Mu\u0308hleTaunus_2-1024x768.jpeg\" data-rel=\"prettyPhoto[rel-35837-2774357600]\"><img width=\"300\" height=\"225\" src=\"https:\/\/peter-hess-institute.com\/wp-content\/uploads\/2019\/02\/Seminarhaus_Landsteiner_Mu\u0308hleTaunus_2-300x225.jpeg\" class=\"attachment-medium\" alt=\"\" decoding=\"async\" loading=\"lazy\" srcset=\"https:\/\/peter-hess-institute.com\/wp-content\/uploads\/2019\/02\/Seminarhaus_Landsteiner_Mu\u0308hleTaunus_2-300x225.jpeg 300w, https:\/\/peter-hess-institute.com\/wp-content\/uploads\/2019\/02\/Seminarhaus_Landsteiner_Mu\u0308hleTaunus_2-768x576.jpeg 768w, https:\/\/peter-hess-institute.com\/wp-content\/uploads\/2019\/02\/Seminarhaus_Landsteiner_Mu\u0308hleTaunus_2-1024x768.jpeg 1024w, https:\/\/peter-hess-institute.com\/wp-content\/uploads\/2019\/02\/Seminarhaus_Landsteiner_Mu\u0308hleTaunus_2-800x600.jpeg 800w, https:\/\/peter-hess-institute.com\/wp-content\/uploads\/2019\/02\/Seminarhaus_Landsteiner_Mu\u0308hleTaunus_2-195x146.jpeg 195w, https:\/\/peter-hess-institute.com\/wp-content\/uploads\/2019\/02\/Seminarhaus_Landsteiner_Mu\u0308hleTaunus_2-50x38.jpeg 50w, https:\/\/peter-hess-institute.com\/wp-content\/uploads\/2019\/02\/Seminarhaus_Landsteiner_Mu\u0308hleTaunus_2-100x75.jpeg 100w, https:\/\/peter-hess-institute.com\/wp-content\/uploads\/2019\/02\/Seminarhaus_Landsteiner_Mu\u0308hleTaunus_2-e1552582096522.jpeg 1137w\" sizes=\"(max-width: 300px) 100vw, 300px\" \/><\/a><\/li><li><a class=\"prettyphoto\" href=\"https:\/\/peter-hess-institute.com\/wp-content\/uploads\/2019\/02\/Seminarhaus_Landsteiner_Mu\u0308hleTaunus_1-1024x768.jpeg\" data-rel=\"prettyPhoto[rel-35837-2774357600]\"><img width=\"300\" height=\"225\" src=\"https:\/\/peter-hess-institute.com\/wp-content\/uploads\/2019\/02\/Seminarhaus_Landsteiner_Mu\u0308hleTaunus_1-300x225.jpeg\" class=\"attachment-medium\" alt=\"\" decoding=\"async\" loading=\"lazy\" srcset=\"https:\/\/peter-hess-institute.com\/wp-content\/uploads\/2019\/02\/Seminarhaus_Landsteiner_Mu\u0308hleTaunus_1-300x225.jpeg 300w, https:\/\/peter-hess-institute.com\/wp-content\/uploads\/2019\/02\/Seminarhaus_Landsteiner_Mu\u0308hleTaunus_1-768x576.jpeg 768w, https:\/\/peter-hess-institute.com\/wp-content\/uploads\/2019\/02\/Seminarhaus_Landsteiner_Mu\u0308hleTaunus_1-1024x768.jpeg 1024w, https:\/\/peter-hess-institute.com\/wp-content\/uploads\/2019\/02\/Seminarhaus_Landsteiner_Mu\u0308hleTaunus_1-800x600.jpeg 800w, https:\/\/peter-hess-institute.com\/wp-content\/uploads\/2019\/02\/Seminarhaus_Landsteiner_Mu\u0308hleTaunus_1-195x146.jpeg 195w, https:\/\/peter-hess-institute.com\/wp-content\/uploads\/2019\/02\/Seminarhaus_Landsteiner_Mu\u0308hleTaunus_1-50x38.jpeg 50w, https:\/\/peter-hess-institute.com\/wp-content\/uploads\/2019\/02\/Seminarhaus_Landsteiner_Mu\u0308hleTaunus_1-100x75.jpeg 100w, https:\/\/peter-hess-institute.com\/wp-content\/uploads\/2019\/02\/Seminarhaus_Landsteiner_Mu\u0308hleTaunus_1-e1552582126893.jpeg 1137w\" sizes=\"(max-width: 300px) 100vw, 300px\" \/><\/a><\/li><li><a class=\"prettyphoto\" href=\"https:\/\/peter-hess-institute.com\/wp-content\/uploads\/2019\/03\/PHI_Taunus_13-1024x682.jpg\" data-rel=\"prettyPhoto[rel-35837-2774357600]\"><img width=\"300\" height=\"200\" src=\"https:\/\/peter-hess-institute.com\/wp-content\/uploads\/2019\/03\/PHI_Taunus_13-300x200.jpg\" class=\"attachment-medium\" alt=\"\" decoding=\"async\" loading=\"lazy\" srcset=\"https:\/\/peter-hess-institute.com\/wp-content\/uploads\/2019\/03\/PHI_Taunus_13-300x200.jpg 300w, https:\/\/peter-hess-institute.com\/wp-content\/uploads\/2019\/03\/PHI_Taunus_13-800x533.jpg 800w, https:\/\/peter-hess-institute.com\/wp-content\/uploads\/2019\/03\/PHI_Taunus_13-768x512.jpg 768w, https:\/\/peter-hess-institute.com\/wp-content\/uploads\/2019\/03\/PHI_Taunus_13-1024x682.jpg 1024w, https:\/\/peter-hess-institute.com\/wp-content\/uploads\/2019\/03\/PHI_Taunus_13-219x146.jpg 219w, https:\/\/peter-hess-institute.com\/wp-content\/uploads\/2019\/03\/PHI_Taunus_13-50x33.jpg 50w, https:\/\/peter-hess-institute.com\/wp-content\/uploads\/2019\/03\/PHI_Taunus_13-113x75.jpg 113w, https:\/\/peter-hess-institute.com\/wp-content\/uploads\/2019\/03\/PHI_Taunus_13.jpg 1280w\" sizes=\"(max-width: 300px) 100vw, 300px\" \/><\/a><\/li><li><a class=\"prettyphoto\" href=\"https:\/\/peter-hess-institute.com\/wp-content\/uploads\/2019\/03\/PHI_Taunus_2-1024x682.jpg\" data-rel=\"prettyPhoto[rel-35837-2774357600]\"><img width=\"300\" height=\"200\" src=\"https:\/\/peter-hess-institute.com\/wp-content\/uploads\/2019\/03\/PHI_Taunus_2-300x200.jpg\" class=\"attachment-medium\" alt=\"\" decoding=\"async\" loading=\"lazy\" srcset=\"https:\/\/peter-hess-institute.com\/wp-content\/uploads\/2019\/03\/PHI_Taunus_2-300x200.jpg 300w, https:\/\/peter-hess-institute.com\/wp-content\/uploads\/2019\/03\/PHI_Taunus_2-800x533.jpg 800w, https:\/\/peter-hess-institute.com\/wp-content\/uploads\/2019\/03\/PHI_Taunus_2-768x512.jpg 768w, https:\/\/peter-hess-institute.com\/wp-content\/uploads\/2019\/03\/PHI_Taunus_2-1024x682.jpg 1024w, https:\/\/peter-hess-institute.com\/wp-content\/uploads\/2019\/03\/PHI_Taunus_2-219x146.jpg 219w, https:\/\/peter-hess-institute.com\/wp-content\/uploads\/2019\/03\/PHI_Taunus_2-50x33.jpg 50w, https:\/\/peter-hess-institute.com\/wp-content\/uploads\/2019\/03\/PHI_Taunus_2-113x75.jpg 113w, https:\/\/peter-hess-institute.com\/wp-content\/uploads\/2019\/03\/PHI_Taunus_2.jpg 1280w\" sizes=\"(max-width: 300px) 100vw, 300px\" \/><\/a><\/li><li><a class=\"prettyphoto\" href=\"https:\/\/peter-hess-institute.com\/wp-content\/uploads\/2019\/03\/PHI_Taunus_3-1024x682.jpg\" data-rel=\"prettyPhoto[rel-35837-2774357600]\"><img width=\"300\" height=\"200\" src=\"https:\/\/peter-hess-institute.com\/wp-content\/uploads\/2019\/03\/PHI_Taunus_3-300x200.jpg\" class=\"attachment-medium\" alt=\"\" decoding=\"async\" loading=\"lazy\" srcset=\"https:\/\/peter-hess-institute.com\/wp-content\/uploads\/2019\/03\/PHI_Taunus_3-300x200.jpg 300w, https:\/\/peter-hess-institute.com\/wp-content\/uploads\/2019\/03\/PHI_Taunus_3-800x533.jpg 800w, https:\/\/peter-hess-institute.com\/wp-content\/uploads\/2019\/03\/PHI_Taunus_3-768x512.jpg 768w, https:\/\/peter-hess-institute.com\/wp-content\/uploads\/2019\/03\/PHI_Taunus_3-1024x682.jpg 1024w, https:\/\/peter-hess-institute.com\/wp-content\/uploads\/2019\/03\/PHI_Taunus_3-219x146.jpg 219w, https:\/\/peter-hess-institute.com\/wp-content\/uploads\/2019\/03\/PHI_Taunus_3-50x33.jpg 50w, https:\/\/peter-hess-institute.com\/wp-content\/uploads\/2019\/03\/PHI_Taunus_3-113x75.jpg 113w, https:\/\/peter-hess-institute.com\/wp-content\/uploads\/2019\/03\/PHI_Taunus_3.jpg 1280w\" sizes=\"(max-width: 300px) 100vw, 300px\" \/><\/a><\/li><li><a class=\"prettyphoto\" href=\"https:\/\/peter-hess-institute.com\/wp-content\/uploads\/2019\/03\/PHI_Taunus_5-1024x682.jpg\" data-rel=\"prettyPhoto[rel-35837-2774357600]\"><img width=\"300\" height=\"200\" src=\"https:\/\/peter-hess-institute.com\/wp-content\/uploads\/2019\/03\/PHI_Taunus_5-300x200.jpg\" class=\"attachment-medium\" alt=\"\" decoding=\"async\" loading=\"lazy\" srcset=\"https:\/\/peter-hess-institute.com\/wp-content\/uploads\/2019\/03\/PHI_Taunus_5-300x200.jpg 300w, https:\/\/peter-hess-institute.com\/wp-content\/uploads\/2019\/03\/PHI_Taunus_5-800x533.jpg 800w, https:\/\/peter-hess-institute.com\/wp-content\/uploads\/2019\/03\/PHI_Taunus_5-768x512.jpg 768w, https:\/\/peter-hess-institute.com\/wp-content\/uploads\/2019\/03\/PHI_Taunus_5-1024x682.jpg 1024w, https:\/\/peter-hess-institute.com\/wp-content\/uploads\/2019\/03\/PHI_Taunus_5-219x146.jpg 219w, https:\/\/peter-hess-institute.com\/wp-content\/uploads\/2019\/03\/PHI_Taunus_5-50x33.jpg 50w, https:\/\/peter-hess-institute.com\/wp-content\/uploads\/2019\/03\/PHI_Taunus_5-113x75.jpg 113w, https:\/\/peter-hess-institute.com\/wp-content\/uploads\/2019\/03\/PHI_Taunus_5.jpg 1280w\" sizes=\"(max-width: 300px) 100vw, 300px\" \/><\/a><\/li><li><a class=\"prettyphoto\" href=\"https:\/\/peter-hess-institute.com\/wp-content\/uploads\/2019\/03\/PHI_Taunus_4-1024x682.jpg\" data-rel=\"prettyPhoto[rel-35837-2774357600]\"><img width=\"300\" height=\"200\" src=\"https:\/\/peter-hess-institute.com\/wp-content\/uploads\/2019\/03\/PHI_Taunus_4-300x200.jpg\" class=\"attachment-medium\" alt=\"\" decoding=\"async\" loading=\"lazy\" srcset=\"https:\/\/peter-hess-institute.com\/wp-content\/uploads\/2019\/03\/PHI_Taunus_4-300x200.jpg 300w, https:\/\/peter-hess-institute.com\/wp-content\/uploads\/2019\/03\/PHI_Taunus_4-800x533.jpg 800w, https:\/\/peter-hess-institute.com\/wp-content\/uploads\/2019\/03\/PHI_Taunus_4-768x512.jpg 768w, https:\/\/peter-hess-institute.com\/wp-content\/uploads\/2019\/03\/PHI_Taunus_4-1024x682.jpg 1024w, https:\/\/peter-hess-institute.com\/wp-content\/uploads\/2019\/03\/PHI_Taunus_4-219x146.jpg 219w, https:\/\/peter-hess-institute.com\/wp-content\/uploads\/2019\/03\/PHI_Taunus_4-50x33.jpg 50w, https:\/\/peter-hess-institute.com\/wp-content\/uploads\/2019\/03\/PHI_Taunus_4-113x75.jpg 113w, https:\/\/peter-hess-institute.com\/wp-content\/uploads\/2019\/03\/PHI_Taunus_4.jpg 1280w\" sizes=\"(max-width: 300px) 100vw, 300px\" \/><\/a><\/li><li><a class=\"prettyphoto\" href=\"https:\/\/peter-hess-institute.com\/wp-content\/uploads\/2019\/03\/PHI_Taunus_1-1024x682.jpg\" data-rel=\"prettyPhoto[rel-35837-2774357600]\"><img width=\"300\" height=\"200\" src=\"https:\/\/peter-hess-institute.com\/wp-content\/uploads\/2019\/03\/PHI_Taunus_1-300x200.jpg\" class=\"attachment-medium\" alt=\"\" decoding=\"async\" loading=\"lazy\" srcset=\"https:\/\/peter-hess-institute.com\/wp-content\/uploads\/2019\/03\/PHI_Taunus_1-300x200.jpg 300w, https:\/\/peter-hess-institute.com\/wp-content\/uploads\/2019\/03\/PHI_Taunus_1-800x533.jpg 800w, https:\/\/peter-hess-institute.com\/wp-content\/uploads\/2019\/03\/PHI_Taunus_1-768x512.jpg 768w, https:\/\/peter-hess-institute.com\/wp-content\/uploads\/2019\/03\/PHI_Taunus_1-1024x682.jpg 1024w, https:\/\/peter-hess-institute.com\/wp-content\/uploads\/2019\/03\/PHI_Taunus_1-219x146.jpg 219w, https:\/\/peter-hess-institute.com\/wp-content\/uploads\/2019\/03\/PHI_Taunus_1-50x33.jpg 50w, https:\/\/peter-hess-institute.com\/wp-content\/uploads\/2019\/03\/PHI_Taunus_1-113x75.jpg 113w, https:\/\/peter-hess-institute.com\/wp-content\/uploads\/2019\/03\/PHI_Taunus_1.jpg 1280w\" sizes=\"(max-width: 300px) 100vw, 300px\" \/><\/a><\/li><li><a class=\"prettyphoto\" href=\"https:\/\/peter-hess-institute.com\/wp-content\/uploads\/2019\/03\/PHI_Taunus_19-1024x682.jpg\" data-rel=\"prettyPhoto[rel-35837-2774357600]\"><img width=\"300\" height=\"200\" src=\"https:\/\/peter-hess-institute.com\/wp-content\/uploads\/2019\/03\/PHI_Taunus_19-300x200.jpg\" class=\"attachment-medium\" alt=\"\" decoding=\"async\" loading=\"lazy\" srcset=\"https:\/\/peter-hess-institute.com\/wp-content\/uploads\/2019\/03\/PHI_Taunus_19-300x200.jpg 300w, https:\/\/peter-hess-institute.com\/wp-content\/uploads\/2019\/03\/PHI_Taunus_19-800x533.jpg 800w, https:\/\/peter-hess-institute.com\/wp-content\/uploads\/2019\/03\/PHI_Taunus_19-768x512.jpg 768w, https:\/\/peter-hess-institute.com\/wp-content\/uploads\/2019\/03\/PHI_Taunus_19-1024x682.jpg 1024w, https:\/\/peter-hess-institute.com\/wp-content\/uploads\/2019\/03\/PHI_Taunus_19-219x146.jpg 219w, https:\/\/peter-hess-institute.com\/wp-content\/uploads\/2019\/03\/PHI_Taunus_19-50x33.jpg 50w, https:\/\/peter-hess-institute.com\/wp-content\/uploads\/2019\/03\/PHI_Taunus_19-113x75.jpg 113w, https:\/\/peter-hess-institute.com\/wp-content\/uploads\/2019\/03\/PHI_Taunus_19.jpg 1280w\" sizes=\"(max-width: 300px) 100vw, 300px\" \/><\/a><\/li><li><a class=\"prettyphoto\" href=\"https:\/\/peter-hess-institute.com\/wp-content\/uploads\/2019\/03\/PHI_Taunus_18-1024x682.jpg\" data-rel=\"prettyPhoto[rel-35837-2774357600]\"><img width=\"300\" height=\"200\" src=\"https:\/\/peter-hess-institute.com\/wp-content\/uploads\/2019\/03\/PHI_Taunus_18-300x200.jpg\" class=\"attachment-medium\" alt=\"\" decoding=\"async\" loading=\"lazy\" srcset=\"https:\/\/peter-hess-institute.com\/wp-content\/uploads\/2019\/03\/PHI_Taunus_18-300x200.jpg 300w, https:\/\/peter-hess-institute.com\/wp-content\/uploads\/2019\/03\/PHI_Taunus_18-800x533.jpg 800w, https:\/\/peter-hess-institute.com\/wp-content\/uploads\/2019\/03\/PHI_Taunus_18-768x512.jpg 768w, https:\/\/peter-hess-institute.com\/wp-content\/uploads\/2019\/03\/PHI_Taunus_18-1024x682.jpg 1024w, https:\/\/peter-hess-institute.com\/wp-content\/uploads\/2019\/03\/PHI_Taunus_18-219x146.jpg 219w, https:\/\/peter-hess-institute.com\/wp-content\/uploads\/2019\/03\/PHI_Taunus_18-50x33.jpg 50w, https:\/\/peter-hess-institute.com\/wp-content\/uploads\/2019\/03\/PHI_Taunus_18-113x75.jpg 113w, https:\/\/peter-hess-institute.com\/wp-content\/uploads\/2019\/03\/PHI_Taunus_18.jpg 1280w\" sizes=\"(max-width: 300px) 100vw, 300px\" \/><\/a><\/li><li><a class=\"prettyphoto\" href=\"https:\/\/peter-hess-institute.com\/wp-content\/uploads\/2019\/03\/PHI_Taunus_7.jpg\" data-rel=\"prettyPhoto[rel-35837-2774357600]\"><img width=\"200\" height=\"300\" src=\"https:\/\/peter-hess-institute.com\/wp-content\/uploads\/2019\/03\/PHI_Taunus_7-200x300.jpg\" class=\"attachment-medium\" alt=\"\" decoding=\"async\" loading=\"lazy\" srcset=\"https:\/\/peter-hess-institute.com\/wp-content\/uploads\/2019\/03\/PHI_Taunus_7-200x300.jpg 200w, https:\/\/peter-hess-institute.com\/wp-content\/uploads\/2019\/03\/PHI_Taunus_7-433x650.jpg 433w, https:\/\/peter-hess-institute.com\/wp-content\/uploads\/2019\/03\/PHI_Taunus_7-97x146.jpg 97w, https:\/\/peter-hess-institute.com\/wp-content\/uploads\/2019\/03\/PHI_Taunus_7-33x50.jpg 33w, https:\/\/peter-hess-institute.com\/wp-content\/uploads\/2019\/03\/PHI_Taunus_7-50x75.jpg 50w, https:\/\/peter-hess-institute.com\/wp-content\/uploads\/2019\/03\/PHI_Taunus_7.jpg 568w\" sizes=\"(max-width: 200px) 100vw, 200px\" \/><\/a><\/li><li><a class=\"prettyphoto\" href=\"https:\/\/peter-hess-institute.com\/wp-content\/uploads\/2019\/03\/PHI_Taunus_8-1-1024x682.jpg\" data-rel=\"prettyPhoto[rel-35837-2774357600]\"><img width=\"300\" height=\"200\" src=\"https:\/\/peter-hess-institute.com\/wp-content\/uploads\/2019\/03\/PHI_Taunus_8-1-300x200.jpg\" class=\"attachment-medium\" alt=\"\" decoding=\"async\" loading=\"lazy\" srcset=\"https:\/\/peter-hess-institute.com\/wp-content\/uploads\/2019\/03\/PHI_Taunus_8-1-300x200.jpg 300w, https:\/\/peter-hess-institute.com\/wp-content\/uploads\/2019\/03\/PHI_Taunus_8-1-800x533.jpg 800w, https:\/\/peter-hess-institute.com\/wp-content\/uploads\/2019\/03\/PHI_Taunus_8-1-768x512.jpg 768w, https:\/\/peter-hess-institute.com\/wp-content\/uploads\/2019\/03\/PHI_Taunus_8-1-1024x682.jpg 1024w, https:\/\/peter-hess-institute.com\/wp-content\/uploads\/2019\/03\/PHI_Taunus_8-1-219x146.jpg 219w, https:\/\/peter-hess-institute.com\/wp-content\/uploads\/2019\/03\/PHI_Taunus_8-1-50x33.jpg 50w, https:\/\/peter-hess-institute.com\/wp-content\/uploads\/2019\/03\/PHI_Taunus_8-1-113x75.jpg 113w, https:\/\/peter-hess-institute.com\/wp-content\/uploads\/2019\/03\/PHI_Taunus_8-1.jpg 1280w\" sizes=\"(max-width: 300px) 100vw, 300px\" \/><\/a><\/li><li><a class=\"prettyphoto\" href=\"https:\/\/peter-hess-institute.com\/wp-content\/uploads\/2019\/03\/PHI_Taunus_9-1024x682.jpg\" data-rel=\"prettyPhoto[rel-35837-2774357600]\"><img width=\"300\" height=\"200\" src=\"https:\/\/peter-hess-institute.com\/wp-content\/uploads\/2019\/03\/PHI_Taunus_9-300x200.jpg\" class=\"attachment-medium\" alt=\"\" decoding=\"async\" loading=\"lazy\" srcset=\"https:\/\/peter-hess-institute.com\/wp-content\/uploads\/2019\/03\/PHI_Taunus_9-300x200.jpg 300w, https:\/\/peter-hess-institute.com\/wp-content\/uploads\/2019\/03\/PHI_Taunus_9-800x533.jpg 800w, https:\/\/peter-hess-institute.com\/wp-content\/uploads\/2019\/03\/PHI_Taunus_9-768x512.jpg 768w, https:\/\/peter-hess-institute.com\/wp-content\/uploads\/2019\/03\/PHI_Taunus_9-1024x682.jpg 1024w, https:\/\/peter-hess-institute.com\/wp-content\/uploads\/2019\/03\/PHI_Taunus_9-219x146.jpg 219w, https:\/\/peter-hess-institute.com\/wp-content\/uploads\/2019\/03\/PHI_Taunus_9-50x33.jpg 50w, https:\/\/peter-hess-institute.com\/wp-content\/uploads\/2019\/03\/PHI_Taunus_9-113x75.jpg 113w, https:\/\/peter-hess-institute.com\/wp-content\/uploads\/2019\/03\/PHI_Taunus_9.jpg 1280w\" sizes=\"(max-width: 300px) 100vw, 300px\" \/><\/a><\/li><li><a class=\"prettyphoto\" href=\"https:\/\/peter-hess-institute.com\/wp-content\/uploads\/2019\/03\/PHI_Taunus_17-1024x682.jpg\" data-rel=\"prettyPhoto[rel-35837-2774357600]\"><img width=\"300\" height=\"200\" src=\"https:\/\/peter-hess-institute.com\/wp-content\/uploads\/2019\/03\/PHI_Taunus_17-300x200.jpg\" class=\"attachment-medium\" alt=\"\" decoding=\"async\" loading=\"lazy\" srcset=\"https:\/\/peter-hess-institute.com\/wp-content\/uploads\/2019\/03\/PHI_Taunus_17-300x200.jpg 300w, https:\/\/peter-hess-institute.com\/wp-content\/uploads\/2019\/03\/PHI_Taunus_17-800x533.jpg 800w, https:\/\/peter-hess-institute.com\/wp-content\/uploads\/2019\/03\/PHI_Taunus_17-768x512.jpg 768w, https:\/\/peter-hess-institute.com\/wp-content\/uploads\/2019\/03\/PHI_Taunus_17-1024x682.jpg 1024w, https:\/\/peter-hess-institute.com\/wp-content\/uploads\/2019\/03\/PHI_Taunus_17-219x146.jpg 219w, https:\/\/peter-hess-institute.com\/wp-content\/uploads\/2019\/03\/PHI_Taunus_17-50x33.jpg 50w, https:\/\/peter-hess-institute.com\/wp-content\/uploads\/2019\/03\/PHI_Taunus_17-113x75.jpg 113w, https:\/\/peter-hess-institute.com\/wp-content\/uploads\/2019\/03\/PHI_Taunus_17.jpg 1280w\" sizes=\"(max-width: 300px) 100vw, 300px\" \/><\/a><\/li><li><a class=\"prettyphoto\" href=\"https:\/\/peter-hess-institute.com\/wp-content\/uploads\/2019\/03\/PHI_Taunus_16-1024x682.jpg\" data-rel=\"prettyPhoto[rel-35837-2774357600]\"><img width=\"300\" height=\"200\" src=\"https:\/\/peter-hess-institute.com\/wp-content\/uploads\/2019\/03\/PHI_Taunus_16-300x200.jpg\" class=\"attachment-medium\" alt=\"\" decoding=\"async\" loading=\"lazy\" srcset=\"https:\/\/peter-hess-institute.com\/wp-content\/uploads\/2019\/03\/PHI_Taunus_16-300x200.jpg 300w, https:\/\/peter-hess-institute.com\/wp-content\/uploads\/2019\/03\/PHI_Taunus_16-800x533.jpg 800w, https:\/\/peter-hess-institute.com\/wp-content\/uploads\/2019\/03\/PHI_Taunus_16-768x512.jpg 768w, https:\/\/peter-hess-institute.com\/wp-content\/uploads\/2019\/03\/PHI_Taunus_16-1024x682.jpg 1024w, https:\/\/peter-hess-institute.com\/wp-content\/uploads\/2019\/03\/PHI_Taunus_16-219x146.jpg 219w, https:\/\/peter-hess-institute.com\/wp-content\/uploads\/2019\/03\/PHI_Taunus_16-50x33.jpg 50w, https:\/\/peter-hess-institute.com\/wp-content\/uploads\/2019\/03\/PHI_Taunus_16-113x75.jpg 113w, https:\/\/peter-hess-institute.com\/wp-content\/uploads\/2019\/03\/PHI_Taunus_16.jpg 1280w\" sizes=\"(max-width: 300px) 100vw, 300px\" \/><\/a><\/li><li><a class=\"prettyphoto\" href=\"https:\/\/peter-hess-institute.com\/wp-content\/uploads\/2019\/03\/PHI_Taunus_15-1024x682.jpg\" data-rel=\"prettyPhoto[rel-35837-2774357600]\"><img width=\"300\" height=\"200\" src=\"https:\/\/peter-hess-institute.com\/wp-content\/uploads\/2019\/03\/PHI_Taunus_15-300x200.jpg\" class=\"attachment-medium\" alt=\"\" decoding=\"async\" loading=\"lazy\" srcset=\"https:\/\/peter-hess-institute.com\/wp-content\/uploads\/2019\/03\/PHI_Taunus_15-300x200.jpg 300w, https:\/\/peter-hess-institute.com\/wp-content\/uploads\/2019\/03\/PHI_Taunus_15-800x533.jpg 800w, https:\/\/peter-hess-institute.com\/wp-content\/uploads\/2019\/03\/PHI_Taunus_15-768x512.jpg 768w, https:\/\/peter-hess-institute.com\/wp-content\/uploads\/2019\/03\/PHI_Taunus_15-1024x682.jpg 1024w, https:\/\/peter-hess-institute.com\/wp-content\/uploads\/2019\/03\/PHI_Taunus_15-219x146.jpg 219w, https:\/\/peter-hess-institute.com\/wp-content\/uploads\/2019\/03\/PHI_Taunus_15-50x33.jpg 50w, https:\/\/peter-hess-institute.com\/wp-content\/uploads\/2019\/03\/PHI_Taunus_15-113x75.jpg 113w, https:\/\/peter-hess-institute.com\/wp-content\/uploads\/2019\/03\/PHI_Taunus_15.jpg 1280w\" sizes=\"(max-width: 300px) 100vw, 300px\" \/><\/a><\/li><\/ul><\/div><\/div><\/div><\/div><\/div><\/div><\/div>","protected":false},"excerpt":{"rendered":"Das neue Seminarhaus des Peter Hess\u00ae Instituts im Taunus Im schmucken Fachwerkgeb\u00e4ude, das jahrhundertlang eine Mahlm\u00fchle barg, l\u00e4sst sich im Inneren noch gut das uralte m\u00e4chtige Geb\u00e4lk erkennen. Die Landsteiner M\u00fchle blickt auf eine \u00fcber 500 Jahre alte ereignisreiche Geschichte<span class=\"excerpt-hellip\"> [\u2026]<\/span>","protected":false},"author":1,"featured_media":0,"parent":35833,"menu_order":0,"comment_status":"closed","ping_status":"closed","template":"","meta":{"footnotes":""},"acf":[],"_links":{"self":[{"href":"https:\/\/peter-hess-institute.com\/es\/wp-json\/wp\/v2\/pages\/35837"}],"collection":[{"href":"https:\/\/peter-hess-institute.com\/es\/wp-json\/wp\/v2\/pages"}],"about":[{"href":"https:\/\/peter-hess-institute.com\/es\/wp-json\/wp\/v2\/types\/page"}],"author":[{"embeddable":true,"href":"https:\/\/peter-hess-institute.com\/es\/wp-json\/wp\/v2\/users\/1"}],"replies":[{"embeddable":true,"href":"https:\/\/peter-hess-institute.com\/es\/wp-json\/wp\/v2\/comments?post=35837"}],"version-history":[{"count":0,"href":"https:\/\/peter-hess-institute.com\/es\/wp-json\/wp\/v2\/pages\/35837\/revisions"}],"up":[{"embeddable":true,"href":"https:\/\/peter-hess-institute.com\/es\/wp-json\/wp\/v2\/pages\/35833"}],"wp:attachment":[{"href":"https:\/\/peter-hess-institute.com\/es\/wp-json\/wp\/v2\/media?parent=35837"}],"curies":[{"name":"wp","href":"https:\/\/api.w.org\/{rel}","templated":true}]}}