{"id":3930,"date":"2016-03-14T22:41:11","date_gmt":"2016-03-14T21:41:11","guid":{"rendered":"http:\/\/peter-hess-institute.com\/?page_id=3930"},"modified":"2024-11-26T08:19:23","modified_gmt":"2024-11-26T07:19:23","slug":"peter-hess-klangmassage","status":"publish","type":"page","link":"https:\/\/peter-hess-institute.com\/es\/peter-hess-klangmassage\/","title":{"rendered":"PETER HESS<sup>\u00ae<\/sup> Masaje sonoro"},"content":{"rendered":"<div class=\"vc_row wpb_row vc_row-fluid\"><div class=\"wpb_column vc_column_container vc_col-sm-12\"><div class=\"vc_column-inner\"><div class=\"wpb_wrapper\"><div class=\"vc_empty_space\"   style=\"height: 55px\"><span class=\"vc_empty_space_inner\"><\/span><\/div>\n\t<div class=\"wpb_text_column wpb_content_element\" >\n\t\t<div class=\"wpb_wrapper\">\n\t\t\t<h2>El masaje klang Peter Hess\u00ae - Base de los m\u00e9todos klang<\/h2>\n\n\t\t<\/div>\n\t<\/div>\n\n\t<div class=\"wpb_text_column wpb_content_element\" >\n\t\t<div class=\"wpb_wrapper\">\n\t\t\t<p>Stress vorbeugen \u2219 Selbstwahrnehmung f\u00f6rdern \u2219 Genesungsprozesse unterst\u00fctzen<\/p>\n\n\t\t<\/div>\n\t<\/div>\n<\/div><\/div><\/div><\/div><div class=\"vc_row wpb_row vc_row-fluid\"><div class=\"wpb_column vc_column_container vc_col-sm-8\"><div class=\"vc_column-inner\"><div class=\"wpb_wrapper\">\n\t<div class=\"wpb_text_column wpb_content_element\" >\n\t\t<div class=\"wpb_wrapper\">\n\t\t\t<p>Los masajes corporales sanos mejoran el cuerpo, la mente y la piel. Por ello, los cojines de masaje especialmente desarrollados, los cojines de masaje Peter Hess\u00ae Therapieklangschalen, se colocan de forma precisa en el cuerpo masajeado y se aplican de forma precisa. Se trata de un sistema probado en la pr\u00e1ctica durante m\u00e1s de 30 a\u00f1os, que se basa en las necesidades de las personas y mejora la salud. Se basa en principios que refuerzan una relaci\u00f3n justa y equilibrada entre el hombre y la mujer y que ofrecen soluciones y recursos.<\/p>\n\n\t\t<\/div>\n\t<\/div>\n\n\t<div class=\"wpb_text_column wpb_content_element\" >\n\t\t<div class=\"wpb_wrapper\">\n\t\t\t<p>En el masaje corporal, los brazos y las piernas se tratan de forma similar. Los sonidos armoniosos estimulan el esp\u00edritu. Las vibraciones suaves, que provienen de las vibraciones de la piel, se acercan y alejan del cuerpo. Schnell setzt eine wohltuende Entspannung ein. Las sensaciones de seguridad y bienestar son ideales para la regeneraci\u00f3n, la mejora de la salud, la resoluci\u00f3n de problemas y el aprendizaje.<\/p>\n\n\t\t<\/div>\n\t<\/div>\n<\/div><\/div><\/div><div class=\"wpb_column vc_column_container vc_col-sm-4\"><div class=\"vc_column-inner\"><div class=\"wpb_wrapper\">\n\t<div  class=\"wpb_single_image wpb_content_element vc_align_left  wpb_animate_when_almost_visible wpb_appear appear\">\n\t\t\n\t\t<figure class=\"wpb_wrapper vc_figure\">\n\t\t\t<div class=\"vc_single_image-wrapper   vc_box_border_grey\"><img width=\"479\" height=\"305\" src=\"https:\/\/peter-hess-institute.com\/wp-content\/uploads\/2016\/03\/Peter_Hess_bei_Klangmassage.jpg\" class=\"vc_single_image-img attachment-full\" alt=\"\" decoding=\"async\" loading=\"lazy\" srcset=\"https:\/\/peter-hess-institute.com\/wp-content\/uploads\/2016\/03\/Peter_Hess_bei_Klangmassage.jpg 479w, https:\/\/peter-hess-institute.com\/wp-content\/uploads\/2016\/03\/Peter_Hess_bei_Klangmassage-300x191.jpg 300w, https:\/\/peter-hess-institute.com\/wp-content\/uploads\/2016\/03\/Peter_Hess_bei_Klangmassage-229x146.jpg 229w, https:\/\/peter-hess-institute.com\/wp-content\/uploads\/2016\/03\/Peter_Hess_bei_Klangmassage-50x32.jpg 50w, https:\/\/peter-hess-institute.com\/wp-content\/uploads\/2016\/03\/Peter_Hess_bei_Klangmassage-118x75.jpg 118w\" sizes=\"(max-width: 479px) 100vw, 479px\" \/><\/div>\n\t\t<\/figure>\n\t<\/div>\n<\/div><\/div><\/div><\/div><div class=\"vc_row wpb_row vc_row-fluid\"><div class=\"wpb_column vc_column_container vc_col-sm-12\"><div class=\"vc_column-inner\"><div class=\"wpb_wrapper\">\n\t<div class=\"wpb_text_column wpb_content_element\" >\n\t\t<div class=\"wpb_wrapper\">\n\t\t\t<p>En esta atm\u00f3sfera acogedora, el contacto con los propios deseos y la propia \u201evida interior\u201d son m\u00e1s que posibles. El ser humano se siente bien y contento, \u00a1y puede que sea la primera vez desde hace mucho tiempo! Con su efecto envolvente, pero tambi\u00e9n armonioso y vital, el masaje corporal puede aportar una valiosa contribuci\u00f3n al fortalecimiento de la salud y sentar las bases para la construcci\u00f3n de una vida sana, autovalente y creativa.<\/p>\n\n\t\t<\/div>\n\t<\/div>\n\n\t<div class=\"wpb_text_column wpb_content_element\" >\n\t\t<div class=\"wpb_wrapper\">\n\t\t\t<p><strong>A partir de experiencias pr\u00e1cticas de m\u00e1s de un siglo, se han elaborado los siguientes documentos <\/strong><strong>Resumen de los efectos beneficiosos del masaje corporal:<\/strong><\/p>\n\n\t\t<\/div>\n\t<\/div>\n\n\t<div class=\"wpb_text_column wpb_content_element\" >\n\t\t<div class=\"wpb_wrapper\">\n\t\t\t<ul class=\"redList\">\n<li><span style=\"color: #737373;\">ganzheitliche Methode - spricht K\u00f6rper, Seele und Geist an<\/span><\/li>\n<li><span style=\"color: #737373;\">bewirkt tiefe Entspannung<\/span><\/li>\n<li><span style=\"color: #737373;\">st\u00e4rkt das urspr\u00fcngliche Vertrauen des Menschen<\/span><\/li>\n<li><span style=\"color: #737373;\">erleichtert das \u201eLoslassen\u201d - k\u00f6rperlich wie mental<\/span><\/li>\n<li><span style=\"color: #737373;\">contribuye a mejorar la salud: armonizaci\u00f3n, regeneraci\u00f3n y vitalidad<\/span><\/li>\n<li><span style=\"color: #737373;\">refuerza y mejora la gesti\u00f3n de la producci\u00f3n<\/span><\/li>\n<li><span style=\"color: #737373;\">puede activar recursos no protegidos<\/span><\/li>\n<li><span style=\"color: #737373;\">refuerza la autoestima, la creatividad y la motivaci\u00f3n<\/span><\/li>\n<li><span style=\"color: #737373;\">fomenta la alegr\u00eda de vivir y el trabajo en equipo<\/span><\/li>\n<\/ul>\n<p>Die positiven Auswirkungen der Klangmassage auf Stressverarbeitung und das Wohlgef\u00fchl mit und im eigenen K\u00f6rper (K\u00f6rperbild) konnte 2009 eine Studie des Europ\u00e4ischen Fachverbandes Klang-Massage-Therapie e.V. in Zusammenarbeit mit dem Institut Dr. Tanja Grotz belegen.<\/p>\n<p>Cada masaje corporal y cada experiencia de masaje es \u00fanica y puede ser individualmente muy diferente. Esta es tambi\u00e9n una importante noci\u00f3n que se refleja y supervisa en nuestros seminarios como pr\u00e1ctica.<\/p>\n\n\t\t<\/div>\n\t<\/div>\n<div class=\"vc_empty_space\"   style=\"height: 32px\"><span class=\"vc_empty_space_inner\"><\/span><\/div><\/div><\/div><\/div><\/div><div class=\"vc_row wpb_row vc_row-fluid\"><div class=\"wpb_column vc_column_container vc_col-sm-4\"><div class=\"vc_column-inner\"><div class=\"wpb_wrapper\">\n\t<div  class=\"wpb_single_image wpb_content_element vc_align_left\">\n\t\t\n\t\t<figure class=\"wpb_wrapper vc_figure\">\n\t\t\t<a href=\"http:\/\/peter-hess-institute.com\/es\/klangmassagepraktikerInnen\/\" target=\"_self\" class=\"vc_single_image-wrapper   vc_box_border_grey\"><img class=\"vc_single_image-img\" src=\"https:\/\/peter-hess-institute.com\/wp-content\/uploads\/2017\/01\/Button-erleben-350x200.jpg\" width=\"350\" height=\"200\" alt=\"Button erleben\" title=\"Bot\u00f3n erleben\" \/><\/a>\n\t\t<\/figure>\n\t<\/div>\n<\/div><\/div><\/div><div class=\"wpb_column vc_column_container vc_col-sm-4\"><div class=\"vc_column-inner\"><div class=\"wpb_wrapper\">\n\t<div  class=\"wpb_single_image wpb_content_element vc_align_left\">\n\t\t\n\t\t<figure class=\"wpb_wrapper vc_figure\">\n\t\t\t<a href=\"http:\/\/peter-hess-institute.com\/es\/peter-hess-klangmassagepraktiker\/\" target=\"_self\" class=\"vc_single_image-wrapper   vc_box_border_grey\"><img class=\"vc_single_image-img\" src=\"https:\/\/peter-hess-institute.com\/wp-content\/uploads\/2017\/01\/Button-erlernen-350x200.jpg\" width=\"350\" height=\"200\" alt=\"Button erlernen\" title=\"Bot\u00f3n erlernen\" \/><\/a>\n\t\t<\/figure>\n\t<\/div>\n<\/div><\/div><\/div><div class=\"wpb_column vc_column_container vc_col-sm-4\"><div class=\"vc_column-inner\"><div class=\"wpb_wrapper\">\n\t<div  class=\"wpb_single_image wpb_content_element vc_align_left\">\n\t\t\n\t\t<figure class=\"wpb_wrapper vc_figure\">\n\t\t\t<a href=\"http:\/\/peter-hess-institute.com\/es\/forschungsprojekte\/\" target=\"_self\" class=\"vc_single_image-wrapper   vc_box_border_grey\"><img class=\"vc_single_image-img\" src=\"https:\/\/peter-hess-institute.com\/wp-content\/uploads\/2017\/01\/Button-Forschungsberichte-350x200.jpg\" width=\"350\" height=\"200\" alt=\"Button-Forschungsberichte\" title=\"Button-Forschungsberichte\" \/><\/a>\n\t\t<\/figure>\n\t<\/div>\n<\/div><\/div><\/div><\/div><div class=\"vc_row wpb_row vc_row-fluid\"><div class=\"wpb_column vc_column_container vc_col-sm-12\"><div class=\"vc_column-inner\"><div class=\"wpb_wrapper\"><div class=\"vc_empty_space\"   style=\"height: 100px\"><span class=\"vc_empty_space_inner\"><\/span><\/div><\/div><\/div><\/div><\/div>","protected":false},"excerpt":{"rendered":"Die Peter Hess\u00ae-Klangmassage \u2013 Basis der Klangmethoden Stress vorbeugen \u2219 Selbstwahrnehmung f\u00f6rdern \u2219 Genesungsprozesse unterst\u00fctzen Die sanften Klangschwingungen einer Klangschale verw\u00f6hnen bei einer Klangmassage K\u00f6rper, Geist und Seele. Dabei werden speziell daf\u00fcr entwickelte Klangschalen, die Peter Hess\u00ae Therapieklangschalen, gezielt auf<span class=\"excerpt-hellip\"> [\u2026]<\/span>","protected":false},"author":1,"featured_media":0,"parent":0,"menu_order":0,"comment_status":"closed","ping_status":"closed","template":"","meta":{"footnotes":""},"acf":[],"_links":{"self":[{"href":"https:\/\/peter-hess-institute.com\/es\/wp-json\/wp\/v2\/pages\/3930"}],"collection":[{"href":"https:\/\/peter-hess-institute.com\/es\/wp-json\/wp\/v2\/pages"}],"about":[{"href":"https:\/\/peter-hess-institute.com\/es\/wp-json\/wp\/v2\/types\/page"}],"author":[{"embeddable":true,"href":"https:\/\/peter-hess-institute.com\/es\/wp-json\/wp\/v2\/users\/1"}],"replies":[{"embeddable":true,"href":"https:\/\/peter-hess-institute.com\/es\/wp-json\/wp\/v2\/comments?post=3930"}],"version-history":[{"count":0,"href":"https:\/\/peter-hess-institute.com\/es\/wp-json\/wp\/v2\/pages\/3930\/revisions"}],"wp:attachment":[{"href":"https:\/\/peter-hess-institute.com\/es\/wp-json\/wp\/v2\/media?parent=3930"}],"curies":[{"name":"wp","href":"https:\/\/api.w.org\/{rel}","templated":true}]}}