{"id":4766,"date":"2016-06-20T11:38:51","date_gmt":"2016-06-20T09:38:51","guid":{"rendered":"http:\/\/peter-hess-institute.com\/?page_id=4766"},"modified":"2016-10-11T00:11:05","modified_gmt":"2016-10-10T22:11:05","slug":"emily-hess-klangyoga","status":"publish","type":"page","link":"https:\/\/peter-hess-institute.com\/es\/emily-hess-klangyoga\/","title":{"rendered":"Emily Hess-Klangyoga"},"content":{"rendered":"<div class=\"vc_row wpb_row vc_row-fluid\"><div class=\"wpb_column vc_column_container vc_col-sm-12\"><div class=\"vc_column-inner\"><div class=\"wpb_wrapper\"><div class=\"vc_empty_space\"   style=\"height: 120px\"><span class=\"vc_empty_space_inner\"><\/span><\/div><\/div><\/div><\/div><\/div><div class=\"vc_row wpb_row vc_row-fluid\"><div class=\"wpb_column vc_column_container vc_col-sm-3\"><div class=\"vc_column-inner vc_custom_1456258786515\"><div class=\"wpb_wrapper\"><div class=\"vc_btn3-container  plzbutton  wpb_animate_when_almost_visible wpb_left-to-right left-to-right vc_btn3-left vc_custom_1470769266078\" ><a style=\"background-color:#efebe3; color:#ae9d75;\" class=\"vc_general vc_btn3 vc_btn3-size-md vc_btn3-shape-square vc_btn3-style-custom vc_btn3-block\" href=\"http:\/\/peter-hess-institute.com\/es\/klangyoga-startseite-2\/\" title=\"\">P\u00e1gina de inicio<\/a><\/div><div class=\"vc_btn3-container  plzbutton  wpb_animate_when_almost_visible wpb_left-to-right left-to-right vc_btn3-left vc_custom_1470769276564\" ><a style=\"background-color:#9b1c22; color:#ffffff;\" class=\"vc_general vc_btn3 vc_btn3-size-md vc_btn3-shape-square vc_btn3-style-custom vc_btn3-block\" href=\"http:\/\/peter-hess-institute.com\/es\/emily-hess-klangyoga\/\" title=\"\">Emily Hess Klangyoga<\/a><\/div><div class=\"vc_btn3-container  plzbutton  wpb_animate_when_almost_visible wpb_left-to-right left-to-right vc_btn3-left vc_custom_1476137335122\" ><a style=\"background-color:#efebe3; color:#ae9d75;\" class=\"vc_general vc_btn3 vc_btn3-size-md vc_btn3-shape-square vc_btn3-style-custom vc_btn3-block\" href=\"http:\/\/peter-hess-institute.com\/es\/seminare-emily-hess-klangyoga\/\" title=\"\">Seminario de Yoga del Sonido<\/a><\/div><div class=\"vc_btn3-container  plzbutton  wpb_animate_when_almost_visible wpb_left-to-right left-to-right vc_btn3-left vc_custom_1470769284114\" ><a style=\"background-color:#efebe3; color:#ae9d75;\" class=\"vc_general vc_btn3 vc_btn3-size-md vc_btn3-shape-square vc_btn3-style-custom vc_btn3-block\" href=\"http:\/\/peter-hess-institute.com\/es\/emily-hess\/\" title=\"\">Emily Hess<\/a><\/div><div class=\"vc_btn3-container  plzbutton  wpb_animate_when_almost_visible wpb_left-to-right left-to-right vc_btn3-left vc_custom_1470769295959\" ><a style=\"background-color:#efebe3; color:#ae9d75;\" class=\"vc_general vc_btn3 vc_btn3-size-md vc_btn3-shape-square vc_btn3-style-custom vc_btn3-block\" href=\"http:\/\/peter-hess-institute.com\/es\/klangyoga-team\/\" title=\"\">Equipo<\/a><\/div><div class=\"vc_btn3-container  plzbutton  wpb_animate_when_almost_visible wpb_left-to-right left-to-right vc_btn3-left vc_custom_1470769306046\" ><a style=\"background-color:#efebe3; color:#ae9d75;\" class=\"vc_general vc_btn3 vc_btn3-size-md vc_btn3-shape-square vc_btn3-style-custom vc_btn3-block\" href=\"http:\/\/peter-hess-institute.com\/es\/klangyoga-filme\/\" title=\"\">Pel\u00edcula<\/a><\/div><div class=\"vc_btn3-container  plzbutton  wpb_animate_when_almost_visible wpb_left-to-right left-to-right vc_btn3-left vc_custom_1470769315348\" ><a style=\"background-color:#efebe3; color:#ae9d75;\" class=\"vc_general vc_btn3 vc_btn3-size-md vc_btn3-shape-square vc_btn3-style-custom vc_btn3-block\" href=\"http:\/\/peter-hess-institute.com\/es\/klangyoga-gallery\/\" title=\"\">Galer\u00eda<\/a><\/div><div class=\"vc_btn3-container  plzbutton  wpb_animate_when_almost_visible wpb_left-to-right left-to-right vc_btn3-left vc_custom_1470769323121\" ><a style=\"background-color:#efebe3; color:#ae9d75;\" class=\"vc_general vc_btn3 vc_btn3-size-md vc_btn3-shape-square vc_btn3-style-custom vc_btn3-block\" href=\"http:\/\/peter-hess-institute.com\/es\/klangyoga-partner\/\" title=\"\">Socio<\/a><\/div><\/div><\/div><\/div><div class=\"wpb_column vc_column_container vc_col-sm-1\"><div class=\"vc_column-inner\"><div class=\"wpb_wrapper\"><\/div><\/div><\/div><div class=\"wpb_column vc_column_container vc_col-sm-8\"><div class=\"vc_column-inner\"><div class=\"wpb_wrapper\">\n\t<div class=\"wpb_text_column wpb_content_element\" >\n\t\t<div class=\"wpb_wrapper\">\n\t\t\t<p style=\"text-align: center;\"><strong>Wir werden nicht aufh\u00f6ren zu entdecken.<\/strong><br \/>\n<strong>Und am Ende all unseres Entdeckens<\/strong><br \/>\n<strong>werden wir dort anlangen,<\/strong><br \/>\n<strong>wo wir ausgezogen sind<\/strong><br \/>\n<strong>und werden zum ersten Mal<\/strong><br \/>\n<strong>den Ort erkennen.<\/strong><br \/>\n(T.S. Elliot)<\/p>\n\n\t\t<\/div>\n\t<\/div>\n<div class=\"vc_empty_space\"   style=\"height: 10px\"><span class=\"vc_empty_space_inner\"><\/span><\/div>\n\t<div class=\"wpb_text_column wpb_content_element  vc_custom_1466415606876\" >\n\t\t<div class=\"wpb_wrapper\">\n\t\t\t<h2>Emily Hess-Klangyoga<\/h2>\n\n\t\t<\/div>\n\t<\/div>\n\n\t<div class=\"wpb_text_column wpb_content_element\" >\n\t\t<div class=\"wpb_wrapper\">\n\t\t\t<p>En cada ser humano hay un ser que es \u00fanico y maravilloso. Damit werden wir geboren. Sin embargo, en el transcurso de nuestra vida, nos sentimos cada vez m\u00e1s atra\u00eddos por las experiencias individuales y los cambios sociales y culturales. Esta alteraci\u00f3n tambi\u00e9n afecta al cuerpo, que se ve afectado por un cambio de actitud. Nosotros nos ocupamos de nosotros, nos alejamos de nosotros y mantenemos el contacto con nosotros mismos. As\u00ed nos alejamos cada vez m\u00e1s de nuestro propio Ser y desarrollamos una ilusi\u00f3n de nosotros mismos. Buda bautiz\u00f3 esto como \u201eMaja\u201c, como una ense\u00f1anza fundamental.<\/p>\n<p>Sin embargo, el tiempo de nuestras vidas nos lleva a una inquebrantable b\u00fasqueda de la uni\u00f3n con ese ser que hay en nosotros. Sabemos que esta uni\u00f3n puede durar a causa de cosas o de personas. Sin embargo, lo que siempre resulta sorprendente es la uni\u00f3n con nosotros mismos.<\/p>\n\n\t\t<\/div>\n\t<\/div>\n\n\t<div  class=\"wpb_single_image wpb_content_element vc_align_left  wpb_animate_when_almost_visible wpb_appear appear vc_custom_1466517914915\">\n\t\t\n\t\t<figure class=\"wpb_wrapper vc_figure\">\n\t\t\t<div class=\"vc_single_image-wrapper   vc_box_border_grey\"><img width=\"800\" height=\"320\" src=\"https:\/\/peter-hess-institute.com\/wp-content\/uploads\/2016\/06\/klangyoga_quer_0005_6.jpg\" class=\"vc_single_image-img attachment-full\" alt=\"\" decoding=\"async\" loading=\"lazy\" srcset=\"https:\/\/peter-hess-institute.com\/wp-content\/uploads\/2016\/06\/klangyoga_quer_0005_6.jpg 800w, https:\/\/peter-hess-institute.com\/wp-content\/uploads\/2016\/06\/klangyoga_quer_0005_6-300x120.jpg 300w, https:\/\/peter-hess-institute.com\/wp-content\/uploads\/2016\/06\/klangyoga_quer_0005_6-768x307.jpg 768w, https:\/\/peter-hess-institute.com\/wp-content\/uploads\/2016\/06\/klangyoga_quer_0005_6-260x104.jpg 260w, https:\/\/peter-hess-institute.com\/wp-content\/uploads\/2016\/06\/klangyoga_quer_0005_6-50x20.jpg 50w, https:\/\/peter-hess-institute.com\/wp-content\/uploads\/2016\/06\/klangyoga_quer_0005_6-150x60.jpg 150w\" sizes=\"(max-width: 800px) 100vw, 800px\" \/><\/div>\n\t\t<\/figure>\n\t<\/div>\n\n\t<div class=\"wpb_text_column wpb_content_element\" >\n\t\t<div class=\"wpb_wrapper\">\n\t\t\t<p>En el transcurso de los \u00faltimos 30 a\u00f1os he podido comprobar una y otra vez que la superaci\u00f3n de las divisiones y los cambios del clan nos pone de nuevo en contacto con nuestro propio ser y nos lleva a descubrir nuestro propio Ser. Esto ser\u00e1 siempre un comienzo de la santidad, una uni\u00f3n sana y positiva entre el interior y el exterior.<\/p>\n<p>A trav\u00e9s de la transformaci\u00f3n del movimiento y el golpe podemos encontrarnos a nosotros mismos, descubrirnos a nosotros mismos. Volvemos a encontrar nuestro propio ritmo interior para transformarlo en un ritmo limpio y saludable. Volvemos a estar en contacto con nuestro propio coraz\u00f3n. Esto es un objetivo importante de mis yogas.<\/p>\n<p>Emily Hess<\/p>\n\n\t\t<\/div>\n\t<\/div>\n<div class=\"vc_empty_space\"   style=\"height: 32px\"><span class=\"vc_empty_space_inner\"><\/span><\/div><\/div><\/div><\/div><\/div>","protected":false},"excerpt":{"rendered":"StartseiteEmily Hess KlangyogaSeminare KlangyogaEmily HessTeamFilmeGalleryPartner Wir werden nicht aufh\u00f6ren zu entdecken. Und am Ende all unseres Entdeckens werden wir dort anlangen, wo wir ausgezogen sind und werden zum ersten Mal den Ort erkennen. (T.S. Elliot) Emily Hess-Klangyoga In jedem Menschen<span class=\"excerpt-hellip\"> [\u2026]<\/span>","protected":false},"author":1,"featured_media":0,"parent":0,"menu_order":0,"comment_status":"closed","ping_status":"closed","template":"","meta":{"footnotes":""},"acf":[],"_links":{"self":[{"href":"https:\/\/peter-hess-institute.com\/es\/wp-json\/wp\/v2\/pages\/4766"}],"collection":[{"href":"https:\/\/peter-hess-institute.com\/es\/wp-json\/wp\/v2\/pages"}],"about":[{"href":"https:\/\/peter-hess-institute.com\/es\/wp-json\/wp\/v2\/types\/page"}],"author":[{"embeddable":true,"href":"https:\/\/peter-hess-institute.com\/es\/wp-json\/wp\/v2\/users\/1"}],"replies":[{"embeddable":true,"href":"https:\/\/peter-hess-institute.com\/es\/wp-json\/wp\/v2\/comments?post=4766"}],"version-history":[{"count":0,"href":"https:\/\/peter-hess-institute.com\/es\/wp-json\/wp\/v2\/pages\/4766\/revisions"}],"wp:attachment":[{"href":"https:\/\/peter-hess-institute.com\/es\/wp-json\/wp\/v2\/media?parent=4766"}],"curies":[{"name":"wp","href":"https:\/\/api.w.org\/{rel}","templated":true}]}}