{"id":4771,"date":"2016-06-20T11:50:34","date_gmt":"2016-06-20T09:50:34","guid":{"rendered":"http:\/\/peter-hess-institute.com\/?page_id=4771"},"modified":"2020-06-24T10:36:00","modified_gmt":"2020-06-24T08:36:00","slug":"emily-hess","status":"publish","type":"page","link":"https:\/\/peter-hess-institute.com\/es\/emily-hess\/","title":{"rendered":"Emily Hess"},"content":{"rendered":"<div class=\"vc_row wpb_row vc_row-fluid\"><div class=\"wpb_column vc_column_container vc_col-sm-12\"><div class=\"vc_column-inner\"><div class=\"wpb_wrapper\"><div class=\"vc_empty_space\"   style=\"height: 120px\"><span class=\"vc_empty_space_inner\"><\/span><\/div><\/div><\/div><\/div><\/div><div class=\"vc_row wpb_row vc_row-fluid\"><div class=\"wpb_column vc_column_container vc_col-sm-3\"><div class=\"vc_column-inner vc_custom_1456258786515\"><div class=\"wpb_wrapper\"><div  class=\"vc_wp_custommenu wpb_content_element content-menu\"><div class=\"widget widget_nav_menu\"><div class=\"menu-emily-hess-klangyoga-container\"><ul id=\"menu-emily-hess-klangyoga\" class=\"menu\"><li id=\"menu-item-11099\" class=\"menu-item menu-item-type-post_type menu-item-object-page menu-item-11099\"><a href=\"https:\/\/peter-hess-institute.com\/es\/klangyoga-startseite-2\/\">Emily Hess<sup>\u00ae<\/sup>Klangyoga<\/a><\/li>\n<li id=\"menu-item-17291\" class=\"menu-item menu-item-type-post_type menu-item-object-page menu-item-17291\"><a href=\"https:\/\/peter-hess-institute.com\/es\/sound-yoga-teachertraining\/\">Emily Hess\u00ae-Klangyogalehrer<\/a><\/li>\n<li id=\"menu-item-54090\" class=\"menu-item menu-item-type-post_type menu-item-object-page menu-item-54090\"><a href=\"https:\/\/peter-hess-institute.com\/es\/?page_id=53383\">Emily Hess\u00ae-Klangyogamaster<\/a><\/li>\n<li id=\"menu-item-20588\" class=\"menu-item menu-item-type-post_type menu-item-object-page menu-item-20588\"><a href=\"https:\/\/peter-hess-institute.com\/es\/emily-hess-gongyoga\/\">Emily Hess\u00ae-Gong-Soundyoga<\/a><\/li>\n<li id=\"menu-item-44033\" class=\"menu-item menu-item-type-post_type menu-item-object-page menu-item-44033\"><a href=\"https:\/\/peter-hess-institute.com\/es\/?page_id=44025\">Kinderyoga klangvoll gestalten<\/a><\/li>\n<li id=\"menu-item-11100\" class=\"menu-item menu-item-type-post_type menu-item-object-page menu-item-11100\"><a href=\"https:\/\/peter-hess-institute.com\/es\/seminare-emily-hess-klangyoga\/\">Seminare<\/a><\/li>\n<li id=\"menu-item-14577\" class=\"menu-item menu-item-type-post_type menu-item-object-page menu-item-14577\"><a href=\"https:\/\/peter-hess-institute.com\/es\/klangyoga-termine\/\">Sonidos de Yoga<\/a><\/li>\n<li id=\"menu-item-11101\" class=\"menu-item menu-item-type-post_type menu-item-object-page menu-item-11101\"><a href=\"https:\/\/peter-hess-institute.com\/es\/emily-hess\/\">Emily Hess<\/a><\/li>\n<li id=\"menu-item-11103\" class=\"menu-item menu-item-type-post_type menu-item-object-page menu-item-11103\"><a href=\"https:\/\/peter-hess-institute.com\/es\/klangyoga-team\/\">Equipo Klangyoga<\/a><\/li>\n<li id=\"menu-item-11104\" class=\"menu-item menu-item-type-post_type menu-item-object-page menu-item-11104\"><a href=\"https:\/\/peter-hess-institute.com\/es\/klangyoga-filme\/\">Pel\u00edcula de Klangyoga<\/a><\/li>\n<\/ul><\/div><\/div><\/div><\/div><\/div><\/div><div class=\"wpb_column vc_column_container vc_col-sm-1\"><div class=\"vc_column-inner\"><div class=\"wpb_wrapper\"><\/div><\/div><\/div><div class=\"wpb_column vc_column_container vc_col-sm-8\"><div class=\"vc_column-inner\"><div class=\"wpb_wrapper\">\n\t<div class=\"wpb_text_column wpb_content_element  vc_custom_1466416324849\" >\n\t\t<div class=\"wpb_wrapper\">\n\t\t\t<h2>Emily Hess<\/h2>\n\n\t\t<\/div>\n\t<\/div>\n\n\t<div class=\"wpb_text_column wpb_content_element\" >\n\t\t<div class=\"wpb_wrapper\">\n\t\t\t<p>Diplom-Yogalehrerin (Ayur\u00ae Yoga). Diplomada en Gesti\u00f3n Integral de Empresas (US), Erzieherin und T\u00e4nzerin. Formaci\u00f3n continua como profesora de idiomas, instructora de gimnasia cerebral (IAK) y en terapia de la danza. Bas\u00e1ndose en a\u00f1os de experiencia pr\u00e1ctica, ha desarrollado el programa \u201ePeter Hess\".<sup>\u00ae<\/sup>-Klangp\u00e4dagogik\u201c y \u201eKliK - klingende Kommunikation - Methoden, die das Leben leichter machen\u201c y el \u201cEmily Hess<sup>\u00ae<\/sup>-Klangyoga\u201c.<\/p>\n\n\t\t<\/div>\n\t<\/div>\n\n\t<div  class=\"wpb_single_image wpb_content_element vc_align_left  wpb_animate_when_almost_visible wpb_appear appear vc_custom_1466517994890\">\n\t\t\n\t\t<figure class=\"wpb_wrapper vc_figure\">\n\t\t\t<div class=\"vc_single_image-wrapper   vc_box_border_grey\"><img width=\"800\" height=\"320\" src=\"https:\/\/peter-hess-institute.com\/wp-content\/uploads\/2016\/06\/klangyoga_quer_0004_5.jpg\" class=\"vc_single_image-img attachment-full\" alt=\"\" decoding=\"async\" loading=\"lazy\" srcset=\"https:\/\/peter-hess-institute.com\/wp-content\/uploads\/2016\/06\/klangyoga_quer_0004_5.jpg 800w, https:\/\/peter-hess-institute.com\/wp-content\/uploads\/2016\/06\/klangyoga_quer_0004_5-300x120.jpg 300w, https:\/\/peter-hess-institute.com\/wp-content\/uploads\/2016\/06\/klangyoga_quer_0004_5-768x307.jpg 768w, https:\/\/peter-hess-institute.com\/wp-content\/uploads\/2016\/06\/klangyoga_quer_0004_5-260x104.jpg 260w, https:\/\/peter-hess-institute.com\/wp-content\/uploads\/2016\/06\/klangyoga_quer_0004_5-50x20.jpg 50w, https:\/\/peter-hess-institute.com\/wp-content\/uploads\/2016\/06\/klangyoga_quer_0004_5-150x60.jpg 150w\" sizes=\"(max-width: 800px) 100vw, 800px\" \/><\/div>\n\t\t<\/figure>\n\t<\/div>\n\n\t<div class=\"wpb_text_column wpb_content_element\" >\n\t\t<div class=\"wpb_wrapper\">\n\t\t\t<p>Imparte seminarios en Alemania y en el extranjero, dirige junto con Peter Hess el Instituto Peter Hess, es miembro fundador de la Asociaci\u00f3n Europea de Terapia de Masaje, autora y editora de varios libros y CD. \u00c9stos son algunos de ellos:<\/p>\n<p>B\u00fccher:<\/p>\n<p><a href=\"https:\/\/www.verlag-peter-hess.de\/Buecher\/Alle-Buecher\/Klangyoga-Freude-Rhythmus-Kraft-Der-Weg-zur-inneren-Freiheit.html\" target=\"_blank\">Klangyoga. Freude - Rhythmus - Kraft. Der Weg zur inneren Freiheit, erschienen im Windpferd Verlag 2016.<\/a><\/p>\n<p><a href=\"https:\/\/www.verlag-peter-hess.de\/Buecher\/Alle-Buecher\/Klangschalen-Mit-allen-Sinnen-spielen-und-lernen.html?force_sid=7278868b1b554a3221b3d882d7d0ef7c\" target=\"_blank\">Klangschalen - mit allen Sinnen spielen und lernen, erschienen im K\u00f6sel-Verlag 2018<\/a><\/p>\n<p><a href=\"https:\/\/www.verlag-peter-hess.de\/Buecher\/Alle-Buecher\/Fanello-Klingende-Fantasiereisen-fuer-Kinder.html?force_sid=7278868b1b554a3221b3d882d7d0ef7c\" target=\"_blank\">Fanello - Klingende Fantasiereisen f\u00fcr kinder, erschienen im Verlag Peter Hess 2018<\/a><\/p>\n<p>&nbsp;<\/p>\n<p>CD's:<\/p>\n<p><a href=\"https:\/\/www.verlag-peter-hess.de\/CD-s-Audio\/Dein-Weg-Schritt-fuer-Schritt-Basic-Trust-Imagination.html?force_sid=7278868b1b554a3221b3d882d7d0ef7c&amp;listtype=search&amp;searchparam=dein%20weg\" target=\"_blank\">Dein Weg, Schritt f\u00fcr Schritt Basic Traust Imagination. Encontrar la felicidad, ser feliz y vivir bien, publicado por la editorial Peter Hess en 2020.<\/a><\/p>\n\n\t\t<\/div>\n\t<\/div>\n<div class=\"vc_empty_space\"   style=\"height: 32px\"><span class=\"vc_empty_space_inner\"><\/span><\/div><\/div><\/div><\/div><\/div>","protected":false},"excerpt":{"rendered":"Emily Hess\u00ae-Klangyoga Emily Hess\u00ae-Klangyogalehrer Emily Hess\u00ae-Klangyogamaster Emily Hess\u00ae-Gong-Soundyoga Kinderyoga klangvoll gestalten Seminare Alle Termine Klangyoga Emily Hess Klangyoga Team Klangyoga Filme Emily Hess Diplom-Yogalehrerin (Ayur\u00ae Yoga). Dipl. in integraler Unternehmensf\u00fchrung (US), Erzieherin und T\u00e4nzerin. Weiterbildungen als L\u00f6sungsorientierte Kurzzeitberaterin, Brain Gym<span class=\"excerpt-hellip\"> [\u2026]<\/span>","protected":false},"author":1,"featured_media":0,"parent":0,"menu_order":0,"comment_status":"closed","ping_status":"closed","template":"","meta":{"footnotes":""},"acf":[],"_links":{"self":[{"href":"https:\/\/peter-hess-institute.com\/es\/wp-json\/wp\/v2\/pages\/4771"}],"collection":[{"href":"https:\/\/peter-hess-institute.com\/es\/wp-json\/wp\/v2\/pages"}],"about":[{"href":"https:\/\/peter-hess-institute.com\/es\/wp-json\/wp\/v2\/types\/page"}],"author":[{"embeddable":true,"href":"https:\/\/peter-hess-institute.com\/es\/wp-json\/wp\/v2\/users\/1"}],"replies":[{"embeddable":true,"href":"https:\/\/peter-hess-institute.com\/es\/wp-json\/wp\/v2\/comments?post=4771"}],"version-history":[{"count":0,"href":"https:\/\/peter-hess-institute.com\/es\/wp-json\/wp\/v2\/pages\/4771\/revisions"}],"wp:attachment":[{"href":"https:\/\/peter-hess-institute.com\/es\/wp-json\/wp\/v2\/media?parent=4771"}],"curies":[{"name":"wp","href":"https:\/\/api.w.org\/{rel}","templated":true}]}}