{"id":4779,"date":"2016-06-20T12:01:31","date_gmt":"2016-06-20T10:01:31","guid":{"rendered":"http:\/\/peter-hess-institute.com\/?page_id=4779"},"modified":"2024-11-26T20:24:38","modified_gmt":"2024-11-26T19:24:38","slug":"klangyoga-team","status":"publish","type":"page","link":"https:\/\/peter-hess-institute.com\/es\/klangyoga-team\/","title":{"rendered":"Equipo Klangyoga"},"content":{"rendered":"<div class=\"vc_row wpb_row vc_row-fluid\"><div class=\"wpb_column vc_column_container vc_col-sm-12\"><div class=\"vc_column-inner\"><div class=\"wpb_wrapper\"><div class=\"vc_empty_space\"   style=\"height: 120px\"><span class=\"vc_empty_space_inner\"><\/span><\/div><\/div><\/div><\/div><\/div><div class=\"vc_row wpb_row vc_row-fluid\"><div class=\"wpb_column vc_column_container vc_col-sm-3\"><div class=\"vc_column-inner vc_custom_1456258786515\"><div class=\"wpb_wrapper\"><div  class=\"vc_wp_custommenu wpb_content_element content-menu\"><div class=\"widget widget_nav_menu\"><div class=\"menu-emily-hess-klangyoga-container\"><ul id=\"menu-emily-hess-klangyoga\" class=\"menu\"><li id=\"menu-item-11099\" class=\"menu-item menu-item-type-post_type menu-item-object-page menu-item-11099\"><a href=\"https:\/\/peter-hess-institute.com\/es\/klangyoga-startseite-2\/\">Emily Hess<sup>\u00ae<\/sup>Klangyoga<\/a><\/li>\n<li id=\"menu-item-17291\" class=\"menu-item menu-item-type-post_type menu-item-object-page menu-item-17291\"><a href=\"https:\/\/peter-hess-institute.com\/es\/sound-yoga-teachertraining\/\">Emily Hess\u00ae-Klangyogalehrer<\/a><\/li>\n<li id=\"menu-item-54090\" class=\"menu-item menu-item-type-post_type menu-item-object-page menu-item-54090\"><a href=\"https:\/\/peter-hess-institute.com\/es\/?page_id=53383\">Emily Hess\u00ae-Klangyogamaster<\/a><\/li>\n<li id=\"menu-item-20588\" class=\"menu-item menu-item-type-post_type menu-item-object-page menu-item-20588\"><a href=\"https:\/\/peter-hess-institute.com\/es\/emily-hess-gongyoga\/\">Emily Hess\u00ae-Gong-Soundyoga<\/a><\/li>\n<li id=\"menu-item-44033\" class=\"menu-item menu-item-type-post_type menu-item-object-page menu-item-44033\"><a href=\"https:\/\/peter-hess-institute.com\/es\/?page_id=44025\">Kinderyoga klangvoll gestalten<\/a><\/li>\n<li id=\"menu-item-11100\" class=\"menu-item menu-item-type-post_type menu-item-object-page menu-item-11100\"><a href=\"https:\/\/peter-hess-institute.com\/es\/seminare-emily-hess-klangyoga\/\">Seminare<\/a><\/li>\n<li id=\"menu-item-14577\" class=\"menu-item menu-item-type-post_type menu-item-object-page menu-item-14577\"><a href=\"https:\/\/peter-hess-institute.com\/es\/klangyoga-termine\/\">Sonidos de Yoga<\/a><\/li>\n<li id=\"menu-item-11101\" class=\"menu-item menu-item-type-post_type menu-item-object-page menu-item-11101\"><a href=\"https:\/\/peter-hess-institute.com\/es\/emily-hess\/\">Emily Hess<\/a><\/li>\n<li id=\"menu-item-11103\" class=\"menu-item menu-item-type-post_type menu-item-object-page menu-item-11103\"><a href=\"https:\/\/peter-hess-institute.com\/es\/klangyoga-team\/\">Equipo Klangyoga<\/a><\/li>\n<li id=\"menu-item-11104\" class=\"menu-item menu-item-type-post_type menu-item-object-page menu-item-11104\"><a href=\"https:\/\/peter-hess-institute.com\/es\/klangyoga-filme\/\">Pel\u00edcula de Klangyoga<\/a><\/li>\n<\/ul><\/div><\/div><\/div><\/div><\/div><\/div><div class=\"wpb_column vc_column_container vc_col-sm-1\"><div class=\"vc_column-inner\"><div class=\"wpb_wrapper\"><\/div><\/div><\/div><div class=\"wpb_column vc_column_container vc_col-sm-8\"><div class=\"vc_column-inner\"><div class=\"wpb_wrapper\">\n\t<div class=\"wpb_text_column wpb_content_element  vc_custom_1466429373989\" >\n\t\t<div class=\"wpb_wrapper\">\n\t\t\t<h2>Su socio de confianza<\/h2>\n\n\t\t<\/div>\n\t<\/div>\n<div class=\"vc_empty_space\"   style=\"height: 32px\"><span class=\"vc_empty_space_inner\"><\/span><\/div><div class=\"vc_row wpb_row vc_inner vc_row-fluid vc_custom_1456260504118\"><div class=\"wpb_column vc_column_container vc_col-sm-4\"><div class=\"vc_column-inner vc_custom_1456260586027\"><div class=\"wpb_wrapper\">\n\t<div  class=\"wpb_single_image wpb_content_element vc_align_left  wpb_animate_when_almost_visible wpb_appear appear vc_custom_1466429442871\">\n\t\t\n\t\t<figure class=\"wpb_wrapper vc_figure\">\n\t\t\t<div class=\"vc_single_image-wrapper   vc_box_border_grey\"><img width=\"600\" height=\"400\" src=\"https:\/\/peter-hess-institute.com\/wp-content\/uploads\/2016\/03\/Emily.jpg\" class=\"vc_single_image-img attachment-full\" alt=\"\" decoding=\"async\" loading=\"lazy\" srcset=\"https:\/\/peter-hess-institute.com\/wp-content\/uploads\/2016\/03\/Emily.jpg 600w, https:\/\/peter-hess-institute.com\/wp-content\/uploads\/2016\/03\/Emily-300x200.jpg 300w, https:\/\/peter-hess-institute.com\/wp-content\/uploads\/2016\/03\/Emily-219x146.jpg 219w, https:\/\/peter-hess-institute.com\/wp-content\/uploads\/2016\/03\/Emily-50x33.jpg 50w, https:\/\/peter-hess-institute.com\/wp-content\/uploads\/2016\/03\/Emily-113x75.jpg 113w\" sizes=\"(max-width: 600px) 100vw, 600px\" \/><\/div>\n\t\t<\/figure>\n\t<\/div>\n<\/div><\/div><\/div><div class=\"wpb_column vc_column_container vc_col-sm-8\"><div class=\"vc_column-inner vc_custom_1456260465408\"><div class=\"wpb_wrapper\">\n\t<div class=\"wpb_text_column wpb_content_element\" >\n\t\t<div class=\"wpb_wrapper\">\n\t\t\t<p><strong><span style=\"color: #ae9d75;\">Su socio de confianza:<\/span><\/strong><\/p>\n<p>Emily Hess<br \/>\nE-Mail: <a href=\"mailto:&#x65;&#x6d;&#x69;&#x6c;&#x79;&#x2e;&#x68;&#x65;&#x73;&#x73;&#x40;&#x70;&#x65;&#x74;&#x65;&#x72;&#x2d;&#x68;&#x65;&#x73;&#x73;&#x2d;&#x69;&#x6e;&#x73;&#x74;&#x69;&#x74;&#x75;&#x74;&#x2e;&#x64;&#x65;\"> emily.hess@<span class=\"oe_displaynone\">null<\/span>peter-hess-institut.de<\/a><\/p>\n\n\t\t<\/div>\n\t<\/div>\n<\/div><\/div><\/div><\/div>\n\t<div class=\"wpb_text_column wpb_content_element\" >\n\t\t<div class=\"wpb_wrapper\">\n\t\t\t<p>Direcci\u00f3n Peter Hess<sup>\u00ae<\/sup> Instituto y Peter Hess<sup>\u00ae<\/sup> Zentrum. Studium der Komplement\u00e4ren Methoden\/Klang-Resonanz-Methode, Steinbeis Hochschule-Berlin. Desarrollo de la pedagog\u00eda del lenguaje y del yoga Emily Hess<sup>\u00ae<\/sup>-Klangyoga. Su formaci\u00f3n como instructora y educadora ha ido seguida de cursos de perfeccionamiento en el \u00e1mbito de la educaci\u00f3n superior. Varios viajes a Asia la pusieron en contacto con el yoga, la meditaci\u00f3n y los mantras.<br \/>\nTambi\u00e9n aqu\u00ed trabaja como profesora. Practica Hatha Yoga, Ashtanga, Vinyasa y Pranaflow. Es diplomada en Yoga (Ayur\u00ae Yoga). Los mantras de Anna Avramidou gu\u00edan a Emily Hess<sup>\u00ae<\/sup>-Klangyoga.<\/p>\n\n\t\t<\/div>\n\t<\/div>\n<div class=\"vc_empty_space\"   style=\"height: 20px\"><span class=\"vc_empty_space_inner\"><\/span><\/div><div class=\"vc_row wpb_row vc_inner vc_row-fluid vc_custom_1456260504118\"><div class=\"wpb_column vc_column_container vc_col-sm-4\"><div class=\"vc_column-inner vc_custom_1456260586027\"><div class=\"wpb_wrapper\">\n\t<div  class=\"wpb_single_image wpb_content_element vc_align_left  wpb_animate_when_almost_visible wpb_appear appear vc_custom_1466514814461\">\n\t\t\n\t\t<figure class=\"wpb_wrapper vc_figure\">\n\t\t\t<div class=\"vc_single_image-wrapper   vc_box_border_grey\"><img width=\"600\" height=\"400\" src=\"https:\/\/peter-hess-institute.com\/wp-content\/uploads\/2016\/06\/janine_gabelmann.jpg\" class=\"vc_single_image-img attachment-full\" alt=\"\" decoding=\"async\" loading=\"lazy\" srcset=\"https:\/\/peter-hess-institute.com\/wp-content\/uploads\/2016\/06\/janine_gabelmann.jpg 600w, https:\/\/peter-hess-institute.com\/wp-content\/uploads\/2016\/06\/janine_gabelmann-300x200.jpg 300w, https:\/\/peter-hess-institute.com\/wp-content\/uploads\/2016\/06\/janine_gabelmann-219x146.jpg 219w, https:\/\/peter-hess-institute.com\/wp-content\/uploads\/2016\/06\/janine_gabelmann-50x33.jpg 50w, https:\/\/peter-hess-institute.com\/wp-content\/uploads\/2016\/06\/janine_gabelmann-113x75.jpg 113w\" sizes=\"(max-width: 600px) 100vw, 600px\" \/><\/div>\n\t\t<\/figure>\n\t<\/div>\n<\/div><\/div><\/div><div class=\"wpb_column vc_column_container vc_col-sm-8\"><div class=\"vc_column-inner vc_custom_1456260465408\"><div class=\"wpb_wrapper\">\n\t<div class=\"wpb_text_column wpb_content_element\" >\n\t\t<div class=\"wpb_wrapper\">\n\t\t\t<p><strong><span style=\"color: #ae9d75;\">Su socio de confianza:<\/span><\/strong><\/p>\n<p>Janine Gabelmann<br \/>\nF\u00f6hrenstra\u00dfe 25, 77656 Offenburg<br \/>\nTel\u00e9fono: 0781 970 20 20<br \/>\nM\u00f3vil: 0172 99 11 444<br \/>\nP\u00e1gina web:\u00a0<a href=\"http:\/\/www.surrounded-by-bliss.com\">www.surrounded-by-bliss.com<\/a><br \/>\nE-Mail: <a href=\"mailto:&#x6a;&#x61;&#x6e;&#x69;&#x6e;&#x65;&#x2d;&#x67;&#x61;&#x62;&#x65;&#x6c;&#x6d;&#x61;&#x6e;&#x6e;&#x40;&#x74;&#x2d;&#x6f;&#x6e;&#x6c;&#x69;&#x6e;&#x65;&#x2e;&#x64;&#x65;\">janine-gabelmann@<span class=\"oe_displaynone\">null<\/span>t-online.de<\/a><\/p>\n<p>&nbsp;<\/p>\n\n\t\t<\/div>\n\t<\/div>\n<\/div><\/div><\/div><\/div>\n\t<div class=\"wpb_text_column wpb_content_element\" >\n\t\t<div class=\"wpb_wrapper\">\n\t\t\t<p>Klangyogalehrerin (Emily Hess<sup>\u00ae<\/sup>-Klangyoga), Entspannungstrainer f\u00fcr Fantasie- und Klangreisen, Kundalini Yoga und Meditationslehrerin nach Yogi Bhajan (3HO\/KRI), Peter Hess<sup>\u00ae<\/sup>-Klangmassagepraktikerin i.A., ganzheitliche Ayurveda Kosmetik- und Wellnesstherapeutin (nach Rosenberg - Europ\u00e4ische Akademie f\u00fcr Ayurveda).<\/p>\n<p>&nbsp;<\/p>\n\n\t\t<\/div>\n\t<\/div>\n<div class=\"vc_empty_space\"   style=\"height: 20px\"><span class=\"vc_empty_space_inner\"><\/span><\/div><div class=\"vc_row wpb_row vc_inner vc_row-fluid vc_custom_1456260504118\"><div class=\"wpb_column vc_column_container vc_col-sm-4\"><div class=\"vc_column-inner vc_custom_1456260586027\"><div class=\"wpb_wrapper\">\n\t<div  class=\"wpb_single_image wpb_content_element vc_align_left  wpb_animate_when_almost_visible wpb_appear appear vc_custom_1592988282541\">\n\t\t\n\t\t<figure class=\"wpb_wrapper vc_figure\">\n\t\t\t<div class=\"vc_single_image-wrapper   vc_box_border_grey\"><img width=\"300\" height=\"400\" src=\"https:\/\/peter-hess-institute.com\/wp-content\/uploads\/2016\/06\/7B38232E-7EA3-4B65-8CB6-B696AA7B8DD0.png\" class=\"vc_single_image-img attachment-full\" alt=\"\" decoding=\"async\" loading=\"lazy\" srcset=\"https:\/\/peter-hess-institute.com\/wp-content\/uploads\/2016\/06\/7B38232E-7EA3-4B65-8CB6-B696AA7B8DD0.png 300w, https:\/\/peter-hess-institute.com\/wp-content\/uploads\/2016\/06\/7B38232E-7EA3-4B65-8CB6-B696AA7B8DD0-225x300.png 225w, https:\/\/peter-hess-institute.com\/wp-content\/uploads\/2016\/06\/7B38232E-7EA3-4B65-8CB6-B696AA7B8DD0-110x146.png 110w, https:\/\/peter-hess-institute.com\/wp-content\/uploads\/2016\/06\/7B38232E-7EA3-4B65-8CB6-B696AA7B8DD0-38x50.png 38w, https:\/\/peter-hess-institute.com\/wp-content\/uploads\/2016\/06\/7B38232E-7EA3-4B65-8CB6-B696AA7B8DD0-56x75.png 56w\" sizes=\"(max-width: 300px) 100vw, 300px\" \/><\/div>\n\t\t<\/figure>\n\t<\/div>\n<\/div><\/div><\/div><div class=\"wpb_column vc_column_container vc_col-sm-8\"><div class=\"vc_column-inner vc_custom_1456260465408\"><div class=\"wpb_wrapper\">\n\t<div class=\"wpb_text_column wpb_content_element\" >\n\t\t<div class=\"wpb_wrapper\">\n\t\t\t<p><strong><span style=\"color: #ae9d75;\">Su socio de confianza:<\/span><\/strong><\/p>\n<p>Nancy Zaruba<br \/>\nB\u00e4rgasse 2, 06108 Halle<br \/>\nTel\u00e9fono: 0345-23909283<br \/>\nM\u00f3vil: 0177-68 35 808<br \/>\nP\u00e1gina web:<a href=\"https:\/\/www.dasbewegtehaus.de\/\" target=\"_blank\" rel=\"noopener\">\u00a0www.dasbewegtehaus.de<\/a><br \/>\nE-Mail:\u00a0<a href=\"mailto:&#x69;&#x6e;&#x66;&#x6f;&#x40;&#x64;&#x61;&#x73;&#x62;&#x65;&#x77;&#x65;&#x67;&#x74;&#x65;&#x68;&#x61;&#x75;&#x73;&#x2e;&#x64;&#x65;\">info@<span class=\"oe_displaynone\">null<\/span>dasbewegtehaus.de<\/a><\/p>\n\n\t\t<\/div>\n\t<\/div>\n<\/div><\/div><\/div><\/div>\n\t<div class=\"wpb_text_column wpb_content_element\" >\n\t\t<div class=\"wpb_wrapper\">\n\t\t\t<p>Schul- und Ausbildungsleitung, Yogalehrerin, Yogatherapeutin, Yin Yoga Teacher, Klangyoga, Kinderyoga, Holistic Life Coaching, Spirituelle R\u00fcckf\u00fchrungsleiterin, Ayurvedische Massage, Klangmassage, Thai Yoga Massage, Biochemie Studium, Dozentin f\u00fcr Yogalehrerausbildungen des BdfY.<\/p>\n<p>2007 gr\u00fcndete ich gemeinsam mit meinem Mann \u201c<strong>Das Bewegte Haus - Zentrum f\u00fcr Yoga und ganzheitliches Leben\u201c (La casa del movimiento - Centro de yoga y vida integral)\u201c\u00a0<\/strong>Un lugar maravilloso para disfrutar de la vida, la alegr\u00eda de vivir y la salud.<\/p>\n\n\t\t<\/div>\n\t<\/div>\n<div class=\"vc_empty_space\"   style=\"height: 20px\"><span class=\"vc_empty_space_inner\"><\/span><\/div>\n\t<div class=\"wpb_text_column wpb_content_element\" >\n\t\t<div class=\"wpb_wrapper\">\n\t\t\t<h2>Gastdozenten<\/h2>\n\n\t\t<\/div>\n\t<\/div>\n<div class=\"vc_empty_space\"   style=\"height: 20px\"><span class=\"vc_empty_space_inner\"><\/span><\/div><div class=\"vc_row wpb_row vc_inner vc_row-fluid vc_custom_1456260504118\"><div class=\"wpb_column vc_column_container vc_col-sm-4\"><div class=\"vc_column-inner vc_custom_1456260586027\"><div class=\"wpb_wrapper\">\n\t<div  class=\"wpb_single_image wpb_content_element vc_align_left  wpb_animate_when_almost_visible wpb_appear appear vc_custom_1487896260770\">\n\t\t\n\t\t<figure class=\"wpb_wrapper vc_figure\">\n\t\t\t<div class=\"vc_single_image-wrapper   vc_box_border_grey\"><img width=\"200\" height=\"200\" src=\"https:\/\/peter-hess-institute.com\/wp-content\/uploads\/2016\/06\/Remo-Rittiner-klein.jpg\" class=\"vc_single_image-img attachment-full\" alt=\"\" decoding=\"async\" loading=\"lazy\" srcset=\"https:\/\/peter-hess-institute.com\/wp-content\/uploads\/2016\/06\/Remo-Rittiner-klein.jpg 200w, https:\/\/peter-hess-institute.com\/wp-content\/uploads\/2016\/06\/Remo-Rittiner-klein-150x150.jpg 150w, https:\/\/peter-hess-institute.com\/wp-content\/uploads\/2016\/06\/Remo-Rittiner-klein-146x146.jpg 146w, https:\/\/peter-hess-institute.com\/wp-content\/uploads\/2016\/06\/Remo-Rittiner-klein-50x50.jpg 50w, https:\/\/peter-hess-institute.com\/wp-content\/uploads\/2016\/06\/Remo-Rittiner-klein-80x80.jpg 80w, https:\/\/peter-hess-institute.com\/wp-content\/uploads\/2016\/06\/Remo-Rittiner-klein-75x75.jpg 75w, https:\/\/peter-hess-institute.com\/wp-content\/uploads\/2016\/06\/Remo-Rittiner-klein-85x85.jpg 85w, https:\/\/peter-hess-institute.com\/wp-content\/uploads\/2016\/06\/Remo-Rittiner-klein-180x180.jpg 180w\" sizes=\"(max-width: 200px) 100vw, 200px\" \/><\/div>\n\t\t<\/figure>\n\t<\/div>\n<\/div><\/div><\/div><div class=\"wpb_column vc_column_container vc_col-sm-8\"><div class=\"vc_column-inner vc_custom_1456260465408\"><div class=\"wpb_wrapper\">\n\t<div class=\"wpb_text_column wpb_content_element\" >\n\t\t<div class=\"wpb_wrapper\">\n\t\t\t<p><strong><span style=\"color: #ae9d75;\">Ihr Ansprechpartner:<\/span><\/strong><\/p>\n<p>Remo Rittiner<br \/>\nE-Mail:\u00a0 <a href=\"mailto:&#x69;&#x6e;&#x66;&#x6f;&#x40;&#x61;&#x79;&#x75;&#x72;&#x79;&#x6f;&#x67;&#x61;&#x2e;&#x63;&#x68;\">info@<span class=\"oe_displaynone\">null<\/span>ayuryoga.ch<\/a><\/p>\n<p>&nbsp;<\/p>\n\n\t\t<\/div>\n\t<\/div>\n<\/div><\/div><\/div><\/div>\n\t<div class=\"wpb_text_column wpb_content_element\" >\n\t\t<div class=\"wpb_wrapper\">\n\t\t\t<p>Remo Rittiner fund\u00f3 en 1997 la primera escuela de Ayur Yoga en Suiza. En su trabajo combina los ingredientes tradicionales del Yoga y el Ayurveda, mientras que la integraci\u00f3n de la anatom\u00eda occidental es un punto fundamental de su formaci\u00f3n pr\u00e1ctica en Yoga. La pr\u00e1ctica espiritual del Yoga con la reflexi\u00f3n y la meditaci\u00f3n como camino hacia la liberaci\u00f3n es un elemento central de sus seminarios. Es autor de los bestsellers de Yoga \u201eDas gro\u00dfe Yoga-Therapiebuch\u201c y del CD \u201eYoga Meditation\u201c.<\/p>\n\n\t\t<\/div>\n\t<\/div>\n<div class=\"vc_empty_space\"   style=\"height: 32px\"><span class=\"vc_empty_space_inner\"><\/span><\/div><\/div><\/div><\/div><\/div>","protected":false},"excerpt":{"rendered":"Emily Hess\u00ae-Klangyoga Emily Hess\u00ae-Klangyogalehrer Emily Hess\u00ae-Klangyogamaster Emily Hess\u00ae-Gong-Soundyoga Kinderyoga klangvoll gestalten Seminare Alle Termine Klangyoga Emily Hess Klangyoga Team Klangyoga Filme Ihre Ansprechpartner Ihre Ansprechpartnerin: Emily Hess E-Mail: emily.hess@peter-hess-institut.de Leitung Peter Hess\u00ae Institut und Peter Hess\u00ae Zentrum. Studium der Komplement\u00e4ren<span class=\"excerpt-hellip\"> [\u2026]<\/span>","protected":false},"author":1,"featured_media":0,"parent":0,"menu_order":0,"comment_status":"closed","ping_status":"closed","template":"","meta":{"footnotes":""},"acf":[],"_links":{"self":[{"href":"https:\/\/peter-hess-institute.com\/es\/wp-json\/wp\/v2\/pages\/4779"}],"collection":[{"href":"https:\/\/peter-hess-institute.com\/es\/wp-json\/wp\/v2\/pages"}],"about":[{"href":"https:\/\/peter-hess-institute.com\/es\/wp-json\/wp\/v2\/types\/page"}],"author":[{"embeddable":true,"href":"https:\/\/peter-hess-institute.com\/es\/wp-json\/wp\/v2\/users\/1"}],"replies":[{"embeddable":true,"href":"https:\/\/peter-hess-institute.com\/es\/wp-json\/wp\/v2\/comments?post=4779"}],"version-history":[{"count":0,"href":"https:\/\/peter-hess-institute.com\/es\/wp-json\/wp\/v2\/pages\/4779\/revisions"}],"wp:attachment":[{"href":"https:\/\/peter-hess-institute.com\/es\/wp-json\/wp\/v2\/media?parent=4779"}],"curies":[{"name":"wp","href":"https:\/\/api.w.org\/{rel}","templated":true}]}}