{"id":52736,"date":"2021-11-04T11:12:42","date_gmt":"2021-11-04T10:12:42","guid":{"rendered":"http:\/\/peter-hess-institute.com\/?page_id=52736"},"modified":"2022-11-11T10:25:47","modified_gmt":"2022-11-11T09:25:47","slug":"online-seminare-international-events","status":"publish","type":"page","link":"https:\/\/peter-hess-institute.com\/es\/online-seminare-international-events\/","title":{"rendered":"Seminarios Internacionales"},"content":{"rendered":"<div class=\"vc_row wpb_row vc_row-fluid\"><div class=\"wpb_column vc_column_container vc_col-sm-12\"><div class=\"vc_column-inner\"><div class=\"wpb_wrapper\"><div class=\"vc_empty_space\"   style=\"height: 50px\"><span class=\"vc_empty_space_inner\"><\/span><\/div><\/div><\/div><\/div><\/div><div class=\"vc_row wpb_row vc_row-fluid\"><div class=\"wpb_column vc_column_container vc_col-sm-3\"><div class=\"vc_column-inner vc_custom_1456258786515\"><div class=\"wpb_wrapper\"><div  class=\"vc_wp_custommenu wpb_content_element content-menu\"><div class=\"widget widget_nav_menu\"><div class=\"menu-online-seminare-container\"><ul id=\"menu-online-seminare\" class=\"menu\"><li id=\"menu-item-52484\" class=\"menu-item menu-item-type-post_type menu-item-object-page menu-item-52484\"><a href=\"https:\/\/peter-hess-institute.com\/es\/online-seminars\/\">Inicio<\/a><\/li>\n<li id=\"menu-item-52761\" class=\"menu-item menu-item-type-post_type menu-item-object-page menu-item-52761\"><a title=\"Klangmassagenseminare\" href=\"https:\/\/peter-hess-institute.com\/es\/online-seminare-a-z\/\">Seminarios A-Z<\/a><\/li>\n<li id=\"menu-item-52502\" class=\"menu-item menu-item-type-post_type menu-item-object-page menu-item-52502\"><a title=\"Klangmassage Peter Hess\" href=\"https:\/\/peter-hess-institute.com\/es\/online-seminare-klangmassageseminare\/\">Peter Hess\u00ae-Klangmassage<\/a><\/li>\n<li id=\"menu-item-52665\" class=\"menu-item menu-item-type-post_type menu-item-object-page menu-item-52665\"><a title=\"Peter Hess\u00ae-Klangmethoden Weiterbildungsseminare\" href=\"https:\/\/peter-hess-institute.com\/es\/online-weiterbildungen\/\">Seminarios de capacitaci\u00f3n continua<\/a><\/li>\n<li id=\"menu-item-52731\" class=\"menu-item menu-item-type-post_type menu-item-object-page menu-item-52731\"><a title=\"Klangyoga | Emily Hess\" href=\"https:\/\/peter-hess-institute.com\/es\/online-seminare-klangyoga\/\">Emily Hess\u00ae-Klangyoga<\/a><\/li>\n<li id=\"menu-item-60453\" class=\"menu-item menu-item-type-custom menu-item-object-custom menu-item-60453\"><a target=\"_blank\" rel=\"noopener\" href=\"https:\/\/www.fachverband-klang.de\/aktuelles\/4th-international-sound-symposium-2023\/\">Intern. Simposio sobre el sonido 07.05.2023<\/a><\/li>\n<li id=\"menu-item-63934\" class=\"menu-item menu-item-type-custom menu-item-object-custom menu-item-63934\"><a href=\"https:\/\/www.klangkongress.de\/\">Videoconferencia como v\u00eddeo a la carta<\/a><\/li>\n<li id=\"menu-item-57126\" class=\"menu-item menu-item-type-post_type menu-item-object-page menu-item-57126\"><a href=\"https:\/\/peter-hess-institute.com\/es\/online-events\/\">Eventos en l\u00ednea gratuitos<\/a><\/li>\n<\/ul><\/div><\/div><\/div><\/div><\/div><\/div><div class=\"wpb_column vc_column_container vc_col-sm-8\"><div class=\"vc_column-inner\"><div class=\"wpb_wrapper\"><div class=\"vc_row wpb_row vc_inner vc_row-fluid\"><div class=\"wpb_column vc_column_container vc_col-sm-6\"><div class=\"vc_column-inner\"><div class=\"wpb_wrapper\">\n\t<div class=\"wpb_text_column wpb_content_element\" >\n\t\t<div class=\"wpb_wrapper\">\n\t\t\t<h2>Seminarios Internacionales<\/h2>\n\n\t\t<\/div>\n\t<\/div>\n\n\t<div class=\"wpb_text_column wpb_content_element\" >\n\t\t<div class=\"wpb_wrapper\">\n\t\t\t<p class=\"\">Con el masaje sonoro Peter Hess\u00ae, usted se decide por el original, un m\u00e9todo de relajaci\u00f3n altamente eficaz, que el ingeniero diplomado en Tecnolog\u00eda F\u00edsica, Peter Hess, desarroll\u00f3 hace m\u00e1s de 30 a\u00f1os. Los resultados positivos condujeron a un r\u00e1pido perfeccionamiento de su m\u00e9todo. Hoy en d\u00eda se utiliza en los campos del bienestar \/ relajaci\u00f3n, la terapia de sonido y la pedagog\u00eda del sonido.<\/p>\n<p class=\"\">Asista a seminarios sobre el masaje con sonido y aprenda el m\u00e9todo en la escuela de Peter Hess en Alemania o experimente el masaje con sonido en una de las 22 academias Peter Hess\u00ae repartidas por todo el mundo.<\/p>\n<p class=\"\">Peter impartir\u00e1 las clases principalmente en alem\u00e1n, con traducci\u00f3n al ingl\u00e9s a cargo de profesores cualificados del m\u00e9todo Peter Hess\u00ae.<\/p>\n\n\t\t<\/div>\n\t<\/div>\n<\/div><\/div><\/div><div class=\"wpb_column vc_column_container vc_col-sm-6\"><div class=\"vc_column-inner\"><div class=\"wpb_wrapper\"><div class=\"vc_empty_space\"   style=\"height: 32px\"><span class=\"vc_empty_space_inner\"><\/span><\/div>\n\t<div  class=\"wpb_single_image wpb_content_element vc_align_left\">\n\t\t\n\t\t<figure class=\"wpb_wrapper vc_figure\">\n\t\t\t<div class=\"vc_single_image-wrapper   vc_box_border_grey\"><img class=\"vc_single_image-img\" src=\"https:\/\/peter-hess-institute.com\/wp-content\/uploads\/2020\/11\/DSC01227-2-scaled-300x375.jpg\" width=\"300\" height=\"375\" alt=\"DSC01227-2\" title=\"DSC01227-2\" \/><\/div>\n\t\t<\/figure>\n\t<\/div>\n<\/div><\/div><\/div><\/div><div class=\"vc_separator wpb_content_element vc_separator_align_center vc_sep_width_100 vc_sep_pos_align_center vc_separator_no_text vc_sep_color_grey\" ><span class=\"vc_sep_holder vc_sep_holder_l\"><span  class=\"vc_sep_line\"><\/span><\/span><span class=\"vc_sep_holder vc_sep_holder_r\"><span  class=\"vc_sep_line\"><\/span><\/span>\n<\/div><div class=\"vc_row wpb_row vc_inner vc_row-fluid\"><div class=\"wpb_column vc_column_container vc_col-sm-4\"><div class=\"vc_column-inner\"><div class=\"wpb_wrapper\">\n\t<div class=\"wpb_text_column wpb_content_element\" >\n\t\t<div class=\"wpb_wrapper\">\n\t\t\t<h2>Seminario en l\u00ednea<\/h2>\n\n\t\t<\/div>\n\t<\/div>\n<div class=\"vc_btn3-container vc_btn3-inline\" ><a style=\"background-color:#9a8868; color:#ffffff;\" class=\"vc_general vc_btn3 vc_btn3-size-lg vc_btn3-shape-rounded vc_btn3-style-custom\" href=\"http:\/\/peter-hess-institute.com\/es\/klik1-online-seminar-english\/\" title=\"KliK\u00ae1 &quot;Cuencos Cantores - Tocar y aprender utilizando todos los sentidos&quot;\">KliK\u00ae1 \"Cuencos Cantores - Tocar y aprender utilizando todos los sentidos\"<\/a><\/div><\/div><\/div><\/div><div class=\"wpb_column vc_column_container vc_col-sm-4\"><div class=\"vc_column-inner\"><div class=\"wpb_wrapper\"><div class=\"vc_empty_space\"   style=\"height: 35px\"><span class=\"vc_empty_space_inner\"><\/span><\/div><div class=\"vc_btn3-container vc_btn3-inline\" ><a style=\"background-color:#9a8868; color:#ffffff;\" class=\"vc_general vc_btn3 vc_btn3-size-lg vc_btn3-shape-rounded vc_btn3-style-custom\" href=\"http:\/\/peter-hess-institute.com\/es\/klik-online-seminar-sound-massage-with-children\/\" title=\"KliK\u00ae Seminario en l\u00ednea Masaje sonoro con ni\u00f1os\">Masaje KliK\u00ae Sound con ni\u00f1os<\/a><\/div><\/div><\/div><\/div><div class=\"wpb_column vc_column_container vc_col-sm-4\"><div class=\"vc_column-inner\"><div class=\"wpb_wrapper\"><div class=\"vc_empty_space\"   style=\"height: 35px\"><span class=\"vc_empty_space_inner\"><\/span><\/div><div class=\"vc_btn3-container vc_btn3-inline\" ><a style=\"background-color:#9a8868; color:#ffffff;\" class=\"vc_general vc_btn3 vc_btn3-size-lg vc_btn3-shape-rounded vc_btn3-style-custom\" href=\"http:\/\/peter-hess-institute.com\/es\/sound-massage-level-1-online-seminar\/\" title=\"Seminario en L\u00ednea de Masaje Sonoro Nivel 1\">Seminario en L\u00ednea de Masaje Sonoro Nivel 1<\/a><\/div><\/div><\/div><\/div><\/div><\/div><\/div><\/div><div class=\"wpb_column vc_column_container vc_col-sm-1\"><div class=\"vc_column-inner\"><div class=\"wpb_wrapper\"><\/div><\/div><\/div><\/div>","protected":false},"excerpt":{"rendered":"Start Seminare A-Z Peter Hess\u00ae-Klangmassage Weiterbildungsseminare Emily Hess\u00ae-Klangyoga Intern. Sound Symposium 07.05.2023 Klangkongresse als Video-on-demand Kostenfreie Online-Events International Seminars With the Peter Hess\u00ae sound massage, you decide for the original, a highly effective relaxation method, which Dipl.-Ing. For Physical Technology,<span class=\"excerpt-hellip\"> [\u2026]<\/span>","protected":false},"author":1,"featured_media":0,"parent":0,"menu_order":0,"comment_status":"closed","ping_status":"closed","template":"","meta":{"footnotes":""},"acf":[],"_links":{"self":[{"href":"https:\/\/peter-hess-institute.com\/es\/wp-json\/wp\/v2\/pages\/52736"}],"collection":[{"href":"https:\/\/peter-hess-institute.com\/es\/wp-json\/wp\/v2\/pages"}],"about":[{"href":"https:\/\/peter-hess-institute.com\/es\/wp-json\/wp\/v2\/types\/page"}],"author":[{"embeddable":true,"href":"https:\/\/peter-hess-institute.com\/es\/wp-json\/wp\/v2\/users\/1"}],"replies":[{"embeddable":true,"href":"https:\/\/peter-hess-institute.com\/es\/wp-json\/wp\/v2\/comments?post=52736"}],"version-history":[{"count":0,"href":"https:\/\/peter-hess-institute.com\/es\/wp-json\/wp\/v2\/pages\/52736\/revisions"}],"wp:attachment":[{"href":"https:\/\/peter-hess-institute.com\/es\/wp-json\/wp\/v2\/media?parent=52736"}],"curies":[{"name":"wp","href":"https:\/\/api.w.org\/{rel}","templated":true}]}}