{"id":70282,"date":"2024-03-20T11:04:49","date_gmt":"2024-03-20T10:04:49","guid":{"rendered":"http:\/\/peter-hess-institute.com\/?page_id=70282"},"modified":"2024-03-20T11:04:49","modified_gmt":"2024-03-20T10:04:49","slug":"anmeldung-newsletter-mailchimp","status":"publish","type":"page","link":"https:\/\/peter-hess-institute.com\/es\/anmeldung-newsletter-mailchimp\/","title":{"rendered":"Suscripci\u00f3n Newsletter Mailchimp"},"content":{"rendered":"<div class=\"vc_row wpb_row vc_row-fluid\"><div class=\"wpb_column vc_column_container vc_col-sm-12\"><div class=\"vc_column-inner\"><div class=\"wpb_wrapper\"><div class=\"vc_empty_space\"   style=\"height: 55px\"><span class=\"vc_empty_space_inner\"><\/span><\/div>\n\t<div class=\"wpb_raw_code wpb_content_element wpb_raw_html\" >\n\t\t<div class=\"wpb_wrapper\">\n\t\t\t<div id=\"mc_embed_shell\">\n      <link href=\"\/\/cdn-images.mailchimp.com\/embedcode\/classic-061523.css\" rel=\"stylesheet\" type=\"text\/css\">\n  <style type=\"text\/css\">\n        #mc_embed_signup{background:#FCFCFC; false;clear:left; font:14px Helvetica,Arial,sans-serif; width: 600px;}\n        \/* Add your own Mailchimp form style overrides in your site stylesheet or in this style block.\n           We recommend moving this block and the preceding CSS link to the HEAD of your HTML file. *\/\n<\/style><style type=\"text\/css\">\n        #mc-embedded-subscribe-form input[type=checkbox]{display: inline; width: auto;margin-right: 10px;}\n#mergeRow-gdpr {margin-top: 20px;}\n#mergeRow-gdpr fieldset label {font-weight: normal;}\n#mc-embedded-subscribe-form .mc_fieldset{border:1px solid #777777;padding:10px;margin-bottom:10px;min-height: 0px;padding-bottom:0px;}\n<\/style>\n<div id=\"mc_embed_signup\">\n    <form action=\"https:\/\/peter-hess-institut.us18.list-manage.com\/subscribe\/post?u=66fe8e88650b08d08a29f0073&amp;id=0450838d26&amp;v_id=5914&amp;f_id=008d98e6f0\" method=\"post\" id=\"mc-embedded-subscribe-form\" name=\"mc-embedded-subscribe-form\" class=\"validate\" target=\"_blank\">\n        <div id=\"mc_embed_signup_scroll\"><h2 style=\"font-size:30px;\">Anmeldung f\u00fcr unseren Newsletter<\/h2>\n            <div class=\"indicates-required\"><span class=\"asterisk\">*<\/span> Pflichtfelder<\/div>\n            <div class=\"mc-field-group\"><label for=\"mce-EMAIL\">E-Mail-Addresse <span class=\"asterisk\">*<\/span><\/label><input type=\"email\" name=\"EMAIL\" class=\"required email\" id=\"mce-EMAIL\" required=\"\" value=\"\"><span id=\"mce-EMAIL-HELPERTEXT\" class=\"helper_text\"><\/span><\/div><div class=\"mc-field-group\"><label for=\"mce-FNAME\">Vorname <\/label><input type=\"text\" name=\"FNAME\" class=\" text\" id=\"mce-FNAME\" value=\"\"><\/div><div class=\"mc-field-group\"><label for=\"mce-LNAME\">Nachname <\/label><input type=\"text\" name=\"LNAME\" class=\" text\" id=\"mce-LNAME\" value=\"\"><\/div><div id=\"mergeRow-gdpr\" class=\"mergeRow gdpr-mergeRow content__gdprBlock mc-field-group\"><div class=\"content__gdpr\"><label>Erlaubnis zum Marketing<\/label><p>Peter Hess\u00ae Institut wird die Informationen, die Sie in diesem Formular angeben, dazu verwenden, mit Ihnen in Kontakt zu bleiben und um Ihnen Updates und Marketing-Informationen zu \u00fcbermitteln.<\/p><fieldset class=\"mc_fieldset gdprRequired mc-field-group\" name=\"interestgroup_field\" style=\"border: 1px solid #777777;padding:5px;\"><label class=\"checkbox subfield\" for=\"gdpr102265\"><input type=\"checkbox\" id=\"gdpr_102265\" name=\"gdpr[102265]\" class=\"gdpr\" value=\"Y\"><span> Ich bin damit einverstanden, dass das Peter Hess\u00ae Institut mich zu Seminaren, Aktionen und Werbeinfos kontaktiert. Diese Einwilligung kann ich jederzeit im Newsletter widerrufen. Mehr Informationen finden Sie in unseren <a href=\"https:\/\/www.peter-hess-institut.de\/datenschutz\/\">Datenschutzbestimmungen.<\/a> <\/span><\/label><\/fieldset><p>Wir sch\u00fctzen und respektieren Ihre Privatsph\u00e4re. Wir verwenden Ihre pers\u00f6nlichen Daten zur Bereitstellung der von Ihnen angeforderten Produkte und Dienstleistungen. Von Zeit zu Zeit m\u00f6chten wir Sie \u00fcber unsere Produkte und Dienstleistungen sowie andere Inhalte, die f\u00fcr Sie von Interesse sein k\u00f6nnten, informieren.<\/p><\/div><div class=\"content__gdprLegal\"><p>Wir verwenden Mailchimp als unsere Marketingplattform. Wenn Sie unten klicken, um sich anzumelden, erkl\u00e4ren Sie sich damit einverstanden, dass Ihre Daten zur Verarbeitung an Mailchimp \u00fcbermittelt werden. <a href=\"https:\/\/mailchimp.com\/legal\/terms\">Lernen Sie mehr<\/a> \u00fcber Mailchimps Privatsph\u00e4reeinstellungen.<\/p><\/div><\/div>\n        <div id=\"mce-responses\" class=\"clear\">\n            <div class=\"response\" id=\"mce-error-response\" style=\"display: none;\"><\/div>\n            <div class=\"response\" id=\"mce-success-response\" style=\"display: none;\"><\/div>\n        <\/div><div aria-hidden=\"true\" style=\"position: absolute; left: -5000px;\"><input type=\"text\" name=\"b_66fe8e88650b08d08a29f0073_0450838d26\" tabindex=\"-1\" value=\"\"><\/div><div class=\"clear\"><input type=\"submit\" name=\"subscribe\" id=\"mc-embedded-subscribe\" class=\"button\" value=\"Anmelden\"><\/div>\n    <\/div>\n<\/form>\n<\/div>\n<script type=\"text\/javascript\" src=\"\/\/s3.amazonaws.com\/downloads.mailchimp.com\/js\/mc-validate.js\"><\/script><script type=\"text\/javascript\">(function($) {window.fnames = new Array(); window.ftypes = new Array();fnames[0]='EMAIL';ftypes[0]='email';fnames[1]='FNAME';ftypes[1]='text';fnames[2]='LNAME';ftypes[2]='text';fnames[3]='ADDRESS';ftypes[3]='address';fnames[4]='PHONE';ftypes[4]='phone';}(jQuery));var $mcj = jQuery.noConflict(true);<\/script><\/div>\n\t\t<\/div>\n\t<\/div>\n<\/div><\/div><\/div><\/div>","protected":false},"excerpt":{"rendered":"Anmeldung f\u00fcr unseren Newsletter * Pflichtfelder E-Mail-Addresse *Vorname Nachname Erlaubnis zum MarketingPeter Hess\u00ae Institut wird die Informationen, die Sie in diesem Formular angeben, dazu verwenden, mit Ihnen in Kontakt zu bleiben und um Ihnen Updates und Marketing-Informationen zu \u00fcbermitteln. Ich<span class=\"excerpt-hellip\"> [\u2026]<\/span>","protected":false},"author":1,"featured_media":0,"parent":0,"menu_order":0,"comment_status":"closed","ping_status":"closed","template":"","meta":{"footnotes":""},"acf":[],"_links":{"self":[{"href":"https:\/\/peter-hess-institute.com\/es\/wp-json\/wp\/v2\/pages\/70282"}],"collection":[{"href":"https:\/\/peter-hess-institute.com\/es\/wp-json\/wp\/v2\/pages"}],"about":[{"href":"https:\/\/peter-hess-institute.com\/es\/wp-json\/wp\/v2\/types\/page"}],"author":[{"embeddable":true,"href":"https:\/\/peter-hess-institute.com\/es\/wp-json\/wp\/v2\/users\/1"}],"replies":[{"embeddable":true,"href":"https:\/\/peter-hess-institute.com\/es\/wp-json\/wp\/v2\/comments?post=70282"}],"version-history":[{"count":0,"href":"https:\/\/peter-hess-institute.com\/es\/wp-json\/wp\/v2\/pages\/70282\/revisions"}],"wp:attachment":[{"href":"https:\/\/peter-hess-institute.com\/es\/wp-json\/wp\/v2\/media?parent=70282"}],"curies":[{"name":"wp","href":"https:\/\/api.w.org\/{rel}","templated":true}]}}