{"id":75975,"date":"2025-02-27T11:41:59","date_gmt":"2025-02-27T10:41:59","guid":{"rendered":"http:\/\/peter-hess-institute.com\/?page_id=75975"},"modified":"2025-08-12T10:17:27","modified_gmt":"2025-08-12T08:17:27","slug":"supervised-training-sound-massages","status":"publish","type":"page","link":"https:\/\/peter-hess-institute.com\/es\/supervised-training-sound-massages\/","title":{"rendered":"Masaje sonoro de formaci\u00f3n"},"content":{"rendered":"<h3 data-start=\"217\" data-end=\"255\"><\/h3>\n<h3 data-start=\"217\" data-end=\"255\"><\/h3>\n<h3 data-start=\"217\" data-end=\"255\"><\/h3>\n<h3 data-start=\"217\" data-end=\"255\">Entrenamiento supervisado Masajes sonoros<\/h3>\n<p data-start=\"257\" data-end=\"608\">Como parte de la formaci\u00f3n de Peter Hess\u00ae Sound Massage, todos los participantes deben recibir tres masajes sonoros de formaci\u00f3n supervisados de <strong data-start=\"395\" data-end=\"437\">profesionales certificados y autorizados<\/strong>. Estas sesiones deben tener lugar durante los tres meses entre el <strong data-start=\"506\" data-end=\"526\">Curso intensivo<\/strong> o el <strong data-start=\"534\" data-end=\"564\">M\u00f3dulo Klangmassage III+IV<\/strong> y el <strong data-start=\"573\" data-end=\"607\">Seminario final con supervisi\u00f3n<\/strong>.<\/p>\n<p data-start=\"610\" data-end=\"761\">El prop\u00f3sito es experimentar de primera mano masajes sonoros de relajaci\u00f3n de alta calidad, profundizando en la comprensi\u00f3n del m\u00e9todo desde la perspectiva del cliente.<\/p>\n<p data-start=\"763\" data-end=\"969\">Al final de esta p\u00e1gina puede descargarse una lista de profesionales autorizados, ordenados por c\u00f3digo postal. Tambi\u00e9n puede descargar el formulario necesario para documentar la realizaci\u00f3n de las sesiones supervisadas.<\/p>\n<p data-start=\"971\" data-end=\"1134\">Si desea informaci\u00f3n sobre los masajes supervisados o si tiene dificultades para encontrar profesionales adecuados, p\u00f3ngase en contacto con el Instituto Peter Hess\u00ae:<\/p>\n<p data-start=\"1136\" data-end=\"1211\">\ud83d\udce7 Correo electr\u00f3nico: <a class=\"\" href=\"mailto:&#x69;&#x6e;&#x66;&#x6f;&#x40;&#x70;&#x65;&#x74;&#x65;&#x72;&#x2d;&#x68;&#x65;&#x73;&#x73;&#x2d;&#x69;&#x6e;&#x73;&#x74;&#x69;&#x74;&#x75;&#x74;&#x2e;&#x64;&#x65;\" rel=\"noopener\" data-start=\"1146\" data-end=\"1211\">info@<span class=\"oe_displaynone\">null<\/span>peter-hess-institut.de<\/a><\/p>\n<hr data-start=\"1213\" data-end=\"1216\" \/>\n<h3 data-start=\"1218\" data-end=\"1278\">Criterios est\u00e1ndar para la formaci\u00f3n supervisada Masajes sonoros<\/h3>\n<p data-start=\"1280\" data-end=\"1377\">Para mantener nuestros elevados niveles de calidad, estos criterios se aplican a todas las sesiones de formaci\u00f3n supervisada:<\/p>\n<ul data-start=\"1379\" data-end=\"1812\">\n<li data-start=\"1379\" data-end=\"1407\">\n<p data-start=\"1381\" data-end=\"1407\"><strong data-start=\"1381\" data-end=\"1394\">Duraci\u00f3n:<\/strong> 90 minutos<\/p>\n<\/li>\n<li data-start=\"1408\" data-end=\"1458\">\n<p data-start=\"1410\" data-end=\"1458\"><strong data-start=\"1410\" data-end=\"1418\">Tasa:<\/strong> 75 euros (tarifa uniforme en toda Alemania)<\/p>\n<\/li>\n<li data-start=\"1459\" data-end=\"1812\">\n<p data-start=\"1461\" data-end=\"1474\"><strong data-start=\"1461\" data-end=\"1474\">Incluido:<\/strong><\/p>\n<ul data-start=\"1477\" data-end=\"1812\">\n<li data-start=\"1477\" data-end=\"1505\">\n<p data-start=\"1479\" data-end=\"1505\">Consulta previa a la sesi\u00f3n<\/p>\n<\/li>\n<li data-start=\"1508\" data-end=\"1573\">\n<p data-start=\"1510\" data-end=\"1573\">Masaje sonoro Peter Hess\u00ae individualizado (aprox. 45 minutos)<\/p>\n<\/li>\n<li data-start=\"1576\" data-end=\"1646\">\n<p data-start=\"1578\" data-end=\"1646\">Uso de los cuencos tibetanos terap\u00e9uticos originales de Peter Hess\u00ae (juego de 3 cuencos)<\/p>\n<\/li>\n<li data-start=\"1649\" data-end=\"1691\">\n<p data-start=\"1651\" data-end=\"1691\">Reflexi\u00f3n y debate posteriores a la sesi\u00f3n<\/p>\n<\/li>\n<li data-start=\"1694\" data-end=\"1743\">\n<p data-start=\"1696\" data-end=\"1743\">Utilizaci\u00f3n de una hoja de planificaci\u00f3n\/reflexi\u00f3n (opcional)<\/p>\n<\/li>\n<li data-start=\"1746\" data-end=\"1812\">\n<p data-start=\"1748\" data-end=\"1812\">Oportunidad de formular preguntas de seguimiento dentro de un margen razonable<\/p>\n<\/li>\n<\/ul>\n<\/li>\n<\/ul>\n<hr data-start=\"1814\" data-end=\"1817\" \/>\n<ul data-start=\"1819\" data-end=\"2021\">\n<li data-start=\"1819\" data-end=\"1875\">\n<p data-start=\"1821\" data-end=\"1875\"><a class=\"\" href=\"#\" rel=\"noopener\" data-start=\"1821\" data-end=\"1873\">Descargar la lista de profesionales autorizados (PDF)<\/a><\/p>\n<\/li>\n<li data-start=\"1876\" data-end=\"1950\">\n<p data-start=\"1878\" data-end=\"1950\"><a class=\"\" href=\"#\" rel=\"noopener\" data-start=\"1878\" data-end=\"1948\">Descargar el formulario de confirmaci\u00f3n para sesiones de formaci\u00f3n supervisada (PDF)<\/a><\/p>\n<\/li>\n<li data-start=\"1951\" data-end=\"2021\">\n<p data-start=\"1953\" data-end=\"2021\"><a class=\"\" href=\"#\" rel=\"noopener\" data-start=\"1953\" data-end=\"2019\">Descargar el formulario de evaluaci\u00f3n de las sesiones de formaci\u00f3n supervisada (PDF)<\/a><\/p>\n<\/li>\n<\/ul>\n<p data-start=\"2023\" data-end=\"2078\">Si desea m\u00e1s informaci\u00f3n, p\u00f3ngase en contacto con <a class=\"\" href=\"#\" rel=\"noopener\" data-start=\"2062\" data-end=\"2077\">pulse aqu\u00ed<\/a>.<\/p>\n<p><!-- \/wp:paragraph --><\/p>","protected":false},"excerpt":{"rendered":"<p>Supervised Training Sound Massages As part of the Peter Hess\u00ae Sound Massage training, all participants are required to receive three supervised training sound massages from certified and authorized practitioners. These sessions must take place during the three months between the<span class=\"excerpt-hellip\"> [\u2026]<\/span><\/p>\n","protected":false},"author":75,"featured_media":0,"parent":0,"menu_order":0,"comment_status":"closed","ping_status":"closed","template":"","meta":{"footnotes":""},"acf":[],"_links":{"self":[{"href":"https:\/\/peter-hess-institute.com\/es\/wp-json\/wp\/v2\/pages\/75975"}],"collection":[{"href":"https:\/\/peter-hess-institute.com\/es\/wp-json\/wp\/v2\/pages"}],"about":[{"href":"https:\/\/peter-hess-institute.com\/es\/wp-json\/wp\/v2\/types\/page"}],"author":[{"embeddable":true,"href":"https:\/\/peter-hess-institute.com\/es\/wp-json\/wp\/v2\/users\/75"}],"replies":[{"embeddable":true,"href":"https:\/\/peter-hess-institute.com\/es\/wp-json\/wp\/v2\/comments?post=75975"}],"version-history":[{"count":0,"href":"https:\/\/peter-hess-institute.com\/es\/wp-json\/wp\/v2\/pages\/75975\/revisions"}],"wp:attachment":[{"href":"https:\/\/peter-hess-institute.com\/es\/wp-json\/wp\/v2\/media?parent=75975"}],"curies":[{"name":"wp","href":"https:\/\/api.w.org\/{rel}","templated":true}]}}