{"id":10506,"date":"2016-10-16T16:18:53","date_gmt":"2016-10-16T14:18:53","guid":{"rendered":"http:\/\/peter-hess-institute.com\/?page_id=10506"},"modified":"2020-06-22T12:28:53","modified_gmt":"2020-06-22T10:28:53","slug":"klangyoga-startseite-2","status":"publish","type":"page","link":"https:\/\/peter-hess-institute.com\/fr\/klangyoga-startseite-2\/","title":{"rendered":"Klangyoga Startseite"},"content":{"rendered":"<div class=\"vc_row wpb_row vc_row-fluid\"><div class=\"wpb_column vc_column_container vc_col-sm-12\"><div class=\"vc_column-inner\"><div class=\"wpb_wrapper\"><div class=\"vc_empty_space\"   style=\"height: 50px\"><span class=\"vc_empty_space_inner\"><\/span><\/div><\/div><\/div><\/div><\/div><div class=\"vc_row wpb_row vc_row-fluid\"><div class=\"wpb_column vc_column_container vc_col-sm-3\"><div class=\"vc_column-inner vc_custom_1456258786515\"><div class=\"wpb_wrapper\"><div  class=\"vc_wp_custommenu wpb_content_element content-menu\"><div class=\"widget widget_nav_menu\"><div class=\"menu-emily-hess-klangyoga-container\"><ul id=\"menu-emily-hess-klangyoga\" class=\"menu\"><li id=\"menu-item-11099\" class=\"menu-item menu-item-type-post_type menu-item-object-page menu-item-11099\"><a href=\"https:\/\/peter-hess-institute.com\/fr\/klangyoga-startseite-2\/\">Emily Hess<sup>\u00ae<\/sup>-Klangyoga<\/a><\/li>\n<li id=\"menu-item-17291\" class=\"menu-item menu-item-type-post_type menu-item-object-page menu-item-17291\"><a href=\"https:\/\/peter-hess-institute.com\/fr\/sound-yoga-teachertraining\/\">Emily Hess\u00ae-Klangyogalehrer<\/a><\/li>\n<li id=\"menu-item-54090\" class=\"menu-item menu-item-type-post_type menu-item-object-page menu-item-54090\"><a href=\"https:\/\/peter-hess-institute.com\/fr\/?page_id=53383\">Emily Hess\u00ae-Klangyogamaster<\/a><\/li>\n<li id=\"menu-item-20588\" class=\"menu-item menu-item-type-post_type menu-item-object-page menu-item-20588\"><a href=\"https:\/\/peter-hess-institute.com\/fr\/emily-hess-gongyoga\/\">Emily Hess\u00ae-Gong-Soundyoga<\/a><\/li>\n<li id=\"menu-item-44033\" class=\"menu-item menu-item-type-post_type menu-item-object-page menu-item-44033\"><a href=\"https:\/\/peter-hess-institute.com\/fr\/?page_id=44025\">Kinderyoga klangvoll gestalten<\/a><\/li>\n<li id=\"menu-item-11100\" class=\"menu-item menu-item-type-post_type menu-item-object-page menu-item-11100\"><a href=\"https:\/\/peter-hess-institute.com\/fr\/seminare-emily-hess-klangyoga\/\">Seminare<\/a><\/li>\n<li id=\"menu-item-14577\" class=\"menu-item menu-item-type-post_type menu-item-object-page menu-item-14577\"><a href=\"https:\/\/peter-hess-institute.com\/fr\/klangyoga-termine\/\">Alle Termine Klangyoga<\/a><\/li>\n<li id=\"menu-item-11101\" class=\"menu-item menu-item-type-post_type menu-item-object-page menu-item-11101\"><a href=\"https:\/\/peter-hess-institute.com\/fr\/emily-hess\/\">Emily Hess<\/a><\/li>\n<li id=\"menu-item-11103\" class=\"menu-item menu-item-type-post_type menu-item-object-page menu-item-11103\"><a href=\"https:\/\/peter-hess-institute.com\/fr\/klangyoga-team\/\">Klangyoga Team<\/a><\/li>\n<li id=\"menu-item-11104\" class=\"menu-item menu-item-type-post_type menu-item-object-page menu-item-11104\"><a href=\"https:\/\/peter-hess-institute.com\/fr\/klangyoga-filme\/\">Klangyoga Filme<\/a><\/li>\n<\/ul><\/div><\/div><\/div><\/div><\/div><\/div><div class=\"wpb_column vc_column_container vc_col-sm-1\"><div class=\"vc_column-inner\"><div class=\"wpb_wrapper\"><\/div><\/div><\/div><div class=\"wpb_column vc_column_container vc_col-sm-8\"><div class=\"vc_column-inner\"><div class=\"wpb_wrapper\">\n\t<div class=\"wpb_text_column wpb_content_element  vc_custom_1477672000339\" >\n\t\t<div class=\"wpb_wrapper\">\n\t\t\t<h2>Emily Hess<em><sup>\u00ae<\/sup><\/em>-Klangyoga<\/h2>\n\n\t\t<\/div>\n\t<\/div>\n\n\t<div class=\"wpb_text_column wpb_content_element\" >\n\t\t<div class=\"wpb_wrapper\">\n\t\t\t<p><em>Sich im Klang von Klangschalen, Gongs und Mantren zu bewegen, ganz sanft auf sich selber h\u00f6rend, ist eine tiefe Begegnung mit sich selbst. Menschen mit Klang auf k\u00f6rperlicher, emotionaler und geistiger Ebene anzusprechen, ist das Anliegen des Emily Hess<sup>\u00ae<\/sup>-Klangyogas.<\/em><\/p>\n\n\t\t<\/div>\n\t<\/div>\n\n\t<div  class=\"wpb_single_image wpb_content_element vc_align_left  vc_custom_1477672036666\">\n\t\t\n\t\t<figure class=\"wpb_wrapper vc_figure\">\n\t\t\t<div class=\"vc_single_image-wrapper   vc_box_border_grey\"><img width=\"800\" height=\"320\" src=\"https:\/\/peter-hess-institute.com\/wp-content\/uploads\/2016\/06\/klangyoga_quer_0002_3.jpg\" class=\"vc_single_image-img attachment-full\" alt=\"\" decoding=\"async\" loading=\"lazy\" srcset=\"https:\/\/peter-hess-institute.com\/wp-content\/uploads\/2016\/06\/klangyoga_quer_0002_3.jpg 800w, https:\/\/peter-hess-institute.com\/wp-content\/uploads\/2016\/06\/klangyoga_quer_0002_3-300x120.jpg 300w, https:\/\/peter-hess-institute.com\/wp-content\/uploads\/2016\/06\/klangyoga_quer_0002_3-768x307.jpg 768w, https:\/\/peter-hess-institute.com\/wp-content\/uploads\/2016\/06\/klangyoga_quer_0002_3-260x104.jpg 260w, https:\/\/peter-hess-institute.com\/wp-content\/uploads\/2016\/06\/klangyoga_quer_0002_3-50x20.jpg 50w, https:\/\/peter-hess-institute.com\/wp-content\/uploads\/2016\/06\/klangyoga_quer_0002_3-150x60.jpg 150w\" sizes=\"(max-width: 800px) 100vw, 800px\" \/><\/div>\n\t\t<\/figure>\n\t<\/div>\n<div class=\"vc_empty_space\"   style=\"height: 5px\"><span class=\"vc_empty_space_inner\"><\/span><\/div>\n\t<div class=\"wpb_text_column wpb_content_element\" >\n\t\t<div class=\"wpb_wrapper\">\n\t\t\t<blockquote>\n<p style=\"text-align: center;\"><strong>Wir werden nicht aufh\u00f6ren zu entdecken.<\/strong><br \/>\n<strong>Und am Ende all unseres Entdeckens<\/strong><br \/>\n<strong>werden wir dort anlangen,<\/strong><br \/>\n<strong>wo wir ausgezogen sind<\/strong><br \/>\n<strong>und werden zum ersten Mal<\/strong><br \/>\n<strong>den Ort erkennen.<\/strong><br \/>\n(T.S. Elliot)<\/p>\n<\/blockquote>\n<p>In jedem Menschen gibt es einen Kern, der unverletzlich und vollkommen ist. Damit werden wir geboren. Allerdings entfernen wir uns im Verlauf unseres Lebens immer mehr davon, bedingt durch individuelle Erfahrungen und soziale und kulturelle Einfl\u00fcsse. Sichtbar wird diese Ver\u00e4nderung auch im K\u00f6rper, wo sie sich in einer bestimmten Haltung \u2013 K\u00f6rperhaltung ausdr\u00fcckt. Wir verspannen uns, spalten uns von uns ab und verlieren den Kontakt zu uns selbst. Dadurch entfernen wir uns immer mehr von unserem eigentlichen Kern und entwickeln eine Illusion unserer selbst. Buddha bezeichnete dies als \u201eMaja\u201c, als grundlegende T\u00e4uschung.<\/p>\n<p>Trotzdem tragen wir Zeit unseres Lebens eine <strong>ungestillte Sehnsucht nach Verbundenheit mit diesem Kern in uns<\/strong>. Wir glauben, diese Sehnsucht durch Dinge oder Menschen stillen zu k\u00f6nnen. Unterschwellig ist diese Verbundenheit mit unserem Kern zwar vorhanden, kann aber von vielen nicht bewu\u00dft erlebt werden.<\/p>\n<p>Im Laufe der letzten 30 Jahre konnte ich immer wieder erleben, dass Kl\u00e4nge den Menschen auf so tiefe und besondere Art und Weise ansprechen, wie es andere Eindr\u00fccke kaum verm\u00f6gen. Sie bringen uns wieder mit unserem eigenen Kern in Kontakt und f\u00fchren dazu, dass wir unser eigenes Sein neu erfahren. Wir finden <strong>zur\u00fcck zum eigenen inneren Rhythmus<\/strong>, um ihn dann umzusetzen in einen gelebten, gesunden Rhythmus im Au\u00dfen. Dies wird h\u00e4ufig als ein Beginn der Heilsamkeit erfahren. Zu diesem wichtigen Ziel habe ich das Emily Hess<sup>\u00ae<\/sup>&#8211; Klangyoga entwickelt.<!--more--><\/p>\n<p>In unseren Yogastunden werden <strong>Klangschalen<\/strong>, <strong>Gongs und Mantren<\/strong> eingesetzt und inspirieren den Menschen, mit Leichtigkeit und Freude loszulassen.<\/p>\n<p>Die <strong>Verbindung von Yoga-Klangmeditation, Yoga-Klangmassage und Yoga-Klangentspannung<\/strong> macht das Klangyoga zu einem freudvollen und leichten Erlebnis. Die Teilnehmer werden eingeladen, tief in die Asana hinein zu entspannen, um so mehr Gef\u00fchl f\u00fcr die Bed\u00fcrfnisse des eigenen K\u00f6rpers zu entwickeln. Ermutigt und inspiriert durch den Klang k\u00f6nnen sie sich auf eine ganz neue Art und Weise auf diese Erfahrung einlassen und sie mit allen Sinnen genie\u00dfen.<\/p>\n<p>Im KLANGraum f\u00e4llt es viel leichter, die Aufmerksamkeit auf den K\u00f6rper zu richten. Wo schweben die Kl\u00e4nge leicht durch die Fl\u00fcssigkeiten des K\u00f6rpers? Wo stockt die Schwingung noch?<\/p>\n<p>Wo flie\u00dft die Energie bereits wieder? Die Kl\u00e4nge bringen den \u00fcbenden Zuh\u00f6rer schnell auf die Metaebene, sodass es leichter ist, aus einem gewissen Abstand heraus Gedankenmuster zu erkennen, oder Aktivit\u00e4ten im K\u00f6rper wahrzunehmen und achtsam zu lenken.<\/p>\n<p>Der Schweizer <strong>Yogatherapeut Remo Rittiner<\/strong>, der j\u00e4hrlich als Dozent im Peter Hess\u00ae Zentrum ist, sagt dazu: \u201eDie Kl\u00e4nge laden den Geist ein, achtsam zu h\u00f6ren. Atem und K\u00f6rper d\u00fcrfen dabei entspannen und sich f\u00fcr die Weisheit \u00f6ffnen, die sich uns in tiefer Entspannung und Stille offenbaren kann. Im Klangyoga verbinden sich zwei wunderbare Kr\u00e4fte: Entspannung und bewusstes Wahrnehmen von Harmonie.\u201c<\/p>\n<p><em>Viel Freude beim Entdecken des\u00a0<strong>Emily Hess<sup>\u00ae<\/sup>&#8211; Klangyoga !<\/strong><\/em><\/p>\n<p>Emily Hess<\/p>\n\n\t\t<\/div>\n\t<\/div>\n<div class=\"vc_empty_space\"   style=\"height: 12px\"><span class=\"vc_empty_space_inner\"><\/span><\/div>\n\t<div  class=\"wpb_single_image wpb_content_element vc_align_left  wpb_animate_when_almost_visible wpb_appear appear\">\n\t\t\n\t\t<figure class=\"wpb_wrapper vc_figure\">\n\t\t\t<a href=\"http:\/\/www.windpferd.de\/klangyoga.html?___SID=U\" target=\"_self\" class=\"vc_single_image-wrapper   vc_box_border_grey\"><img width=\"202\" height=\"300\" src=\"https:\/\/peter-hess-institute.com\/wp-content\/uploads\/2016\/10\/Buch-Emily-Hess-Klangyoga-202x300.jpg\" class=\"vc_single_image-img attachment-medium\" alt=\"\" decoding=\"async\" loading=\"lazy\" srcset=\"https:\/\/peter-hess-institute.com\/wp-content\/uploads\/2016\/10\/Buch-Emily-Hess-Klangyoga-202x300.jpg 202w, https:\/\/peter-hess-institute.com\/wp-content\/uploads\/2016\/10\/Buch-Emily-Hess-Klangyoga-98x146.jpg 98w, https:\/\/peter-hess-institute.com\/wp-content\/uploads\/2016\/10\/Buch-Emily-Hess-Klangyoga-34x50.jpg 34w, https:\/\/peter-hess-institute.com\/wp-content\/uploads\/2016\/10\/Buch-Emily-Hess-Klangyoga-51x75.jpg 51w, https:\/\/peter-hess-institute.com\/wp-content\/uploads\/2016\/10\/Buch-Emily-Hess-Klangyoga.jpg 281w\" sizes=\"(max-width: 202px) 100vw, 202px\" \/><\/a>\n\t\t<\/figure>\n\t<\/div>\n<\/div><\/div><\/div><\/div>","protected":false},"excerpt":{"rendered":"<p>Wir werden nicht aufh\u00f6ren zu entdecken. Und am Ende all unseres Entdeckens werden wir dort anlangen, wo wir ausgezogen sind und werden zum ersten Mal den Ort erkennen. (T.S. Elliot) In jedem Menschen gibt es einen Kern, der unverletzlich und<span class=\"excerpt-hellip\"> [\u2026]<\/span><\/p>\n","protected":false},"author":1,"featured_media":0,"parent":0,"menu_order":0,"comment_status":"closed","ping_status":"closed","template":"","meta":{"footnotes":""},"acf":[],"_links":{"self":[{"href":"https:\/\/peter-hess-institute.com\/fr\/wp-json\/wp\/v2\/pages\/10506"}],"collection":[{"href":"https:\/\/peter-hess-institute.com\/fr\/wp-json\/wp\/v2\/pages"}],"about":[{"href":"https:\/\/peter-hess-institute.com\/fr\/wp-json\/wp\/v2\/types\/page"}],"author":[{"embeddable":true,"href":"https:\/\/peter-hess-institute.com\/fr\/wp-json\/wp\/v2\/users\/1"}],"replies":[{"embeddable":true,"href":"https:\/\/peter-hess-institute.com\/fr\/wp-json\/wp\/v2\/comments?post=10506"}],"version-history":[{"count":0,"href":"https:\/\/peter-hess-institute.com\/fr\/wp-json\/wp\/v2\/pages\/10506\/revisions"}],"wp:attachment":[{"href":"https:\/\/peter-hess-institute.com\/fr\/wp-json\/wp\/v2\/media?parent=10506"}],"curies":[{"name":"wp","href":"https:\/\/api.w.org\/{rel}","templated":true}]}}