{"id":15424,"date":"2017-03-16T09:38:38","date_gmt":"2017-03-16T08:38:38","guid":{"rendered":"http:\/\/peter-hess-institute.com\/?page_id=15424"},"modified":"2024-12-29T04:29:28","modified_gmt":"2024-12-29T03:29:28","slug":"warum-sollten-sie-sich-als-kunde-fuer-die-peter-hess-klangmassage-entscheiden-2","status":"publish","type":"page","link":"https:\/\/peter-hess-institute.com\/fr\/warum-sollten-sie-sich-als-kunde-fuer-die-peter-hess-klangmassage-entscheiden-2\/","title":{"rendered":"Pourquoi choisir le massage sonore Peter Hess\u00ae en tant que client ?"},"content":{"rendered":"<p style=\"text-align: justify;\">Avec la m\u00e9thode Peter Hess\u00ae de massage sonore, vous choisissez l'original, une m\u00e9thode de relaxation hautement efficace d\u00e9velopp\u00e9e il y a plus de 40 ans par Peter Hess, ing\u00e9nieur dipl\u00f4m\u00e9 en technique physique. Les r\u00e9sultats positifs ont conduit \u00e0 une \u00e9volution rapide de sa m\u00e9thode. Aujourd'hui, elle est appliqu\u00e9e dans les domaines du bien-\u00eatre\/de la relaxation, de la th\u00e9rapie par le son et de la p\u00e9dagogie par le son.<\/p>\n<p style=\"text-align: justify;\"><strong>Les bienfaits du massage sonore Peter Hess\u00ae<\/strong><br \/>\nLors d'un massage sonore, une atmosph\u00e8re de s\u00e9curit\u00e9 et de confort se cr\u00e9e, o\u00f9 il est possible de l\u00e2cher prise \u2013 l\u00e2cher prise du stress, des angoisses, des soucis, des doutes et d'autres sentiments qui ont un impact n\u00e9gatif sur notre sant\u00e9. Dans cette atmosph\u00e8re bienfaisante, les pens\u00e9es souvent tourbillonnantes peuvent s'apaiser. Ce sont les conditions d'une sant\u00e9 au sens holistique et la base pour cr\u00e9er une vie joyeuse, autonome et cr\u00e9ative. (Re)sentir son propre corps, la pleine conscience (nouvellement) d\u00e9velopp\u00e9e envers soi-m\u00eame est un cadeau que l'on se fait ! Sentir comment, peut-\u00eatre apr\u00e8s longtemps, le corps respire, comment vous percevez \u00e0 nouveau le souffle comme un flux qui transporte votre \u00e9nergie vitale, est une exp\u00e9rience profonde qui peut enrichir durablement votre vie.<\/p>\n<p style=\"text-align: justify;\"><strong>La qualit\u00e9 et le professionnalisme caract\u00e9risent les praticiens de massage sonore Peter Hess\u00ae<\/strong><br \/>\nDepuis plus de 40 ans, le nom de Peter Hess est synonyme de qualit\u00e9 et de professionnalisme ! Le massage sonore Peter Hess\u00ae est enseign\u00e9 selon un programme uniforme \u00e0 l'Institut Peter Hess\u00ae en Allemagne et dans plus de 28 acad\u00e9mies Peter Hess\u00ae dans le monde. En tant que praticien de massage sonore Peter Hess\u00ae, vous avez suivi une formation approfondie, au cours de laquelle de nombreuses exp\u00e9riences personnelles, des connaissances professionnelles et des stages de r\u00e9flexion constituent une base solide et multidimensionnelle. Ainsi, le client peut avoir l'assurance qu'avec le massage sonore Peter Hess\u00ae, il a trouv\u00e9 une offre s\u00e9rieuse et b\u00e9n\u00e9fique, qui peut \u00eatre enti\u00e8rement adapt\u00e9e \u00e0 ses besoins. La pleine conscience, la valorisation, l'approche globale et le principe \u201e moins, c'est plus \u201c comptent parmi les piliers les plus importants de cette offre et font du massage sonore Peter Hess\u00ae un v\u00e9ritable moment fort de d\u00e9tente !<\/p>\n<p style=\"text-align: justify;\">Les normes de qualit\u00e9 \u00e9lev\u00e9es caract\u00e9risent le massage sonore Peter Hess\u00ae et toutes les m\u00e9thodes de son Peter Hess\u00ae qui en d\u00e9coulent, attest\u00e9es \u00e9galement par des certifications de l'Association internationale des praticiens du massage sonore e.V. (Internationaler Fachverband Klang-Massage-Therapie e.V.), l'organisme fa\u00eetier des professions de sant\u00e9 lib\u00e9rales. Les d\u00e9couvertes et les r\u00e9sultats de recherches et d'\u00e9tudes connexes ont men\u00e9 \u00e0 ce succ\u00e8s. Aucun autre fournisseur de massages sonores ne peut se pr\u00e9valoir de cela.<\/p>\n<p style=\"text-align: justify;\">Le massage sonore Peter Hess\u00ae doit toujours \u00eatre envisag\u00e9 dans le contexte des bols sonores th\u00e9rapeutiques Peter Hess\u00ae qui ont \u00e9t\u00e9 d\u00e9velopp\u00e9s \u00e0 cet effet. Une application professionnelle avec ces bols sonores de qualit\u00e9 garantit une application optimale, adapt\u00e9e aux besoins individuels des clients.<\/p>","protected":false},"excerpt":{"rendered":"<p>Mit der Peter Hess\u00ae-Klangmassage entscheiden Sie sich f\u00fcr das Original, eine hochwirksame Entspannungsmethode, die der Dipl.-Ing. f\u00fcr Physikalische Technik, Peter Hess, vor mehr als 40 Jahren entwickelt hat. Die positiven Ergebnisse f\u00fchrten zu einer raschen Weiterentwicklung seiner Methode. Heute findet<span class=\"excerpt-hellip\"> [\u2026]<\/span><\/p>\n","protected":false},"author":1,"featured_media":0,"parent":0,"menu_order":0,"comment_status":"closed","ping_status":"closed","template":"","meta":{"footnotes":""},"acf":[],"_links":{"self":[{"href":"https:\/\/peter-hess-institute.com\/fr\/wp-json\/wp\/v2\/pages\/15424"}],"collection":[{"href":"https:\/\/peter-hess-institute.com\/fr\/wp-json\/wp\/v2\/pages"}],"about":[{"href":"https:\/\/peter-hess-institute.com\/fr\/wp-json\/wp\/v2\/types\/page"}],"author":[{"embeddable":true,"href":"https:\/\/peter-hess-institute.com\/fr\/wp-json\/wp\/v2\/users\/1"}],"replies":[{"embeddable":true,"href":"https:\/\/peter-hess-institute.com\/fr\/wp-json\/wp\/v2\/comments?post=15424"}],"version-history":[{"count":0,"href":"https:\/\/peter-hess-institute.com\/fr\/wp-json\/wp\/v2\/pages\/15424\/revisions"}],"wp:attachment":[{"href":"https:\/\/peter-hess-institute.com\/fr\/wp-json\/wp\/v2\/media?parent=15424"}],"curies":[{"name":"wp","href":"https:\/\/api.w.org\/{rel}","templated":true}]}}