{"id":20897,"date":"2017-10-26T16:00:08","date_gmt":"2017-10-26T14:00:08","guid":{"rendered":"http:\/\/peter-hess-institute.com\/?page_id=20897"},"modified":"2021-03-17T11:59:59","modified_gmt":"2021-03-17T10:59:59","slug":"seminar-praxismanagement-erfolgreich-selbststaendig-mit-den-peter-hess-klangmethoden","status":"publish","type":"page","link":"https:\/\/peter-hess-institute.com\/fr\/seminar-praxismanagement-erfolgreich-selbststaendig-mit-den-peter-hess-klangmethoden\/","title":{"rendered":"S\u00e9minaire Praxismanagement \u2013 R\u00e9ussir en ind\u00e9pendant avec les m\u00e9thodes sonores Peter Hess\u00ae"},"content":{"rendered":"<p>&nbsp;<\/p>\n<h2>S\u00e9minaire Praxismanagement \u2013 R\u00e9ussir en ind\u00e9pendant avec les m\u00e9thodes sonores Peter Hess\u00ae<\/h2>\n<h3>Schritt f\u00fcr Schritt erfolgreich in die (Teil-)Selbstst\u00e4ndigkeit<\/h3>\n<p>mit Heike Thiede<\/p>\n<p>&nbsp;<\/p>\n<p>Du hast die Ausbildung zum Peter Hess\u00ae-Klangmassapraktiker\/Peter Hess\u00ae-Klangmassagepraktikerin erfolgreich abgeschlossen und m\u00f6chtest die Peter Hess\u00ae-Klangmassage beruflich einsetzen? Du spielst mit dem Gedanken, dich mit den Peter Hess\u00ae-Klangmethoden selbstst\u00e4ndig zu machen, zun\u00e4chst als Klein- oder Nebengewerbe? Auch dann ist eine Menge zu beachten. Nicht nur die Frage, wann und wie ich mich selbstst\u00e4ndig mache ist zu kl\u00e4ren. Es bestehen seitens des Gesetzgebers viele Vorschriften, an die man gebunden ist, steuer- und versicherungsrechtliche Fragen sind zu kl\u00e4ren und auch die pers\u00f6nlichen F\u00e4higkeiten und Voraussetzungen spielen eine gro\u00dfe Rolle. Daher ist es sinnvoll, sich rechtzeitig mit seiner Existenzgr\u00fcndung zu besch\u00e4ftigen und sich beizeiten zu informieren. Eine gr\u00fcndliche Vorbereitung ist das A und O und bedarf einer guten Planung, Struktur, Organisation und Marketing, um erfolgreich zu sein. Ziel dieses Seminars ist es die einzelnen Schritte zu erarbeiten, damit du am Ende des Seminares voller Freude und sicher in eine erfolgreiche Teil-\/Selbst\u00e4ndigkeit starten kannst.<\/p>\n<p><strong>Inhalt:<\/strong><\/p>\n<ul>\n<li>Existenzgr\u00fcndung &#8211; was ist zu beachten?<\/li>\n<li>Steuern und rechtliche Grundlagen<\/li>\n<li>Grundlagen der einfachen Buchf\u00fchrung<\/li>\n<li>B\u00fcroorganisation<\/li>\n<li>Marketing und Vertrieb<\/li>\n<li>Wie pr\u00e4sentiere ich mich als Peter Hess\u00ae- Klangmassagepraktiker\/in?<\/li>\n<li>Welche Marketinginstrumente (Werbemittel) setze ich ein?<\/li>\n<li>Was soll es kosten? &#8211; Preisgestaltung<\/li>\n<li>Betriebliche und private Absicherung\/Versicherungen<\/li>\n<li>Finanzierungs- und F\u00f6rderm\u00f6glichkeiten<\/li>\n<li>Welche Unterst\u00fctzungsm\u00f6glichkeiten bestehen seitens des Fachverbandes.<\/li>\n<\/ul>\n<p>&nbsp;<\/p>\n<p><strong>\u00a0<\/strong><\/p>\n<p><strong>Termine:<\/strong><br \/>\n16.04.-18.04.2021 das Seminar wird nun \u00fcber die Plattform ZOOM stattfinden. Seminarbeginn ist am Freitag um 19 Uhr.<\/p>\n<p>&nbsp;<\/p>\n<p>Die Inhalte werden dieselben sein, ihr werdet viel Input f\u00fcr eure Selbstst\u00e4ndigkeit erhalten und auch praktische \u00dcbungen erarbeiten etc.<\/p>\n<p>Ihr bekommt einen Tag vor Beginn des Seminars eine Email mit den Zugangsdaten zum Seminarraum geschickt.<\/p>\n<p>&nbsp;<\/p>\n<p>Le\u00a0<strong>neuen Seminarzeiten<\/strong>\u00a0werden wie folgt sein:<\/p>\n<p><strong>Freitag 16.4.:<\/strong>\u00a019.00-20.00 Uhr, bitte 15 Minuten vor Beginn einloggen und deine Technik pr\u00fcfen<\/p>\n<p><strong>Samstag 17.4.:<\/strong>\u00a010.00-13.00 Uhr und 15.00-18.00 Uhr<\/p>\n<p><strong>Sonntag 18.4.:<\/strong>\u00a010.00-13.00 Uhr und 15.00-18.00 Uhr<\/p>\n<p>&nbsp;<\/p>\n<p><strong>Pr\u00e9requis<\/strong> Klangmassage I, empfohlen wird der Peter Hess\u00ae-Klangmassagepraktiker\/in (Basis Ausbildung)<br \/>\n<strong>P\u00e9rim\u00e8tre<\/strong>\u00a016 heures<br \/>\n<strong>Frais de scolarit\u00e9 :<\/strong>\u00a0240,00 Euro \/ 200,00 Euro f\u00fcr Mitglieder des Europ\u00e4ischen Fachverbandes Klang-Massage-Therapie. e.V. inkl. Handout<\/p>\n<p>&nbsp;<\/p>\n<p>F\u00fcr die\u00a0<strong>Inscription<\/strong>\u00a0k\u00f6nnen Sie\u00a0<a href=\"https:\/\/www.fachverband-klang.de\/aktuelles-zur-klangmassage\/29-uncategorised\/281-anmeldeformular-seminar-praxismanagement.html\">online das Anmeldeformular<\/a> nutzen.<\/p>","protected":false},"excerpt":{"rendered":"<p>&nbsp; Seminar Praxismanagement &#8211; Erfolgreich selbstst\u00e4ndig mit den Peter Hess\u00ae-Klangmethoden Schritt f\u00fcr Schritt erfolgreich in die (Teil-)Selbstst\u00e4ndigkeit mit Heike Thiede &nbsp; Du hast die Ausbildung zum Peter Hess\u00ae-Klangmassapraktiker\/Peter Hess\u00ae-Klangmassagepraktikerin erfolgreich abgeschlossen und m\u00f6chtest die Peter Hess\u00ae-Klangmassage beruflich einsetzen? Du spielst<span class=\"excerpt-hellip\"> [\u2026]<\/span><\/p>\n","protected":false},"author":1,"featured_media":0,"parent":0,"menu_order":0,"comment_status":"closed","ping_status":"closed","template":"","meta":{"footnotes":""},"acf":[],"_links":{"self":[{"href":"https:\/\/peter-hess-institute.com\/fr\/wp-json\/wp\/v2\/pages\/20897"}],"collection":[{"href":"https:\/\/peter-hess-institute.com\/fr\/wp-json\/wp\/v2\/pages"}],"about":[{"href":"https:\/\/peter-hess-institute.com\/fr\/wp-json\/wp\/v2\/types\/page"}],"author":[{"embeddable":true,"href":"https:\/\/peter-hess-institute.com\/fr\/wp-json\/wp\/v2\/users\/1"}],"replies":[{"embeddable":true,"href":"https:\/\/peter-hess-institute.com\/fr\/wp-json\/wp\/v2\/comments?post=20897"}],"version-history":[{"count":0,"href":"https:\/\/peter-hess-institute.com\/fr\/wp-json\/wp\/v2\/pages\/20897\/revisions"}],"wp:attachment":[{"href":"https:\/\/peter-hess-institute.com\/fr\/wp-json\/wp\/v2\/media?parent=20897"}],"curies":[{"name":"wp","href":"https:\/\/api.w.org\/{rel}","templated":true}]}}