{"id":34420,"date":"2019-05-10T10:57:41","date_gmt":"2019-05-10T08:57:41","guid":{"rendered":"http:\/\/peter-hess-institute.com\/?page_id=34420"},"modified":"2019-09-19T11:31:58","modified_gmt":"2019-09-19T09:31:58","slug":"bildungsabschluesse-am-phi-2","status":"publish","type":"page","link":"https:\/\/peter-hess-institute.com\/fr\/bildungsabschluesse-am-phi-2\/","title":{"rendered":"Dipl\u00f4mes d'\u00e9tudes au PHI"},"content":{"rendered":"<div class=\"vc_row wpb_row vc_row-fluid\"><div class=\"wpb_column vc_column_container vc_col-sm-12\"><div class=\"vc_column-inner\"><div class=\"wpb_wrapper\"><div class=\"vc_empty_space\"   style=\"height: 120px\"><span class=\"vc_empty_space_inner\"><\/span><\/div><\/div><\/div><\/div><\/div><div class=\"vc_row wpb_row vc_row-fluid\"><div class=\"wpb_column vc_column_container vc_col-sm-3\"><div class=\"vc_column-inner vc_custom_1456258786515\"><div class=\"wpb_wrapper\"><div class=\"vc_btn3-container  plzbutton  wpb_animate_when_almost_visible wpb_left-to-right left-to-right vc_btn3-left vc_custom_1470780244994\" ><a style=\"background-color:#9b1c22; color:#ffffff;\" class=\"vc_general vc_btn3 vc_btn3-size-md vc_btn3-shape-square vc_btn3-style-custom vc_btn3-block\" href=\"http:\/\/peter-hess-institute.com\/fr\/webneu\/studium\/\" title=\"\">Dipl\u00f4mes au PHI<\/a><\/div><div class=\"vc_btn3-container  plzbutton  wpb_animate_when_almost_visible wpb_left-to-right left-to-right vc_btn3-left vc_custom_1529337332207\" ><a style=\"background-color:#efebe3; color:#ae9d75;\" class=\"vc_general vc_btn3 vc_btn3-size-md vc_btn3-shape-square vc_btn3-style-custom vc_btn3-block\" href=\"http:\/\/peter-hess-institute.com\/fr\/klangentspannungscoaching\/\" title=\"\">Coaching de d\u00e9tente<\/a><\/div><div class=\"vc_btn3-container  plzbutton  wpb_animate_when_almost_visible wpb_left-to-right left-to-right vc_btn3-left vc_custom_1529337410747\" ><a style=\"background-color:#efebe3; color:#ae9d75;\" class=\"vc_general vc_btn3 vc_btn3-size-md vc_btn3-shape-square vc_btn3-style-custom vc_btn3-block\" href=\"http:\/\/peter-hess-institute.com\/fr\/entspannungstrainer-fuer-klangreisen\/\" title=\"\">Entra\u00eeneur de relaxation pour voyages imaginaires et sonores<\/a><\/div><div class=\"vc_btn3-container  plzbutton  wpb_animate_when_almost_visible wpb_left-to-right left-to-right vc_btn3-left vc_custom_1470358676203\" ><a style=\"background-color:#efebe3; color:#ae9d75;\" class=\"vc_general vc_btn3 vc_btn3-size-md vc_btn3-shape-square vc_btn3-style-custom vc_btn3-block\" href=\"http:\/\/peter-hess-institute.com\/fr\/webneu\/studium\/gruppenleitung\/\" title=\"\">La direction du groupe<\/a><\/div><div class=\"vc_btn3-container  plzbutton  wpb_animate_when_almost_visible wpb_left-to-right left-to-right vc_btn3-left vc_custom_1470358699718\" ><a style=\"background-color:#efebe3; color:#ae9d75;\" class=\"vc_general vc_btn3 vc_btn3-size-md vc_btn3-shape-square vc_btn3-style-custom vc_btn3-block\" href=\"http:\/\/peter-hess-institute.com\/fr\/webneu\/studium\/klangexperte-demenz\/\" title=\"\">Expert en son d\u00e9mence<\/a><\/div><div class=\"vc_btn3-container  plzbutton  wpb_animate_when_almost_visible wpb_left-to-right left-to-right vc_btn3-left vc_custom_1529337503781\" ><a style=\"background-color:#efebe3; color:#ae9d75;\" class=\"vc_general vc_btn3 vc_btn3-size-md vc_btn3-shape-square vc_btn3-style-custom vc_btn3-block\" href=\"http:\/\/peter-hess-institute.com\/fr\/klangmassageexperte-begleitung-von-genesungsprozessen\/\" title=\"\">Expert en massage sonore pour accompagner les processus de gu\u00e9rison<\/a><\/div><div class=\"vc_btn3-container  plzbutton  wpb_animate_when_almost_visible wpb_left-to-right left-to-right vc_btn3-left vc_custom_1529337622767\" ><a style=\"background-color:#efebe3; color:#ae9d75;\" class=\"vc_general vc_btn3 vc_btn3-size-md vc_btn3-shape-square vc_btn3-style-custom vc_btn3-block\" href=\"http:\/\/peter-hess-institute.com\/fr\/klangpaedagoge\/\" title=\"\">P\u00e9dagogie du son (KliK)<sup>\u00ae<\/sup>) et th\u00e9rapie sonore (KliK<sup>\u00ae<\/sup>)<\/a><\/div><div class=\"vc_btn3-container  plzbutton  wpb_animate_when_almost_visible wpb_left-to-right left-to-right vc_btn3-left vc_custom_1529337676664\" ><a style=\"background-color:#efebe3; color:#ae9d75;\" class=\"vc_general vc_btn3 vc_btn3-size-md vc_btn3-shape-square vc_btn3-style-custom vc_btn3-block\" href=\"http:\/\/peter-hess-institute.com\/fr\/klik-praktiker-klingende-kommunikation\/\" title=\"\">KliK<sup>\u00ae<\/sup>-Experte \/ -Praticien<\/a><\/div><div class=\"vc_btn3-container  plzbutton  wpb_animate_when_almost_visible wpb_left-to-right left-to-right vc_btn3-left vc_custom_1529337871406\" ><a style=\"background-color:#efebe3; color:#ae9d75;\" class=\"vc_general vc_btn3 vc_btn3-size-md vc_btn3-shape-square vc_btn3-style-custom vc_btn3-block\" href=\"http:\/\/peter-hess-institute.com\/fr\/kinder-klangentspannungscoaching\/\" title=\"\">Coaching de relaxation sonore pour enfants (KliK)<sup>\u00ae<\/sup>)<\/a><\/div><div class=\"vc_btn3-container  plzbutton  wpb_animate_when_almost_visible wpb_left-to-right left-to-right vc_btn3-left vc_custom_1470365842494\" ><a style=\"background-color:#efebe3; color:#ae9d75;\" class=\"vc_general vc_btn3 vc_btn3-size-md vc_btn3-shape-square vc_btn3-style-custom vc_btn3-block\" href=\"http:\/\/peter-hess-institute.com\/fr\/webneu\/studium\/klangexperte-schule\/\" title=\"\">Expert en son, \u00e9cole (KliK)<sup>\u00ae<\/sup>)<\/a><\/div><div class=\"vc_btn3-container  plzbutton  wpb_animate_when_almost_visible wpb_left-to-right left-to-right vc_btn3-left vc_custom_1568885511051\" ><a style=\"background-color:#efebe3; color:#ae9d75;\" class=\"vc_general vc_btn3 vc_btn3-size-md vc_btn3-shape-square vc_btn3-style-custom vc_btn3-block\" href=\"http:\/\/peter-hess-institute.com\/fr\/seminare-lebensbegleitung\/\" title=\"\">Coaching confiance de base KliK<sup>\u00ae<\/sup> par Emily Hess<sup>\u00ae<\/sup><\/a><\/div><div class=\"vc_btn3-container  plzbutton  wpb_animate_when_almost_visible wpb_left-to-right left-to-right vc_btn3-left vc_custom_1470374105548\" ><a style=\"background-color:#efebe3; color:#ae9d75;\" class=\"vc_general vc_btn3 vc_btn3-size-md vc_btn3-shape-square vc_btn3-style-custom vc_btn3-block\" href=\"http:\/\/peter-hess-institute.com\/fr\/webneu\/studium\/lebensberatung\/\" title=\"\">Conseils de vie (KliK)<sup>\u00ae<\/sup>)<\/a><\/div><div class=\"vc_btn3-container  plzbutton  wpb_animate_when_almost_visible wpb_left-to-right left-to-right vc_btn3-left vc_custom_1470359322005\" ><a style=\"background-color:#efebe3; color:#ae9d75;\" class=\"vc_general vc_btn3 vc_btn3-size-md vc_btn3-shape-square vc_btn3-style-custom vc_btn3-block\" href=\"http:\/\/peter-hess-institute.com\/fr\/webneu\/studium\/klangtherapie\/\" title=\"\">Th\u00e9rapie par le son<\/a><\/div><div class=\"vc_btn3-container  plzbutton  wpb_animate_when_almost_visible wpb_left-to-right left-to-right vc_btn3-left vc_custom_1470359405093\" ><a style=\"background-color:#efebe3; color:#ae9d75;\" class=\"vc_general vc_btn3 vc_btn3-size-md vc_btn3-shape-square vc_btn3-style-custom vc_btn3-block\" href=\"http:\/\/peter-hess-institute.com\/fr\/webneu\/studium\/zertifikatslehrgaenge\/\" title=\"\">Cours de certification<\/a><\/div><\/div><\/div><\/div><div class=\"wpb_column vc_column_container vc_col-sm-1\"><div class=\"vc_column-inner\"><div class=\"wpb_wrapper\"><\/div><\/div><\/div><div class=\"wpb_column vc_column_container vc_col-sm-8\"><div class=\"vc_column-inner\"><div class=\"wpb_wrapper\">\n\t<div class=\"wpb_text_column wpb_content_element  vc_custom_1470359778819\" >\n\t\t<div class=\"wpb_wrapper\">\n\t\t\t<h2>Certificats de formation continue et de perfectionnement \u00e0 l'Institut Peter Hess<\/h2>\n\n\t\t<\/div>\n\t<\/div>\n\n\t<div class=\"wpb_text_column wpb_content_element\" >\n\t\t<div class=\"wpb_wrapper\">\n\t\t\t<p>\u2022 <a href=\"http:\/\/peter-hess-institute.com\/fr\/peter-hess-klangmassagepraktiker\/\">Praticien en massage sonore Peter Hess\u00ae<\/a><br \/>\n\u2022 <a href=\"http:\/\/peter-hess-institute.com\/fr\/studium\/klangexperte-demenz\/\">Formation continue Peter Hess\u00ae Expert en sons D\u00e9mence<\/a><br \/>\n\u2022 <a href=\"http:\/\/peter-hess-institute.com\/fr\/studium\/gruppenleitung\/\">Formation continue Direction de groupe Peter Hess\u00ae<\/a><br \/>\n\u2022 <a href=\"http:\/\/peter-hess-institute.com\/fr\/klangentspannungscoaching\/\">Formation continue Coaching en relaxation sonore Peter Hess\u00ae<\/a><br \/>\n\u2022 <a href=\"http:\/\/peter-hess-institute.com\/fr\/klangmassageexperte-begleitung-von-genesungsprozessen\/\">Formation continue Expert en massage sonore Peter Hess\u00ae pour accompagner les processus de gu\u00e9rison<\/a><br \/>\n\u2022 <a href=\"http:\/\/peter-hess-institute.com\/fr\/studium\/klangtherapie\/\">Formation continue Peter Hess\u00ae-Sonoth\u00e9rapie<\/a><\/p>\n\n\t\t<\/div>\n\t<\/div>\n\n\t<div class=\"wpb_text_column wpb_content_element  vc_custom_1529336949105\" >\n\t\t<div class=\"wpb_wrapper\">\n\t\t\t<h2>Le syst\u00e8me de formation continue de la p\u00e9dagogie sonore Peter Hess\u00ae<\/h2>\n\n\t\t<\/div>\n\t<\/div>\n\n\t<div class=\"wpb_text_column wpb_content_element\" >\n\t\t<div class=\"wpb_wrapper\">\n\t\t\t<p>\u2022 <a href=\"http:\/\/peter-hess-institute.com\/fr\/klik-praktiker-klingende-kommunikation\/\">Formation KliK\u00ae-Expert\/Praticien \u2013 Communication sonore avec les enfants<\/a><br \/>\n\u2022 <a href=\"http:\/\/peter-hess-institute.com\/fr\/kinder-klangentspannungscoaching\/\">Formation continue Coaching de relaxation sonore pour enfants (KliK)<\/a><br \/>\n\u2022 <a href=\"http:\/\/peter-hess-institute.com\/fr\/studium\/lebensberatung\/\">Formation continue Peter Hess\u00ae-Conseil en gestalt-th\u00e9rapie (KliK)<\/a><br \/>\n\u2022 <a href=\"http:\/\/peter-hess-institute.com\/fr\/klangpaedagoge\/\">Formation continue Peter Hess\u00ae-P\u00e9dagogie du son (KliK)<\/a><br \/>\n\u2022 <a href=\"http:\/\/peter-hess-institute.com\/fr\/studium\/klangexperte-schule\/\">Formation continue Peter Hess\u00ae-Expert en sons \u00c9cole (KliK)<\/a><\/p>\n\n\t\t<\/div>\n\t<\/div>\n\n\t<div class=\"wpb_text_column wpb_content_element\" >\n\t\t<div class=\"wpb_wrapper\">\n\t\t\t<p>Dans les formations continues, seul le s\u00e9minaire \u201eMassage sonore I\u201d est g\u00e9n\u00e9ralement inclus \u00e0 la fin, tandis que les formations professionnelles incluent toujours la totalit\u00e9 de la formation de massage sonore.<\/p>\n\n\t\t<\/div>\n\t<\/div>\n<\/div><\/div><\/div><\/div>","protected":false},"excerpt":{"rendered":"Absschl\u00fcsse am PHIEntspannungscoachingEntspannungstrainer f\u00fcr Fantasie- und KlangreisenGruppenleitungKlangexperte DemenzKlangmassageexperte f\u00fcr die Begleitung von GenesungsprozessenKlangp\u00e4dagogik (KliK\u00ae) und Klangtherapie (KliK\u00ae)KliK\u00ae-Experte \/ -PraktikerKinder-KLANGentspannungscoaching (KliK\u00ae)Klangexperte Schule (KliK\u00ae)Basic Trust Coaching KliK\u00ae by Emily Hess\u00aeLebensberatung (KliK\u00ae)KlangtherapieZertifikatslehrg\u00e4nge Fort- und Weiterbildungsabschl\u00fcsse am Peter Hess Institut \u2022 Peter Hess\u00ae-Klangmassagepraktiker \u2022<span class=\"excerpt-hellip\"> [\u2026]<\/span>","protected":false},"author":1013,"featured_media":0,"parent":0,"menu_order":0,"comment_status":"closed","ping_status":"closed","template":"","meta":{"footnotes":""},"acf":[],"_links":{"self":[{"href":"https:\/\/peter-hess-institute.com\/fr\/wp-json\/wp\/v2\/pages\/34420"}],"collection":[{"href":"https:\/\/peter-hess-institute.com\/fr\/wp-json\/wp\/v2\/pages"}],"about":[{"href":"https:\/\/peter-hess-institute.com\/fr\/wp-json\/wp\/v2\/types\/page"}],"author":[{"embeddable":true,"href":"https:\/\/peter-hess-institute.com\/fr\/wp-json\/wp\/v2\/users\/1013"}],"replies":[{"embeddable":true,"href":"https:\/\/peter-hess-institute.com\/fr\/wp-json\/wp\/v2\/comments?post=34420"}],"version-history":[{"count":0,"href":"https:\/\/peter-hess-institute.com\/fr\/wp-json\/wp\/v2\/pages\/34420\/revisions"}],"wp:attachment":[{"href":"https:\/\/peter-hess-institute.com\/fr\/wp-json\/wp\/v2\/media?parent=34420"}],"curies":[{"name":"wp","href":"https:\/\/api.w.org\/{rel}","templated":true}]}}