{"id":34428,"date":"2019-05-10T11:18:06","date_gmt":"2019-05-10T09:18:06","guid":{"rendered":"http:\/\/peter-hess-institute.com\/?page_id=34428"},"modified":"2019-05-10T11:24:21","modified_gmt":"2019-05-10T09:24:21","slug":"individuelle-beratung-2","status":"publish","type":"page","link":"https:\/\/peter-hess-institute.com\/fr\/individuelle-beratung-2\/","title":{"rendered":"Conseil individuel"},"content":{"rendered":"<div class=\"vc_row wpb_row vc_row-fluid\"><div class=\"wpb_column vc_column_container vc_col-sm-12\"><div class=\"vc_column-inner\"><div class=\"wpb_wrapper\"><div class=\"vc_empty_space\"   style=\"height: 120px\"><span class=\"vc_empty_space_inner\"><\/span><\/div><\/div><\/div><\/div><\/div><div class=\"vc_row wpb_row vc_row-fluid\"><div class=\"wpb_column vc_column_container vc_col-sm-3\"><div class=\"vc_column-inner vc_custom_1456258786515\"><div class=\"wpb_wrapper\"><div class=\"vc_btn3-container  plzbutton  wpb_animate_when_almost_visible wpb_left-to-right left-to-right vc_btn3-left vc_custom_1470369512888\" ><a style=\"background-color:#efebe3; color:#ae9d75;\" class=\"vc_general vc_btn3 vc_btn3-size-md vc_btn3-shape-square vc_btn3-style-custom vc_btn3-block\" href=\"http:\/\/peter-hess-institute.com\/webneu\/studium\/\" title=\"\">Absschl\u00fcsse am PHI<\/a><\/div><div class=\"vc_btn3-container  plzbutton  wpb_animate_when_almost_visible wpb_left-to-right left-to-right vc_btn3-left vc_custom_1470363301610\" ><a style=\"background-color:#efebe3; color:#ae9d75;\" class=\"vc_general vc_btn3 vc_btn3-size-md vc_btn3-shape-square vc_btn3-style-custom vc_btn3-block\" href=\"http:\/\/peter-hess-institute.com\/webneu\/studium\/entspannungscoaching\" title=\"\">Entspannungscoaching<\/a><\/div><div class=\"vc_btn3-container  plzbutton  wpb_animate_when_almost_visible wpb_left-to-right left-to-right vc_btn3-left vc_custom_1470369553031\" ><a style=\"background-color:#efebe3; color:#ae9d75;\" class=\"vc_general vc_btn3 vc_btn3-size-md vc_btn3-shape-square vc_btn3-style-custom vc_btn3-block\" href=\"http:\/\/peter-hess-institute.com\/webneu\/studium\/entspannungstrainer-fuer-fantasie-und-klangreisen\" title=\"\">Entspannungstrainer f\u00fcr Fantasie- und Klangreisen<\/a><\/div><div class=\"vc_btn3-container  plzbutton  wpb_animate_when_almost_visible wpb_left-to-right left-to-right vc_btn3-left vc_custom_1470358676203\" ><a style=\"background-color:#efebe3; color:#ae9d75;\" class=\"vc_general vc_btn3 vc_btn3-size-md vc_btn3-shape-square vc_btn3-style-custom vc_btn3-block\" href=\"http:\/\/peter-hess-institute.com\/webneu\/studium\/gruppenleitung\" title=\"\">Gruppenleitung<\/a><\/div><div class=\"vc_btn3-container  plzbutton  wpb_animate_when_almost_visible wpb_left-to-right left-to-right vc_btn3-left vc_custom_1470358699718\" ><a style=\"background-color:#efebe3; color:#ae9d75;\" class=\"vc_general vc_btn3 vc_btn3-size-md vc_btn3-shape-square vc_btn3-style-custom vc_btn3-block\" href=\"http:\/\/peter-hess-institute.com\/webneu\/studium\/klangexperte-demenz\" title=\"\">Klangexperte Demenz<\/a><\/div><div class=\"vc_btn3-container  plzbutton  wpb_animate_when_almost_visible wpb_left-to-right left-to-right vc_btn3-left vc_custom_1470369529797\" ><a style=\"background-color:#efebe3; color:#ae9d75;\" class=\"vc_general vc_btn3 vc_btn3-size-md vc_btn3-shape-square vc_btn3-style-custom vc_btn3-block\" href=\"http:\/\/peter-hess-institute.com\/webneu\/studium\/klangmassageexperte-fuer-die-begleitung-von-genesungsprozessen\" title=\"\">Klangmassageexperte f\u00fcr die Begleitung von Genesungsprozessen<\/a><\/div><div class=\"vc_btn3-container  plzbutton  wpb_animate_when_almost_visible wpb_left-to-right left-to-right vc_btn3-left vc_custom_1470374720846\" ><a style=\"background-color:#efebe3; color:#ae9d75;\" class=\"vc_general vc_btn3 vc_btn3-size-md vc_btn3-shape-square vc_btn3-style-custom vc_btn3-block\" href=\"http:\/\/peter-hess-institute.com\/webneu\/studium\/klangpaedagogik-klangtherapie\" title=\"\">Klangp\u00e4dagogik (KliK<sup>\u00ae<\/sup>) und Klangtherapie (KliK<sup>\u00ae<\/sup>)<\/a><\/div><div class=\"vc_btn3-container  plzbutton  wpb_animate_when_almost_visible wpb_left-to-right left-to-right vc_btn3-left vc_custom_1470359509849\" ><a style=\"background-color:#efebe3; color:#ae9d75;\" class=\"vc_general vc_btn3 vc_btn3-size-md vc_btn3-shape-square vc_btn3-style-custom vc_btn3-block\" href=\"http:\/\/peter-hess-institute.com\/webneu\/studium\/klik-experte-praktiker\" title=\"\">KliK<sup>\u00ae<\/sup>-Experte \/ -Praktiker<\/a><\/div><div class=\"vc_btn3-container  plzbutton  wpb_animate_when_almost_visible wpb_left-to-right left-to-right vc_btn3-left vc_custom_1470359226663\" ><a style=\"background-color:#efebe3; color:#ae9d75;\" class=\"vc_general vc_btn3 vc_btn3-size-md vc_btn3-shape-square vc_btn3-style-custom vc_btn3-block\" href=\"http:\/\/peter-hess-institute.com\/webneu\/studium\/kinderklangentspannungscoaching\" title=\"\">Kinder-KLANGentspannungscoaching (KliK<sup>\u00ae<\/sup>)<\/a><\/div><div class=\"vc_btn3-container  plzbutton  wpb_animate_when_almost_visible wpb_left-to-right left-to-right vc_btn3-left vc_custom_1470363411336\" ><a style=\"background-color:#efebe3; color:#ae9d75;\" class=\"vc_general vc_btn3 vc_btn3-size-md vc_btn3-shape-square vc_btn3-style-custom vc_btn3-block\" href=\"http:\/\/peter-hess-institute.com\/webneu\/studium\/klangexperte-schule\" title=\"\">Klangexperte Schule (KliK<sup>\u00ae<\/sup>)<\/a><\/div><div class=\"vc_btn3-container  plzbutton  wpb_animate_when_almost_visible wpb_left-to-right left-to-right vc_btn3-left vc_custom_1470363419242\" ><a style=\"background-color:#efebe3; color:#ae9d75;\" class=\"vc_general vc_btn3 vc_btn3-size-md vc_btn3-shape-square vc_btn3-style-custom vc_btn3-block\" href=\"http:\/\/peter-hess-institute.com\/webneu\/studium\/lebensbegleitung\" title=\"\">Lebensbegleitung (KliK<sup>\u00ae<\/sup>)<\/a><\/div><div class=\"vc_btn3-container  plzbutton  wpb_animate_when_almost_visible wpb_left-to-right left-to-right vc_btn3-left vc_custom_1470377338626\" ><a style=\"background-color:#efebe3; color:#ae9d75;\" class=\"vc_general vc_btn3 vc_btn3-size-md vc_btn3-shape-square vc_btn3-style-custom vc_btn3-block\" href=\"http:\/\/peter-hess-institute.com\/webneu\/studium\/lebensberatung\" title=\"\">Lebensberatung (KliK<sup>\u00ae<\/sup>)<\/a><\/div><div class=\"vc_btn3-container  plzbutton  wpb_animate_when_almost_visible wpb_left-to-right left-to-right vc_btn3-left vc_custom_1470359322005\" ><a style=\"background-color:#efebe3; color:#ae9d75;\" class=\"vc_general vc_btn3 vc_btn3-size-md vc_btn3-shape-square vc_btn3-style-custom vc_btn3-block\" href=\"http:\/\/peter-hess-institute.com\/webneu\/studium\/klangtherapie\" title=\"\">Klangtherapie<\/a><\/div><div class=\"vc_btn3-container  plzbutton  wpb_animate_when_almost_visible wpb_left-to-right left-to-right vc_btn3-left vc_custom_1470377355071\" ><a style=\"background-color:#9b1c22; color:#ffffff;\" class=\"vc_general vc_btn3 vc_btn3-size-md vc_btn3-shape-square vc_btn3-style-custom vc_btn3-block\" href=\"http:\/\/peter-hess-institute.com\/webneu\/studium\/bachelor-studium\" title=\"\">Bachelor Studium (B.Sc.) Komplement\u00e4re Methoden<\/a><\/div><div class=\"vc_btn3-container  plzbutton  wpb_animate_when_almost_visible wpb_left-to-right left-to-right vc_btn3-left vc_custom_1470359405093\" ><a style=\"background-color:#efebe3; color:#ae9d75;\" class=\"vc_general vc_btn3 vc_btn3-size-md vc_btn3-shape-square vc_btn3-style-custom vc_btn3-block\" href=\"http:\/\/peter-hess-institute.com\/webneu\/studium\/zertifikatslehrgaenge\" title=\"\">Zertifikatslehrg\u00e4nge<\/a><\/div><\/div><\/div><\/div><div class=\"wpb_column vc_column_container vc_col-sm-1\"><div class=\"vc_column-inner\"><div class=\"wpb_wrapper\"><\/div><\/div><\/div><div class=\"wpb_column vc_column_container vc_col-sm-8\"><div class=\"vc_column-inner\"><div class=\"wpb_wrapper\">\n\t<div class=\"wpb_text_column wpb_content_element \" >\n\t\t<div class=\"wpb_wrapper\">\n\t\t\t<p><i class=\"fa fa-chevron-left\"><\/i> <a href=\"http:\/\/peter-hess-institute.com\/studium\/bachelor-studium\/\">zur\u00fcck<\/a><\/p>\n\n\t\t<\/div>\n\t<\/div>\n\n\t<div class=\"wpb_text_column wpb_content_element  vc_custom_1470377862396\" >\n\t\t<div class=\"wpb_wrapper\">\n\t\t\t<h2>Individuelle Beratung zur optimalen Weiterbildungswahl<\/h2>\n<p>&nbsp;<\/p>\n<p>Sie haben jeder Zeit die M\u00f6glichkeit, ganz unkompliziert Ihre schriftliche Anfrage zu stellen.<\/p>\n<p>Tel.: 04252-9389114<br \/>\n<span id=\"cloak32157\"><a href=\"mailto:&#x69;&#x6e;&#x66;&#x6f;&#x40;&#x70;&#x65;&#x74;&#x65;&#x72;&#x2d;&#x68;&#x65;&#x73;&#x73;&#x2d;&#x69;&#x6e;&#x73;&#x74;&#x69;&#x74;&#x75;&#x74;&#x2e;&#x64;&#x65;\">&#x69;&#x6e;&#x66;&#x6f;&#x40;<span class=\"oe_displaynone\">null<\/span>&#x70;&#x65;&#x74;&#x65;&#x72;&#x2d;&#x68;&#x65;&#x73;&#x73;&#x2d;&#x69;&#x6e;&#x73;&#x74;&#x69;&#x74;&#x75;&#x74;&#x2e;&#x64;&#x65;<\/a><\/span><\/p>\n\n\t\t<\/div>\n\t<\/div>\n[\/vc_column_inner][\/vc_row_inner]<div class=\"vc_row wpb_row vc_inner vc_row-fluid\"><div class=\"wpb_column vc_column_container vc_col-sm-4\"><div class=\"vc_column-inner\"><div class=\"wpb_wrapper\">\n\t<div  class=\"wpb_single_image wpb_content_element vc_align_right\">\n\t\t\n\t\t<figure class=\"wpb_wrapper vc_figure\">\n\t\t\t<div class=\"vc_single_image-wrapper   vc_box_border_grey\"><img width=\"643\" height=\"479\" src=\"https:\/\/peter-hess-institute.com\/wp-content\/uploads\/2016\/08\/Ulrike-Wiggers.png\" class=\"vc_single_image-img attachment-full\" alt=\"\" decoding=\"async\" loading=\"lazy\" srcset=\"https:\/\/peter-hess-institute.com\/wp-content\/uploads\/2016\/08\/Ulrike-Wiggers.png 643w, https:\/\/peter-hess-institute.com\/wp-content\/uploads\/2016\/08\/Ulrike-Wiggers-300x223.png 300w, https:\/\/peter-hess-institute.com\/wp-content\/uploads\/2016\/08\/Ulrike-Wiggers-196x146.png 196w, https:\/\/peter-hess-institute.com\/wp-content\/uploads\/2016\/08\/Ulrike-Wiggers-50x37.png 50w, https:\/\/peter-hess-institute.com\/wp-content\/uploads\/2016\/08\/Ulrike-Wiggers-101x75.png 101w\" sizes=\"(max-width: 643px) 100vw, 643px\" \/><\/div>\n\t\t<\/figure>\n\t<\/div>\n<\/div><\/div><\/div><div class=\"wpb_column vc_column_container vc_col-sm-8\"><div class=\"vc_column-inner\"><div class=\"wpb_wrapper\">\n\t<div class=\"wpb_text_column wpb_content_element \" >\n\t\t<div class=\"wpb_wrapper\">\n\t\t\t<p>Es ber\u00e4t Sie bei Fragen im Bereich Klangmassage<\/p>\n<p>Ulrike Wiggers<\/p>\n<p>Tel.: 04252-9389114<br \/>\n<a href=\"mailto:&#x75;&#x6c;&#x72;&#x69;&#x6b;&#x65;&#x2e;&#x77;&#x69;&#x67;&#x67;&#x65;&#x72;&#x73;&#x40;&#x70;&#x65;&#x74;&#x65;&#x72;&#x2d;&#x68;&#x65;&#x73;&#x73;&#x2d;&#x69;&#x6e;&#x73;&#x74;&#x69;&#x74;&#x75;&#x74;&#x2e;&#x64;&#x65;\">&#x75;&#x6c;&#x72;&#x69;&#x6b;&#x65;&#x2e;&#x77;&#x69;&#x67;&#x67;&#x65;&#x72;&#x73;&#x40;<span class=\"oe_displaynone\">null<\/span>&#x70;&#x65;&#x74;&#x65;&#x72;&#x2d;&#x68;&#x65;&#x73;&#x73;&#x2d;&#x69;&#x6e;&#x73;&#x74;&#x69;&#x74;&#x75;&#x74;&#x2e;&#x64;&#x65;<\/a><\/p>\n\n\t\t<\/div>\n\t<\/div>\n<\/div><\/div><\/div><\/div><div class=\"vc_row wpb_row vc_inner vc_row-fluid\"><div class=\"wpb_column vc_column_container vc_col-sm-4\"><div class=\"vc_column-inner\"><div class=\"wpb_wrapper\">\n\t<div  class=\"wpb_single_image wpb_content_element vc_align_right\">\n\t\t\n\t\t<figure class=\"wpb_wrapper vc_figure\">\n\t\t\t<div class=\"vc_single_image-wrapper   vc_box_border_grey\"><img width=\"600\" height=\"400\" src=\"https:\/\/peter-hess-institute.com\/wp-content\/uploads\/2016\/03\/H_Haverbeck.jpg\" class=\"vc_single_image-img attachment-full\" alt=\"\" decoding=\"async\" loading=\"lazy\" srcset=\"https:\/\/peter-hess-institute.com\/wp-content\/uploads\/2016\/03\/H_Haverbeck.jpg 600w, https:\/\/peter-hess-institute.com\/wp-content\/uploads\/2016\/03\/H_Haverbeck-300x200.jpg 300w, https:\/\/peter-hess-institute.com\/wp-content\/uploads\/2016\/03\/H_Haverbeck-219x146.jpg 219w, https:\/\/peter-hess-institute.com\/wp-content\/uploads\/2016\/03\/H_Haverbeck-50x33.jpg 50w, https:\/\/peter-hess-institute.com\/wp-content\/uploads\/2016\/03\/H_Haverbeck-113x75.jpg 113w\" sizes=\"(max-width: 600px) 100vw, 600px\" \/><\/div>\n\t\t<\/figure>\n\t<\/div>\n<\/div><\/div><\/div><div class=\"wpb_column vc_column_container vc_col-sm-8\"><div class=\"vc_column-inner\"><div class=\"wpb_wrapper\">\n\t<div class=\"wpb_text_column wpb_content_element \" >\n\t\t<div class=\"wpb_wrapper\">\n\t\t\t<p>Es ber\u00e4t Sie bei Fragen im Bereich Weiterbildung und Klangkinderg\u00e4rten.<\/p>\n<p>Heike R\u00f6nneb\u00e4umer<br \/>\nPeter Hess\u00ae-Klangp\u00e4dagogin (KliK)<\/p>\n<p>Tel.: 02502-227110<br \/>\n<a href=\"mailto:&#x68;&#x65;&#x69;&#x6b;&#x65;&#x2e;&#x68;&#x61;&#x76;&#x65;&#x72;&#x62;&#x65;&#x63;&#x6b;&#x40;&#x70;&#x65;&#x74;&#x65;&#x72;&#x2d;&#x68;&#x65;&#x73;&#x73;&#x2d;&#x69;&#x6e;&#x73;&#x74;&#x69;&#x74;&#x75;&#x74;&#x2e;&#x64;&#x65;\">&#x68;&#x65;&#x69;&#x6b;&#x65;&#x2e;&#x68;&#x61;&#x76;&#x65;&#x72;&#x62;&#x65;&#x63;&#x6b;&#x40;<span class=\"oe_displaynone\">null<\/span>&#x70;&#x65;&#x74;&#x65;&#x72;&#x2d;&#x68;&#x65;&#x73;&#x73;&#x2d;&#x69;&#x6e;&#x73;&#x74;&#x69;&#x74;&#x75;&#x74;&#x2e;&#x64;&#x65;<\/a><\/p>\n\n\t\t<\/div>\n\t<\/div>\n<\/div><\/div><\/div><\/div><div class=\"vc_row wpb_row vc_inner vc_row-fluid\"><div class=\"wpb_column vc_column_container vc_col-sm-4\"><div class=\"vc_column-inner\"><div class=\"wpb_wrapper\">\n\t<div  class=\"wpb_single_image wpb_content_element vc_align_right\">\n\t\t\n\t\t<figure class=\"wpb_wrapper vc_figure\">\n\t\t\t<div class=\"vc_single_image-wrapper   vc_box_border_grey\"><img width=\"715\" height=\"531\" src=\"https:\/\/peter-hess-institute.com\/wp-content\/uploads\/2016\/08\/Katrin-Beha.png\" class=\"vc_single_image-img attachment-full\" alt=\"\" decoding=\"async\" loading=\"lazy\" srcset=\"https:\/\/peter-hess-institute.com\/wp-content\/uploads\/2016\/08\/Katrin-Beha.png 715w, https:\/\/peter-hess-institute.com\/wp-content\/uploads\/2016\/08\/Katrin-Beha-300x223.png 300w, https:\/\/peter-hess-institute.com\/wp-content\/uploads\/2016\/08\/Katrin-Beha-197x146.png 197w, https:\/\/peter-hess-institute.com\/wp-content\/uploads\/2016\/08\/Katrin-Beha-50x37.png 50w, https:\/\/peter-hess-institute.com\/wp-content\/uploads\/2016\/08\/Katrin-Beha-101x75.png 101w\" sizes=\"(max-width: 715px) 100vw, 715px\" \/><\/div>\n\t\t<\/figure>\n\t<\/div>\n<\/div><\/div><\/div><div class=\"wpb_column vc_column_container vc_col-sm-8\"><div class=\"vc_column-inner\"><div class=\"wpb_wrapper\">\n\t<div class=\"wpb_text_column wpb_content_element \" >\n\t\t<div class=\"wpb_wrapper\">\n\t\t\t<p>Es ber\u00e4t Sie bei Fragen im Bereich Weiterbildung.<\/p>\n<p>Katrin Beha<\/p>\n<p>Tel.: 04252-9389116<br \/>\n<a href=\"mailto:&#x6b;&#x61;&#x74;&#x72;&#x69;&#x6e;&#x2e;&#x62;&#x65;&#x68;&#x61;&#x40;&#x70;&#x65;&#x74;&#x65;&#x72;&#x2d;&#x68;&#x65;&#x73;&#x73;&#x2d;&#x69;&#x6e;&#x73;&#x74;&#x69;&#x74;&#x75;&#x74;&#x2e;&#x64;&#x65;\">&#x6b;&#x61;&#x74;&#x72;&#x69;&#x6e;&#x2e;&#x62;&#x65;&#x68;&#x61;&#x40;<span class=\"oe_displaynone\">null<\/span>&#x70;&#x65;&#x74;&#x65;&#x72;&#x2d;&#x68;&#x65;&#x73;&#x73;&#x2d;&#x69;&#x6e;&#x73;&#x74;&#x69;&#x74;&#x75;&#x74;&#x2e;&#x64;&#x65;<\/a><\/p>\n\n\t\t<\/div>\n\t<\/div>\n<\/div><\/div><\/div><\/div><div class=\"vc_empty_space\"   style=\"height: 32px\"><span class=\"vc_empty_space_inner\"><\/span><\/div><\/div><\/div><\/div><\/div>","protected":false},"excerpt":{"rendered":"Absschl\u00fcsse am PHIEntspannungscoachingEntspannungstrainer f\u00fcr Fantasie- und KlangreisenGruppenleitungKlangexperte DemenzKlangmassageexperte f\u00fcr die Begleitung von GenesungsprozessenKlangp\u00e4dagogik (KliK\u00ae) und Klangtherapie (KliK\u00ae)KliK\u00ae-Experte \/ -PraktikerKinder-KLANGentspannungscoaching (KliK\u00ae)Klangexperte Schule (KliK\u00ae)Lebensbegleitung (KliK\u00ae)Lebensberatung (KliK\u00ae)KlangtherapieBachelor Studium (B.Sc.) Komplement\u00e4re MethodenZertifikatslehrg\u00e4nge zur\u00fcck Individuelle Beratung zur optimalen Weiterbildungswahl &nbsp; Sie haben jeder Zeit die<span class=\"excerpt-hellip\"> [\u2026]<\/span>","protected":false},"author":1013,"featured_media":0,"parent":0,"menu_order":0,"comment_status":"closed","ping_status":"closed","template":"","meta":{"footnotes":""},"acf":[],"_links":{"self":[{"href":"https:\/\/peter-hess-institute.com\/fr\/wp-json\/wp\/v2\/pages\/34428"}],"collection":[{"href":"https:\/\/peter-hess-institute.com\/fr\/wp-json\/wp\/v2\/pages"}],"about":[{"href":"https:\/\/peter-hess-institute.com\/fr\/wp-json\/wp\/v2\/types\/page"}],"author":[{"embeddable":true,"href":"https:\/\/peter-hess-institute.com\/fr\/wp-json\/wp\/v2\/users\/1013"}],"replies":[{"embeddable":true,"href":"https:\/\/peter-hess-institute.com\/fr\/wp-json\/wp\/v2\/comments?post=34428"}],"version-history":[{"count":0,"href":"https:\/\/peter-hess-institute.com\/fr\/wp-json\/wp\/v2\/pages\/34428\/revisions"}],"wp:attachment":[{"href":"https:\/\/peter-hess-institute.com\/fr\/wp-json\/wp\/v2\/media?parent=34428"}],"curies":[{"name":"wp","href":"https:\/\/api.w.org\/{rel}","templated":true}]}}