{"id":35124,"date":"2019-06-18T12:27:13","date_gmt":"2019-06-18T10:27:13","guid":{"rendered":"http:\/\/peter-hess-institute.com\/?page_id=35124"},"modified":"2025-02-11T11:10:32","modified_gmt":"2025-02-11T10:10:32","slug":"seminarhaus-landsteiner-muehle-peter-hess-shop","status":"publish","type":"page","link":"https:\/\/peter-hess-institute.com\/fr\/seminarhouse-landsteiner-muehle-taunus\/seminarhaus-landsteiner-muehle-peter-hess-shop\/","title":{"rendered":"Seminarhaus Landsteiner M\u00fchle &#8211; Klangschalen &#8211; Shop"},"content":{"rendered":"<div class=\"vc_row wpb_row vc_row-fluid\"><div class=\"wpb_column vc_column_container vc_col-sm-12\"><div class=\"vc_column-inner\"><div class=\"wpb_wrapper\"><div class=\"vc_empty_space\"   style=\"height: 120px\"><span class=\"vc_empty_space_inner\"><\/span><\/div><\/div><\/div><\/div><\/div><div class=\"vc_row wpb_row vc_row-fluid\"><div class=\"wpb_column vc_column_container vc_col-sm-3\"><div class=\"vc_column-inner vc_custom_1456258786515\"><div class=\"wpb_wrapper\"><div  class=\"vc_wp_custommenu wpb_content_element content-menu-blau\"><\/div><\/div><\/div><\/div><div class=\"wpb_column vc_column_container vc_col-sm-8\"><div class=\"vc_column-inner\"><div class=\"wpb_wrapper\">\n\t<div class=\"wpb_text_column wpb_content_element \" >\n\t\t<div class=\"wpb_wrapper\">\n\t\t\t<h2>Klangschalen &#8211; Shop<\/h2>\n\n\t\t<\/div>\n\t<\/div>\n\n\t<div class=\"wpb_text_column wpb_content_element \" >\n\t\t<div class=\"wpb_wrapper\">\n\t\t\t<p>Eine Klangschale zu kaufen ist f\u00fcr viele Menschen ein besonderer Prozess. Auch wenn alle Kl\u00e4nge sehr ausgewogen und von einer hohen Qualit\u00e4t sind, gibt es da oft doch diese eine Schale, die genau den Klang hat, mit dem wir ganz besonders in Resonanz gehen. \u00a0So wie jeder Mensch einzigartig ist, hat auch jede Klangschale ihren ganz individuellen Klang.<\/p>\n<p>Im klangvollen Ambiente, unseres Peter Hess\u00ae Shops KlangDesign, k\u00f6nnen Sie aus vielen verschiedenen Klangschalen Ihren besonderen Klang ausw\u00e4hlen. Aber es gibt noch viel mehr zu entdecken. Wir bieten eine Auswahl an verschiedenen Gongs, Klanginstrumenten, Schl\u00e4geln, Zubeh\u00f6r uvm. an.<\/p>\n\n\t\t<\/div>\n\t<\/div>\n<div class=\"wpb_gallery wpb_content_element vc_clearfix\" ><div class=\"wpb_wrapper\"><div class=\"wpb_gallery_slides wpb_flexslider flexslider_fade flexslider\" data-interval=\"3\" data-flex_fx=\"fade\"><ul class=\"slides\"><li><a class=\"prettyphoto\" href=\"https:\/\/peter-hess-institute.com\/wp-content\/uploads\/2019\/02\/DSC_9877-1024x683.jpg\" data-rel=\"prettyPhoto[rel-35124-3803949403]\"><img width=\"300\" height=\"200\" src=\"https:\/\/peter-hess-institute.com\/wp-content\/uploads\/2019\/02\/DSC_9877-300x200.jpg\" class=\"attachment-medium\" alt=\"\" decoding=\"async\" loading=\"lazy\" srcset=\"https:\/\/peter-hess-institute.com\/wp-content\/uploads\/2019\/02\/DSC_9877-300x200.jpg 300w, https:\/\/peter-hess-institute.com\/wp-content\/uploads\/2019\/02\/DSC_9877-800x533.jpg 800w, https:\/\/peter-hess-institute.com\/wp-content\/uploads\/2019\/02\/DSC_9877-768x512.jpg 768w, https:\/\/peter-hess-institute.com\/wp-content\/uploads\/2019\/02\/DSC_9877-1024x683.jpg 1024w, https:\/\/peter-hess-institute.com\/wp-content\/uploads\/2019\/02\/DSC_9877-219x146.jpg 219w, https:\/\/peter-hess-institute.com\/wp-content\/uploads\/2019\/02\/DSC_9877-50x33.jpg 50w, https:\/\/peter-hess-institute.com\/wp-content\/uploads\/2019\/02\/DSC_9877-113x75.jpg 113w\" sizes=\"(max-width: 300px) 100vw, 300px\" \/><\/a><\/li><li><a class=\"prettyphoto\" href=\"https:\/\/peter-hess-institute.com\/wp-content\/uploads\/2019\/02\/DSC_9873-1024x683.jpg\" data-rel=\"prettyPhoto[rel-35124-3803949403]\"><img width=\"300\" height=\"200\" src=\"https:\/\/peter-hess-institute.com\/wp-content\/uploads\/2019\/02\/DSC_9873-300x200.jpg\" class=\"attachment-medium\" alt=\"\" decoding=\"async\" loading=\"lazy\" srcset=\"https:\/\/peter-hess-institute.com\/wp-content\/uploads\/2019\/02\/DSC_9873-300x200.jpg 300w, https:\/\/peter-hess-institute.com\/wp-content\/uploads\/2019\/02\/DSC_9873-800x533.jpg 800w, https:\/\/peter-hess-institute.com\/wp-content\/uploads\/2019\/02\/DSC_9873-768x512.jpg 768w, https:\/\/peter-hess-institute.com\/wp-content\/uploads\/2019\/02\/DSC_9873-1024x683.jpg 1024w, https:\/\/peter-hess-institute.com\/wp-content\/uploads\/2019\/02\/DSC_9873-219x146.jpg 219w, https:\/\/peter-hess-institute.com\/wp-content\/uploads\/2019\/02\/DSC_9873-50x33.jpg 50w, https:\/\/peter-hess-institute.com\/wp-content\/uploads\/2019\/02\/DSC_9873-113x75.jpg 113w\" sizes=\"(max-width: 300px) 100vw, 300px\" \/><\/a><\/li><li><a class=\"prettyphoto\" href=\"https:\/\/peter-hess-institute.com\/wp-content\/uploads\/2019\/02\/DSC_9875-1024x683.jpg\" data-rel=\"prettyPhoto[rel-35124-3803949403]\"><img width=\"300\" height=\"200\" src=\"https:\/\/peter-hess-institute.com\/wp-content\/uploads\/2019\/02\/DSC_9875-300x200.jpg\" class=\"attachment-medium\" alt=\"\" decoding=\"async\" loading=\"lazy\" srcset=\"https:\/\/peter-hess-institute.com\/wp-content\/uploads\/2019\/02\/DSC_9875-300x200.jpg 300w, https:\/\/peter-hess-institute.com\/wp-content\/uploads\/2019\/02\/DSC_9875-800x533.jpg 800w, https:\/\/peter-hess-institute.com\/wp-content\/uploads\/2019\/02\/DSC_9875-768x512.jpg 768w, https:\/\/peter-hess-institute.com\/wp-content\/uploads\/2019\/02\/DSC_9875-1024x683.jpg 1024w, https:\/\/peter-hess-institute.com\/wp-content\/uploads\/2019\/02\/DSC_9875-219x146.jpg 219w, https:\/\/peter-hess-institute.com\/wp-content\/uploads\/2019\/02\/DSC_9875-50x33.jpg 50w, https:\/\/peter-hess-institute.com\/wp-content\/uploads\/2019\/02\/DSC_9875-113x75.jpg 113w\" sizes=\"(max-width: 300px) 100vw, 300px\" \/><\/a><\/li><li><a class=\"prettyphoto\" href=\"https:\/\/peter-hess-institute.com\/wp-content\/uploads\/2019\/02\/Photo-21.02.19-19-56-02-1024x683.jpg\" data-rel=\"prettyPhoto[rel-35124-3803949403]\"><img width=\"300\" height=\"200\" src=\"https:\/\/peter-hess-institute.com\/wp-content\/uploads\/2019\/02\/Photo-21.02.19-19-56-02-300x200.jpg\" class=\"attachment-medium\" alt=\"\" decoding=\"async\" loading=\"lazy\" srcset=\"https:\/\/peter-hess-institute.com\/wp-content\/uploads\/2019\/02\/Photo-21.02.19-19-56-02-300x200.jpg 300w, https:\/\/peter-hess-institute.com\/wp-content\/uploads\/2019\/02\/Photo-21.02.19-19-56-02-800x533.jpg 800w, https:\/\/peter-hess-institute.com\/wp-content\/uploads\/2019\/02\/Photo-21.02.19-19-56-02-768x512.jpg 768w, https:\/\/peter-hess-institute.com\/wp-content\/uploads\/2019\/02\/Photo-21.02.19-19-56-02-1024x683.jpg 1024w, https:\/\/peter-hess-institute.com\/wp-content\/uploads\/2019\/02\/Photo-21.02.19-19-56-02-219x146.jpg 219w, https:\/\/peter-hess-institute.com\/wp-content\/uploads\/2019\/02\/Photo-21.02.19-19-56-02-50x33.jpg 50w, https:\/\/peter-hess-institute.com\/wp-content\/uploads\/2019\/02\/Photo-21.02.19-19-56-02-113x75.jpg 113w, https:\/\/peter-hess-institute.com\/wp-content\/uploads\/2019\/02\/Photo-21.02.19-19-56-02.jpg 1920w\" sizes=\"(max-width: 300px) 100vw, 300px\" \/><\/a><\/li><li><a class=\"prettyphoto\" href=\"https:\/\/peter-hess-institute.com\/wp-content\/uploads\/2019\/02\/Photo-21.02.19-19-56-45-1024x683.jpg\" data-rel=\"prettyPhoto[rel-35124-3803949403]\"><img width=\"300\" height=\"200\" src=\"https:\/\/peter-hess-institute.com\/wp-content\/uploads\/2019\/02\/Photo-21.02.19-19-56-45-300x200.jpg\" class=\"attachment-medium\" alt=\"\" decoding=\"async\" loading=\"lazy\" srcset=\"https:\/\/peter-hess-institute.com\/wp-content\/uploads\/2019\/02\/Photo-21.02.19-19-56-45-300x200.jpg 300w, https:\/\/peter-hess-institute.com\/wp-content\/uploads\/2019\/02\/Photo-21.02.19-19-56-45-800x533.jpg 800w, https:\/\/peter-hess-institute.com\/wp-content\/uploads\/2019\/02\/Photo-21.02.19-19-56-45-768x512.jpg 768w, https:\/\/peter-hess-institute.com\/wp-content\/uploads\/2019\/02\/Photo-21.02.19-19-56-45-1024x683.jpg 1024w, https:\/\/peter-hess-institute.com\/wp-content\/uploads\/2019\/02\/Photo-21.02.19-19-56-45-219x146.jpg 219w, https:\/\/peter-hess-institute.com\/wp-content\/uploads\/2019\/02\/Photo-21.02.19-19-56-45-50x33.jpg 50w, https:\/\/peter-hess-institute.com\/wp-content\/uploads\/2019\/02\/Photo-21.02.19-19-56-45-113x75.jpg 113w, https:\/\/peter-hess-institute.com\/wp-content\/uploads\/2019\/02\/Photo-21.02.19-19-56-45.jpg 1920w\" sizes=\"(max-width: 300px) 100vw, 300px\" \/><\/a><\/li><li><a class=\"prettyphoto\" href=\"https:\/\/peter-hess-institute.com\/wp-content\/uploads\/2019\/03\/PHI_Taunus_4-1024x682.jpg\" data-rel=\"prettyPhoto[rel-35124-3803949403]\"><img width=\"300\" height=\"200\" src=\"https:\/\/peter-hess-institute.com\/wp-content\/uploads\/2019\/03\/PHI_Taunus_4-300x200.jpg\" class=\"attachment-medium\" alt=\"\" decoding=\"async\" loading=\"lazy\" srcset=\"https:\/\/peter-hess-institute.com\/wp-content\/uploads\/2019\/03\/PHI_Taunus_4-300x200.jpg 300w, https:\/\/peter-hess-institute.com\/wp-content\/uploads\/2019\/03\/PHI_Taunus_4-800x533.jpg 800w, https:\/\/peter-hess-institute.com\/wp-content\/uploads\/2019\/03\/PHI_Taunus_4-768x512.jpg 768w, https:\/\/peter-hess-institute.com\/wp-content\/uploads\/2019\/03\/PHI_Taunus_4-1024x682.jpg 1024w, https:\/\/peter-hess-institute.com\/wp-content\/uploads\/2019\/03\/PHI_Taunus_4-219x146.jpg 219w, https:\/\/peter-hess-institute.com\/wp-content\/uploads\/2019\/03\/PHI_Taunus_4-50x33.jpg 50w, https:\/\/peter-hess-institute.com\/wp-content\/uploads\/2019\/03\/PHI_Taunus_4-113x75.jpg 113w, https:\/\/peter-hess-institute.com\/wp-content\/uploads\/2019\/03\/PHI_Taunus_4.jpg 1280w\" sizes=\"(max-width: 300px) 100vw, 300px\" \/><\/a><\/li><\/ul><\/div><\/div><\/div><div class=\"vc_empty_space\"   style=\"height: 10px\"><span class=\"vc_empty_space_inner\"><\/span><\/div>\n\t<div class=\"wpb_text_column wpb_content_element \" >\n\t\t<div class=\"wpb_wrapper\">\n\t\t\t<p>F\u00fcr alle die ganz entspannt von Zuhause aus bestellen m\u00f6chten, bieten wir Ihnen den neuen Shop KlangDesign auch online an. Wenn Sie Lust haben eine Entdeckungsreise durch die M\u00f6glichkeiten der Kl\u00e4nge zu machen,\u00a0k\u00f6nnen Sie das dort tun.<\/p>\n<p><a href=\"https:\/\/peter-hess-muehle.de\/shop\" target=\"_blank\" rel=\"noopener\">Hier geht&#8217;s zum Shop<\/a><\/p>\n\n\t\t<\/div>\n\t<\/div>\n<\/div><\/div><\/div><\/div>","protected":false},"excerpt":{"rendered":"Klangschalen - Shop Eine Klangschale zu kaufen ist f\u00fcr viele Menschen ein besonderer Prozess. Auch wenn alle Kl\u00e4nge sehr ausgewogen und von einer hohen Qualit\u00e4t sind, gibt es da oft doch diese eine Schale, die genau den Klang hat, mit<span class=\"excerpt-hellip\"> [\u2026]<\/span>","protected":false},"author":1,"featured_media":0,"parent":35833,"menu_order":0,"comment_status":"closed","ping_status":"closed","template":"","meta":{"footnotes":""},"acf":[],"_links":{"self":[{"href":"https:\/\/peter-hess-institute.com\/fr\/wp-json\/wp\/v2\/pages\/35124"}],"collection":[{"href":"https:\/\/peter-hess-institute.com\/fr\/wp-json\/wp\/v2\/pages"}],"about":[{"href":"https:\/\/peter-hess-institute.com\/fr\/wp-json\/wp\/v2\/types\/page"}],"author":[{"embeddable":true,"href":"https:\/\/peter-hess-institute.com\/fr\/wp-json\/wp\/v2\/users\/1"}],"replies":[{"embeddable":true,"href":"https:\/\/peter-hess-institute.com\/fr\/wp-json\/wp\/v2\/comments?post=35124"}],"version-history":[{"count":0,"href":"https:\/\/peter-hess-institute.com\/fr\/wp-json\/wp\/v2\/pages\/35124\/revisions"}],"up":[{"embeddable":true,"href":"https:\/\/peter-hess-institute.com\/fr\/wp-json\/wp\/v2\/pages\/35833"}],"wp:attachment":[{"href":"https:\/\/peter-hess-institute.com\/fr\/wp-json\/wp\/v2\/media?parent=35124"}],"curies":[{"name":"wp","href":"https:\/\/api.w.org\/{rel}","templated":true}]}}