{"id":35263,"date":"2019-06-26T11:23:54","date_gmt":"2019-06-26T09:23:54","guid":{"rendered":"http:\/\/peter-hess-institute.com\/?page_id=35263"},"modified":"2019-07-15T13:19:56","modified_gmt":"2019-07-15T11:19:56","slug":"klang-und-seminarangebote-in-der-landsteiner-muehle","status":"publish","type":"page","link":"https:\/\/peter-hess-institute.com\/fr\/nord\/klang-und-seminarangebote-in-der-landsteiner-muehle\/","title":{"rendered":"Seminarhaus Landsteiner M\u00fchle \u2013 Infos pour les participants"},"content":{"rendered":"<div class=\"vc_row wpb_row vc_row-fluid\"><div class=\"wpb_column vc_column_container vc_col-sm-12\"><div class=\"vc_column-inner\"><div class=\"wpb_wrapper\"><div class=\"vc_empty_space\"   style=\"height: 120px\"><span class=\"vc_empty_space_inner\"><\/span><\/div><\/div><\/div><\/div><\/div><div class=\"vc_row wpb_row vc_row-fluid\"><div class=\"wpb_column vc_column_container vc_col-sm-3\"><div class=\"vc_column-inner vc_custom_1456258786515\"><div class=\"wpb_wrapper\"><div class=\"vc_btn3-container  regiobutton  wpb_animate_when_almost_visible wpb_left-to-right left-to-right vc_btn3-left vc_custom_1561538018436\" ><a style=\"background-color:#efebe3; color:#ae9d75;\" class=\"vc_general vc_btn3 vc_btn3-size-md vc_btn3-shape-square vc_btn3-style-custom vc_btn3-block\" href=\"http:\/\/peter-hess-institute.com\/fr\/peter-hess-institut-seminarhaus-landsteiner-muehletaunus\/\" title=\"\">Commencer<\/a><\/div><div class=\"vc_btn3-container  regiobutton  wpb_animate_when_almost_visible wpb_left-to-right left-to-right vc_btn3-left vc_custom_1561538053131\" ><a style=\"background-color:#efebe3; color:#ae9d75;\" class=\"vc_general vc_btn3 vc_btn3-size-md vc_btn3-shape-square vc_btn3-style-custom vc_btn3-block\" href=\"http:\/\/peter-hess-institute.com\/fr\/peter-hess-institut-seminarhaus-landsteiner-muehletaunus-2\/\" title=\"\">Das Seminarhaus<\/a><\/div><div class=\"vc_btn3-container  regiobutton  wpb_animate_when_almost_visible wpb_left-to-right left-to-right vc_btn3-left vc_custom_1561622016045\" ><a style=\"background-color:#efebe3; color:#ae9d75;\" class=\"vc_general vc_btn3 vc_btn3-size-md vc_btn3-shape-square vc_btn3-style-custom vc_btn3-block\" href=\"http:\/\/peter-hess-institute.com\/fr\/nord\/klangmassage-methoden-2\/\" title=\"\">Peter Hess Shop<\/a><\/div><div class=\"vc_btn3-container  regiobutton  wpb_animate_when_almost_visible wpb_left-to-right left-to-right vc_btn3-left vc_custom_1551168209823\" ><a style=\"background-color:#efebe3; color:#ae9d75;\" class=\"vc_general vc_btn3 vc_btn3-size-md vc_btn3-shape-square vc_btn3-style-custom vc_btn3-block\" href=\"http:\/\/peter-hess-institute.com\/fr\/?page_id=15318&#038;preview=true\" title=\"\">Veranstaltungskalender <\/a><\/div><div class=\"vc_btn3-container  regiobutton  wpb_animate_when_almost_visible wpb_left-to-right left-to-right vc_btn3-left vc_custom_1561623618549\" ><a style=\"background-color:#efebe3; color:#ae9d75;\" class=\"vc_general vc_btn3 vc_btn3-size-md vc_btn3-shape-square vc_btn3-style-custom vc_btn3-block\" href=\"http:\/\/peter-hess-institute.com\/fr\/nord\/klang-und-seminarangebote-in-der-landsteiner-muehle-2\/\" title=\"\">Seminare von A bis Z<\/a><\/div><div class=\"vc_btn3-container  regiobutton  wpb_animate_when_almost_visible wpb_left-to-right left-to-right vc_btn3-left vc_custom_1561623258033\" ><a style=\"background-color:#a1c0ca; color:#ffffff;\" class=\"vc_general vc_btn3 vc_btn3-size-md vc_btn3-shape-square vc_btn3-style-custom vc_btn3-block\" href=\"http:\/\/peter-hess-institute.com\/fr\/nord\/klang-und-seminarangebote-in-der-landsteiner-muehle\/\" title=\"\">Infos f\u00fcr Teilnehmer<\/a><\/div><div class=\"vc_btn3-container  regiobutton  wpb_animate_when_almost_visible wpb_left-to-right left-to-right vc_btn3-left vc_custom_1562849643522\" ><a style=\"background-color:#efebe3; color:#ae9d75;\" class=\"vc_general vc_btn3 vc_btn3-size-md vc_btn3-shape-square vc_btn3-style-custom vc_btn3-block\" href=\"http:\/\/peter-hess-institute.com\/fr\/seminarhaus-landsteiner-muehle-zimmerbuchung-im-haus-externe-uebernachtungs-moeglichkeiten\/\" title=\"\">R\u00e9servation de chambre<\/a><\/div><div class=\"vc_btn3-container  regiobutton  wpb_animate_when_almost_visible wpb_left-to-right left-to-right vc_btn3-left vc_custom_1563189592503\" ><a style=\"background-color:#efebe3; color:#ae9d75;\" class=\"vc_general vc_btn3 vc_btn3-size-md vc_btn3-shape-square vc_btn3-style-custom vc_btn3-block\" href=\"http:\/\/peter-hess-institute.com\/fr\/seminarhaus-landsteiner-muehle-seminarverpflegung\/\" title=\"\">Seminarverpflegung<\/a><\/div><div class=\"vc_btn3-container  regiobutton  wpb_animate_when_almost_visible wpb_left-to-right left-to-right vc_btn3-left vc_custom_1561706770426\" ><a style=\"background-color:#efebe3; color:#ae9d75;\" class=\"vc_general vc_btn3 vc_btn3-size-md vc_btn3-shape-square vc_btn3-style-custom vc_btn3-block\" href=\"http:\/\/peter-hess-institute.com\/fr\/nord\/lage-und-anfahrt\/\" title=\"\">Lage und Anfahrt<\/a><\/div><div class=\"vc_btn3-container  regiobutton  wpb_animate_when_almost_visible wpb_left-to-right left-to-right vc_btn3-left vc_custom_1562844259526\" ><a style=\"background-color:#efebe3; color:#ae9d75;\" class=\"vc_general vc_btn3 vc_btn3-size-md vc_btn3-shape-square vc_btn3-style-custom vc_btn3-block\" href=\"http:\/\/peter-hess-institute.com\/fr\/seminarhaus-landsteiner-muehle-flyer\/\" title=\"\">Flyer<\/a><\/div><div class=\"vc_btn3-container  regiobutton  wpb_animate_when_almost_visible wpb_left-to-right left-to-right vc_btn3-left vc_custom_1555928635382\" ><a style=\"background-color:#efebe3; color:#ae9d75;\" class=\"vc_general vc_btn3 vc_btn3-size-md vc_btn3-shape-square vc_btn3-style-custom vc_btn3-block\" href=\"http:\/\/peter-hess-institute.com\/fr\/kontakt-peter-hess-institut-landsteiner-muehletaunus\/\" title=\"\">Contact<\/a><\/div><div class=\"vc_empty_space\"   style=\"height: 32px\"><span class=\"vc_empty_space_inner\"><\/span><\/div><\/div><\/div><\/div><div class=\"wpb_column vc_column_container vc_col-sm-1\"><div class=\"vc_column-inner\"><div class=\"wpb_wrapper\"><\/div><\/div><\/div><div class=\"wpb_column vc_column_container vc_col-sm-8\"><div class=\"vc_column-inner\"><div class=\"wpb_wrapper\">\n\t<div class=\"wpb_text_column wpb_content_element\" >\n\t\t<div class=\"wpb_wrapper\">\n\t\t\t<h2>Infos f\u00fcr Teilnehmer<\/h2>\n\n\t\t<\/div>\n\t<\/div>\n\n\t<div class=\"wpb_text_column wpb_content_element\" >\n\t\t<div class=\"wpb_wrapper\">\n\t\t\t<ul>\n<li>In unseren Seminarhaus sind f\u00fcr dein Seminar alle erforderlichen Materialien Vorhanden. Falls f\u00fcr ein Seminar Materialien mitgebracht werden sollen, erh\u00e4ltst du dazu rechtzeitig vor Beginn des Seminars eine Information.<\/li>\n<li>Falls deine Anreise zum Seminar sich verz\u00f6gert, und Du Dich versp\u00e4test, rufe uns doch bitte kurz an, damit wir Bescheid wissen. Tel.: 069-269 233 060<\/li>\n<li>Eine Internetverbindung ist im Haus zur freien Verf\u00fcgung. Die Zugangsdaten erh\u00e4ltst Du vor Ort.<\/li>\n<li>Im Seminarhaus ist schuhfreie Zone. Gerne kannst du deine eigenen Hausschuhe mitbringen oder die von uns zur Verf\u00fcgung gestellten Filzpantoffel nutzen.<\/li>\n<\/ul>\n\n\t\t<\/div>\n\t<\/div>\n\n\t<div  class=\"wpb_single_image wpb_content_element vc_align_center\">\n\t\t\n\t\t<figure class=\"wpb_wrapper vc_figure\">\n\t\t\t<div class=\"vc_single_image-wrapper   vc_box_border_grey\"><img width=\"1024\" height=\"683\" src=\"https:\/\/peter-hess-institute.com\/wp-content\/uploads\/2019\/06\/DSC_9949.2.rgb_-1024x683.jpg\" class=\"vc_single_image-img attachment-large\" alt=\"\" decoding=\"async\" loading=\"lazy\" srcset=\"https:\/\/peter-hess-institute.com\/wp-content\/uploads\/2019\/06\/DSC_9949.2.rgb_-1024x683.jpg 1024w, https:\/\/peter-hess-institute.com\/wp-content\/uploads\/2019\/06\/DSC_9949.2.rgb_-800x533.jpg 800w, https:\/\/peter-hess-institute.com\/wp-content\/uploads\/2019\/06\/DSC_9949.2.rgb_-300x200.jpg 300w, https:\/\/peter-hess-institute.com\/wp-content\/uploads\/2019\/06\/DSC_9949.2.rgb_-768x512.jpg 768w, https:\/\/peter-hess-institute.com\/wp-content\/uploads\/2019\/06\/DSC_9949.2.rgb_-219x146.jpg 219w, https:\/\/peter-hess-institute.com\/wp-content\/uploads\/2019\/06\/DSC_9949.2.rgb_-50x33.jpg 50w, https:\/\/peter-hess-institute.com\/wp-content\/uploads\/2019\/06\/DSC_9949.2.rgb_-113x75.jpg 113w\" sizes=\"(max-width: 1024px) 100vw, 1024px\" \/><\/div>\n\t\t<\/figure>\n\t<\/div>\n<\/div><\/div><\/div><\/div>","protected":false},"excerpt":{"rendered":"StartDas SeminarhausPeter Hess ShopVeranstaltungskalender Seminare von A bis ZInfos f\u00fcr TeilnehmerZimmerbuchungSeminarverpflegungLage und AnfahrtFlyerKontakt Infos f\u00fcr Teilnehmer In unseren Seminarhaus sind f\u00fcr dein Seminar alle erforderlichen Materialien Vorhanden. Falls f\u00fcr ein Seminar Materialien mitgebracht werden sollen, erh\u00e4ltst du dazu rechtzeitig vor<span class=\"excerpt-hellip\"> [\u2026]<\/span>","protected":false},"author":1013,"featured_media":0,"parent":3188,"menu_order":0,"comment_status":"closed","ping_status":"closed","template":"","meta":{"footnotes":""},"acf":[],"_links":{"self":[{"href":"https:\/\/peter-hess-institute.com\/fr\/wp-json\/wp\/v2\/pages\/35263"}],"collection":[{"href":"https:\/\/peter-hess-institute.com\/fr\/wp-json\/wp\/v2\/pages"}],"about":[{"href":"https:\/\/peter-hess-institute.com\/fr\/wp-json\/wp\/v2\/types\/page"}],"author":[{"embeddable":true,"href":"https:\/\/peter-hess-institute.com\/fr\/wp-json\/wp\/v2\/users\/1013"}],"replies":[{"embeddable":true,"href":"https:\/\/peter-hess-institute.com\/fr\/wp-json\/wp\/v2\/comments?post=35263"}],"version-history":[{"count":0,"href":"https:\/\/peter-hess-institute.com\/fr\/wp-json\/wp\/v2\/pages\/35263\/revisions"}],"up":[{"embeddable":true,"href":"https:\/\/peter-hess-institute.com\/fr\/wp-json\/wp\/v2\/pages\/3188"}],"wp:attachment":[{"href":"https:\/\/peter-hess-institute.com\/fr\/wp-json\/wp\/v2\/media?parent=35263"}],"curies":[{"name":"wp","href":"https:\/\/api.w.org\/{rel}","templated":true}]}}