{"id":35305,"date":"2019-06-27T10:30:28","date_gmt":"2019-06-27T08:30:28","guid":{"rendered":"http:\/\/peter-hess-institute.com\/?page_id=35305"},"modified":"2019-07-17T10:31:30","modified_gmt":"2019-07-17T08:31:30","slug":"lage-und-anfahrt","status":"publish","type":"page","link":"https:\/\/peter-hess-institute.com\/fr\/nord\/lage-und-anfahrt\/","title":{"rendered":"Seminarhaus Landsteiner M\u00fchle \u2013 Situation et acc\u00e8s"},"content":{"rendered":"<div class=\"vc_row wpb_row vc_row-fluid\"><div class=\"wpb_column vc_column_container vc_col-sm-12\"><div class=\"vc_column-inner\"><div class=\"wpb_wrapper\"><div class=\"vc_empty_space\"   style=\"height: 120px\"><span class=\"vc_empty_space_inner\"><\/span><\/div><\/div><\/div><\/div><\/div><div class=\"vc_row wpb_row vc_row-fluid\"><div class=\"wpb_column vc_column_container vc_col-sm-3\"><div class=\"vc_column-inner vc_custom_1456258786515\"><div class=\"wpb_wrapper\"><div class=\"vc_btn3-container  regiobutton  wpb_animate_when_almost_visible wpb_left-to-right left-to-right vc_btn3-left vc_custom_1561538018436\" ><a style=\"background-color:#efebe3; color:#ae9d75;\" class=\"vc_general vc_btn3 vc_btn3-size-md vc_btn3-shape-square vc_btn3-style-custom vc_btn3-block\" href=\"http:\/\/peter-hess-institute.com\/fr\/peter-hess-institut-seminarhaus-landsteiner-muehletaunus\/\" title=\"\">Commencer<\/a><\/div><div class=\"vc_btn3-container  regiobutton  wpb_animate_when_almost_visible wpb_left-to-right left-to-right vc_btn3-left vc_custom_1561538053131\" ><a style=\"background-color:#efebe3; color:#ae9d75;\" class=\"vc_general vc_btn3 vc_btn3-size-md vc_btn3-shape-square vc_btn3-style-custom vc_btn3-block\" href=\"http:\/\/peter-hess-institute.com\/fr\/peter-hess-institut-seminarhaus-landsteiner-muehletaunus-2\/\" title=\"\">Le centre de s\u00e9minaires<\/a><\/div><div class=\"vc_btn3-container  regiobutton  wpb_animate_when_almost_visible wpb_left-to-right left-to-right vc_btn3-left vc_custom_1561622016045\" ><a style=\"background-color:#efebe3; color:#ae9d75;\" class=\"vc_general vc_btn3 vc_btn3-size-md vc_btn3-shape-square vc_btn3-style-custom vc_btn3-block\" href=\"http:\/\/peter-hess-institute.com\/fr\/nord\/klangmassage-methoden-2\/\" title=\"\">Boutique Peter Hess<\/a><\/div><div class=\"vc_btn3-container  regiobutton  wpb_animate_when_almost_visible wpb_left-to-right left-to-right vc_btn3-left vc_custom_1551168209823\" ><a style=\"background-color:#efebe3; color:#ae9d75;\" class=\"vc_general vc_btn3 vc_btn3-size-md vc_btn3-shape-square vc_btn3-style-custom vc_btn3-block\" href=\"http:\/\/peter-hess-institute.com\/fr\/?page_id=15318&#038;preview=true\" title=\"\">Calendrier des \u00e9v\u00e9nements <\/a><\/div><div class=\"vc_btn3-container  regiobutton  wpb_animate_when_almost_visible wpb_left-to-right left-to-right vc_btn3-left vc_custom_1561623618549\" ><a style=\"background-color:#efebe3; color:#ae9d75;\" class=\"vc_general vc_btn3 vc_btn3-size-md vc_btn3-shape-square vc_btn3-style-custom vc_btn3-block\" href=\"http:\/\/peter-hess-institute.com\/fr\/nord\/klang-und-seminarangebote-in-der-landsteiner-muehle-2\/\" title=\"\">S\u00e9minaires de A \u00e0 Z<\/a><\/div><div class=\"vc_btn3-container  regiobutton  wpb_animate_when_almost_visible wpb_left-to-right left-to-right vc_btn3-left vc_custom_1561707354254\" ><a style=\"background-color:#efebe3; color:#ae9d75;\" class=\"vc_general vc_btn3 vc_btn3-size-md vc_btn3-shape-square vc_btn3-style-custom vc_btn3-block\" href=\"http:\/\/peter-hess-institute.com\/fr\/nord\/klang-und-seminarangebote-in-der-landsteiner-muehle\/\" title=\"\">Informations pour les participants<\/a><\/div><div class=\"vc_btn3-container  regiobutton  wpb_animate_when_almost_visible wpb_left-to-right left-to-right vc_btn3-left vc_custom_1562849701002\" ><a style=\"background-color:#efebe3; color:#ae9d75;\" class=\"vc_general vc_btn3 vc_btn3-size-md vc_btn3-shape-square vc_btn3-style-custom vc_btn3-block\" href=\"http:\/\/peter-hess-institute.com\/fr\/seminarhaus-landsteiner-muehle-zimmerbuchung-im-haus-externe-uebernachtungs-moeglichkeiten\/\" title=\"\">R\u00e9servation de chambre<\/a><\/div><div class=\"vc_btn3-container  regiobutton  wpb_animate_when_almost_visible wpb_left-to-right left-to-right vc_btn3-left vc_custom_1563189760610\" ><a style=\"background-color:#efebe3; color:#ae9d75;\" class=\"vc_general vc_btn3 vc_btn3-size-md vc_btn3-shape-square vc_btn3-style-custom vc_btn3-block\" href=\"http:\/\/peter-hess-institute.com\/fr\/seminarhaus-landsteiner-muehle-seminarverpflegung\/\" title=\"\">Restauration de s\u00e9minaire<\/a><\/div><div class=\"vc_btn3-container  regiobutton  wpb_animate_when_almost_visible wpb_left-to-right left-to-right vc_btn3-left vc_custom_1561624137129\" ><a style=\"background-color:#a1c0ca; color:#ffffff;\" class=\"vc_general vc_btn3 vc_btn3-size-md vc_btn3-shape-square vc_btn3-style-custom vc_btn3-block\" href=\"http:\/\/peter-hess-institute.com\/fr\/nord\/klang-und-seminarangebote-in-der-landsteiner-muehle\/\" title=\"\">Emplacement et itin\u00e9raire<\/a><\/div><div class=\"vc_btn3-container  regiobutton  wpb_animate_when_almost_visible wpb_left-to-right left-to-right vc_btn3-left vc_custom_1562844348555\" ><a style=\"background-color:#efebe3; color:#ae9d75;\" class=\"vc_general vc_btn3 vc_btn3-size-md vc_btn3-shape-square vc_btn3-style-custom vc_btn3-block\" href=\"http:\/\/peter-hess-institute.com\/fr\/seminarhaus-landsteiner-muehle-flyer\/\" title=\"\">Prospectus<\/a><\/div><div class=\"vc_btn3-container  regiobutton  wpb_animate_when_almost_visible wpb_left-to-right left-to-right vc_btn3-left vc_custom_1555928635382\" ><a style=\"background-color:#efebe3; color:#ae9d75;\" class=\"vc_general vc_btn3 vc_btn3-size-md vc_btn3-shape-square vc_btn3-style-custom vc_btn3-block\" href=\"http:\/\/peter-hess-institute.com\/fr\/kontakt-peter-hess-institut-landsteiner-muehletaunus\/\" title=\"\">Contact<\/a><\/div><div class=\"vc_empty_space\"   style=\"height: 32px\"><span class=\"vc_empty_space_inner\"><\/span><\/div><\/div><\/div><\/div><div class=\"wpb_column vc_column_container vc_col-sm-1\"><div class=\"vc_column-inner\"><div class=\"wpb_wrapper\"><\/div><\/div><\/div><div class=\"wpb_column vc_column_container vc_col-sm-8\"><div class=\"vc_column-inner\"><div class=\"wpb_wrapper\">\n\t<div class=\"wpb_text_column wpb_content_element\" >\n\t\t<div class=\"wpb_wrapper\">\n\t\t\t<h2 style=\"text-align: left;\">Lieu et itin\u00e9raire<\/h2>\n\n\t\t<\/div>\n\t<\/div>\n\n\t<div class=\"wpb_text_column wpb_content_element\" >\n\t\t<div class=\"wpb_wrapper\">\n\t\t\t<p>Le s\u00e9minaire est situ\u00e9 dans le Taunus, une moyenne montagne de la r\u00e9gion Rhin-Main. Le Taunus est une zone de loisirs bois\u00e9e pr\u00e8s de Francfort, accessible en un peu plus d'une demi-heure depuis la ville.<\/p>\n\n\t\t<\/div>\n\t<\/div>\n<div class=\"wpb_gmaps_widget wpb_content_element\"><div class=\"wpb_wrapper\"><div class=\"wpb_map_wraper\"><iframe src=\"https:\/\/www.google.com\/maps\/embed?pb=!1m18!1m12!1m3!1d2548.906488272939!2d8.412591315836892!3d50.29367340652985!2m3!1f0!2f0!3f0!3m2!1i1024!2i768!4f13.1!3m3!1m2!1s0x47bdadfda42fc665%3A0x72f1e6492b47e33a!2sLandsteiner+Str.+1%2C+61276+Weilrod!5e0!3m2!1sde!2sde!4v1562577381572!5m2!1sde!2sde\" width=\"600\" height=\"450\" frameborder=\"0\" style=\"border:0\" allowfullscreen><\/iframe><\/div><\/div><\/div>\n\t<div class=\"wpb_text_column wpb_content_element\" >\n\t\t<div class=\"wpb_wrapper\">\n\t\t\t<div>\n<div>\n<p>Le moulin de Landstein est facilement accessible en voiture.<br \/>\nAdresse de Navi :<br \/>\nLandstein 1<br \/>\n61276 Weilrod<\/p>\n<\/div>\n<\/div>\n<div>\n<div>\n<p>En venant de l'A3, le moulin se trouve sur la B275 apr\u00e8s Riedelbach \u2013 Altweilnau.<br \/>\nEn venant de l'A5, prendre la B275 apr\u00e8s Usingen \u2013 Merzhausen.<br \/>\nEn venant du sud, prendre l'A 661 jusqu'\u00e0 la fin Oberursel, puis passer \u00e0 droite sur la L3004 en direction de Schmitten, traverser Brombach en direction d'Altweilnau. Le moulin se trouve avant Altweilnau sur la gauche.<\/p>\n<p>Pour venir en transports en commun, nous avons pr\u00e9par\u00e9 une PDF pour vous.<\/p>\n<\/div>\n<\/div>\n<div>\n<div>\n<p>Si vous venez en train, la connexion la plus rapide depuis la gare centrale de Francfort est avec le<br \/>\nS-Bahn (S5) en direction d'Oberursel\/Bahnhof (env. 17 min).<br \/>\nDe l\u00e0, apr\u00e8s inscription pr\u00e9alable par e-mail (<span style=\"color: #993300;\"><a style=\"color: #993300;\" href=\"mailto:&#x6c;&#x61;&#x6e;&#x64;&#x73;&#x74;&#x65;&#x69;&#x6e;&#x65;&#x72;&#x6d;&#x75;&#x65;&#x68;&#x6c;&#x65;&#x40;&#x70;&#x65;&#x74;&#x65;&#x72;&#x2d;&#x68;&#x65;&#x73;&#x73;&#x2d;&#x49;&#x6e;&#x73;&#x74;&#x69;&#x74;&#x75;&#x74;&#x2e;&#x64;&#x65;\">moulin-de-landsteiner@<span class=\"oe_displaynone\">nulle<\/span>peter-hess-Institut.de<\/a><\/span>), organiser un service de prise en charge (co\u00fbt de 25,- \u20ac par v\u00e9hicule, max. 4 passagers).<br \/>\nCelui-ci attendra alors une heure et demie avant le d\u00e9but du s\u00e9minaire \u00e0 la gare d'Oberursel les personnes inscrites.<br \/>\nPour le retour, il y a g\u00e9n\u00e9ralement une possibilit\u00e9 de covoiturage au s\u00e9minaire. Cependant, il faut en faire la demande \u00e0 l'avance (pas seulement quand il faut partir !)<\/p>\n<\/div>\n<\/div>\n\n\t\t<\/div>\n\t<\/div>\n<\/div><\/div><\/div><\/div>","protected":false},"excerpt":{"rendered":"StartDas SeminarhausPeter Hess ShopVeranstaltungskalender Seminare von A bis ZInfos f\u00fcr TeilnehmerZimmerbuchungSeminarverpflegungLage und AnfahrtFlyerKontakt Lage &amp; Anfahrt Das Seminarhaus liegt im Taunus, ein Mittelgebirge im Rhein Main Gebiet. Der Taunus ist ein Waldreiches Naherholungsgebiet von Frankfurt und von dort innerhalb einer<span class=\"excerpt-hellip\"> [\u2026]<\/span>","protected":false},"author":1013,"featured_media":0,"parent":3188,"menu_order":0,"comment_status":"closed","ping_status":"closed","template":"","meta":{"footnotes":""},"acf":[],"_links":{"self":[{"href":"https:\/\/peter-hess-institute.com\/fr\/wp-json\/wp\/v2\/pages\/35305"}],"collection":[{"href":"https:\/\/peter-hess-institute.com\/fr\/wp-json\/wp\/v2\/pages"}],"about":[{"href":"https:\/\/peter-hess-institute.com\/fr\/wp-json\/wp\/v2\/types\/page"}],"author":[{"embeddable":true,"href":"https:\/\/peter-hess-institute.com\/fr\/wp-json\/wp\/v2\/users\/1013"}],"replies":[{"embeddable":true,"href":"https:\/\/peter-hess-institute.com\/fr\/wp-json\/wp\/v2\/comments?post=35305"}],"version-history":[{"count":0,"href":"https:\/\/peter-hess-institute.com\/fr\/wp-json\/wp\/v2\/pages\/35305\/revisions"}],"up":[{"embeddable":true,"href":"https:\/\/peter-hess-institute.com\/fr\/wp-json\/wp\/v2\/pages\/3188"}],"wp:attachment":[{"href":"https:\/\/peter-hess-institute.com\/fr\/wp-json\/wp\/v2\/media?parent=35305"}],"curies":[{"name":"wp","href":"https:\/\/api.w.org\/{rel}","templated":true}]}}