{"id":3895,"date":"2016-03-14T21:51:13","date_gmt":"2016-03-14T20:51:13","guid":{"rendered":"http:\/\/peter-hess-institute.com\/?page_id=3895"},"modified":"2022-01-26T11:53:35","modified_gmt":"2022-01-26T10:53:35","slug":"die-geschichte-des-phi","status":"publish","type":"page","link":"https:\/\/peter-hess-institute.com\/fr\/die-geschichte-des-phi\/","title":{"rendered":"Die Geschichte des PHI"},"content":{"rendered":"<div class=\"vc_row wpb_row vc_row-fluid\"><div class=\"wpb_column vc_column_container vc_col-sm-12\"><div class=\"vc_column-inner\"><div class=\"wpb_wrapper\"><div class=\"vc_empty_space\"   style=\"height: 55px\"><span class=\"vc_empty_space_inner\"><\/span><\/div>\n\t<div class=\"wpb_text_column wpb_content_element\" >\n\t\t<div class=\"wpb_wrapper\">\n\t\t\t<h2 style=\"text-align: center;\">Das Peter Hess\u00ae Institut: Praxis \u2219 Lehre \u2219 Forschung<\/h2>\n\n\t\t<\/div>\n\t<\/div>\n\n\t<div class=\"wpb_text_column wpb_content_element\" >\n\t\t<div class=\"wpb_wrapper\">\n\t\t\t<p style=\"text-align: center;\"><strong>&#8220;Der Ton der Klangschale\u00a0ber\u00fchrt unser Innerstes,\u00a0er bringt die Seele zum Schwingen.\u00a0Der Klang l\u00f6st Spannungen,\u00a0mobilisiert die Selbstheilungskraft und setzt sch\u00f6pferische Energien frei.&#8221;<\/strong><br \/>\n<em>(Peter Hess)<\/em><\/p>\n\n\t\t<\/div>\n\t<\/div>\n<\/div><\/div><\/div><\/div><div class=\"vc_row wpb_row vc_row-fluid\"><div class=\"wpb_column vc_column_container vc_col-sm-12\"><div class=\"vc_column-inner\"><div class=\"wpb_wrapper\">\n\t<div class=\"wpb_text_column wpb_content_element\" >\n\t\t<div class=\"wpb_wrapper\">\n\t\t\t<p style=\"text-align: center;\">Das Peter Hess\u00ae Institut bietet seit 30 Jahren professionelle Aus-, Fort- und Weiterbildung in der Klangmassage mit Klangschalen und den darauf gr\u00fcndenden Klangmethoden an. Seit <em>Peter Hess<\/em> die Klangmassage mit Klangschalen 1984 entwickelt hat, ist viel geschehen, wobei <em>Peter Hess<\/em> die enge Verkn\u00fcpfung von Praxis, Lehre und Forschung von Anfang an ein wichtiges Anliegen war. Ganz nach dem Motto \u201eAus der Praxis f\u00fcr die Praxis&#8221; entstanden so im Laufe der Zeit die verschiedenen Klangmethoden, die eine Spezialisierung in den verschiedenen Arbeitsfeldern von Wellness und Pr\u00e4vention, P\u00e4dagogik und Beratung, Therapie und Heilwesen darstellen und sich in unserem umfangreichen Workshop- und Seminarangebot von mehr als 400 Veranstaltungen pro Jahr spiegeln.<\/p>\n<p style=\"text-align: center;\">Die nachfolgende \u00dcbersicht gibt Ihnen einen Einblick in die Geschichte unseres Institutes:<\/p>\n\n\t\t<\/div>\n\t<\/div>\n<\/div><\/div><\/div><\/div><div class=\"vc_row wpb_row vc_row-fluid\"><div class=\"wpb_column vc_column_container vc_col-sm-12\"><div class=\"vc_column-inner\"><div class=\"wpb_wrapper\">\n\t<div class=\"wpb_text_column wpb_content_element  vc_custom_1466541541058\" >\n\t\t<div class=\"wpb_wrapper\">\n\t\t\t<h4 style=\"text-align: center;\"><span style=\"color: #ae9d75;\">2014<\/span><\/h4>\n\n\t\t<\/div>\n\t<\/div>\n\n\t<div class=\"wpb_text_column wpb_content_element\" >\n\t\t<div class=\"wpb_wrapper\">\n\t\t\t<p style=\"text-align: center;\">2. Fachkongress in Gersfeld (Rh\u00f6n) \u2013 veranstaltet vom Europ\u00e4ischen Fachverband Klang-Massage-Therapie e.V. zum 15-j\u00e4hrigen Bestehen des Verbandes und 30-j\u00e4hrigen Jubil\u00e4um der Peter Hess-Klangmassage<\/p>\n\n\t\t<\/div>\n\t<\/div>\n\n\t<div class=\"wpb_text_column wpb_content_element  vc_custom_1466541481783\" >\n\t\t<div class=\"wpb_wrapper\">\n\t\t\t<h4 style=\"text-align: center;\"><span style=\"color: #ae9d75;\">2013<\/span><\/h4>\n\n\t\t<\/div>\n\t<\/div>\n\n\t<div class=\"wpb_text_column wpb_content_element\" >\n\t\t<div class=\"wpb_wrapper\">\n\t\t\t<p style=\"text-align: center;\">Er\u00f6ffnung des PHI-Regionalzentrums Nord\/Westdeutschland unter der Leitung von Anna Avramidou und Niko Avramidis in D-48465 Sch\u00fcttorf<\/p>\n\n\t\t<\/div>\n\t<\/div>\n\n\t<div class=\"wpb_text_column wpb_content_element  vc_custom_1466541450516\" >\n\t\t<div class=\"wpb_wrapper\">\n\t\t\t<h4 style=\"text-align: center;\"><span style=\"color: #ae9d75;\">2012<\/span><\/h4>\n\n\t\t<\/div>\n\t<\/div>\n\n\t<div class=\"wpb_text_column wpb_content_element\" >\n\t\t<div class=\"wpb_wrapper\">\n\t\t\t<p style=\"text-align: center;\">Er\u00f6ffnung des Peter Hess\u00ae Zentrums \u2013 Seminarhaus &amp; Entwicklungswerkstatt unter der Leitung von Peter Hess und Emily Hess in D-27333 Schweringen<\/p>\n\n\t\t<\/div>\n\t<\/div>\n\n\t<div class=\"wpb_text_column wpb_content_element  vc_custom_1466541423803\" >\n\t\t<div class=\"wpb_wrapper\">\n\t\t\t<h4 style=\"text-align: center;\"><span style=\"color: #ae9d75;\">2011<\/span><\/h4>\n\n\t\t<\/div>\n\t<\/div>\n\n\t<div class=\"wpb_text_column wpb_content_element\" >\n\t\t<div class=\"wpb_wrapper\">\n\t\t\t<p style=\"text-align: center;\">5. Klang-Kongress in Dortmund<\/p>\n\n\t\t<\/div>\n\t<\/div>\n\n\t<div class=\"wpb_text_column wpb_content_element  vc_custom_1466541367596\" >\n\t\t<div class=\"wpb_wrapper\">\n\t\t\t<h4 style=\"text-align: center;\"><span style=\"color: #ae9d75;\">2008<\/span><\/h4>\n\n\t\t<\/div>\n\t<\/div>\n\n\t<div class=\"wpb_text_column wpb_content_element\" >\n\t\t<div class=\"wpb_wrapper\">\n\t\t\t<p style=\"text-align: center;\">Das Institut f\u00fcr Klang-Massage-Therapie wird zum Peter Hess Institut umbenannt und die ausl\u00e4ndischen Institute nennen sich fortan einheitlich Peter Hess Akademien<\/p>\n<p style=\"text-align: center;\">1. Fachkongress (bzw. 4. Klang-Kongress) in Gersfeld (Rh\u00f6n) \u2013 veranstaltet vom Europ\u00e4ischen Fachverband Klang-Massage-Therapie e.V.<\/p>\n\n\t\t<\/div>\n\t<\/div>\n\n\t<div class=\"wpb_text_column wpb_content_element  vc_custom_1466541323613\" >\n\t\t<div class=\"wpb_wrapper\">\n\t\t\t<h4 style=\"text-align: center;\"><span style=\"color: #ae9d75;\">2006<\/span><\/h4>\n\n\t\t<\/div>\n\t<\/div>\n\n\t<div class=\"wpb_text_column wpb_content_element\" >\n\t\t<div class=\"wpb_wrapper\">\n\t\t\t<p style=\"text-align: center;\">3. Klang-Kongress in Dortmund<\/p>\n\n\t\t<\/div>\n\t<\/div>\n\n\t<div class=\"wpb_text_column wpb_content_element  vc_custom_1466541232442\" >\n\t\t<div class=\"wpb_wrapper\">\n\t\t\t<h4 style=\"text-align: center;\"><span style=\"color: #ae9d75;\">2004<\/span><\/h4>\n\n\t\t<\/div>\n\t<\/div>\n\n\t<div class=\"wpb_text_column wpb_content_element\" >\n\t\t<div class=\"wpb_wrapper\">\n\t\t\t<p style=\"text-align: center;\">Unterst\u00fctzung von Norbert Kasprowski als Verkaufsleiter. Er ist u.a. Ansprechpartner f\u00fcr Fachmessen und f\u00fcr die Kooperationspartner des PHI.<\/p>\n\n\t\t<\/div>\n\t<\/div>\n\n\t<div class=\"wpb_text_column wpb_content_element  vc_custom_1466541202128\" >\n\t\t<div class=\"wpb_wrapper\">\n\t\t\t<h4 style=\"text-align: center;\"><span style=\"color: #ae9d75;\">2003<\/span><\/h4>\n\n\t\t<\/div>\n\t<\/div>\n\n\t<div class=\"wpb_text_column wpb_content_element\" >\n\t\t<div class=\"wpb_wrapper\">\n\t\t\t<div class=\"vc_tta-panel-body\">\n<div class=\"wpb_text_column wpb_content_element\">\n<div class=\"wpb_wrapper\">\n<div class=\"vc_tta-panel-body\">\n<div class=\"wpb_text_column wpb_content_element\">\n<div class=\"wpb_wrapper\" style=\"text-align: center;\">\n<div class=\"vc_tta-panel-body\">\n<div class=\"wpb_text_column wpb_content_element\">\n<div class=\"wpb_wrapper\">\n<div class=\"vc_tta-panel-body\">\n<div class=\"wpb_text_column wpb_content_element\">\n<div class=\"wpb_wrapper\">\n<div class=\"vc_tta-panel-body\">\n<div class=\"wpb_text_column wpb_content_element\">\n<div class=\"wpb_wrapper\">2. Klang-Kongress in N\u00fcrnberg<\/div>\n<\/div>\n<\/div>\n<\/div>\n<\/div>\n<\/div>\n<\/div>\n<\/div>\n<\/div>\n<\/div>\n<\/div>\n<\/div>\n<\/div>\n<\/div>\n<\/div>\n\n\t\t<\/div>\n\t<\/div>\n\n\t<div class=\"wpb_text_column wpb_content_element  vc_custom_1466541162118\" >\n\t\t<div class=\"wpb_wrapper\">\n\t\t\t<h4 style=\"text-align: center;\"><span style=\"color: #ae9d75;\">2002<\/span><\/h4>\n\n\t\t<\/div>\n\t<\/div>\n\n\t<div class=\"wpb_text_column wpb_content_element\" >\n\t\t<div class=\"wpb_wrapper\">\n\t\t\t<div class=\"vc_tta-panel-body\">\n<div class=\"wpb_text_column wpb_content_element\">\n<div class=\"wpb_wrapper\">\n<div class=\"vc_tta-panel-body\">\n<div class=\"wpb_text_column wpb_content_element\">\n<div class=\"wpb_wrapper\" style=\"text-align: center;\">\n<div class=\"vc_tta-panel-body\">\n<div class=\"wpb_text_column wpb_content_element\">\n<div class=\"wpb_wrapper\">\n<div class=\"vc_tta-panel-body\">\n<div class=\"wpb_text_column wpb_content_element\">\n<div class=\"wpb_wrapper\">\n<div class=\"vc_tta-panel-body\">\n<div class=\"wpb_text_column wpb_content_element\">\n<div class=\"wpb_wrapper\">\n<p>Der Fachbereich \u201eForschungsprojekte und Fachpublikationen\u201d entsteht:<br \/>\n1. Erhebung zur Anwendung der Klangmassage in der Praxis wird unter Leitung von Christina Koller durchgef\u00fchrt und ver\u00f6ffentlicht<\/p>\n<h3><\/h3>\n<p>Gr\u00fcndung des Verlag Peter Hess<\/p>\n<h3><\/h3>\n<p>Erste Ausbildungsseminare in der Schweiz werden zun\u00e4chst von Peter Hess und sp\u00e4ter unter der Leitung von Elisabeth Dierlich gegeben (aktuelle Leitung der PHA Schweiz: Helen Heule<\/p>\n<h3><\/h3>\n<p>Weitere Kontakte ins Ausland entstehen und Klangmassage-Ausbildungen werden zunehmend in verschiedenen L\u00e4ndern und in enger Kooperation mit Peter Hess und dem Institut f\u00fcr Klang-Massage-Therapie angeboten<\/p>\n<\/div>\n<\/div>\n<\/div>\n<\/div>\n<\/div>\n<\/div>\n<\/div>\n<\/div>\n<\/div>\n<\/div>\n<\/div>\n<\/div>\n<\/div>\n<\/div>\n<\/div>\n\n\t\t<\/div>\n\t<\/div>\n\n\t<div class=\"wpb_text_column wpb_content_element  vc_custom_1466541132874\" >\n\t\t<div class=\"wpb_wrapper\">\n\t\t\t<h4 style=\"text-align: center;\"><span style=\"color: #ae9d75;\">2001<\/span><\/h4>\n\n\t\t<\/div>\n\t<\/div>\n\n\t<div class=\"wpb_text_column wpb_content_element\" >\n\t\t<div class=\"wpb_wrapper\">\n\t\t\t<div class=\"vc_tta-panel-body\">\n<div class=\"wpb_text_column wpb_content_element\">\n<div class=\"wpb_wrapper\">\n<div class=\"vc_tta-panel-body\">\n<div class=\"wpb_text_column wpb_content_element\">\n<div class=\"wpb_wrapper\" style=\"text-align: center;\">\n<div class=\"vc_tta-panel-body\">\n<div class=\"wpb_text_column wpb_content_element\">\n<div class=\"wpb_wrapper\">\n<div class=\"vc_tta-panel-body\">\n<div class=\"wpb_text_column wpb_content_element\">\n<div class=\"wpb_wrapper\">\n<p>Berufsbegleitende Weiterbildung \u201eKlangp\u00e4dagogik\u201d nach Peter Hess unter der Leitung von Emily Hess und Peter Hess wird erstmals angeboten. Die Curriculumentwicklung der Weiterbildung wird im Rahmen einer Doktorarbeit von Christina Koller untersucht. Aus dieser Weiterbildung wird das Weiterbildungssystem von Emily Hess und Peter Hess KliK \u2013 Klingende Kommunikation entwickelt.<\/p>\n<h3><\/h3>\n<p>Zusammenarbeit mit Christina Koller (Bankkauffrau, Diplom-Sozialp\u00e4dagogin (FH), sp\u00e4ter Promotion in P\u00e4dagogik) beginnt<\/p>\n<\/div>\n<\/div>\n<\/div>\n<\/div>\n<\/div>\n<\/div>\n<\/div>\n<\/div>\n<\/div>\n<\/div>\n<\/div>\n<\/div>\n\n\t\t<\/div>\n\t<\/div>\n\n\t<div class=\"wpb_text_column wpb_content_element  vc_custom_1466541101710\" >\n\t\t<div class=\"wpb_wrapper\">\n\t\t\t<h4 style=\"text-align: center;\"><span style=\"color: #ae9d75;\">2000<\/span><\/h4>\n\n\t\t<\/div>\n\t<\/div>\n\n\t<div class=\"wpb_text_column wpb_content_element\" >\n\t\t<div class=\"wpb_wrapper\">\n\t\t\t<div class=\"vc_tta-panel-body\">\n<div class=\"wpb_text_column wpb_content_element\">\n<div class=\"wpb_wrapper\">\n<div class=\"vc_tta-panel-body\">\n<div class=\"wpb_text_column wpb_content_element\">\n<div class=\"wpb_wrapper\" style=\"text-align: center;\">\n<div class=\"vc_tta-panel-body\">\n<div class=\"wpb_text_column wpb_content_element\">\n<div class=\"wpb_wrapper\">1. Klang-Kongress in Dortmund<\/div>\n<\/div>\n<\/div>\n<\/div>\n<\/div>\n<\/div>\n<\/div>\n<\/div>\n<\/div>\n\n\t\t<\/div>\n\t<\/div>\n\n\t<div class=\"wpb_text_column wpb_content_element  vc_custom_1466541059027\" >\n\t\t<div class=\"wpb_wrapper\">\n\t\t\t<h4 style=\"text-align: center;\"><span style=\"color: #ae9d75;\">1999<\/span><\/h4>\n\n\t\t<\/div>\n\t<\/div>\n\n\t<div class=\"wpb_text_column wpb_content_element\" >\n\t\t<div class=\"wpb_wrapper\">\n\t\t\t<div class=\"vc_tta-panel-body\">\n<div class=\"wpb_text_column wpb_content_element\">\n<div class=\"wpb_wrapper\">\n<div class=\"vc_tta-panel-body\">\n<div class=\"wpb_text_column wpb_content_element\">\n<div class=\"wpb_wrapper\" style=\"text-align: center;\">\n<div class=\"vc_tta-panel-body\">\n<div class=\"wpb_text_column wpb_content_element\">\n<div class=\"wpb_wrapper\">\n<p>Beginn der Zusammenarbeit mit Margarete Musiol und erste Ausbildungsseminare in Polen<\/p>\n<h3><\/h3>\n<p>Lutz D\u00f6ring-Linke \u00fcbernimmt den Bereich \u00d6ffentlichkeitsarbeit und sp\u00e4ter Supervision<br \/>\n<strong>Lutz D\u00f6ring-Linke:<\/strong> Diplom-Soziologe, Systemischer Supervisor und Coach SG, Heilpraktiker f\u00fcr Psychotherapie<\/p>\n<h3><\/h3>\n<p>Gr\u00fcndung des Europ\u00e4ischen Fachverbandes Klang-Massage-Therapie e.V. und ab 1999 j\u00e4hrliche Mitgliederversammlung im November bei der Weiterbildungsveranstaltung \u201eFachverbandstagung\u201c bzw. \u201eFachkongress\u201c entsteht<\/p>\n<h3><\/h3>\n<p>1. Ausgabe der Fachzeitschrift KLANG-MASSAGE-THERAPIE als \u00f6ffentliches Organ des Verbandes erscheint<\/p>\n<\/div>\n<\/div>\n<\/div>\n<\/div>\n<\/div>\n<\/div>\n<\/div>\n<\/div>\n<\/div>\n\n\t\t<\/div>\n\t<\/div>\n\n\t<div class=\"wpb_text_column wpb_content_element  vc_custom_1466541028084\" >\n\t\t<div class=\"wpb_wrapper\">\n\t\t\t<h4 style=\"text-align: center;\"><span style=\"color: #ae9d75;\">1998<\/span><\/h4>\n\n\t\t<\/div>\n\t<\/div>\n\n\t<div class=\"wpb_text_column wpb_content_element\" >\n\t\t<div class=\"wpb_wrapper\">\n\t\t\t<div class=\"vc_tta-panel-body\">\n<div class=\"wpb_text_column wpb_content_element\">\n<div class=\"wpb_wrapper\">\n<div class=\"vc_tta-panel-body\">\n<div class=\"wpb_text_column wpb_content_element\">\n<div class=\"wpb_wrapper\" style=\"text-align: center;\">Berufsbegleitende Weiterbildung \u201eKlangmassage-Therapie\u201c wird erstmals unter der Leitung von Elisabeth Dierlich und Peter Hess in Bad Nenndorf angeboten (heute: Peter Hess-Klangtherapie)<\/div>\n<\/div>\n<\/div>\n<\/div>\n<\/div>\n<\/div>\n\n\t\t<\/div>\n\t<\/div>\n\n\t<div class=\"wpb_text_column wpb_content_element  vc_custom_1466540985091\" >\n\t\t<div class=\"wpb_wrapper\">\n\t\t\t<h4 style=\"text-align: center;\"><span style=\"color: #ae9d75;\">1996<\/span><\/h4>\n\n\t\t<\/div>\n\t<\/div>\n\n\t<div class=\"wpb_text_column wpb_content_element\" >\n\t\t<div class=\"wpb_wrapper\">\n\t\t\t<div class=\"vc_tta-panel-body\">\n<div class=\"wpb_text_column wpb_content_element\">\n<div class=\"wpb_wrapper\">\n<div class=\"vc_tta-panel-body\">\n<div class=\"wpb_text_column wpb_content_element\">\n<div class=\"wpb_wrapper\">\n<p style=\"text-align: center;\">Erste \u201eIntensivausbildung\u201c in Syke-Henstedt<\/p>\n<p style=\"text-align: center;\">Kooperation mit der Rh\u00f6n-Akademie Schwarzerden als Seminarstandort beginnt<\/p>\n<\/div>\n<\/div>\n<\/div>\n<\/div>\n<\/div>\n<\/div>\n\n\t\t<\/div>\n\t<\/div>\n\n\t<div class=\"wpb_text_column wpb_content_element  vc_custom_1466540951875\" >\n\t\t<div class=\"wpb_wrapper\">\n\t\t\t<h4 style=\"text-align: center;\"><span style=\"color: #ae9d75;\">1995<\/span><\/h4>\n\n\t\t<\/div>\n\t<\/div>\n\n\t<div class=\"wpb_text_column wpb_content_element\" >\n\t\t<div class=\"wpb_wrapper\">\n\t\t\t<div class=\"vc_tta-panel-body\">\n<div class=\"wpb_text_column wpb_content_element\">\n<div class=\"wpb_wrapper\">\n<p style=\"text-align: center;\">Einstellung von Ulrike Wiggers als B\u00fcroleitung<\/p>\n<p style=\"text-align: center;\">Beginn der Zusammenarbeit mit Alexander Beutel (Staatlich gepr\u00fcfter Masseur und medizinischer Bademeister) aus Wien und erste Ausbildungsseminare in \u00d6sterreich<\/p>\n<\/div>\n<\/div>\n<\/div>\n\n\t\t<\/div>\n\t<\/div>\n\n\t<div class=\"wpb_text_column wpb_content_element  vc_custom_1466540924220\" >\n\t\t<div class=\"wpb_wrapper\">\n\t\t\t<h4 style=\"text-align: center;\"><span style=\"color: #ae9d75;\">1994<\/span><\/h4>\n\n\t\t<\/div>\n\t<\/div>\n\n\t<div class=\"wpb_text_column wpb_content_element\" >\n\t\t<div class=\"wpb_wrapper\">\n\t\t\t<p style=\"text-align: center;\">Umbenennung in Institut f\u00fcr Klang-Massage-Therapie<\/p>\n\n\t\t<\/div>\n\t<\/div>\n\n\t<div class=\"wpb_text_column wpb_content_element  vc_custom_1466540896462\" >\n\t\t<div class=\"wpb_wrapper\">\n\t\t\t<h4 style=\"text-align: center;\"><span style=\"color: #ae9d75;\">1993<\/span><\/h4>\n\n\t\t<\/div>\n\t<\/div>\n\n\t<div class=\"wpb_text_column wpb_content_element\" >\n\t\t<div class=\"wpb_wrapper\">\n\t\t\t<p style=\"text-align: center;\">Erstes Lehr-Video zur Klangmassage entsteht<\/p>\n\n\t\t<\/div>\n\t<\/div>\n\n\t<div class=\"wpb_text_column wpb_content_element  vc_custom_1466540864634\" >\n\t\t<div class=\"wpb_wrapper\">\n\t\t\t<h4 style=\"text-align: center;\"><span style=\"color: #ae9d75;\">1991<\/span><\/h4>\n\n\t\t<\/div>\n\t<\/div>\n\n\t<div class=\"wpb_text_column wpb_content_element\" >\n\t\t<div class=\"wpb_wrapper\">\n\t\t\t<p style=\"text-align: center;\">Peter Hess bildet die ersten Ausbilderinnen aus:<br \/>\n<strong>Elisabeth Dierlich:<\/strong> Medizinische Masseurin und Heilpraktikerin f\u00fcr Psychotherapie<br \/>\n<strong>Emily Hess:<\/strong> Erzieherin, T\u00e4nzerin (sp\u00e4ter: Studium des sozio\u00f6konomischen-<br \/>\nProjektmanagements)<br \/>\n<strong>Connie Henning:<\/strong> Freiberufliche Hebamme und Heilpraktikerin f\u00fcr Psychotherapie<\/p>\n\n\t\t<\/div>\n\t<\/div>\n\n\t<div class=\"wpb_text_column wpb_content_element  vc_custom_1466540833257\" >\n\t\t<div class=\"wpb_wrapper\">\n\t\t\t<h4 style=\"text-align: center;\"><span style=\"color: #ae9d75;\">1989<\/span><\/h4>\n\n\t\t<\/div>\n\t<\/div>\n\n\t<div class=\"wpb_text_column wpb_content_element\" >\n\t\t<div class=\"wpb_wrapper\">\n\t\t\t<p style=\"text-align: center;\">Peter Hess beginnt mit Forschungen zur Herstellung von Klangschalen und gr\u00fcndet zusammen mit seiner Frau Jozina Hess-de Korte die Firma Nepal Importe. Zun\u00e4chst werden die speziellen Klangschalen von Peter Hess gefertigt und zun\u00e4chst unter dem Label ACAMA vertrieben. Sp\u00e4ter trennte sich Peter Hess von diesem Label, heute werden diese Klangschalen unter dem Label Peter Hess products\u00ae gef\u00fchrt<\/p>\n\n\t\t<\/div>\n\t<\/div>\n\n\t<div class=\"wpb_text_column wpb_content_element  vc_custom_1466540810818\" >\n\t\t<div class=\"wpb_wrapper\">\n\t\t\t<h4 style=\"text-align: center;\"><span style=\"color: #ae9d75;\">1986<\/span><\/h4>\n\n\t\t<\/div>\n\t<\/div>\n\n\t<div class=\"wpb_text_column wpb_content_element\" >\n\t\t<div class=\"wpb_wrapper\">\n\t\t\t<p style=\"text-align: center;\">Gr\u00fcndung des Instituts f\u00fcr Radi\u00e4sthesie und Bioenergie<\/p>\n\n\t\t<\/div>\n\t<\/div>\n\n\t<div class=\"wpb_text_column wpb_content_element  vc_custom_1466540780208\" >\n\t\t<div class=\"wpb_wrapper\">\n\t\t\t<h4 style=\"text-align: center;\"><span style=\"color: #ae9d75;\">1984<\/span><\/h4>\n\n\t\t<\/div>\n\t<\/div>\n\n\t<div class=\"wpb_text_column wpb_content_element\" >\n\t\t<div class=\"wpb_wrapper\">\n\t\t\t<p style=\"text-align: center;\">Peter Hess entwickelt die Klangmassage mit Klangschalen<\/p>\n\n\t\t<\/div>\n\t<\/div>\n<div class=\"vc_empty_space\"   style=\"height: 15px\"><span class=\"vc_empty_space_inner\"><\/span><\/div>\n\t<div class=\"wpb_text_column wpb_content_element\" >\n\t\t<div class=\"wpb_wrapper\">\n\t\t\t<p style=\"text-align: center;\">Das Peter Hess Institut hat heute seinen Sitz in der Ortheide 29,<br \/>\nD-27305 Uenzen in Niedersachsen.<\/p>\n\n\t\t<\/div>\n\t<\/div>\n<\/div><\/div><\/div><\/div>","protected":false},"excerpt":{"rendered":"Das Peter Hess\u00ae Institut: Praxis \u2219 Lehre \u2219 Forschung \"Der Ton der Klangschale\u00a0ber\u00fchrt unser Innerstes,\u00a0er bringt die Seele zum Schwingen.\u00a0Der Klang l\u00f6st Spannungen,\u00a0mobilisiert die Selbstheilungskraft und setzt sch\u00f6pferische Energien frei.\" (Peter Hess) Das Peter Hess\u00ae Institut bietet seit 30 Jahren<span class=\"excerpt-hellip\"> [\u2026]<\/span>","protected":false},"author":1,"featured_media":0,"parent":0,"menu_order":0,"comment_status":"closed","ping_status":"closed","template":"","meta":{"footnotes":""},"acf":[],"_links":{"self":[{"href":"https:\/\/peter-hess-institute.com\/fr\/wp-json\/wp\/v2\/pages\/3895"}],"collection":[{"href":"https:\/\/peter-hess-institute.com\/fr\/wp-json\/wp\/v2\/pages"}],"about":[{"href":"https:\/\/peter-hess-institute.com\/fr\/wp-json\/wp\/v2\/types\/page"}],"author":[{"embeddable":true,"href":"https:\/\/peter-hess-institute.com\/fr\/wp-json\/wp\/v2\/users\/1"}],"replies":[{"embeddable":true,"href":"https:\/\/peter-hess-institute.com\/fr\/wp-json\/wp\/v2\/comments?post=3895"}],"version-history":[{"count":0,"href":"https:\/\/peter-hess-institute.com\/fr\/wp-json\/wp\/v2\/pages\/3895\/revisions"}],"wp:attachment":[{"href":"https:\/\/peter-hess-institute.com\/fr\/wp-json\/wp\/v2\/media?parent=3895"}],"curies":[{"name":"wp","href":"https:\/\/api.w.org\/{rel}","templated":true}]}}