{"id":3930,"date":"2016-03-14T22:41:11","date_gmt":"2016-03-14T21:41:11","guid":{"rendered":"http:\/\/peter-hess-institute.com\/?page_id=3930"},"modified":"2024-11-26T08:19:23","modified_gmt":"2024-11-26T07:19:23","slug":"peter-hess-klangmassage","status":"publish","type":"page","link":"https:\/\/peter-hess-institute.com\/fr\/peter-hess-klangmassage\/","title":{"rendered":"PETER HESS<sup>\u00ae<\/sup> KLANGMASSAGE"},"content":{"rendered":"<div class=\"vc_row wpb_row vc_row-fluid\"><div class=\"wpb_column vc_column_container vc_col-sm-12\"><div class=\"vc_column-inner\"><div class=\"wpb_wrapper\"><div class=\"vc_empty_space\"   style=\"height: 55px\"><span class=\"vc_empty_space_inner\"><\/span><\/div>\n\t<div class=\"wpb_text_column wpb_content_element\" >\n\t\t<div class=\"wpb_wrapper\">\n\t\t\t<h2>Die Peter Hess\u00ae-Klangmassage \u2013 Basis der Klangmethoden<\/h2>\n\n\t\t<\/div>\n\t<\/div>\n\n\t<div class=\"wpb_text_column wpb_content_element\" >\n\t\t<div class=\"wpb_wrapper\">\n\t\t\t<p>Stress vorbeugen \u2219 Selbstwahrnehmung f\u00f6rdern \u2219 Genesungsprozesse unterst\u00fctzen<\/p>\n\n\t\t<\/div>\n\t<\/div>\n<\/div><\/div><\/div><\/div><div class=\"vc_row wpb_row vc_row-fluid\"><div class=\"wpb_column vc_column_container vc_col-sm-8\"><div class=\"vc_column-inner\"><div class=\"wpb_wrapper\">\n\t<div class=\"wpb_text_column wpb_content_element\" >\n\t\t<div class=\"wpb_wrapper\">\n\t\t\t<p>Die sanften Klangschwingungen einer Klangschale verw\u00f6hnen bei einer Klangmassage K\u00f6rper, Geist und Seele. Dabei werden speziell daf\u00fcr entwickelte Klangschalen, die Peter Hess\u00ae Therapieklangschalen, gezielt auf den bekleideten K\u00f6rper positioniert und behutsam angeklungen. Dem liegt ein \u00fcber 30 Jahre in der Praxis erprobtes System zugrunde, das auf die Bed\u00fcrfnisse der Menschen eingeht und das Gesunde st\u00e4rkt. Es baut auf Prinzipien auf, die eine wertsch\u00e4tzende, achtsame Zuwendung von Mensch zu Mensch anstreben und den Blick auf L\u00f6sungen und Ressourcen richten.<\/p>\n\n\t\t<\/div>\n\t<\/div>\n\n\t<div class=\"wpb_text_column wpb_content_element\" >\n\t\t<div class=\"wpb_wrapper\">\n\t\t\t<p>Bei der Klangmassage werden H\u00f6ren und F\u00fchlen gleicherma\u00dfen angesprochen. Die harmonischen Kl\u00e4nge beruhigen den Geist. Die feinen Vibrationen, die von der klingenden und damit schwingenden Klangschale ausgehen, breiten sich nach und nach im K\u00f6rper aus. Schnell setzt eine wohltuende Entspannung ein. Gef\u00fchle von Sicherheit und Geborgenheit tauchen auf \u2013 ideale Voraussetzungen f\u00fcr Regeneration, zur F\u00f6rderung der Gesundheit, f\u00fcr Probleml\u00f6sung und Lernen.<\/p>\n\n\t\t<\/div>\n\t<\/div>\n<\/div><\/div><\/div><div class=\"wpb_column vc_column_container vc_col-sm-4\"><div class=\"vc_column-inner\"><div class=\"wpb_wrapper\">\n\t<div  class=\"wpb_single_image wpb_content_element vc_align_left  wpb_animate_when_almost_visible wpb_appear appear\">\n\t\t\n\t\t<figure class=\"wpb_wrapper vc_figure\">\n\t\t\t<div class=\"vc_single_image-wrapper   vc_box_border_grey\"><img width=\"479\" height=\"305\" src=\"https:\/\/peter-hess-institute.com\/wp-content\/uploads\/2016\/03\/Peter_Hess_bei_Klangmassage.jpg\" class=\"vc_single_image-img attachment-full\" alt=\"\" decoding=\"async\" loading=\"lazy\" srcset=\"https:\/\/peter-hess-institute.com\/wp-content\/uploads\/2016\/03\/Peter_Hess_bei_Klangmassage.jpg 479w, https:\/\/peter-hess-institute.com\/wp-content\/uploads\/2016\/03\/Peter_Hess_bei_Klangmassage-300x191.jpg 300w, https:\/\/peter-hess-institute.com\/wp-content\/uploads\/2016\/03\/Peter_Hess_bei_Klangmassage-229x146.jpg 229w, https:\/\/peter-hess-institute.com\/wp-content\/uploads\/2016\/03\/Peter_Hess_bei_Klangmassage-50x32.jpg 50w, https:\/\/peter-hess-institute.com\/wp-content\/uploads\/2016\/03\/Peter_Hess_bei_Klangmassage-118x75.jpg 118w\" sizes=\"(max-width: 479px) 100vw, 479px\" \/><\/div>\n\t\t<\/figure>\n\t<\/div>\n<\/div><\/div><\/div><\/div><div class=\"vc_row wpb_row vc_row-fluid\"><div class=\"wpb_column vc_column_container vc_col-sm-12\"><div class=\"vc_column-inner\"><div class=\"wpb_wrapper\">\n\t<div class=\"wpb_text_column wpb_content_element\" >\n\t\t<div class=\"wpb_wrapper\">\n\t\t\t<p>In dieser wohltuenden Atmosph\u00e4re ist der Kontakt mit den eigenen Bed\u00fcrfnissen, der eigenen \u201einneren Weisheit&#8221; wieder m\u00f6glich. Der K\u00f6rper wird auf angenehme, wohltuende Weise und bewusst erlebt \u2013 vielleicht seit l\u00e4ngerer Zeit das erste Mal! Mit ihrer entspannenden, wie auch harmonisierenden und vitalisierenden Wirkung kann die Klangmassage einen wertvollen Beitrag zur St\u00e4rkung der Gesundheit leisten und die Basis f\u00fcr die Gestaltung eines freudigen, selbstbestimmten und kreativen Lebens bilden.<\/p>\n\n\t\t<\/div>\n\t<\/div>\n\n\t<div class=\"wpb_text_column wpb_content_element\" >\n\t\t<div class=\"wpb_wrapper\">\n\t\t\t<p><strong>Aus den jahrzehntelangen Erfahrungen aus der Praxis lassen sich folgende <\/strong><strong>Wirkungsmerkmale der Klangmassage zusammenfassen:<\/strong><\/p>\n\n\t\t<\/div>\n\t<\/div>\n\n\t<div class=\"wpb_text_column wpb_content_element\" >\n\t\t<div class=\"wpb_wrapper\">\n\t\t\t<ul class=\"redList\">\n<li><span style=\"color: #737373;\">ganzheitliche Methode &#8211; spricht K\u00f6rper, Seele und Geist an<\/span><\/li>\n<li><span style=\"color: #737373;\">bewirkt tiefe Entspannung<\/span><\/li>\n<li><span style=\"color: #737373;\">st\u00e4rkt das urspr\u00fcngliche Vertrauen des Menschen<\/span><\/li>\n<li><span style=\"color: #737373;\">erleichtert das \u201eLoslassen&#8221; \u2013 k\u00f6rperlich wie mental<\/span><\/li>\n<li><span style=\"color: #737373;\">tr\u00e4gt zur Gesundheitsf\u00f6rderung bei: Harmonisierung, Regeneration und Vitalisierung<\/span><\/li>\n<li><span style=\"color: #737373;\">unterst\u00fctzt und verbessert die K\u00f6rperwahrnehmung<\/span><\/li>\n<li><span style=\"color: #737373;\">kann ungenutzte Ressourcen aktivieren<\/span><\/li>\n<li><span style=\"color: #737373;\">st\u00e4rkt Selbstbewusstsein, Kreativit\u00e4t und Motivation<\/span><\/li>\n<li><span style=\"color: #737373;\">f\u00f6rdert Lebensfreude und Schaffenskraft<\/span><\/li>\n<\/ul>\n<p>Die positiven Auswirkungen der Klangmassage auf Stressverarbeitung und das Wohlgef\u00fchl mit und im eigenen K\u00f6rper (K\u00f6rperbild) konnte 2009 eine Studie des Europ\u00e4ischen Fachverbandes Klang-Massage-Therapie e.V. in Zusammenarbeit mit dem Institut Dr. Tanja Grotz belegen.<\/p>\n<p>Jede Klangmassage und Klangerfahrung ist einmalig und kann individuell sehr unterschiedlich sein. Dies ist auch eine wichtige Erkenntnis, die in unseren Seminaren als Praxiserfahrung reflektiert und supervidiert wird.<\/p>\n\n\t\t<\/div>\n\t<\/div>\n<div class=\"vc_empty_space\"   style=\"height: 32px\"><span class=\"vc_empty_space_inner\"><\/span><\/div><\/div><\/div><\/div><\/div><div class=\"vc_row wpb_row vc_row-fluid\"><div class=\"wpb_column vc_column_container vc_col-sm-4\"><div class=\"vc_column-inner\"><div class=\"wpb_wrapper\">\n\t<div  class=\"wpb_single_image wpb_content_element vc_align_left\">\n\t\t\n\t\t<figure class=\"wpb_wrapper vc_figure\">\n\t\t\t<a href=\"http:\/\/peter-hess-institute.com\/fr\/klangmassagepraktikerInnen\/\" target=\"_self\" class=\"vc_single_image-wrapper   vc_box_border_grey\"><img class=\"vc_single_image-img\" src=\"https:\/\/peter-hess-institute.com\/wp-content\/uploads\/2017\/01\/Button-erleben-350x200.jpg\" width=\"350\" height=\"200\" alt=\"Button erleben\" title=\"Button erleben\" \/><\/a>\n\t\t<\/figure>\n\t<\/div>\n<\/div><\/div><\/div><div class=\"wpb_column vc_column_container vc_col-sm-4\"><div class=\"vc_column-inner\"><div class=\"wpb_wrapper\">\n\t<div  class=\"wpb_single_image wpb_content_element vc_align_left\">\n\t\t\n\t\t<figure class=\"wpb_wrapper vc_figure\">\n\t\t\t<a href=\"http:\/\/peter-hess-institute.com\/fr\/peter-hess-klangmassagepraktiker\/\" target=\"_self\" class=\"vc_single_image-wrapper   vc_box_border_grey\"><img class=\"vc_single_image-img\" src=\"https:\/\/peter-hess-institute.com\/wp-content\/uploads\/2017\/01\/Button-erlernen-350x200.jpg\" width=\"350\" height=\"200\" alt=\"Button erlernen\" title=\"Button erlernen\" \/><\/a>\n\t\t<\/figure>\n\t<\/div>\n<\/div><\/div><\/div><div class=\"wpb_column vc_column_container vc_col-sm-4\"><div class=\"vc_column-inner\"><div class=\"wpb_wrapper\">\n\t<div  class=\"wpb_single_image wpb_content_element vc_align_left\">\n\t\t\n\t\t<figure class=\"wpb_wrapper vc_figure\">\n\t\t\t<a href=\"http:\/\/peter-hess-institute.com\/fr\/forschungsprojekte\/\" target=\"_self\" class=\"vc_single_image-wrapper   vc_box_border_grey\"><img class=\"vc_single_image-img\" src=\"https:\/\/peter-hess-institute.com\/wp-content\/uploads\/2017\/01\/Button-Forschungsberichte-350x200.jpg\" width=\"350\" height=\"200\" alt=\"Button-Forschungsberichte\" title=\"Button-Forschungsberichte\" \/><\/a>\n\t\t<\/figure>\n\t<\/div>\n<\/div><\/div><\/div><\/div><div class=\"vc_row wpb_row vc_row-fluid\"><div class=\"wpb_column vc_column_container vc_col-sm-12\"><div class=\"vc_column-inner\"><div class=\"wpb_wrapper\"><div class=\"vc_empty_space\"   style=\"height: 100px\"><span class=\"vc_empty_space_inner\"><\/span><\/div><\/div><\/div><\/div><\/div>","protected":false},"excerpt":{"rendered":"Die Peter Hess\u00ae-Klangmassage \u2013 Basis der Klangmethoden Stress vorbeugen \u2219 Selbstwahrnehmung f\u00f6rdern \u2219 Genesungsprozesse unterst\u00fctzen Die sanften Klangschwingungen einer Klangschale verw\u00f6hnen bei einer Klangmassage K\u00f6rper, Geist und Seele. Dabei werden speziell daf\u00fcr entwickelte Klangschalen, die Peter Hess\u00ae Therapieklangschalen, gezielt auf<span class=\"excerpt-hellip\"> [\u2026]<\/span>","protected":false},"author":1,"featured_media":0,"parent":0,"menu_order":0,"comment_status":"closed","ping_status":"closed","template":"","meta":{"footnotes":""},"acf":[],"_links":{"self":[{"href":"https:\/\/peter-hess-institute.com\/fr\/wp-json\/wp\/v2\/pages\/3930"}],"collection":[{"href":"https:\/\/peter-hess-institute.com\/fr\/wp-json\/wp\/v2\/pages"}],"about":[{"href":"https:\/\/peter-hess-institute.com\/fr\/wp-json\/wp\/v2\/types\/page"}],"author":[{"embeddable":true,"href":"https:\/\/peter-hess-institute.com\/fr\/wp-json\/wp\/v2\/users\/1"}],"replies":[{"embeddable":true,"href":"https:\/\/peter-hess-institute.com\/fr\/wp-json\/wp\/v2\/comments?post=3930"}],"version-history":[{"count":0,"href":"https:\/\/peter-hess-institute.com\/fr\/wp-json\/wp\/v2\/pages\/3930\/revisions"}],"wp:attachment":[{"href":"https:\/\/peter-hess-institute.com\/fr\/wp-json\/wp\/v2\/media?parent=3930"}],"curies":[{"name":"wp","href":"https:\/\/api.w.org\/{rel}","templated":true}]}}