{"id":4766,"date":"2016-06-20T11:38:51","date_gmt":"2016-06-20T09:38:51","guid":{"rendered":"http:\/\/peter-hess-institute.com\/?page_id=4766"},"modified":"2016-10-11T00:11:05","modified_gmt":"2016-10-10T22:11:05","slug":"emily-hess-klangyoga","status":"publish","type":"page","link":"https:\/\/peter-hess-institute.com\/fr\/emily-hess-klangyoga\/","title":{"rendered":"Emily Hess-Klangyoga"},"content":{"rendered":"<div class=\"vc_row wpb_row vc_row-fluid\"><div class=\"wpb_column vc_column_container vc_col-sm-12\"><div class=\"vc_column-inner\"><div class=\"wpb_wrapper\"><div class=\"vc_empty_space\"   style=\"height: 120px\"><span class=\"vc_empty_space_inner\"><\/span><\/div><\/div><\/div><\/div><\/div><div class=\"vc_row wpb_row vc_row-fluid\"><div class=\"wpb_column vc_column_container vc_col-sm-3\"><div class=\"vc_column-inner vc_custom_1456258786515\"><div class=\"wpb_wrapper\"><div class=\"vc_btn3-container  plzbutton  wpb_animate_when_almost_visible wpb_left-to-right left-to-right vc_btn3-left vc_custom_1470769266078\" ><a style=\"background-color:#efebe3; color:#ae9d75;\" class=\"vc_general vc_btn3 vc_btn3-size-md vc_btn3-shape-square vc_btn3-style-custom vc_btn3-block\" href=\"http:\/\/peter-hess-institute.com\/fr\/klangyoga-startseite-2\/\" title=\"\">Accueil<\/a><\/div><div class=\"vc_btn3-container  plzbutton  wpb_animate_when_almost_visible wpb_left-to-right left-to-right vc_btn3-left vc_custom_1470769276564\" ><a style=\"background-color:#9b1c22; color:#ffffff;\" class=\"vc_general vc_btn3 vc_btn3-size-md vc_btn3-shape-square vc_btn3-style-custom vc_btn3-block\" href=\"http:\/\/peter-hess-institute.com\/fr\/emily-hess-klangyoga\/\" title=\"\">Emily Hess Klangyoga<\/a><\/div><div class=\"vc_btn3-container  plzbutton  wpb_animate_when_almost_visible wpb_left-to-right left-to-right vc_btn3-left vc_custom_1476137335122\" ><a style=\"background-color:#efebe3; color:#ae9d75;\" class=\"vc_general vc_btn3 vc_btn3-size-md vc_btn3-shape-square vc_btn3-style-custom vc_btn3-block\" href=\"http:\/\/peter-hess-institute.com\/fr\/seminare-emily-hess-klangyoga\/\" title=\"\">S\u00e9minaire de Yoga du Son<\/a><\/div><div class=\"vc_btn3-container  plzbutton  wpb_animate_when_almost_visible wpb_left-to-right left-to-right vc_btn3-left vc_custom_1470769284114\" ><a style=\"background-color:#efebe3; color:#ae9d75;\" class=\"vc_general vc_btn3 vc_btn3-size-md vc_btn3-shape-square vc_btn3-style-custom vc_btn3-block\" href=\"http:\/\/peter-hess-institute.com\/fr\/emily-hess\/\" title=\"\">Emily Hess<\/a><\/div><div class=\"vc_btn3-container  plzbutton  wpb_animate_when_almost_visible wpb_left-to-right left-to-right vc_btn3-left vc_custom_1470769295959\" ><a style=\"background-color:#efebe3; color:#ae9d75;\" class=\"vc_general vc_btn3 vc_btn3-size-md vc_btn3-shape-square vc_btn3-style-custom vc_btn3-block\" href=\"http:\/\/peter-hess-institute.com\/fr\/klangyoga-team\/\" title=\"\">Team<\/a><\/div><div class=\"vc_btn3-container  plzbutton  wpb_animate_when_almost_visible wpb_left-to-right left-to-right vc_btn3-left vc_custom_1470769306046\" ><a style=\"background-color:#efebe3; color:#ae9d75;\" class=\"vc_general vc_btn3 vc_btn3-size-md vc_btn3-shape-square vc_btn3-style-custom vc_btn3-block\" href=\"http:\/\/peter-hess-institute.com\/fr\/klangyoga-filme\/\" title=\"\">Filme<\/a><\/div><div class=\"vc_btn3-container  plzbutton  wpb_animate_when_almost_visible wpb_left-to-right left-to-right vc_btn3-left vc_custom_1470769315348\" ><a style=\"background-color:#efebe3; color:#ae9d75;\" class=\"vc_general vc_btn3 vc_btn3-size-md vc_btn3-shape-square vc_btn3-style-custom vc_btn3-block\" href=\"http:\/\/peter-hess-institute.com\/fr\/klangyoga-gallery\/\" title=\"\">Gallery<\/a><\/div><div class=\"vc_btn3-container  plzbutton  wpb_animate_when_almost_visible wpb_left-to-right left-to-right vc_btn3-left vc_custom_1470769323121\" ><a style=\"background-color:#efebe3; color:#ae9d75;\" class=\"vc_general vc_btn3 vc_btn3-size-md vc_btn3-shape-square vc_btn3-style-custom vc_btn3-block\" href=\"http:\/\/peter-hess-institute.com\/fr\/klangyoga-partner\/\" title=\"\">Partner<\/a><\/div><\/div><\/div><\/div><div class=\"wpb_column vc_column_container vc_col-sm-1\"><div class=\"vc_column-inner\"><div class=\"wpb_wrapper\"><\/div><\/div><\/div><div class=\"wpb_column vc_column_container vc_col-sm-8\"><div class=\"vc_column-inner\"><div class=\"wpb_wrapper\">\n\t<div class=\"wpb_text_column wpb_content_element\" >\n\t\t<div class=\"wpb_wrapper\">\n\t\t\t<p style=\"text-align: center;\"><strong>Nous n'arr\u00eaterons pas de d\u00e9couvrir.<\/strong><br \/>\n<strong>Et \u00e0 la fin de toutes nos d\u00e9couvertes<\/strong><br \/>\n<strong>y arriverons-nous,<\/strong><br \/>\n<strong>l\u00e0 o\u00f9 nous avons d\u00e9m\u00e9nag\u00e9<\/strong><br \/>\n<strong>et deviendront pour la premi\u00e8re fois<\/strong><br \/>\n<strong>reconna\u00eetre l'endroit.<\/strong><br \/>\n(T.S. Eliot)<\/p>\n\n\t\t<\/div>\n\t<\/div>\n<div class=\"vc_empty_space\"   style=\"height: 10px\"><span class=\"vc_empty_space_inner\"><\/span><\/div>\n\t<div class=\"wpb_text_column wpb_content_element  vc_custom_1466415606876\" >\n\t\t<div class=\"wpb_wrapper\">\n\t\t\t<h2>Emily Hess-Klangyoga<\/h2>\n\n\t\t<\/div>\n\t<\/div>\n\n\t<div class=\"wpb_text_column wpb_content_element\" >\n\t\t<div class=\"wpb_wrapper\">\n\t\t\t<p>In jedem Menschen gibt es einen Kern, der unverletzlich und vollkommen ist. Damit werden wir geboren. Allerdings entfernen wir uns im Verlauf unseres Lebens immer mehr davon bedingt durch individuelle Erfahrungen und soziale und kulturelle Einfl\u00fcsse. Sichtbar wird diese Ver\u00e4nderung auch im K\u00f6rper, wo sie sich in einer bestimmten Haltung \u2013 K\u00f6rperhaltung ausdr\u00fcckt. Wir verspannen uns, spalten uns von uns ab und verlieren den Kontakt zu uns selbst. Dadurch entfernen wir uns immer mehr von unserem eigentlichen Kern und entwickeln eine Illusion unserer selbst. Buddha bezeichnete dies als \u201eMaja\u201c, als grundlegende T\u00e4uschung.<\/p>\n<p>Pourtant, tout au long de notre vie, nous portons en nous un d\u00e9sir insatiable de connexion, ce c\u0153ur en nous. Nous croyons pouvoir \u00e9tancher ce d\u00e9sir par des choses ou des personnes. Mais sourdement, il est toujours actif, ce d\u00e9sir de connexion avec nous-m\u00eames.<\/p>\n\n\t\t<\/div>\n\t<\/div>\n\n\t<div  class=\"wpb_single_image wpb_content_element vc_align_left  wpb_animate_when_almost_visible wpb_appear appear vc_custom_1466517914915\">\n\t\t\n\t\t<figure class=\"wpb_wrapper vc_figure\">\n\t\t\t<div class=\"vc_single_image-wrapper   vc_box_border_grey\"><img width=\"800\" height=\"320\" src=\"https:\/\/peter-hess-institute.com\/wp-content\/uploads\/2016\/06\/klangyoga_quer_0005_6.jpg\" class=\"vc_single_image-img attachment-full\" alt=\"\" decoding=\"async\" loading=\"lazy\" srcset=\"https:\/\/peter-hess-institute.com\/wp-content\/uploads\/2016\/06\/klangyoga_quer_0005_6.jpg 800w, https:\/\/peter-hess-institute.com\/wp-content\/uploads\/2016\/06\/klangyoga_quer_0005_6-300x120.jpg 300w, https:\/\/peter-hess-institute.com\/wp-content\/uploads\/2016\/06\/klangyoga_quer_0005_6-768x307.jpg 768w, https:\/\/peter-hess-institute.com\/wp-content\/uploads\/2016\/06\/klangyoga_quer_0005_6-260x104.jpg 260w, https:\/\/peter-hess-institute.com\/wp-content\/uploads\/2016\/06\/klangyoga_quer_0005_6-50x20.jpg 50w, https:\/\/peter-hess-institute.com\/wp-content\/uploads\/2016\/06\/klangyoga_quer_0005_6-150x60.jpg 150w\" sizes=\"(max-width: 800px) 100vw, 800px\" \/><\/div>\n\t\t<\/figure>\n\t<\/div>\n\n\t<div class=\"wpb_text_column wpb_content_element\" >\n\t\t<div class=\"wpb_wrapper\">\n\t\t\t<p>Im Laufe der letzten 30 Jahre konnte ich immer wieder erleben, dass das Erleben von Klangr\u00e4umen und Klangschwingungen uns wieder mit unserem eigenen Kern in Kontakt bringt und dazu f\u00fchrt, dass wir unser eigenes Sein neu erfahren. Dies wird h\u00e4ufig als ein Beginn der Heilsamkeit erfahren, als eine gesunde, ausgewogene Verbindung von au\u00dfen und innen.<\/p>\n<p>Durch die Verschmelzung von Bewegung und Klang k\u00f6nnen wir uns selbst wiederfinden, uns selbst wieder neu erfahren. Wir finden zur\u00fcck zum eigenen inneren Rhythmus, um ihn dann umzusetzen in einen gelebten, gesunden Rhythmus im Au\u00dfen. Wir kommen wieder in Kontakt mit unserem eigenen Kern. Dies zu erm\u00f6glichen, ist ein wichtiges Ziel meines Yogas.<\/p>\n<p>Emily Hess<\/p>\n\n\t\t<\/div>\n\t<\/div>\n<div class=\"vc_empty_space\"   style=\"height: 32px\"><span class=\"vc_empty_space_inner\"><\/span><\/div><\/div><\/div><\/div><\/div>","protected":false},"excerpt":{"rendered":"StartseiteEmily Hess KlangyogaSeminare KlangyogaEmily HessTeamFilmeGalleryPartner Wir werden nicht aufh\u00f6ren zu entdecken. Und am Ende all unseres Entdeckens werden wir dort anlangen, wo wir ausgezogen sind und werden zum ersten Mal den Ort erkennen. (T.S. Elliot) Emily Hess-Klangyoga In jedem Menschen<span class=\"excerpt-hellip\"> [\u2026]<\/span>","protected":false},"author":1,"featured_media":0,"parent":0,"menu_order":0,"comment_status":"closed","ping_status":"closed","template":"","meta":{"footnotes":""},"acf":[],"_links":{"self":[{"href":"https:\/\/peter-hess-institute.com\/fr\/wp-json\/wp\/v2\/pages\/4766"}],"collection":[{"href":"https:\/\/peter-hess-institute.com\/fr\/wp-json\/wp\/v2\/pages"}],"about":[{"href":"https:\/\/peter-hess-institute.com\/fr\/wp-json\/wp\/v2\/types\/page"}],"author":[{"embeddable":true,"href":"https:\/\/peter-hess-institute.com\/fr\/wp-json\/wp\/v2\/users\/1"}],"replies":[{"embeddable":true,"href":"https:\/\/peter-hess-institute.com\/fr\/wp-json\/wp\/v2\/comments?post=4766"}],"version-history":[{"count":0,"href":"https:\/\/peter-hess-institute.com\/fr\/wp-json\/wp\/v2\/pages\/4766\/revisions"}],"wp:attachment":[{"href":"https:\/\/peter-hess-institute.com\/fr\/wp-json\/wp\/v2\/media?parent=4766"}],"curies":[{"name":"wp","href":"https:\/\/api.w.org\/{rel}","templated":true}]}}