{"id":73636,"date":"2024-10-11T07:54:18","date_gmt":"2024-10-11T05:54:18","guid":{"rendered":"http:\/\/peter-hess-institute.com\/?page_id=73636"},"modified":"2025-07-17T10:03:53","modified_gmt":"2025-07-17T08:03:53","slug":"peter-gabis","status":"publish","type":"page","link":"https:\/\/peter-hess-institute.com\/fr\/peter-gabis\/","title":{"rendered":"Peter Gabis"},"content":{"rendered":"<div class=\"vc_row wpb_row vc_row-fluid\"><div class=\"wpb_column vc_column_container vc_col-sm-12\"><div class=\"vc_column-inner\"><div class=\"wpb_wrapper\"><div class=\"vc_empty_space\"   style=\"height: 120px\"><span class=\"vc_empty_space_inner\"><\/span><\/div><\/div><\/div><\/div><\/div><div class=\"vc_row wpb_row vc_row-fluid\"><div class=\"wpb_column vc_column_container vc_col-sm-12\"><div class=\"vc_column-inner\"><div class=\"wpb_wrapper\"><div class=\"vc_row wpb_row vc_inner vc_row-fluid vc_custom_1456260504118\"><div class=\"wpb_column vc_column_container vc_col-sm-8\"><div class=\"vc_column-inner vc_custom_1456260586027\"><div class=\"wpb_wrapper\">\n\t<div class=\"wpb_text_column wpb_content_element\" >\n\t\t<div class=\"wpb_wrapper\">\n\t\t\t<h2>Peter Gabis<\/h2>\n\n\t\t<\/div>\n\t<\/div>\n\n\t<div class=\"wpb_text_column wpb_content_element  vc_custom_1728626007451\" >\n\t\t<div class=\"wpb_wrapper\">\n\t\t\t<p><strong>Courriel :<\/strong> <a href=\"mailto:&#x70;&#x65;&#x74;&#x65;&#x72;&#x2e;&#x67;&#x61;&#x62;&#x69;&#x73;&#x40;&#x67;&#x6d;&#x78;&#x2e;&#x6e;&#x65;&#x74;\" target=\"_blank\" rel=\"noopener noreferrer\">peter.gabis@<span class=\"oe_displaynone\">nulle<\/span>gmx.net<\/a><\/p>\n\n\t\t<\/div>\n\t<\/div>\n\n\t<div class=\"wpb_text_column wpb_content_element  vc_custom_1752738843252\" >\n\t\t<div class=\"wpb_wrapper\">\n\t\t\t<p><strong>Site Web<\/strong> <a href=\"https:\/\/petergabis.com\" target=\"_blank\" rel=\"noopener noreferrer\">www.petergabis.com<\/a><\/p>\n\n\t\t<\/div>\n\t<\/div>\n\n\t<div class=\"wpb_text_column wpb_content_element  vc_custom_1752739360772\" >\n\t\t<div class=\"wpb_wrapper\">\n\t\t\t<p data-start=\"102\" data-end=\"395\">Professeur des universit\u00e9s.<strong data-start=\"102\" data-end=\"129\"> Peter Gabis<\/strong> (Master en pleine conscience dans l'\u00e9ducation, le conseil et les soins de sant\u00e9) enseigne la batterie jazz, la percussion et la pleine conscience pour les musiciens \u00e0 l'universit\u00e9 Jam Music Lab de Vienne. Il a \u00e9tudi\u00e9 \u00e0 Vienne et \u00e0 New York et a \u00e9t\u00e9 actif pendant de nombreuses ann\u00e9es en tant que musicien de jazz sur la sc\u00e8ne internationale.<\/p>\n<p data-start=\"397\" data-end=\"663\">Depuis 2005, il est formateur agr\u00e9\u00e9 pour le programme complet de formation en massage sonore Peter Hess\u00ae en Autriche. Il est enseignant certifi\u00e9 MBSR (R\u00e9duction du stress bas\u00e9e sur la pleine conscience) et participe \u00e9galement \u00e0 des projets de recherche sur le th\u00e8me de la pleine conscience et de la musique.<\/p>\n\n\t\t<\/div>\n\t<\/div>\n<\/div><\/div><\/div><div class=\"wpb_column vc_column_container vc_col-sm-4\"><div class=\"vc_column-inner vc_custom_1456260465408\"><div class=\"wpb_wrapper\">\n\t<div  class=\"wpb_single_image wpb_content_element vc_align_left  wpb_animate_when_almost_visible wpb_appear appear vc_custom_1737363372426\">\n\t\t\n\t\t<figure class=\"wpb_wrapper vc_figure\">\n\t\t\t<div class=\"vc_single_image-wrapper vc_box_circle  vc_box_border_grey\"><img width=\"300\" height=\"300\" src=\"https:\/\/peter-hess-institute.com\/wp-content\/uploads\/2024\/10\/Peter_Gabis-sl-300x300.jpg\" class=\"vc_single_image-img attachment-medium\" alt=\"Peter_Gabis\" decoding=\"async\" loading=\"lazy\" srcset=\"https:\/\/peter-hess-institute.com\/wp-content\/uploads\/2024\/10\/Peter_Gabis-sl-300x300.jpg 300w, https:\/\/peter-hess-institute.com\/wp-content\/uploads\/2024\/10\/Peter_Gabis-sl-150x150.jpg 150w, https:\/\/peter-hess-institute.com\/wp-content\/uploads\/2024\/10\/Peter_Gabis-sl-146x146.jpg 146w, https:\/\/peter-hess-institute.com\/wp-content\/uploads\/2024\/10\/Peter_Gabis-sl-50x50.jpg 50w, https:\/\/peter-hess-institute.com\/wp-content\/uploads\/2024\/10\/Peter_Gabis-sl-75x75.jpg 75w, https:\/\/peter-hess-institute.com\/wp-content\/uploads\/2024\/10\/Peter_Gabis-sl-85x85.jpg 85w, https:\/\/peter-hess-institute.com\/wp-content\/uploads\/2024\/10\/Peter_Gabis-sl-80x80.jpg 80w, https:\/\/peter-hess-institute.com\/wp-content\/uploads\/2024\/10\/Peter_Gabis-sl.jpg 400w\" sizes=\"(max-width: 300px) 100vw, 300px\" \/><\/div>\n\t\t<\/figure>\n\t<\/div>\n<\/div><\/div><\/div><\/div><\/div><\/div><\/div><\/div><div class=\"vc_row wpb_row vc_row-fluid\"><div class=\"wpb_column vc_column_container vc_col-sm-12\"><div class=\"vc_column-inner\"><div class=\"wpb_wrapper\">\n\t<div class=\"wpb_text_column wpb_content_element  vc_custom_1752739420282\" >\n\t\t<div class=\"wpb_wrapper\">\n\t\t\t<h2 style=\"text-align: center;\">S\u00e9minaires avec Peter Gabis<\/h2>\n\n\t\t<\/div>\n\t<\/div>\n\n\t<div class=\"wpb_text_column wpb_content_element\" >\n\t\t<div class=\"wpb_wrapper\">\n\t\t\t<!-- EventON Calendar --><div id='evcal_calendar_619' class='list_cal ajde_evcal_calendar sev cev color esty_2 ul' ><div id='evcal_head' class='calendar_header evcal_nosort' ><div class='evo_cal_above'><span class='evo-gototoday-btn' style='display:none' data-mo='5' data-yr='2026' data-dy=''>Au mois actuel<\/span><\/div><div class='evo_cal_above_content'>\t\t\t\t\t\r\n\t\t\t\t<div class='evo_search_bar'>\r\n\t\t\t\t\t<div class='evo_search_bar_in' >\r\n\t\t\t\t\t\t<input type=\"text\" placeholder='Chercher un s\u00e9minaire' data-role=\"none\"\/>\r\n\t\t\t\t\t\t<a class=\"evosr_search_btn\"><i class=\"fa fa-search\"><\/i><\/a>\r\n\t\t\t\t\t<\/div>\r\n\t\t\t\t<\/div>\r\n\r\n\t\t\t<\/div><div class='clear'><\/div><\/div><div class='eventon_sorting_section' style='display:none'><div class='eventon_filter_line'><div class='eventon_filter evo_sortOpt evo_sortList_event_organizer' data-filter_field='event_organizer' data-filter_val='all' data-filter_type='tax' data-fl_o='IN'>\n\t\t\t\t\t\t\t\t<p class='filtering_set_val'>S'il vous pla\u00eet, cherchez<\/p>\n\t\t\t\t\t\t\t\t<div class='eventon_filter_dropdown' style='display:none'><p class='select all' data-filter_val='all'>Aller<\/p><p class='select event_organizer_1440 plz-0' data-filter_val='1440' data-filter_slug='plz-0'>NUL<\/p><p class='select event_organizer_1441 plz-1' data-filter_val='1441' data-filter_slug='plz-1'>VEUILLEZ 1<\/p><p class='select event_organizer_1442 plz-2' data-filter_val='1442' data-filter_slug='plz-2'>S'IL VOUS PLA\u00ceT 2<\/p><p class='select event_organizer_1443 plz-3' data-filter_val='1443' data-filter_slug='plz-3'>S'IL VOUS PLA\u00ceT 3<\/p><p class='select event_organizer_1444 plz-4' data-filter_val='1444' data-filter_slug='plz-4'>SVP 4<\/p><p class='select event_organizer_1445 plz-5' data-filter_val='1445' data-filter_slug='plz-5'>SVP 5<\/p><p class='select event_organizer_1446 plz-6' data-filter_val='1446' data-filter_slug='plz-6'>ARR\u00caT 6<\/p><p class='select event_organizer_1447 plz-7' data-filter_val='1447' data-filter_slug='plz-7'>SVP 7<\/p><p class='select event_organizer_1448 plz-8' data-filter_val='1448' data-filter_slug='plz-8'>SVP 8<\/p><p class='select event_organizer_1449 plz-9' data-filter_val='1449' data-filter_slug='plz-9'>PLZ 9<\/p><\/div>\t\n\t\t\t\t\t\t\t<div class='clear'><\/div>\n\t\t\t\t\t\t<\/div><\/div><div class='clear'><\/div><\/div><div id='eventon_loadbar_section'><div id='eventon_loadbar'><\/div><\/div><!-- Events List --><div id='evcal_list' \r\n\t\t\t\t\tclass='eventon_events_list sep_months evcal_list_month'><div class='eventon_list_event no_events'><p class='no_events' >Aucun \u00e9v\u00e9nement<\/p><\/div>\t\t\t<div class='clear'><\/div>\r\n\t\t\t<\/div>\r\n\t\t\t<div class='clear'><\/div>\r\n\t\t\t\t\t \t<div id='evcal_footer' class='evo_bottom' style='display:none'>\r\n\t\t \t\t<div class='evo_cal_data'  data-sc='{\"accord\":\"no\",\"bottom_nav\":\"no\",\"cal_id\":\"\",\"cal_init_nonajax\":\"no\",\"calendar_type\":\"list\",\"ep_fields\":\"\",\"etc_override\":\"no\",\"evc_open\":\"no\",\"event_count\":0,\"event_location\":\"all\",\"event_order\":\"ASC\",\"event_organizer\":\"all\",\"event_parts\":\"no\",\"event_past_future\":\"all\",\"event_status\":\"all\",\"event_tag\":\"all\",\"event_type\":\"all\",\"event_type_2\":\"402\",\"event_type_3\":\"all\",\"event_type_4\":\"all\",\"event_type_5\":\"all\",\"event_virtual\":\"all\",\"eventtop_date_style\":0,\"eventtop_style\":\"2\",\"exp_jumper\":\"no\",\"exp_so\":\"no\",\"filter_relationship\":\"AND\",\"filter_show_set_only\":\"no\",\"filter_type\":\"default\",\"filters\":\"yes\",\"fixed_month\":\"5\",\"fixed_year\":\"2026\",\"focus_end_date_range\":\"1840751999\",\"focus_start_date_range\":\"1777593600\",\"ft_event_priority\":\"no\",\"hide_arrows\":\"no\",\"hide_cancels\":\"no\",\"hide_empty_months\":\"yes\",\"hide_end_time\":\"no\",\"hide_et_dn\":\"no\",\"hide_et_extra\":\"no\",\"hide_et_tags\":\"no\",\"hide_et_tl\":\"no\",\"hide_ft\":\"no\",\"hide_ft_img\":\"no\",\"hide_month_headers\":\"no\",\"hide_mult_occur\":\"no\",\"hide_past\":\"no\",\"hide_past_by\":\"ee\",\"hide_so\":\"no\",\"ics\":\"no\",\"jumper\":\"no\",\"jumper_count\":5,\"jumper_offset\":\"0\",\"lang\":\"L1\",\"layout_changer\":\"no\",\"livenow_bar\":\"yes\",\"mapformat\":\"roadmap\",\"mapiconurl\":\"\",\"maps_load\":\"yes\",\"mapscroll\":\"true\",\"mapzoom\":\"18\",\"members_only\":\"no\",\"ml_priority\":\"no\",\"month_incre\":0,\"number_of_months\":\"24\",\"only_ft\":\"no\",\"pec\":\"\",\"s\":\"\",\"search\":\"\",\"search_all\":\"no\",\"sep_month\":\"yes\",\"show_et_ft_img\":\"no\",\"show_limit\":\"no\",\"show_limit_ajax\":\"no\",\"show_limit_paged\":1,\"show_limit_redir\":\"\",\"show_repeats\":\"no\",\"show_upcoming\":0,\"show_year\":\"yes\",\"social_share\":\"no\",\"sort_by\":\"sort_date\",\"tile_bg\":0,\"tile_bg_size\":\"full\",\"tile_count\":2,\"tile_height\":0,\"tile_style\":0,\"tiles\":\"no\",\"ux_val\":\"0\",\"view_switcher\":\"no\",\"wpml_l1\":\"\",\"wpml_l2\":\"\",\"wpml_l3\":\"\",\"yl_priority\":\"no\",\"fixed_day\":\"15\",\"_cver\":\"4.0.2\"}' data-od='{\"lang_no_events\":\"Keine Veranstaltungen\"}'><\/div>\r\n\t\t \t\t<div class='evo_cal_events' data-events=\"\"><\/div>\r\n\t\t \t<\/div>\r\n\t\t\t\t\r\n\t\t\t\r\n\t\t\t\t\t\t<\/div><!-- EventON End -->\r\n\t\t\t\n\n\t\t<\/div>\n\t<\/div>\n<\/div><\/div><\/div><\/div>","protected":false},"excerpt":{"rendered":"Peter Gabis E-Mail: peter.gabis@gmx.net Website: www.petergabis.com Univ.-Prof. Peter Gabis (MSc in Mindfulness in Education, Counseling and Healthcare) teaches jazz drums, percussion, and mindfulness for musicians at the Jam Music Lab University in Vienna. He studied in Vienna and New York<span class=\"excerpt-hellip\"> [\u2026]<\/span>","protected":false},"author":1,"featured_media":0,"parent":0,"menu_order":0,"comment_status":"closed","ping_status":"closed","template":"","meta":{"footnotes":""},"acf":[],"_links":{"self":[{"href":"https:\/\/peter-hess-institute.com\/fr\/wp-json\/wp\/v2\/pages\/73636"}],"collection":[{"href":"https:\/\/peter-hess-institute.com\/fr\/wp-json\/wp\/v2\/pages"}],"about":[{"href":"https:\/\/peter-hess-institute.com\/fr\/wp-json\/wp\/v2\/types\/page"}],"author":[{"embeddable":true,"href":"https:\/\/peter-hess-institute.com\/fr\/wp-json\/wp\/v2\/users\/1"}],"replies":[{"embeddable":true,"href":"https:\/\/peter-hess-institute.com\/fr\/wp-json\/wp\/v2\/comments?post=73636"}],"version-history":[{"count":0,"href":"https:\/\/peter-hess-institute.com\/fr\/wp-json\/wp\/v2\/pages\/73636\/revisions"}],"wp:attachment":[{"href":"https:\/\/peter-hess-institute.com\/fr\/wp-json\/wp\/v2\/media?parent=73636"}],"curies":[{"name":"wp","href":"https:\/\/api.w.org\/{rel}","templated":true}]}}