{"id":7761,"date":"2016-08-17T11:21:30","date_gmt":"2016-08-17T09:21:30","guid":{"rendered":"http:\/\/peter-hess-institute.com\/?page_id=7761"},"modified":"2025-02-19T16:33:44","modified_gmt":"2025-02-19T15:33:44","slug":"ausbildungsklangmassagen-2","status":"publish","type":"page","link":"https:\/\/peter-hess-institute.com\/fr\/ausbildungsklangmassagen-2\/","title":{"rendered":"Massages sonores de formation"},"content":{"rendered":"<div class=\"vc_row wpb_row vc_row-fluid\"><div class=\"wpb_column vc_column_container vc_col-sm-12\"><div class=\"vc_column-inner\"><div class=\"wpb_wrapper\"><div class=\"vc_empty_space\"   style=\"height: 32px\"><span class=\"vc_empty_space_inner\"><\/span><\/div>\n\t<div class=\"wpb_text_column wpb_content_element\" >\n\t\t<div class=\"wpb_wrapper\">\n\t\t\t<h1 style=\"font-family: Open Sans; color: #9b1c22; line-height: 130%;\">Massages sonores de formation<\/h1>\n<p>partie int\u00e9grante de notre formation au massage sonore Peter Hess\u00ae est que les participants : <strong>trois massages sonores de professionnels agr\u00e9\u00e9s<\/strong> recevoir. Cela se d\u00e9roule pendant les trois mois qui s\u00e9parent le s\u00e9minaire intensif ou le s\u00e9minaire de formation Massage sonore III+IV du s\u00e9minaire de conclusion. Il s'agit d'exp\u00e9rimenter soi-m\u00eame des massages sonores qualifi\u00e9s pour la relaxation pendant cette p\u00e9riode.<\/p>\n<p>Vous trouverez une liste des praticiens form\u00e9s et autoris\u00e9s, class\u00e9e par code postal, en bas du texte sous forme de t\u00e9l\u00e9chargement. Vous pouvez \u00e9galement y t\u00e9l\u00e9charger un formulaire de certification pour les massages sonores de formation.<\/p>\n<p>Pour des commentaires sur les massages sonores de formation, ainsi que pour toute question ou difficult\u00e9 \u00e0 trouver des praticiens form\u00e9s et autoris\u00e9s, veuillez contacter le Peter Hess\u00ae Institut,<\/p>\n<p>Courriel :\u00a0<span id=\"cloak45846\"><a href=\"mailto:&#x69;&#x6e;&#x66;&#x6f;&#x40;&#x70;&#x65;&#x74;&#x65;&#x72;&#x2d;&#x68;&#x65;&#x73;&#x73;&#x2d;&#x69;&#x6e;&#x73;&#x74;&#x69;&#x74;&#x75;&#x74;&#x2e;&#x64;&#x65;\">info@<span class=\"oe_displaynone\">nulle<\/span>peter-hess-institut.de<\/a><\/span><\/p>\n<hr \/>\n<p><strong>Crit\u00e8res unifi\u00e9s pour les massages sonores de formation afin de garantir les normes de qualit\u00e9 :<\/strong><\/p>\n<p>Que peuvent attendre nos apprentis d'une formation en massage sonore ?<\/p>\n<ul>\n<li>Dur\u00e9e 1h30<\/li>\n<li>Prix unique dans toute l'Allemagne 75,00 \u20ac<\/li>\n<li>Entretien pr\u00e9liminaire<\/li>\n<li>R\u00e9alisation d'un massage sonore individuel d'environ 45 minutes<\/li>\n<li>Utilisation des bols th\u00e9rapeutiques Peter Hess\u00ae (set de 3)<\/li>\n<li>D\u00e9briefing<\/li>\n<li>R\u00e9flexion sur le massage sonore donn\u00e9 (\u00e9ventuellement en incluant une fiche de planification)<\/li>\n<li>discuter des questions ouvertes<\/li>\n<li>l'offre, dans une mesure raisonnable, sur <strong>ces<\/strong> L'initiation au massage sonore peut \u00e9galement \u00eatre disponible pour r\u00e9pondre aux questions ult\u00e9rieures.<\/li>\n<\/ul>\n<hr \/>\n<p><img decoding=\"async\" loading=\"lazy\" class=\"alignleft size-full wp-image-10\" src=\"http:\/\/peter-hess-institute.com\/wp-content\/uploads\/2015\/06\/home_agro_pdf_icon.png\" alt=\"home_agro_pdf_icon\" width=\"53\" height=\"64\" srcset=\"https:\/\/peter-hess-institute.com\/wp-content\/uploads\/2015\/06\/home_agro_pdf_icon.png 53w, https:\/\/peter-hess-institute.com\/wp-content\/uploads\/2015\/06\/home_agro_pdf_icon-41x50.png 41w\" sizes=\"(max-width: 53px) 100vw, 53px\" \/><\/p>\n<p><a href=\"http:\/\/peter-hess-institute.com\/wp-content\/uploads\/2024\/07\/Autorisierte_2024.pdf\" target=\"_blank\" rel=\"noopener noreferrer\">T\u00e9l\u00e9charger la liste des personnes form\u00e9es autoris\u00e9es<\/a><\/p>\n<p>&nbsp;<\/p>\n<p>&nbsp;<\/p>\n<p><img decoding=\"async\" loading=\"lazy\" class=\"size-full wp-image-10 alignleft\" src=\"http:\/\/peter-hess-institute.com\/wp-content\/uploads\/2015\/06\/home_agro_pdf_icon.png\" alt=\"home_agro_pdf_icon\" width=\"53\" height=\"64\" srcset=\"https:\/\/peter-hess-institute.com\/wp-content\/uploads\/2015\/06\/home_agro_pdf_icon.png 53w, https:\/\/peter-hess-institute.com\/wp-content\/uploads\/2015\/06\/home_agro_pdf_icon-41x50.png 41w\" sizes=\"(max-width: 53px) 100vw, 53px\" \/><\/p>\n<p>\u00a0<a style=\"font-size: inherit;\" href=\"http:\/\/peter-hess-institute.com\/wp-content\/uploads\/2022\/04\/Besta\u0308tigung_von_Ausbildungs_Klangmassagen_2-20174751.pdf\" target=\"_blank\" rel=\"noopener noreferrer\">T\u00e9l\u00e9charger la certification pour les massages sonores de formation<\/a><\/p>\n<p>&nbsp;<\/p>\n<p>&nbsp;<\/p>\n<p><img decoding=\"async\" loading=\"lazy\" class=\"alignleft size-full wp-image-10\" src=\"http:\/\/peter-hess-institute.com\/wp-content\/uploads\/2015\/06\/home_agro_pdf_icon.png\" alt=\"home_agro_pdf_icon\" width=\"53\" height=\"64\" srcset=\"https:\/\/peter-hess-institute.com\/wp-content\/uploads\/2015\/06\/home_agro_pdf_icon.png 53w, https:\/\/peter-hess-institute.com\/wp-content\/uploads\/2015\/06\/home_agro_pdf_icon-41x50.png 41w\" sizes=\"(max-width: 53px) 100vw, 53px\" \/>\u00a0 <a href=\"http:\/\/peter-hess-institute.com\/wp-content\/uploads\/2022\/04\/Rueckmeldebogen_fu\u0308r-Ausbildungsklangmassagen_20174750.pdf\" target=\"_blank\" rel=\"noopener noreferrer\">Feuille de commentaires pour le massage sonore de formation<\/a><\/p>\n<p>Autres possibilit\u00e9s de contact\u00a0<a href=\"http:\/\/peter-hess-institute.com\/fr\/kontakt\/\" target=\"_blank\" rel=\"noopener noreferrer\">trouver ici<\/a><\/p>\n\n\t\t<\/div>\n\t<\/div>\n<\/div><\/div><\/div><\/div>\r\n\r\n<p>&nbsp;<\/p>","protected":false},"excerpt":{"rendered":"<p>&nbsp;<\/p>","protected":false},"author":1,"featured_media":0,"parent":0,"menu_order":0,"comment_status":"closed","ping_status":"closed","template":"","meta":{"footnotes":""},"acf":[],"_links":{"self":[{"href":"https:\/\/peter-hess-institute.com\/fr\/wp-json\/wp\/v2\/pages\/7761"}],"collection":[{"href":"https:\/\/peter-hess-institute.com\/fr\/wp-json\/wp\/v2\/pages"}],"about":[{"href":"https:\/\/peter-hess-institute.com\/fr\/wp-json\/wp\/v2\/types\/page"}],"author":[{"embeddable":true,"href":"https:\/\/peter-hess-institute.com\/fr\/wp-json\/wp\/v2\/users\/1"}],"replies":[{"embeddable":true,"href":"https:\/\/peter-hess-institute.com\/fr\/wp-json\/wp\/v2\/comments?post=7761"}],"version-history":[{"count":0,"href":"https:\/\/peter-hess-institute.com\/fr\/wp-json\/wp\/v2\/pages\/7761\/revisions"}],"wp:attachment":[{"href":"https:\/\/peter-hess-institute.com\/fr\/wp-json\/wp\/v2\/media?parent=7761"}],"curies":[{"name":"wp","href":"https:\/\/api.w.org\/{rel}","templated":true}]}}