{"id":9689,"date":"2016-10-04T11:13:30","date_gmt":"2016-10-04T09:13:30","guid":{"rendered":"http:\/\/peter-hess-institute.com\/?page_id=9689"},"modified":"2024-12-29T02:34:27","modified_gmt":"2024-12-29T01:34:27","slug":"das-peter-hess-zentrum","status":"publish","type":"page","link":"https:\/\/peter-hess-institute.com\/fr\/phi-seminarhaus-schweringen\/das-peter-hess-zentrum\/","title":{"rendered":"Institut Peter Hess, Maison de formation de Schweringen"},"content":{"rendered":"<div class=\"vc_row wpb_row vc_row-fluid\"><div class=\"wpb_column vc_column_container vc_col-sm-12\"><div class=\"vc_column-inner\"><div class=\"wpb_wrapper\"><div class=\"vc_empty_space\"   style=\"height: 120px\"><span class=\"vc_empty_space_inner\"><\/span><\/div><\/div><\/div><\/div><\/div><div class=\"vc_row wpb_row vc_row-fluid\"><div class=\"wpb_column vc_column_container vc_col-sm-3\"><div class=\"vc_column-inner vc_custom_1456258786515\"><div class=\"wpb_wrapper\"><div  class=\"vc_wp_custommenu wpb_content_element content-menu-blau\"><\/div><\/div><\/div><\/div><div class=\"wpb_column vc_column_container vc_col-sm-8\"><div class=\"vc_column-inner\"><div class=\"wpb_wrapper\">\n\t<div class=\"wpb_text_column wpb_content_element  vc_custom_1548929147758\" >\n\t\t<div class=\"wpb_wrapper\">\n\t\t\t<h2>Das Peter Hess<sup>\u00ae<\/sup> Institut Seminarhaus Schweringen<\/h2>\n\n\t\t<\/div>\n\t<\/div>\n\n\t<div class=\"wpb_text_column wpb_content_element \" >\n\t\t<div class=\"wpb_wrapper\">\n\t\t\t<p>Das Peter Hess<sup>\u00ae<\/sup> Institut Seminarhaus Schweringen befindet sich in einem 140 Jahre alten Bauernhaus, in dem wir optimale Rahmenbedingungen f\u00fcr unser Seminarhaus und die Entwicklungswerkstatt des Peter Hess<sup>\u00ae<\/sup> Institutes geschaffen haben.<\/p>\n<p>In diesem alten nieders\u00e4chsischen Dorf haben wir eine besondere Umgebung gefunden. Dem Dorfleben mit seinen gewachsenen Beziehungen und einer daraus resultierenden starken Gemeinschaft, f\u00fchlen wir uns zugeh\u00f6rig.<\/p>\n<p>Das Wesertal mit seinen idyllischen Seen ist unser Zuhause geworden. Mit dem Wasser zu leben, den besonderen Duft wahrzunehmen, zwischen Weser und den nahe gelegenen Seen spazieren zu gehen ist etwas Besonderes und eine Wohltat f\u00fcr K\u00f6rper, Geist und Seele. Hier finden wir selbst und sicher auch unsere G\u00e4ste unber\u00fchrte Fleckchen Natur, die uns helfen, zur Ruhe zu kommen und neue Energie zu sch\u00f6pfen.<\/p>\n<p>Hier anzukommen &#8230; mit dem Auto an der Weser zu stehen und auf die F\u00e4hre zu warten &#8230; die Glocken der Kirche zu h\u00f6ren &#8230; das weckt immer wieder aufs Neue ein Gef\u00fchl von Willkommen-sein. Und so hoffen wir, dass sich unsere G\u00e4ste im sch\u00f6nen Schweringen und im Peter Hess Institut Seminarhaus genauso zu Hause f\u00fchlen werden, wie wir!<\/p>\n<p><em>Nicole Herkert &amp; Matthias Herkert<\/em><\/p>\n\n\t\t<\/div>\n\t<\/div>\n<div class=\"wpb_gallery wpb_content_element vc_clearfix\" ><div class=\"wpb_wrapper\"><div class=\"wpb_gallery_slides wpb_image_grid\" data-interval=\"3\"><ul class=\"wpb_image_grid_ul\"><li class=\"isotope-item\"><a class=\"prettyphoto\" href=\"https:\/\/peter-hess-institute.com\/wp-content\/uploads\/2016\/10\/013-1024x683.jpg\" data-rel=\"prettyPhoto[rel-9689-382930863]\"><img width=\"150\" height=\"150\" src=\"https:\/\/peter-hess-institute.com\/wp-content\/uploads\/2016\/10\/013-150x150.jpg\" class=\"attachment-thumbnail\" alt=\"\" decoding=\"async\" loading=\"lazy\" srcset=\"https:\/\/peter-hess-institute.com\/wp-content\/uploads\/2016\/10\/013-150x150.jpg 150w, https:\/\/peter-hess-institute.com\/wp-content\/uploads\/2016\/10\/013-500x500.jpg 500w, https:\/\/peter-hess-institute.com\/wp-content\/uploads\/2016\/10\/013-300x300.jpg 300w, https:\/\/peter-hess-institute.com\/wp-content\/uploads\/2016\/10\/013-80x80.jpg 80w, https:\/\/peter-hess-institute.com\/wp-content\/uploads\/2016\/10\/013-85x85.jpg 85w\" sizes=\"(max-width: 150px) 100vw, 150px\" \/><\/a><\/li><li class=\"isotope-item\"><a class=\"prettyphoto\" href=\"https:\/\/peter-hess-institute.com\/wp-content\/uploads\/2016\/10\/097-1024x683.jpg\" data-rel=\"prettyPhoto[rel-9689-382930863]\"><img width=\"150\" height=\"150\" src=\"https:\/\/peter-hess-institute.com\/wp-content\/uploads\/2016\/10\/097-150x150.jpg\" class=\"attachment-thumbnail\" alt=\"\" decoding=\"async\" loading=\"lazy\" srcset=\"https:\/\/peter-hess-institute.com\/wp-content\/uploads\/2016\/10\/097-150x150.jpg 150w, https:\/\/peter-hess-institute.com\/wp-content\/uploads\/2016\/10\/097-500x500.jpg 500w, https:\/\/peter-hess-institute.com\/wp-content\/uploads\/2016\/10\/097-300x300.jpg 300w, https:\/\/peter-hess-institute.com\/wp-content\/uploads\/2016\/10\/097-80x80.jpg 80w, https:\/\/peter-hess-institute.com\/wp-content\/uploads\/2016\/10\/097-85x85.jpg 85w\" sizes=\"(max-width: 150px) 100vw, 150px\" \/><\/a><\/li><li class=\"isotope-item\"><a class=\"prettyphoto\" href=\"https:\/\/peter-hess-institute.com\/wp-content\/uploads\/2016\/10\/098-1024x683.jpg\" data-rel=\"prettyPhoto[rel-9689-382930863]\"><img width=\"150\" height=\"150\" src=\"https:\/\/peter-hess-institute.com\/wp-content\/uploads\/2016\/10\/098-150x150.jpg\" class=\"attachment-thumbnail\" alt=\"\" decoding=\"async\" loading=\"lazy\" srcset=\"https:\/\/peter-hess-institute.com\/wp-content\/uploads\/2016\/10\/098-150x150.jpg 150w, https:\/\/peter-hess-institute.com\/wp-content\/uploads\/2016\/10\/098-500x500.jpg 500w, https:\/\/peter-hess-institute.com\/wp-content\/uploads\/2016\/10\/098-300x300.jpg 300w, https:\/\/peter-hess-institute.com\/wp-content\/uploads\/2016\/10\/098-80x80.jpg 80w, https:\/\/peter-hess-institute.com\/wp-content\/uploads\/2016\/10\/098-85x85.jpg 85w\" sizes=\"(max-width: 150px) 100vw, 150px\" \/><\/a><\/li><li class=\"isotope-item\"><a class=\"prettyphoto\" href=\"https:\/\/peter-hess-institute.com\/wp-content\/uploads\/2016\/10\/1160096-1024x683.jpg\" data-rel=\"prettyPhoto[rel-9689-382930863]\"><img width=\"150\" height=\"150\" src=\"https:\/\/peter-hess-institute.com\/wp-content\/uploads\/2016\/10\/1160096-150x150.jpg\" class=\"attachment-thumbnail\" alt=\"\" decoding=\"async\" loading=\"lazy\" srcset=\"https:\/\/peter-hess-institute.com\/wp-content\/uploads\/2016\/10\/1160096-150x150.jpg 150w, https:\/\/peter-hess-institute.com\/wp-content\/uploads\/2016\/10\/1160096-500x500.jpg 500w, https:\/\/peter-hess-institute.com\/wp-content\/uploads\/2016\/10\/1160096-300x300.jpg 300w, https:\/\/peter-hess-institute.com\/wp-content\/uploads\/2016\/10\/1160096-80x80.jpg 80w, https:\/\/peter-hess-institute.com\/wp-content\/uploads\/2016\/10\/1160096-85x85.jpg 85w\" sizes=\"(max-width: 150px) 100vw, 150px\" \/><\/a><\/li><li class=\"isotope-item\"><a class=\"prettyphoto\" href=\"https:\/\/peter-hess-institute.com\/wp-content\/uploads\/2016\/10\/116-1024x683.jpg\" data-rel=\"prettyPhoto[rel-9689-382930863]\"><img width=\"150\" height=\"150\" src=\"https:\/\/peter-hess-institute.com\/wp-content\/uploads\/2016\/10\/116-150x150.jpg\" class=\"attachment-thumbnail\" alt=\"\" decoding=\"async\" loading=\"lazy\" srcset=\"https:\/\/peter-hess-institute.com\/wp-content\/uploads\/2016\/10\/116-150x150.jpg 150w, https:\/\/peter-hess-institute.com\/wp-content\/uploads\/2016\/10\/116-500x500.jpg 500w, https:\/\/peter-hess-institute.com\/wp-content\/uploads\/2016\/10\/116-300x300.jpg 300w, https:\/\/peter-hess-institute.com\/wp-content\/uploads\/2016\/10\/116-80x80.jpg 80w, https:\/\/peter-hess-institute.com\/wp-content\/uploads\/2016\/10\/116-85x85.jpg 85w\" sizes=\"(max-width: 150px) 100vw, 150px\" \/><\/a><\/li><li class=\"isotope-item\"><a class=\"prettyphoto\" href=\"https:\/\/peter-hess-institute.com\/wp-content\/uploads\/2016\/10\/IMG_3412-768x1024.jpg\" data-rel=\"prettyPhoto[rel-9689-382930863]\"><img width=\"150\" height=\"150\" src=\"https:\/\/peter-hess-institute.com\/wp-content\/uploads\/2016\/10\/IMG_3412-150x150.jpg\" class=\"attachment-thumbnail\" alt=\"\" decoding=\"async\" loading=\"lazy\" srcset=\"https:\/\/peter-hess-institute.com\/wp-content\/uploads\/2016\/10\/IMG_3412-150x150.jpg 150w, https:\/\/peter-hess-institute.com\/wp-content\/uploads\/2016\/10\/IMG_3412-500x500.jpg 500w, https:\/\/peter-hess-institute.com\/wp-content\/uploads\/2016\/10\/IMG_3412-300x300.jpg 300w, https:\/\/peter-hess-institute.com\/wp-content\/uploads\/2016\/10\/IMG_3412-80x80.jpg 80w, https:\/\/peter-hess-institute.com\/wp-content\/uploads\/2016\/10\/IMG_3412-85x85.jpg 85w\" sizes=\"(max-width: 150px) 100vw, 150px\" \/><\/a><\/li><li class=\"isotope-item\"><a class=\"prettyphoto\" href=\"https:\/\/peter-hess-institute.com\/wp-content\/uploads\/2016\/10\/IMG_4322.jpeg\" data-rel=\"prettyPhoto[rel-9689-382930863]\"><img width=\"150\" height=\"150\" src=\"https:\/\/peter-hess-institute.com\/wp-content\/uploads\/2016\/10\/IMG_4322-150x150.jpeg\" class=\"attachment-thumbnail\" alt=\"\" decoding=\"async\" loading=\"lazy\" srcset=\"https:\/\/peter-hess-institute.com\/wp-content\/uploads\/2016\/10\/IMG_4322-150x150.jpeg 150w, https:\/\/peter-hess-institute.com\/wp-content\/uploads\/2016\/10\/IMG_4322-80x80.jpeg 80w, https:\/\/peter-hess-institute.com\/wp-content\/uploads\/2016\/10\/IMG_4322-85x85.jpeg 85w\" sizes=\"(max-width: 150px) 100vw, 150px\" \/><\/a><\/li><li class=\"isotope-item\"><a class=\"prettyphoto\" href=\"https:\/\/peter-hess-institute.com\/wp-content\/uploads\/2016\/10\/IMG_4338.jpeg\" data-rel=\"prettyPhoto[rel-9689-382930863]\"><img width=\"150\" height=\"150\" src=\"https:\/\/peter-hess-institute.com\/wp-content\/uploads\/2016\/10\/IMG_4338-150x150.jpeg\" class=\"attachment-thumbnail\" alt=\"\" decoding=\"async\" loading=\"lazy\" srcset=\"https:\/\/peter-hess-institute.com\/wp-content\/uploads\/2016\/10\/IMG_4338-150x150.jpeg 150w, https:\/\/peter-hess-institute.com\/wp-content\/uploads\/2016\/10\/IMG_4338-80x80.jpeg 80w, https:\/\/peter-hess-institute.com\/wp-content\/uploads\/2016\/10\/IMG_4338-85x85.jpeg 85w\" sizes=\"(max-width: 150px) 100vw, 150px\" \/><\/a><\/li><li class=\"isotope-item\"><a class=\"prettyphoto\" href=\"https:\/\/peter-hess-institute.com\/wp-content\/uploads\/2016\/10\/IMG_4346.jpeg\" data-rel=\"prettyPhoto[rel-9689-382930863]\"><img width=\"150\" height=\"150\" src=\"https:\/\/peter-hess-institute.com\/wp-content\/uploads\/2016\/10\/IMG_4346-150x150.jpeg\" class=\"attachment-thumbnail\" alt=\"\" decoding=\"async\" loading=\"lazy\" srcset=\"https:\/\/peter-hess-institute.com\/wp-content\/uploads\/2016\/10\/IMG_4346-150x150.jpeg 150w, https:\/\/peter-hess-institute.com\/wp-content\/uploads\/2016\/10\/IMG_4346-80x80.jpeg 80w, https:\/\/peter-hess-institute.com\/wp-content\/uploads\/2016\/10\/IMG_4346-85x85.jpeg 85w\" sizes=\"(max-width: 150px) 100vw, 150px\" \/><\/a><\/li><li class=\"isotope-item\"><a class=\"prettyphoto\" href=\"https:\/\/peter-hess-institute.com\/wp-content\/uploads\/2016\/10\/IMG_1127-768x1024.jpg\" data-rel=\"prettyPhoto[rel-9689-382930863]\"><img width=\"150\" height=\"150\" src=\"https:\/\/peter-hess-institute.com\/wp-content\/uploads\/2016\/10\/IMG_1127-150x150.jpg\" class=\"attachment-thumbnail\" alt=\"\" decoding=\"async\" loading=\"lazy\" srcset=\"https:\/\/peter-hess-institute.com\/wp-content\/uploads\/2016\/10\/IMG_1127-150x150.jpg 150w, https:\/\/peter-hess-institute.com\/wp-content\/uploads\/2016\/10\/IMG_1127-500x500.jpg 500w, https:\/\/peter-hess-institute.com\/wp-content\/uploads\/2016\/10\/IMG_1127-300x300.jpg 300w, https:\/\/peter-hess-institute.com\/wp-content\/uploads\/2016\/10\/IMG_1127-80x80.jpg 80w, https:\/\/peter-hess-institute.com\/wp-content\/uploads\/2016\/10\/IMG_1127-85x85.jpg 85w\" sizes=\"(max-width: 150px) 100vw, 150px\" \/><\/a><\/li><\/ul><\/div><\/div><\/div><\/div><\/div><\/div><\/div><div class=\"vc_row wpb_row vc_row-fluid\"><div class=\"wpb_column vc_column_container vc_col-sm-12\"><div class=\"vc_column-inner\"><div class=\"wpb_wrapper\"><\/div><\/div><\/div><\/div>","protected":false},"excerpt":{"rendered":"Das Peter Hess\u00ae Institut Seminarhaus Schweringen Das Peter Hess\u00ae Institut Seminarhaus Schweringen befindet sich in einem 140 Jahre alten Bauernhaus, in dem wir optimale Rahmenbedingungen f\u00fcr unser Seminarhaus und die Entwicklungswerkstatt des Peter Hess\u00ae Institutes geschaffen haben. In diesem alten<span class=\"excerpt-hellip\"> [\u2026]<\/span>","protected":false},"author":1,"featured_media":0,"parent":9265,"menu_order":0,"comment_status":"closed","ping_status":"closed","template":"","meta":{"footnotes":""},"acf":[],"_links":{"self":[{"href":"https:\/\/peter-hess-institute.com\/fr\/wp-json\/wp\/v2\/pages\/9689"}],"collection":[{"href":"https:\/\/peter-hess-institute.com\/fr\/wp-json\/wp\/v2\/pages"}],"about":[{"href":"https:\/\/peter-hess-institute.com\/fr\/wp-json\/wp\/v2\/types\/page"}],"author":[{"embeddable":true,"href":"https:\/\/peter-hess-institute.com\/fr\/wp-json\/wp\/v2\/users\/1"}],"replies":[{"embeddable":true,"href":"https:\/\/peter-hess-institute.com\/fr\/wp-json\/wp\/v2\/comments?post=9689"}],"version-history":[{"count":0,"href":"https:\/\/peter-hess-institute.com\/fr\/wp-json\/wp\/v2\/pages\/9689\/revisions"}],"up":[{"embeddable":true,"href":"https:\/\/peter-hess-institute.com\/fr\/wp-json\/wp\/v2\/pages\/9265"}],"wp:attachment":[{"href":"https:\/\/peter-hess-institute.com\/fr\/wp-json\/wp\/v2\/media?parent=9689"}],"curies":[{"name":"wp","href":"https:\/\/api.w.org\/{rel}","templated":true}]}}